{"id":6081,"date":"2016-05-18T12:08:12","date_gmt":"2016-05-18T10:08:12","guid":{"rendered":"https:\/\/www.chespa.eu\/cs\/nanojet\/"},"modified":"2022-06-27T13:05:25","modified_gmt":"2022-06-27T11:05:25","slug":"nanojet","status":"publish","type":"page","link":"https:\/\/www.chespa.eu\/cs\/nanojet\/","title":{"rendered":"NANOJET inkjet inkousty\u00a0"},"content":{"rendered":"<p>Chespa je p\u0159edn\u00ed v\u00fdrobce inkoust\u016f, kter\u00e9 jsou vhodn\u00e9 pro digit\u00e1ln\u00ed tisk. Ve sv\u00e9m sortimentu nab\u00edz\u00edme r\u016fzn\u00e9 typy inkoust\u016f pro digit\u00e1ln\u00ed tisk na\u0161\u00ed vlastn\u00ed zna\u010dky Nanojet.<\/p>\n<p>&nbsp;<\/p>\n<p><strong>UV a UV LED inkousty najdou uplatn\u011bn\u00ed v tisk\u00e1rn\u00e1ch s n\u00e1sleduj\u00edc\u00edmi tiskov\u00fdmi hlavami:<\/strong><\/p>\n<ul>\n<li><strong>RICOH GEN 5\/ RICOH GH 2220<\/strong><\/li>\n<li><strong>KONICA MINOLTA 512, 1024<\/strong><\/li>\n<li><strong>EPSON \u00a0DX5, XP600, TX 800<\/strong><\/li>\n<li><strong>KYOCERA KJ4C<\/strong><\/li>\n<li><strong>TOSHIBA<\/strong><\/li>\n<li><strong>XAAR<\/strong><\/li>\n<li><strong>SPECTRA POLARIS<\/strong><\/li>\n<\/ul>\n<p>&nbsp;<\/p>\n<p><strong>Eko-solventn\u00ed inkousty spolupracuj\u00ed s plotry:<\/strong><\/p>\n<ul>\n<li><strong>ROLAND<\/strong><\/li>\n<li><strong>MUTOH<\/strong><\/li>\n<li><strong>MIMAKI <\/strong><\/li>\n<\/ul>\n<p>a ve\u0161ker\u00fdmi ostatn\u00edmi stroji s EPSON hlavami.<\/p>\n<p><strong>\u00a0<\/strong><\/p>\n<p><strong>Pigmentov\u00e9 inkousty na vodn\u00ed b\u00e1zi pro z\u00e1kazn\u00edky, kte\u0159\u00ed vlastn\u00ed tiskov\u00e9 hlavy:<\/strong><\/p>\n<ul>\n<li><strong>KYOCERA<\/strong><\/li>\n<li><strong>KONICA MINOLTA<\/strong><\/li>\n<li><strong>EPSON<\/strong><\/li>\n<\/ul>\n<p>&nbsp;<\/p>\n<p><strong>Dye-based inkousty na vodn\u00ed b\u00e1zi spolupracuj\u00ed s hlavami zna\u010dky: <\/strong><\/p>\n<ul>\n<li><strong>EPSON<\/strong><\/li>\n<li><strong>RICOH<\/strong><\/li>\n<\/ul>\n<p>&nbsp;<\/p>\n<p><strong>Nab\u00edz\u00edme tak\u00e9 jin\u00e9 v\u00fdrobky spojen\u00e9 s digit\u00e1ln\u00edm tiskem:<\/strong><\/p>\n<ul>\n<li><strong>UV PRIMERY na sklo\/kov\/PVC<\/strong><\/li>\n<li><strong>CLEANERY<\/strong><\/li>\n<li><strong>LAKY<\/strong><\/li>\n<li><strong>LAMIN\u00c1TY<\/strong><\/li>\n<\/ul>\n<p>&nbsp;<\/p>\n<p>V na\u0161ich laborato\u0159\u00edch jsme schopni zpracovat produkty dle va\u0161ich individu\u00e1ln\u00edch po\u017eadavk\u016f. Zveme ke spolupr\u00e1ci distributory, OEM z\u00e1kazn\u00edky a individu\u00e1ln\u00ed z\u00e1kazn\u00edky z pr\u016fmyslov\u00fdch odv\u011btv\u00ed.<\/p>\n<p>&nbsp;<\/p>\n","protected":false},"excerpt":{"rendered":"<p>Chespa je p\u0159edn\u00ed v\u00fdrobce inkoust\u016f, kter\u00e9 jsou vhodn\u00e9 pro digit\u00e1ln\u00ed tisk. Ve sv\u00e9m sortimentu nab\u00edz\u00edme r\u016fzn\u00e9 typy inkoust\u016f pro digit\u00e1ln\u00ed tisk na\u0161\u00ed vlastn\u00ed zna\u010dky Nanojet. &nbsp; UV a UV LED inkousty najdou uplatn\u011bn\u00ed v tisk\u00e1rn\u00e1ch s n\u00e1sleduj\u00edc\u00edmi tiskov\u00fdmi hlavami: RICOH GEN 5\/ RICOH GH 2220 KONICA MINOLTA 512, 1024 EPSON \u00a0DX5, XP600, TX 800 KYOCERA [&hellip;]<\/p>\n","protected":false},"author":2,"featured_media":15600,"parent":0,"menu_order":0,"comment_status":"closed","ping_status":"closed","template":"","meta":{"_acf_changed":false,"footnotes":""},"class_list":["post-6081","page","type-page","status-publish","has-post-thumbnail","hentry"],"acf":[],"yoast_head":"<!-- This site is optimized with the Yoast SEO plugin v27.4 - https:\/\/yoast.com\/product\/yoast-seo-wordpress\/ -->\n<title>NANOJET inkjet inkousty\u00a0 - Chespa - printing inks, clichees, cutting dies<\/title>\n<meta name=\"robots\" content=\"index, follow, max-snippet:-1, max-image-preview:large, max-video-preview:-1\" \/>\n<link rel=\"canonical\" href=\"https:\/\/www.chespa.eu\/cs\/nanojet\/\" \/>\n<meta property=\"og:locale\" content=\"cs_CZ\" \/>\n<meta property=\"og:type\" content=\"article\" \/>\n<meta property=\"og:title\" content=\"NANOJET inkjet inkousty\u00a0 - Chespa - printing inks, clichees, cutting dies\" \/>\n<meta property=\"og:description\" content=\"Chespa je p\u0159edn\u00ed v\u00fdrobce inkoust\u016f, kter\u00e9 jsou vhodn\u00e9 pro digit\u00e1ln\u00ed tisk. Ve sv\u00e9m sortimentu nab\u00edz\u00edme r\u016fzn\u00e9 typy inkoust\u016f pro digit\u00e1ln\u00ed tisk na\u0161\u00ed vlastn\u00ed zna\u010dky Nanojet. &nbsp; UV a UV LED inkousty najdou uplatn\u011bn\u00ed v tisk\u00e1rn\u00e1ch s n\u00e1sleduj\u00edc\u00edmi tiskov\u00fdmi hlavami: RICOH GEN 5\/ RICOH GH 2220 KONICA MINOLTA 512, 1024 EPSON \u00a0DX5, XP600, TX 800 KYOCERA [&hellip;]\" \/>\n<meta property=\"og:url\" content=\"https:\/\/www.chespa.eu\/cs\/nanojet\/\" \/>\n<meta property=\"og:site_name\" content=\"Chespa - printing inks, clichees, cutting dies\" \/>\n<meta property=\"article:modified_time\" content=\"2022-06-27T11:05:25+00:00\" \/>\n<meta property=\"og:image\" content=\"https:\/\/www.chespa.eu\/wp-content\/uploads\/2021\/08\/serie_nano.png\" \/>\n\t<meta property=\"og:image:width\" content=\"1920\" \/>\n\t<meta property=\"og:image:height\" content=\"295\" \/>\n\t<meta property=\"og:image:type\" content=\"image\/png\" \/>\n<meta name=\"twitter:card\" content=\"summary_large_image\" \/>\n<meta name=\"twitter:label1\" content=\"Est. reading time\" \/>\n\t<meta name=\"twitter:data1\" content=\"1 minute\" \/>\n<script type=\"application\/ld+json\" class=\"yoast-schema-graph\">{\"@context\":\"https:\\\/\\\/schema.org\",\"@graph\":[{\"@type\":\"WebPage\",\"@id\":\"https:\\\/\\\/www.chespa.eu\\\/cs\\\/nanojet\\\/\",\"url\":\"https:\\\/\\\/www.chespa.eu\\\/cs\\\/nanojet\\\/\",\"name\":\"NANOJET inkjet inkousty\u00a0 - Chespa - printing inks, clichees, cutting dies\",\"isPartOf\":{\"@id\":\"https:\\\/\\\/www.chespa.eu\\\/#website\"},\"primaryImageOfPage\":{\"@id\":\"https:\\\/\\\/www.chespa.eu\\\/cs\\\/nanojet\\\/#primaryimage\"},\"image\":{\"@id\":\"https:\\\/\\\/www.chespa.eu\\\/cs\\\/nanojet\\\/#primaryimage\"},\"thumbnailUrl\":\"https:\\\/\\\/www.chespa.eu\\\/wp-content\\\/uploads\\\/2021\\\/08\\\/serie_nano.png\",\"datePublished\":\"2016-05-18T10:08:12+00:00\",\"dateModified\":\"2022-06-27T11:05:25+00:00\",\"breadcrumb\":{\"@id\":\"https:\\\/\\\/www.chespa.eu\\\/cs\\\/nanojet\\\/#breadcrumb\"},\"inLanguage\":\"cs-CZ\",\"potentialAction\":[{\"@type\":\"ReadAction\",\"target\":[\"https:\\\/\\\/www.chespa.eu\\\/cs\\\/nanojet\\\/\"]}]},{\"@type\":\"ImageObject\",\"inLanguage\":\"cs-CZ\",\"@id\":\"https:\\\/\\\/www.chespa.eu\\\/cs\\\/nanojet\\\/#primaryimage\",\"url\":\"https:\\\/\\\/www.chespa.eu\\\/wp-content\\\/uploads\\\/2021\\\/08\\\/serie_nano.png\",\"contentUrl\":\"https:\\\/\\\/www.chespa.eu\\\/wp-content\\\/uploads\\\/2021\\\/08\\\/serie_nano.png\",\"width\":1920,\"height\":295},{\"@type\":\"BreadcrumbList\",\"@id\":\"https:\\\/\\\/www.chespa.eu\\\/cs\\\/nanojet\\\/#breadcrumb\",\"itemListElement\":[{\"@type\":\"ListItem\",\"position\":1,\"name\":\"Strona g\u0142\u00f3wna\",\"item\":\"https:\\\/\\\/www.chespa.eu\\\/\"},{\"@type\":\"ListItem\",\"position\":2,\"name\":\"NANOJET inkjet inkousty\u00a0\"}]},{\"@type\":\"WebSite\",\"@id\":\"https:\\\/\\\/www.chespa.eu\\\/#website\",\"url\":\"https:\\\/\\\/www.chespa.eu\\\/\",\"name\":\"Chespa - printing inks, clichees, cutting dies\",\"description\":\"\",\"potentialAction\":[{\"@type\":\"SearchAction\",\"target\":{\"@type\":\"EntryPoint\",\"urlTemplate\":\"https:\\\/\\\/www.chespa.eu\\\/?s={search_term_string}\"},\"query-input\":{\"@type\":\"PropertyValueSpecification\",\"valueRequired\":true,\"valueName\":\"search_term_string\"}}],\"inLanguage\":\"cs-CZ\"}]}<\/script>\n<!-- \/ Yoast SEO plugin. -->","yoast_head_json":{"title":"NANOJET inkjet inkousty\u00a0 - Chespa - printing inks, clichees, cutting dies","robots":{"index":"index","follow":"follow","max-snippet":"max-snippet:-1","max-image-preview":"max-image-preview:large","max-video-preview":"max-video-preview:-1"},"canonical":"https:\/\/www.chespa.eu\/cs\/nanojet\/","og_locale":"cs_CZ","og_type":"article","og_title":"NANOJET inkjet inkousty\u00a0 - Chespa - printing inks, clichees, cutting dies","og_description":"Chespa je p\u0159edn\u00ed v\u00fdrobce inkoust\u016f, kter\u00e9 jsou vhodn\u00e9 pro digit\u00e1ln\u00ed tisk. Ve sv\u00e9m sortimentu nab\u00edz\u00edme r\u016fzn\u00e9 typy inkoust\u016f pro digit\u00e1ln\u00ed tisk na\u0161\u00ed vlastn\u00ed zna\u010dky Nanojet. &nbsp; UV a UV LED inkousty najdou uplatn\u011bn\u00ed v tisk\u00e1rn\u00e1ch s n\u00e1sleduj\u00edc\u00edmi tiskov\u00fdmi hlavami: RICOH GEN 5\/ RICOH GH 2220 KONICA MINOLTA 512, 1024 EPSON \u00a0DX5, XP600, TX 800 KYOCERA [&hellip;]","og_url":"https:\/\/www.chespa.eu\/cs\/nanojet\/","og_site_name":"Chespa - printing inks, clichees, cutting dies","article_modified_time":"2022-06-27T11:05:25+00:00","og_image":[{"width":1920,"height":295,"url":"https:\/\/www.chespa.eu\/wp-content\/uploads\/2021\/08\/serie_nano.png","type":"image\/png"}],"twitter_card":"summary_large_image","twitter_misc":{"Est. reading time":"1 minute"},"schema":{"@context":"https:\/\/schema.org","@graph":[{"@type":"WebPage","@id":"https:\/\/www.chespa.eu\/cs\/nanojet\/","url":"https:\/\/www.chespa.eu\/cs\/nanojet\/","name":"NANOJET inkjet inkousty\u00a0 - Chespa - printing inks, clichees, cutting dies","isPartOf":{"@id":"https:\/\/www.chespa.eu\/#website"},"primaryImageOfPage":{"@id":"https:\/\/www.chespa.eu\/cs\/nanojet\/#primaryimage"},"image":{"@id":"https:\/\/www.chespa.eu\/cs\/nanojet\/#primaryimage"},"thumbnailUrl":"https:\/\/www.chespa.eu\/wp-content\/uploads\/2021\/08\/serie_nano.png","datePublished":"2016-05-18T10:08:12+00:00","dateModified":"2022-06-27T11:05:25+00:00","breadcrumb":{"@id":"https:\/\/www.chespa.eu\/cs\/nanojet\/#breadcrumb"},"inLanguage":"cs-CZ","potentialAction":[{"@type":"ReadAction","target":["https:\/\/www.chespa.eu\/cs\/nanojet\/"]}]},{"@type":"ImageObject","inLanguage":"cs-CZ","@id":"https:\/\/www.chespa.eu\/cs\/nanojet\/#primaryimage","url":"https:\/\/www.chespa.eu\/wp-content\/uploads\/2021\/08\/serie_nano.png","contentUrl":"https:\/\/www.chespa.eu\/wp-content\/uploads\/2021\/08\/serie_nano.png","width":1920,"height":295},{"@type":"BreadcrumbList","@id":"https:\/\/www.chespa.eu\/cs\/nanojet\/#breadcrumb","itemListElement":[{"@type":"ListItem","position":1,"name":"Strona g\u0142\u00f3wna","item":"https:\/\/www.chespa.eu\/"},{"@type":"ListItem","position":2,"name":"NANOJET inkjet inkousty\u00a0"}]},{"@type":"WebSite","@id":"https:\/\/www.chespa.eu\/#website","url":"https:\/\/www.chespa.eu\/","name":"Chespa - printing inks, clichees, cutting dies","description":"","potentialAction":[{"@type":"SearchAction","target":{"@type":"EntryPoint","urlTemplate":"https:\/\/www.chespa.eu\/?s={search_term_string}"},"query-input":{"@type":"PropertyValueSpecification","valueRequired":true,"valueName":"search_term_string"}}],"inLanguage":"cs-CZ"}]}},"_links":{"self":[{"href":"https:\/\/www.chespa.eu\/cs\/wp-json\/wp\/v2\/pages\/6081","targetHints":{"allow":["GET"]}}],"collection":[{"href":"https:\/\/www.chespa.eu\/cs\/wp-json\/wp\/v2\/pages"}],"about":[{"href":"https:\/\/www.chespa.eu\/cs\/wp-json\/wp\/v2\/types\/page"}],"author":[{"embeddable":true,"href":"https:\/\/www.chespa.eu\/cs\/wp-json\/wp\/v2\/users\/2"}],"replies":[{"embeddable":true,"href":"https:\/\/www.chespa.eu\/cs\/wp-json\/wp\/v2\/comments?post=6081"}],"version-history":[{"count":6,"href":"https:\/\/www.chespa.eu\/cs\/wp-json\/wp\/v2\/pages\/6081\/revisions"}],"predecessor-version":[{"id":16232,"href":"https:\/\/www.chespa.eu\/cs\/wp-json\/wp\/v2\/pages\/6081\/revisions\/16232"}],"wp:featuredmedia":[{"embeddable":true,"href":"https:\/\/www.chespa.eu\/cs\/wp-json\/wp\/v2\/media\/15600"}],"wp:attachment":[{"href":"https:\/\/www.chespa.eu\/cs\/wp-json\/wp\/v2\/media?parent=6081"}],"curies":[{"name":"wp","href":"https:\/\/api.w.org\/{rel}","templated":true}]}}