{"id":6077,"date":"2017-02-23T08:55:43","date_gmt":"2017-02-23T07:55:43","guid":{"rendered":"https:\/\/www.chespa.eu\/cs\/?page_id=6077"},"modified":"2017-02-23T08:57:23","modified_gmt":"2017-02-23T07:57:23","slug":"laky-disperzni","status":"publish","type":"page","link":"https:\/\/www.chespa.eu\/cs\/vyrobky\/graficke-barvy\/laky-disperzni\/","title":{"rendered":"Laky disperzn\u00ed"},"content":{"rendered":"<p>Nab\u00edz\u00edme \u0161irokou \u0161k\u00e1lu flexografick\u00fdch a ofsetov\u00fdch lak\u016f pro mnoh\u00e1 pou\u017eit\u00ed a s mnoha vlastnostmi: ochrann\u00e9, zaji\u0161\u0165uj\u00edc\u00ed, ozdobn\u00e9.<\/p>\n<p>\u00acDisperzn\u00ed laky zlep\u0161uj\u00ed v kone\u010dn\u00e9 etap\u011b povrchov\u00e9 \u00fapravy tisku a vizu\u00e1ln\u00ed efekt tisku, zaji\u0161\u0165uj\u00edc\u00ed a ochra\u0148uj\u00edc\u00ed tisk p\u0159ed p\u016fsoben\u00edm chemick\u00fdch \u010dinitel\u016f, mechanick\u00e9ho po\u0161kozen\u00ed a ochra\u0148uj\u00ed p\u0159ed kopiemi zna\u010dkov\u00fdch produkt\u016f, zvy\u0161uj\u00ed odolnost v\u016f\u010di p\u016fsoben\u00ed chemick\u00fdch prvk\u016f, vyvol\u00e1vaj\u00ed speci\u00e1ln\u00ed efekty, jako jsou nap\u0159\u00edklad protiskluzov\u00fd efekt nebo antiblocking.<\/p>\n<p><strong>Disperzn\u00ed laky maj\u00ed vliv na vizu\u00e1ln\u00ed efekt:<\/strong><\/p>\n<p>Nejpou\u017e\u00edvan\u011bj\u0161\u00ed laky jsou:<\/p>\n<ul>\n<li><strong>laky leskl\u00e9<\/strong>, kter\u00e9 zvy\u0161uj\u00ed lesk lakovan\u00e9ho materi\u00e1lu. Efekt vysok\u00e9ho lesku z\u00e1vis\u00ed na n\u011bkolika faktorech, jako je nap\u0159. kvalita lakovan\u00e9ho n\u00e1tisku a tlou\u0161\u0165ka lakovac\u00ed vrstvy. Leskl\u00e9 laky maj\u00ed rovn\u011b\u017e ochrannou \u00falohu, proto\u017ee chr\u00e1n\u00ed potisk proti od\u011bru.<\/li>\n<li><strong>laky matn\u00e9<\/strong> zp\u016fsobuj\u00ed efekt matnosti le\u0161t\u011bn\u00e9ho podkladu, jako\u017e i tisku nanesen\u00e9ho na tento podklad. Efekt dobr\u00e9 matnosti je z\u00e1visl\u00fd, obdobn\u011b jako v p\u0159\u00edpad\u011b\u00a0lak\u016f le\u0161t\u00edc\u00edch, na kvalit\u011b lakovan\u00e9ho podkladu a na tlou\u0161\u0165ce nanesen\u00e9 vrstvy.<\/li>\n<li><strong>perle\u0165ov\u00e9 laky<\/strong> nach\u00e1zej\u00ed uplatn\u011bn\u00ed tam, kde je po\u017eadavek na velmi vysok\u00fd lesk s perle\u0165ov\u00fdm n\u00e1dechem poti\u0161t\u011bn\u00e9ho materi\u00e1lu. T\u00edmto lakem se dos\u00e1hne lep\u0161\u00edho estetick\u00e9ho vjemu, v\u00fdrobek z\u00edsk\u00e1v\u00e1 dodate\u010dn\u00fd vizu\u00e1ln\u00ed efekt, kter\u00fd p\u0159itahuje pozornost. Perle\u0165ov\u00fdm lakem lze doc\u00edlit r\u016fzn\u00fdch efekt\u016f jako nap\u0159. efekt sametov\u00e9ho povlaku, efekt z\u00e1\u0159iv\u00e9ho povlaku, efekt jisk\u0159en\u00ed.<\/li>\n<li><strong>laky viditeln\u00e9 v UV sv\u011btle<\/strong> \u2013 s ur\u010den\u00fdmi vlastnostmi, nap\u0159. ochrann\u00e9, le\u0161t\u00edc\u00ed, antiblocking, protiskluzov\u00e9, nav\u00edc viditeln\u00e9 v UV sv\u011btle. Mohou slou\u017eit pro zna\u010den\u00ed obal\u016f nebo mohou b\u00fdt pou\u017eity p\u0159i um\u00eds\u0165ov\u00e1n\u00ed zabezpe\u010duj\u00edc\u00edch zna\u010dek.<\/li>\n<li><strong>laky disperzn\u00ed<\/strong> maj\u00ed vliv na mechanickou a chemickou odolnost \u2013 laky ochrann\u00e9. Slou\u017e\u00ed ke zvy\u0161ov\u00e1n\u00ed odolnosti poti\u0161t\u011bn\u00e9ho povrchu v\u016f\u010di p\u016fsoben\u00ed mechanick\u00fdch a chemick\u00fdch \u010dinitel\u016f. Zvy\u0161uj\u00ed odolnost v\u016f\u010di st\u00edr\u00e1n\u00ed, po\u0161kr\u00e1b\u00e1n\u00ed, v\u016f\u010di vod\u011b, tuku, p\u016fsoben\u00ed teploty, v\u016f\u010di \u0159edidl\u016fm, z\u00e1sad\u00e1m a kyselin\u00e1m. Ochrann\u00fd efekt t\u011bchto lak\u016f z\u00e1vis\u00ed rovn\u011b\u017e ve velk\u00e9 m\u00ed\u0159e na tlou\u0161\u0165ce nalo\u017een\u00e9 vrstvy.laky disperzn\u00ed maj\u00ed vliv na mechanickou a chemickou odolnost \u2013 laky ochrann\u00e9. Slou\u017e\u00ed ke zvy\u0161ov\u00e1n\u00ed odolnosti poti\u0161t\u011bn\u00e9ho povrchu v\u016f\u010di p\u016fsoben\u00ed mechanick\u00fdch a chemick\u00fdch \u010dinitel\u016f. Zvy\u0161uj\u00ed odolnost v\u016f\u010di st\u00edr\u00e1n\u00ed, po\u0161kr\u00e1b\u00e1n\u00ed, v\u016f\u010di vod\u011b, tuku, p\u016fsoben\u00ed teploty, v\u016f\u010di \u0159edidl\u016fm, z\u00e1sad\u00e1m a kyselin\u00e1m. Ochrann\u00fd efekt t\u011bchto lak\u016f z\u00e1vis\u00ed rovn\u011b\u017e ve velk\u00e9 m\u00ed\u0159e na tlou\u0161\u0165ce nalo\u017een\u00e9 vrstvy.\u00a0Nab\u00edz\u00edme mnoho dal\u0161\u00edch lak\u016f, dle po\u017eadavk\u016f z\u00e1kazn\u00edka.\u00a0Laky zlep\u0161uj\u00edc\u00ed odolnost proti od\u011bru, po\u0161kr\u00e1b\u00e1n\u00ed, vody, tuku, teplot, rozpou\u0161t\u011bdel, alk\u00e1li\u00ed, kyselin.<\/li>\n<\/ul>\n","protected":false},"excerpt":{"rendered":"<p>Nab\u00edz\u00edme \u0161irokou \u0161k\u00e1lu flexografick\u00fdch a ofsetov\u00fdch lak\u016f pro mnoh\u00e1 pou\u017eit\u00ed a s mnoha vlastnostmi: ochrann\u00e9, zaji\u0161\u0165uj\u00edc\u00ed, ozdobn\u00e9. \u00acDisperzn\u00ed laky zlep\u0161uj\u00ed v kone\u010dn\u00e9 etap\u011b povrchov\u00e9 \u00fapravy tisku a vizu\u00e1ln\u00ed efekt tisku, zaji\u0161\u0165uj\u00edc\u00ed a ochra\u0148uj\u00edc\u00ed tisk p\u0159ed p\u016fsoben\u00edm chemick\u00fdch \u010dinitel\u016f, mechanick\u00e9ho po\u0161kozen\u00ed a ochra\u0148uj\u00ed p\u0159ed kopiemi zna\u010dkov\u00fdch produkt\u016f, zvy\u0161uj\u00ed odolnost v\u016f\u010di p\u016fsoben\u00ed chemick\u00fdch prvk\u016f, vyvol\u00e1vaj\u00ed speci\u00e1ln\u00ed efekty, [&hellip;]<\/p>\n","protected":false},"author":2,"featured_media":0,"parent":18789,"menu_order":0,"comment_status":"closed","ping_status":"closed","template":"","meta":{"_acf_changed":false,"footnotes":""},"class_list":["post-6077","page","type-page","status-publish","hentry"],"acf":[],"yoast_head":"<!-- This site is optimized with the Yoast SEO plugin v27.4 - https:\/\/yoast.com\/product\/yoast-seo-wordpress\/ -->\n<title>Laky disperzn\u00ed - Chespa - printing inks, clichees, cutting dies<\/title>\n<meta name=\"robots\" content=\"index, follow, max-snippet:-1, max-image-preview:large, max-video-preview:-1\" \/>\n<link rel=\"canonical\" href=\"https:\/\/www.chespa.eu\/cs\/laky-disperzni\/\" \/>\n<meta property=\"og:locale\" content=\"cs_CZ\" \/>\n<meta property=\"og:type\" content=\"article\" \/>\n<meta property=\"og:title\" content=\"Laky disperzn\u00ed - Chespa - printing inks, clichees, cutting dies\" \/>\n<meta property=\"og:description\" content=\"Nab\u00edz\u00edme \u0161irokou \u0161k\u00e1lu flexografick\u00fdch a ofsetov\u00fdch lak\u016f pro mnoh\u00e1 pou\u017eit\u00ed a s mnoha vlastnostmi: ochrann\u00e9, zaji\u0161\u0165uj\u00edc\u00ed, ozdobn\u00e9. \u00acDisperzn\u00ed laky zlep\u0161uj\u00ed v kone\u010dn\u00e9 etap\u011b povrchov\u00e9 \u00fapravy tisku a vizu\u00e1ln\u00ed efekt tisku, zaji\u0161\u0165uj\u00edc\u00ed a ochra\u0148uj\u00edc\u00ed tisk p\u0159ed p\u016fsoben\u00edm chemick\u00fdch \u010dinitel\u016f, mechanick\u00e9ho po\u0161kozen\u00ed a ochra\u0148uj\u00ed p\u0159ed kopiemi zna\u010dkov\u00fdch produkt\u016f, zvy\u0161uj\u00ed odolnost v\u016f\u010di p\u016fsoben\u00ed chemick\u00fdch prvk\u016f, vyvol\u00e1vaj\u00ed speci\u00e1ln\u00ed efekty, [&hellip;]\" \/>\n<meta property=\"og:url\" content=\"https:\/\/www.chespa.eu\/cs\/laky-disperzni\/\" \/>\n<meta property=\"og:site_name\" content=\"Chespa - printing inks, clichees, cutting dies\" \/>\n<meta property=\"article:modified_time\" content=\"2017-02-23T07:57:23+00:00\" \/>\n<meta name=\"twitter:card\" content=\"summary_large_image\" \/>\n<meta name=\"twitter:label1\" content=\"Est. reading time\" \/>\n\t<meta name=\"twitter:data1\" content=\"3 minutes\" \/>\n<script type=\"application\/ld+json\" class=\"yoast-schema-graph\">{\"@context\":\"https:\\\/\\\/schema.org\",\"@graph\":[{\"@type\":\"WebPage\",\"@id\":\"https:\\\/\\\/www.chespa.eu\\\/cs\\\/laky-disperzni\\\/\",\"url\":\"https:\\\/\\\/www.chespa.eu\\\/cs\\\/laky-disperzni\\\/\",\"name\":\"Laky disperzn\u00ed - Chespa - printing inks, clichees, cutting dies\",\"isPartOf\":{\"@id\":\"https:\\\/\\\/www.chespa.eu\\\/#website\"},\"datePublished\":\"2017-02-23T07:55:43+00:00\",\"dateModified\":\"2017-02-23T07:57:23+00:00\",\"breadcrumb\":{\"@id\":\"https:\\\/\\\/www.chespa.eu\\\/cs\\\/laky-disperzni\\\/#breadcrumb\"},\"inLanguage\":\"cs-CZ\",\"potentialAction\":[{\"@type\":\"ReadAction\",\"target\":[\"https:\\\/\\\/www.chespa.eu\\\/cs\\\/laky-disperzni\\\/\"]}]},{\"@type\":\"BreadcrumbList\",\"@id\":\"https:\\\/\\\/www.chespa.eu\\\/cs\\\/laky-disperzni\\\/#breadcrumb\",\"itemListElement\":[{\"@type\":\"ListItem\",\"position\":1,\"name\":\"Strona g\u0142\u00f3wna\",\"item\":\"https:\\\/\\\/www.chespa.eu\\\/\"},{\"@type\":\"ListItem\",\"position\":2,\"name\":\"Laky disperzn\u00ed\"}]},{\"@type\":\"WebSite\",\"@id\":\"https:\\\/\\\/www.chespa.eu\\\/#website\",\"url\":\"https:\\\/\\\/www.chespa.eu\\\/\",\"name\":\"Chespa - printing inks, clichees, cutting dies\",\"description\":\"\",\"potentialAction\":[{\"@type\":\"SearchAction\",\"target\":{\"@type\":\"EntryPoint\",\"urlTemplate\":\"https:\\\/\\\/www.chespa.eu\\\/?s={search_term_string}\"},\"query-input\":{\"@type\":\"PropertyValueSpecification\",\"valueRequired\":true,\"valueName\":\"search_term_string\"}}],\"inLanguage\":\"cs-CZ\"}]}<\/script>\n<!-- \/ Yoast SEO plugin. -->","yoast_head_json":{"title":"Laky disperzn\u00ed - Chespa - printing inks, clichees, cutting dies","robots":{"index":"index","follow":"follow","max-snippet":"max-snippet:-1","max-image-preview":"max-image-preview:large","max-video-preview":"max-video-preview:-1"},"canonical":"https:\/\/www.chespa.eu\/cs\/laky-disperzni\/","og_locale":"cs_CZ","og_type":"article","og_title":"Laky disperzn\u00ed - Chespa - printing inks, clichees, cutting dies","og_description":"Nab\u00edz\u00edme \u0161irokou \u0161k\u00e1lu flexografick\u00fdch a ofsetov\u00fdch lak\u016f pro mnoh\u00e1 pou\u017eit\u00ed a s mnoha vlastnostmi: ochrann\u00e9, zaji\u0161\u0165uj\u00edc\u00ed, ozdobn\u00e9. \u00acDisperzn\u00ed laky zlep\u0161uj\u00ed v kone\u010dn\u00e9 etap\u011b povrchov\u00e9 \u00fapravy tisku a vizu\u00e1ln\u00ed efekt tisku, zaji\u0161\u0165uj\u00edc\u00ed a ochra\u0148uj\u00edc\u00ed tisk p\u0159ed p\u016fsoben\u00edm chemick\u00fdch \u010dinitel\u016f, mechanick\u00e9ho po\u0161kozen\u00ed a ochra\u0148uj\u00ed p\u0159ed kopiemi zna\u010dkov\u00fdch produkt\u016f, zvy\u0161uj\u00ed odolnost v\u016f\u010di p\u016fsoben\u00ed chemick\u00fdch prvk\u016f, vyvol\u00e1vaj\u00ed speci\u00e1ln\u00ed efekty, [&hellip;]","og_url":"https:\/\/www.chespa.eu\/cs\/laky-disperzni\/","og_site_name":"Chespa - printing inks, clichees, cutting dies","article_modified_time":"2017-02-23T07:57:23+00:00","twitter_card":"summary_large_image","twitter_misc":{"Est. reading time":"3 minutes"},"schema":{"@context":"https:\/\/schema.org","@graph":[{"@type":"WebPage","@id":"https:\/\/www.chespa.eu\/cs\/laky-disperzni\/","url":"https:\/\/www.chespa.eu\/cs\/laky-disperzni\/","name":"Laky disperzn\u00ed - Chespa - printing inks, clichees, cutting dies","isPartOf":{"@id":"https:\/\/www.chespa.eu\/#website"},"datePublished":"2017-02-23T07:55:43+00:00","dateModified":"2017-02-23T07:57:23+00:00","breadcrumb":{"@id":"https:\/\/www.chespa.eu\/cs\/laky-disperzni\/#breadcrumb"},"inLanguage":"cs-CZ","potentialAction":[{"@type":"ReadAction","target":["https:\/\/www.chespa.eu\/cs\/laky-disperzni\/"]}]},{"@type":"BreadcrumbList","@id":"https:\/\/www.chespa.eu\/cs\/laky-disperzni\/#breadcrumb","itemListElement":[{"@type":"ListItem","position":1,"name":"Strona g\u0142\u00f3wna","item":"https:\/\/www.chespa.eu\/"},{"@type":"ListItem","position":2,"name":"Laky disperzn\u00ed"}]},{"@type":"WebSite","@id":"https:\/\/www.chespa.eu\/#website","url":"https:\/\/www.chespa.eu\/","name":"Chespa - printing inks, clichees, cutting dies","description":"","potentialAction":[{"@type":"SearchAction","target":{"@type":"EntryPoint","urlTemplate":"https:\/\/www.chespa.eu\/?s={search_term_string}"},"query-input":{"@type":"PropertyValueSpecification","valueRequired":true,"valueName":"search_term_string"}}],"inLanguage":"cs-CZ"}]}},"_links":{"self":[{"href":"https:\/\/www.chespa.eu\/cs\/wp-json\/wp\/v2\/pages\/6077","targetHints":{"allow":["GET"]}}],"collection":[{"href":"https:\/\/www.chespa.eu\/cs\/wp-json\/wp\/v2\/pages"}],"about":[{"href":"https:\/\/www.chespa.eu\/cs\/wp-json\/wp\/v2\/types\/page"}],"author":[{"embeddable":true,"href":"https:\/\/www.chespa.eu\/cs\/wp-json\/wp\/v2\/users\/2"}],"replies":[{"embeddable":true,"href":"https:\/\/www.chespa.eu\/cs\/wp-json\/wp\/v2\/comments?post=6077"}],"version-history":[{"count":3,"href":"https:\/\/www.chespa.eu\/cs\/wp-json\/wp\/v2\/pages\/6077\/revisions"}],"predecessor-version":[{"id":6080,"href":"https:\/\/www.chespa.eu\/cs\/wp-json\/wp\/v2\/pages\/6077\/revisions\/6080"}],"up":[{"embeddable":true,"href":"https:\/\/www.chespa.eu\/cs\/wp-json\/wp\/v2\/pages\/18789"}],"wp:attachment":[{"href":"https:\/\/www.chespa.eu\/cs\/wp-json\/wp\/v2\/media?parent=6077"}],"curies":[{"name":"wp","href":"https:\/\/api.w.org\/{rel}","templated":true}]}}