{"id":6075,"date":"2017-02-23T08:48:11","date_gmt":"2017-02-23T07:48:11","guid":{"rendered":"https:\/\/www.chespa.eu\/cs\/?page_id=6075"},"modified":"2021-08-17T12:03:26","modified_gmt":"2021-08-17T10:03:26","slug":"uv-barvy","status":"publish","type":"page","link":"https:\/\/www.chespa.eu\/cs\/uv-barvy\/","title":{"rendered":"UV z\u00e1\u0159en\u00edm tvrzen\u00e9 barvy"},"content":{"rendered":"<h3 class=\"widget-title\"><\/h3>\n<h3 class=\"widget-title\">QIUVI \u2013 barva tvrzen\u00e1 UV z\u00e1\u0159en\u00edm<\/h3>\n<p>Je to nov\u00e1 s\u00e9rie barev tvrzen\u00fdch UV z\u00e1\u0159en\u00edm se \u0161irok\u00fdm spektrem pou\u017eit\u00ed. Barvy Qiuvi jsou charakteristick\u00e9 vysokou intenzitou barev a dobrou schopnost\u00ed tisku na r\u016fzn\u00fdch tiskov\u00fdch podkladech a v r\u016fzn\u00fdch tiska\u0159sk\u00fdch technologi\u00edch. Barvy Qiuvi sou\u010dasn\u011b zaji\u0161\u0165uj\u00ed komplexn\u00ed syst\u00e9m UV barev k z\u00edsk\u00e1n\u00ed potisk\u016f vysok\u00e9 kvality.<\/p>\n<p>Technologie tisku:<br \/>\nFlexotisk<br \/>\nS\u00edtotisk<br \/>\nOfset<\/p>\n<p>S\u00e9rie pro tisk etiket a obal\u016f ve flexotisku. Barvy Qiuvi se vyzna\u010duj\u00ed vysokou intenzitou, leskem, dobrou potiskovatelnost\u00ed a kr\u00e1tkou dobou vytvrzov\u00e1n\u00ed, aby byl mo\u017en\u00fd pro tisk p\u0159i vysok\u00fdch rychlostech. Jsou ur\u010deny k tisku nejr\u016fzn\u011bj\u0161\u00edch plastov\u00fdch podklad\u016f, pap\u00edrov\u00fdch substr\u00e1t\u016f a primerovan\u00fdch metalizovan\u00fd film\u016f, foli\u00ed a hlin\u00edku. V na\u0161\u00ed nab\u00eddce jsou dv\u011b \u0159ady barev. \u0158ada QIUVIFOOD je n\u00edzko migra\u010dn\u00ed a n\u00edzko z\u00e1pachov\u00e1 barva ur\u010den\u00e1 pro potisk obal\u016f potravin. \u0158ada QIUVIFLEX je na b\u00e1zi benzofenonu a s\u00e9rie ITX, ur\u010den\u00e1 pro tisk etiket a balen\u00ed nepotravin\u00e1\u0159sk\u00fdch produkt\u016f.<\/p>\n","protected":false},"excerpt":{"rendered":"<p>QIUVI \u2013 barva tvrzen\u00e1 UV z\u00e1\u0159en\u00edm Je to nov\u00e1 s\u00e9rie barev tvrzen\u00fdch UV z\u00e1\u0159en\u00edm se \u0161irok\u00fdm spektrem pou\u017eit\u00ed. Barvy Qiuvi jsou charakteristick\u00e9 vysokou intenzitou barev a dobrou schopnost\u00ed tisku na r\u016fzn\u00fdch tiskov\u00fdch podkladech a v r\u016fzn\u00fdch tiska\u0159sk\u00fdch technologi\u00edch. Barvy Qiuvi sou\u010dasn\u011b zaji\u0161\u0165uj\u00ed komplexn\u00ed syst\u00e9m UV barev k z\u00edsk\u00e1n\u00ed potisk\u016f vysok\u00e9 kvality. Technologie tisku: Flexotisk S\u00edtotisk [&hellip;]<\/p>\n","protected":false},"author":2,"featured_media":15612,"parent":0,"menu_order":0,"comment_status":"closed","ping_status":"closed","template":"","meta":{"_acf_changed":false,"footnotes":""},"class_list":["post-6075","page","type-page","status-publish","has-post-thumbnail","hentry"],"acf":[],"yoast_head":"<!-- This site is optimized with the Yoast SEO plugin v27.4 - https:\/\/yoast.com\/product\/yoast-seo-wordpress\/ -->\n<title>UV z\u00e1\u0159en\u00edm tvrzen\u00e9 barvy - Chespa - printing inks, clichees, cutting dies<\/title>\n<meta name=\"robots\" content=\"index, follow, max-snippet:-1, max-image-preview:large, max-video-preview:-1\" \/>\n<link rel=\"canonical\" href=\"https:\/\/www.chespa.eu\/cs\/uv-barvy\/\" \/>\n<meta property=\"og:locale\" content=\"cs_CZ\" \/>\n<meta property=\"og:type\" content=\"article\" \/>\n<meta property=\"og:title\" content=\"UV z\u00e1\u0159en\u00edm tvrzen\u00e9 barvy - Chespa - printing inks, clichees, cutting dies\" \/>\n<meta property=\"og:description\" content=\"QIUVI \u2013 barva tvrzen\u00e1 UV z\u00e1\u0159en\u00edm Je to nov\u00e1 s\u00e9rie barev tvrzen\u00fdch UV z\u00e1\u0159en\u00edm se \u0161irok\u00fdm spektrem pou\u017eit\u00ed. Barvy Qiuvi jsou charakteristick\u00e9 vysokou intenzitou barev a dobrou schopnost\u00ed tisku na r\u016fzn\u00fdch tiskov\u00fdch podkladech a v r\u016fzn\u00fdch tiska\u0159sk\u00fdch technologi\u00edch. Barvy Qiuvi sou\u010dasn\u011b zaji\u0161\u0165uj\u00ed komplexn\u00ed syst\u00e9m UV barev k z\u00edsk\u00e1n\u00ed potisk\u016f vysok\u00e9 kvality. Technologie tisku: Flexotisk S\u00edtotisk [&hellip;]\" \/>\n<meta property=\"og:url\" content=\"https:\/\/www.chespa.eu\/cs\/uv-barvy\/\" \/>\n<meta property=\"og:site_name\" content=\"Chespa - printing inks, clichees, cutting dies\" \/>\n<meta property=\"article:modified_time\" content=\"2021-08-17T10:03:26+00:00\" \/>\n<meta property=\"og:image\" content=\"https:\/\/www.chespa.eu\/wp-content\/uploads\/2021\/08\/serie_quivi.png\" \/>\n\t<meta property=\"og:image:width\" content=\"1920\" \/>\n\t<meta property=\"og:image:height\" content=\"295\" \/>\n\t<meta property=\"og:image:type\" content=\"image\/png\" \/>\n<meta name=\"twitter:card\" content=\"summary_large_image\" \/>\n<meta name=\"twitter:label1\" content=\"Est. reading time\" \/>\n\t<meta name=\"twitter:data1\" content=\"1 minute\" \/>\n<script type=\"application\/ld+json\" class=\"yoast-schema-graph\">{\"@context\":\"https:\\\/\\\/schema.org\",\"@graph\":[{\"@type\":\"WebPage\",\"@id\":\"https:\\\/\\\/www.chespa.eu\\\/cs\\\/uv-barvy\\\/\",\"url\":\"https:\\\/\\\/www.chespa.eu\\\/cs\\\/uv-barvy\\\/\",\"name\":\"UV z\u00e1\u0159en\u00edm tvrzen\u00e9 barvy - Chespa - printing inks, clichees, cutting dies\",\"isPartOf\":{\"@id\":\"https:\\\/\\\/www.chespa.eu\\\/#website\"},\"primaryImageOfPage\":{\"@id\":\"https:\\\/\\\/www.chespa.eu\\\/cs\\\/uv-barvy\\\/#primaryimage\"},\"image\":{\"@id\":\"https:\\\/\\\/www.chespa.eu\\\/cs\\\/uv-barvy\\\/#primaryimage\"},\"thumbnailUrl\":\"https:\\\/\\\/www.chespa.eu\\\/wp-content\\\/uploads\\\/2021\\\/08\\\/serie_quivi.png\",\"datePublished\":\"2017-02-23T07:48:11+00:00\",\"dateModified\":\"2021-08-17T10:03:26+00:00\",\"breadcrumb\":{\"@id\":\"https:\\\/\\\/www.chespa.eu\\\/cs\\\/uv-barvy\\\/#breadcrumb\"},\"inLanguage\":\"cs-CZ\",\"potentialAction\":[{\"@type\":\"ReadAction\",\"target\":[\"https:\\\/\\\/www.chespa.eu\\\/cs\\\/uv-barvy\\\/\"]}]},{\"@type\":\"ImageObject\",\"inLanguage\":\"cs-CZ\",\"@id\":\"https:\\\/\\\/www.chespa.eu\\\/cs\\\/uv-barvy\\\/#primaryimage\",\"url\":\"https:\\\/\\\/www.chespa.eu\\\/wp-content\\\/uploads\\\/2021\\\/08\\\/serie_quivi.png\",\"contentUrl\":\"https:\\\/\\\/www.chespa.eu\\\/wp-content\\\/uploads\\\/2021\\\/08\\\/serie_quivi.png\",\"width\":1920,\"height\":295},{\"@type\":\"BreadcrumbList\",\"@id\":\"https:\\\/\\\/www.chespa.eu\\\/cs\\\/uv-barvy\\\/#breadcrumb\",\"itemListElement\":[{\"@type\":\"ListItem\",\"position\":1,\"name\":\"Strona g\u0142\u00f3wna\",\"item\":\"https:\\\/\\\/www.chespa.eu\\\/\"},{\"@type\":\"ListItem\",\"position\":2,\"name\":\"UV z\u00e1\u0159en\u00edm tvrzen\u00e9 barvy\"}]},{\"@type\":\"WebSite\",\"@id\":\"https:\\\/\\\/www.chespa.eu\\\/#website\",\"url\":\"https:\\\/\\\/www.chespa.eu\\\/\",\"name\":\"Chespa - printing inks, clichees, cutting dies\",\"description\":\"\",\"potentialAction\":[{\"@type\":\"SearchAction\",\"target\":{\"@type\":\"EntryPoint\",\"urlTemplate\":\"https:\\\/\\\/www.chespa.eu\\\/?s={search_term_string}\"},\"query-input\":{\"@type\":\"PropertyValueSpecification\",\"valueRequired\":true,\"valueName\":\"search_term_string\"}}],\"inLanguage\":\"cs-CZ\"}]}<\/script>\n<!-- \/ Yoast SEO plugin. -->","yoast_head_json":{"title":"UV z\u00e1\u0159en\u00edm tvrzen\u00e9 barvy - Chespa - printing inks, clichees, cutting dies","robots":{"index":"index","follow":"follow","max-snippet":"max-snippet:-1","max-image-preview":"max-image-preview:large","max-video-preview":"max-video-preview:-1"},"canonical":"https:\/\/www.chespa.eu\/cs\/uv-barvy\/","og_locale":"cs_CZ","og_type":"article","og_title":"UV z\u00e1\u0159en\u00edm tvrzen\u00e9 barvy - Chespa - printing inks, clichees, cutting dies","og_description":"QIUVI \u2013 barva tvrzen\u00e1 UV z\u00e1\u0159en\u00edm Je to nov\u00e1 s\u00e9rie barev tvrzen\u00fdch UV z\u00e1\u0159en\u00edm se \u0161irok\u00fdm spektrem pou\u017eit\u00ed. Barvy Qiuvi jsou charakteristick\u00e9 vysokou intenzitou barev a dobrou schopnost\u00ed tisku na r\u016fzn\u00fdch tiskov\u00fdch podkladech a v r\u016fzn\u00fdch tiska\u0159sk\u00fdch technologi\u00edch. Barvy Qiuvi sou\u010dasn\u011b zaji\u0161\u0165uj\u00ed komplexn\u00ed syst\u00e9m UV barev k z\u00edsk\u00e1n\u00ed potisk\u016f vysok\u00e9 kvality. Technologie tisku: Flexotisk S\u00edtotisk [&hellip;]","og_url":"https:\/\/www.chespa.eu\/cs\/uv-barvy\/","og_site_name":"Chespa - printing inks, clichees, cutting dies","article_modified_time":"2021-08-17T10:03:26+00:00","og_image":[{"width":1920,"height":295,"url":"https:\/\/www.chespa.eu\/wp-content\/uploads\/2021\/08\/serie_quivi.png","type":"image\/png"}],"twitter_card":"summary_large_image","twitter_misc":{"Est. reading time":"1 minute"},"schema":{"@context":"https:\/\/schema.org","@graph":[{"@type":"WebPage","@id":"https:\/\/www.chespa.eu\/cs\/uv-barvy\/","url":"https:\/\/www.chespa.eu\/cs\/uv-barvy\/","name":"UV z\u00e1\u0159en\u00edm tvrzen\u00e9 barvy - Chespa - printing inks, clichees, cutting dies","isPartOf":{"@id":"https:\/\/www.chespa.eu\/#website"},"primaryImageOfPage":{"@id":"https:\/\/www.chespa.eu\/cs\/uv-barvy\/#primaryimage"},"image":{"@id":"https:\/\/www.chespa.eu\/cs\/uv-barvy\/#primaryimage"},"thumbnailUrl":"https:\/\/www.chespa.eu\/wp-content\/uploads\/2021\/08\/serie_quivi.png","datePublished":"2017-02-23T07:48:11+00:00","dateModified":"2021-08-17T10:03:26+00:00","breadcrumb":{"@id":"https:\/\/www.chespa.eu\/cs\/uv-barvy\/#breadcrumb"},"inLanguage":"cs-CZ","potentialAction":[{"@type":"ReadAction","target":["https:\/\/www.chespa.eu\/cs\/uv-barvy\/"]}]},{"@type":"ImageObject","inLanguage":"cs-CZ","@id":"https:\/\/www.chespa.eu\/cs\/uv-barvy\/#primaryimage","url":"https:\/\/www.chespa.eu\/wp-content\/uploads\/2021\/08\/serie_quivi.png","contentUrl":"https:\/\/www.chespa.eu\/wp-content\/uploads\/2021\/08\/serie_quivi.png","width":1920,"height":295},{"@type":"BreadcrumbList","@id":"https:\/\/www.chespa.eu\/cs\/uv-barvy\/#breadcrumb","itemListElement":[{"@type":"ListItem","position":1,"name":"Strona g\u0142\u00f3wna","item":"https:\/\/www.chespa.eu\/"},{"@type":"ListItem","position":2,"name":"UV z\u00e1\u0159en\u00edm tvrzen\u00e9 barvy"}]},{"@type":"WebSite","@id":"https:\/\/www.chespa.eu\/#website","url":"https:\/\/www.chespa.eu\/","name":"Chespa - printing inks, clichees, cutting dies","description":"","potentialAction":[{"@type":"SearchAction","target":{"@type":"EntryPoint","urlTemplate":"https:\/\/www.chespa.eu\/?s={search_term_string}"},"query-input":{"@type":"PropertyValueSpecification","valueRequired":true,"valueName":"search_term_string"}}],"inLanguage":"cs-CZ"}]}},"_links":{"self":[{"href":"https:\/\/www.chespa.eu\/cs\/wp-json\/wp\/v2\/pages\/6075","targetHints":{"allow":["GET"]}}],"collection":[{"href":"https:\/\/www.chespa.eu\/cs\/wp-json\/wp\/v2\/pages"}],"about":[{"href":"https:\/\/www.chespa.eu\/cs\/wp-json\/wp\/v2\/types\/page"}],"author":[{"embeddable":true,"href":"https:\/\/www.chespa.eu\/cs\/wp-json\/wp\/v2\/users\/2"}],"replies":[{"embeddable":true,"href":"https:\/\/www.chespa.eu\/cs\/wp-json\/wp\/v2\/comments?post=6075"}],"version-history":[{"count":3,"href":"https:\/\/www.chespa.eu\/cs\/wp-json\/wp\/v2\/pages\/6075\/revisions"}],"predecessor-version":[{"id":15634,"href":"https:\/\/www.chespa.eu\/cs\/wp-json\/wp\/v2\/pages\/6075\/revisions\/15634"}],"wp:featuredmedia":[{"embeddable":true,"href":"https:\/\/www.chespa.eu\/cs\/wp-json\/wp\/v2\/media\/15612"}],"wp:attachment":[{"href":"https:\/\/www.chespa.eu\/cs\/wp-json\/wp\/v2\/media?parent=6075"}],"curies":[{"name":"wp","href":"https:\/\/api.w.org\/{rel}","templated":true}]}}