{"id":6072,"date":"2017-02-23T08:41:17","date_gmt":"2017-02-23T07:41:17","guid":{"rendered":"https:\/\/www.chespa.eu\/cs\/?page_id=6072"},"modified":"2022-06-27T13:02:05","modified_gmt":"2022-06-27T11:02:05","slug":"nitrocelulozove-barvy-lihove-barvy","status":"publish","type":"page","link":"https:\/\/www.chespa.eu\/cs\/vyrobky\/graficke-barvy\/nitrocelulozove-barvy-lihove-barvy\/","title":{"rendered":"Nitrocelul\u00f3zov\u00e9 barvy"},"content":{"rendered":"<p>Jedn\u00e1 se o univerz\u00e1ln\u00ed s\u00e9rii lihem \u0159editeln\u00fdch barev na b\u00e1zi nitrocelul\u00f3zy, slou\u017e\u00edc\u00ed pro \u00fa\u010dely potisku obal\u016f. Celio je barevn\u00fd modulov\u00fd syst\u00e9m, kter\u00fd je tvo\u0159en nevelk\u00fdm mno\u017estv\u00edm komponent\u016f a sou\u010dasn\u011b zahrnuje velmi \u0161irokou \u0161k\u00e1lu pou\u017eit\u00ed. Cel\u00fd barevn\u00fd syst\u00e9m Celio spl\u0148uje ve\u0161ker\u00e9 platn\u00e9 standardy a je v souladu se v\u0161emi platn\u00fdmi p\u0159edpisy, kter\u00e9 se t\u00fdkaj\u00ed potravinov\u00fdch obal\u016f. D\u00edky sv\u00e9 modulov\u00e9 struktu\u0159e je cel\u00fd syst\u00e9m barev velmi jednoduch\u00fd p\u0159i pou\u017e\u00edv\u00e1n\u00ed v m\u00edchac\u00edch syst\u00e9mech. Hlavn\u00ed prvek m\u00edchac\u00edho syst\u00e9mu se op\u00edr\u00e1 o jeden z\u00e1klad koncentr\u00e1t\u016f \u201eCelioBase\u201d, d\u00edky \u010demu\u017e je mo\u017en\u00e9 z tohoto prvku z\u00edskat \u0159adu barevn\u00fdch s\u00e9ri\u00ed pro mnoh\u00e1 pou\u017eit\u00ed s r\u016fzn\u00fdmi vlastnostmi a odolnostmi. Barvy jsou vhodn\u00e9 na zamrazov\u00e1n\u00ed a sva\u0159ov\u00e1n\u00ed teplem.<\/p>\n<p>V\u0161estrannost pou\u017eit\u00ed barev Celio je nav\u00edc podporov\u00e1na \u0161irokou \u0161k\u00e1lou speci\u00e1ln\u00edch produkt\u016f tak, aby bylo mo\u017en\u00e9 spl\u0148ovat ve\u0161ker\u00e9 po\u017eadavky kladen\u00e9 na sou\u010dasn\u00e9 obaly.<\/p>\n","protected":false},"excerpt":{"rendered":"<p>Jedn\u00e1 se o univerz\u00e1ln\u00ed s\u00e9rii lihem \u0159editeln\u00fdch barev na b\u00e1zi nitrocelul\u00f3zy, slou\u017e\u00edc\u00ed pro \u00fa\u010dely potisku obal\u016f. Celio je barevn\u00fd modulov\u00fd syst\u00e9m, kter\u00fd je tvo\u0159en nevelk\u00fdm mno\u017estv\u00edm komponent\u016f a sou\u010dasn\u011b zahrnuje velmi \u0161irokou \u0161k\u00e1lu pou\u017eit\u00ed. Cel\u00fd barevn\u00fd syst\u00e9m Celio spl\u0148uje ve\u0161ker\u00e9 platn\u00e9 standardy a je v souladu se v\u0161emi platn\u00fdmi p\u0159edpisy, kter\u00e9 se t\u00fdkaj\u00ed potravinov\u00fdch obal\u016f. [&hellip;]<\/p>\n","protected":false},"author":2,"featured_media":16218,"parent":18789,"menu_order":0,"comment_status":"closed","ping_status":"closed","template":"","meta":{"_acf_changed":false,"footnotes":""},"class_list":["post-6072","page","type-page","status-publish","has-post-thumbnail","hentry"],"acf":[],"yoast_head":"<!-- This site is optimized with the Yoast SEO plugin v27.4 - https:\/\/yoast.com\/product\/yoast-seo-wordpress\/ -->\n<title>Nitrocelul\u00f3zov\u00e9 barvy - Chespa - printing inks, clichees, cutting dies<\/title>\n<meta name=\"robots\" content=\"index, follow, max-snippet:-1, max-image-preview:large, max-video-preview:-1\" \/>\n<link rel=\"canonical\" href=\"https:\/\/www.chespa.eu\/cs\/nitrocelulozove-barvy-lihove-barvy\/\" \/>\n<meta property=\"og:locale\" content=\"cs_CZ\" \/>\n<meta property=\"og:type\" content=\"article\" \/>\n<meta property=\"og:title\" content=\"Nitrocelul\u00f3zov\u00e9 barvy - Chespa - printing inks, clichees, cutting dies\" \/>\n<meta property=\"og:description\" content=\"Jedn\u00e1 se o univerz\u00e1ln\u00ed s\u00e9rii lihem \u0159editeln\u00fdch barev na b\u00e1zi nitrocelul\u00f3zy, slou\u017e\u00edc\u00ed pro \u00fa\u010dely potisku obal\u016f. Celio je barevn\u00fd modulov\u00fd syst\u00e9m, kter\u00fd je tvo\u0159en nevelk\u00fdm mno\u017estv\u00edm komponent\u016f a sou\u010dasn\u011b zahrnuje velmi \u0161irokou \u0161k\u00e1lu pou\u017eit\u00ed. Cel\u00fd barevn\u00fd syst\u00e9m Celio spl\u0148uje ve\u0161ker\u00e9 platn\u00e9 standardy a je v souladu se v\u0161emi platn\u00fdmi p\u0159edpisy, kter\u00e9 se t\u00fdkaj\u00ed potravinov\u00fdch obal\u016f. [&hellip;]\" \/>\n<meta property=\"og:url\" content=\"https:\/\/www.chespa.eu\/cs\/nitrocelulozove-barvy-lihove-barvy\/\" \/>\n<meta property=\"og:site_name\" content=\"Chespa - printing inks, clichees, cutting dies\" \/>\n<meta property=\"article:modified_time\" content=\"2022-06-27T11:02:05+00:00\" \/>\n<meta property=\"og:image\" content=\"https:\/\/www.chespa.eu\/wp-content\/uploads\/2022\/06\/celio.png\" \/>\n\t<meta property=\"og:image:width\" content=\"1920\" \/>\n\t<meta property=\"og:image:height\" content=\"295\" \/>\n\t<meta property=\"og:image:type\" content=\"image\/png\" \/>\n<meta name=\"twitter:card\" content=\"summary_large_image\" \/>\n<meta name=\"twitter:label1\" content=\"Est. reading time\" \/>\n\t<meta name=\"twitter:data1\" content=\"1 minute\" \/>\n<script type=\"application\/ld+json\" class=\"yoast-schema-graph\">{\"@context\":\"https:\\\/\\\/schema.org\",\"@graph\":[{\"@type\":\"WebPage\",\"@id\":\"https:\\\/\\\/www.chespa.eu\\\/cs\\\/nitrocelulozove-barvy-lihove-barvy\\\/\",\"url\":\"https:\\\/\\\/www.chespa.eu\\\/cs\\\/nitrocelulozove-barvy-lihove-barvy\\\/\",\"name\":\"Nitrocelul\u00f3zov\u00e9 barvy - Chespa - printing inks, clichees, cutting dies\",\"isPartOf\":{\"@id\":\"https:\\\/\\\/www.chespa.eu\\\/#website\"},\"primaryImageOfPage\":{\"@id\":\"https:\\\/\\\/www.chespa.eu\\\/cs\\\/nitrocelulozove-barvy-lihove-barvy\\\/#primaryimage\"},\"image\":{\"@id\":\"https:\\\/\\\/www.chespa.eu\\\/cs\\\/nitrocelulozove-barvy-lihove-barvy\\\/#primaryimage\"},\"thumbnailUrl\":\"https:\\\/\\\/www.chespa.eu\\\/wp-content\\\/uploads\\\/2022\\\/06\\\/celio.png\",\"datePublished\":\"2017-02-23T07:41:17+00:00\",\"dateModified\":\"2022-06-27T11:02:05+00:00\",\"breadcrumb\":{\"@id\":\"https:\\\/\\\/www.chespa.eu\\\/cs\\\/nitrocelulozove-barvy-lihove-barvy\\\/#breadcrumb\"},\"inLanguage\":\"cs-CZ\",\"potentialAction\":[{\"@type\":\"ReadAction\",\"target\":[\"https:\\\/\\\/www.chespa.eu\\\/cs\\\/nitrocelulozove-barvy-lihove-barvy\\\/\"]}]},{\"@type\":\"ImageObject\",\"inLanguage\":\"cs-CZ\",\"@id\":\"https:\\\/\\\/www.chespa.eu\\\/cs\\\/nitrocelulozove-barvy-lihove-barvy\\\/#primaryimage\",\"url\":\"https:\\\/\\\/www.chespa.eu\\\/wp-content\\\/uploads\\\/2022\\\/06\\\/celio.png\",\"contentUrl\":\"https:\\\/\\\/www.chespa.eu\\\/wp-content\\\/uploads\\\/2022\\\/06\\\/celio.png\",\"width\":1920,\"height\":295},{\"@type\":\"BreadcrumbList\",\"@id\":\"https:\\\/\\\/www.chespa.eu\\\/cs\\\/nitrocelulozove-barvy-lihove-barvy\\\/#breadcrumb\",\"itemListElement\":[{\"@type\":\"ListItem\",\"position\":1,\"name\":\"Strona g\u0142\u00f3wna\",\"item\":\"https:\\\/\\\/www.chespa.eu\\\/\"},{\"@type\":\"ListItem\",\"position\":2,\"name\":\"Nitrocelul\u00f3zov\u00e9 barvy\"}]},{\"@type\":\"WebSite\",\"@id\":\"https:\\\/\\\/www.chespa.eu\\\/#website\",\"url\":\"https:\\\/\\\/www.chespa.eu\\\/\",\"name\":\"Chespa - printing inks, clichees, cutting dies\",\"description\":\"\",\"potentialAction\":[{\"@type\":\"SearchAction\",\"target\":{\"@type\":\"EntryPoint\",\"urlTemplate\":\"https:\\\/\\\/www.chespa.eu\\\/?s={search_term_string}\"},\"query-input\":{\"@type\":\"PropertyValueSpecification\",\"valueRequired\":true,\"valueName\":\"search_term_string\"}}],\"inLanguage\":\"cs-CZ\"}]}<\/script>\n<!-- \/ Yoast SEO plugin. -->","yoast_head_json":{"title":"Nitrocelul\u00f3zov\u00e9 barvy - Chespa - printing inks, clichees, cutting dies","robots":{"index":"index","follow":"follow","max-snippet":"max-snippet:-1","max-image-preview":"max-image-preview:large","max-video-preview":"max-video-preview:-1"},"canonical":"https:\/\/www.chespa.eu\/cs\/nitrocelulozove-barvy-lihove-barvy\/","og_locale":"cs_CZ","og_type":"article","og_title":"Nitrocelul\u00f3zov\u00e9 barvy - Chespa - printing inks, clichees, cutting dies","og_description":"Jedn\u00e1 se o univerz\u00e1ln\u00ed s\u00e9rii lihem \u0159editeln\u00fdch barev na b\u00e1zi nitrocelul\u00f3zy, slou\u017e\u00edc\u00ed pro \u00fa\u010dely potisku obal\u016f. Celio je barevn\u00fd modulov\u00fd syst\u00e9m, kter\u00fd je tvo\u0159en nevelk\u00fdm mno\u017estv\u00edm komponent\u016f a sou\u010dasn\u011b zahrnuje velmi \u0161irokou \u0161k\u00e1lu pou\u017eit\u00ed. Cel\u00fd barevn\u00fd syst\u00e9m Celio spl\u0148uje ve\u0161ker\u00e9 platn\u00e9 standardy a je v souladu se v\u0161emi platn\u00fdmi p\u0159edpisy, kter\u00e9 se t\u00fdkaj\u00ed potravinov\u00fdch obal\u016f. [&hellip;]","og_url":"https:\/\/www.chespa.eu\/cs\/nitrocelulozove-barvy-lihove-barvy\/","og_site_name":"Chespa - printing inks, clichees, cutting dies","article_modified_time":"2022-06-27T11:02:05+00:00","og_image":[{"width":1920,"height":295,"url":"https:\/\/www.chespa.eu\/wp-content\/uploads\/2022\/06\/celio.png","type":"image\/png"}],"twitter_card":"summary_large_image","twitter_misc":{"Est. reading time":"1 minute"},"schema":{"@context":"https:\/\/schema.org","@graph":[{"@type":"WebPage","@id":"https:\/\/www.chespa.eu\/cs\/nitrocelulozove-barvy-lihove-barvy\/","url":"https:\/\/www.chespa.eu\/cs\/nitrocelulozove-barvy-lihove-barvy\/","name":"Nitrocelul\u00f3zov\u00e9 barvy - Chespa - printing inks, clichees, cutting dies","isPartOf":{"@id":"https:\/\/www.chespa.eu\/#website"},"primaryImageOfPage":{"@id":"https:\/\/www.chespa.eu\/cs\/nitrocelulozove-barvy-lihove-barvy\/#primaryimage"},"image":{"@id":"https:\/\/www.chespa.eu\/cs\/nitrocelulozove-barvy-lihove-barvy\/#primaryimage"},"thumbnailUrl":"https:\/\/www.chespa.eu\/wp-content\/uploads\/2022\/06\/celio.png","datePublished":"2017-02-23T07:41:17+00:00","dateModified":"2022-06-27T11:02:05+00:00","breadcrumb":{"@id":"https:\/\/www.chespa.eu\/cs\/nitrocelulozove-barvy-lihove-barvy\/#breadcrumb"},"inLanguage":"cs-CZ","potentialAction":[{"@type":"ReadAction","target":["https:\/\/www.chespa.eu\/cs\/nitrocelulozove-barvy-lihove-barvy\/"]}]},{"@type":"ImageObject","inLanguage":"cs-CZ","@id":"https:\/\/www.chespa.eu\/cs\/nitrocelulozove-barvy-lihove-barvy\/#primaryimage","url":"https:\/\/www.chespa.eu\/wp-content\/uploads\/2022\/06\/celio.png","contentUrl":"https:\/\/www.chespa.eu\/wp-content\/uploads\/2022\/06\/celio.png","width":1920,"height":295},{"@type":"BreadcrumbList","@id":"https:\/\/www.chespa.eu\/cs\/nitrocelulozove-barvy-lihove-barvy\/#breadcrumb","itemListElement":[{"@type":"ListItem","position":1,"name":"Strona g\u0142\u00f3wna","item":"https:\/\/www.chespa.eu\/"},{"@type":"ListItem","position":2,"name":"Nitrocelul\u00f3zov\u00e9 barvy"}]},{"@type":"WebSite","@id":"https:\/\/www.chespa.eu\/#website","url":"https:\/\/www.chespa.eu\/","name":"Chespa - printing inks, clichees, cutting dies","description":"","potentialAction":[{"@type":"SearchAction","target":{"@type":"EntryPoint","urlTemplate":"https:\/\/www.chespa.eu\/?s={search_term_string}"},"query-input":{"@type":"PropertyValueSpecification","valueRequired":true,"valueName":"search_term_string"}}],"inLanguage":"cs-CZ"}]}},"_links":{"self":[{"href":"https:\/\/www.chespa.eu\/cs\/wp-json\/wp\/v2\/pages\/6072","targetHints":{"allow":["GET"]}}],"collection":[{"href":"https:\/\/www.chespa.eu\/cs\/wp-json\/wp\/v2\/pages"}],"about":[{"href":"https:\/\/www.chespa.eu\/cs\/wp-json\/wp\/v2\/types\/page"}],"author":[{"embeddable":true,"href":"https:\/\/www.chespa.eu\/cs\/wp-json\/wp\/v2\/users\/2"}],"replies":[{"embeddable":true,"href":"https:\/\/www.chespa.eu\/cs\/wp-json\/wp\/v2\/comments?post=6072"}],"version-history":[{"count":3,"href":"https:\/\/www.chespa.eu\/cs\/wp-json\/wp\/v2\/pages\/6072\/revisions"}],"predecessor-version":[{"id":16228,"href":"https:\/\/www.chespa.eu\/cs\/wp-json\/wp\/v2\/pages\/6072\/revisions\/16228"}],"up":[{"embeddable":true,"href":"https:\/\/www.chespa.eu\/cs\/wp-json\/wp\/v2\/pages\/18789"}],"wp:featuredmedia":[{"embeddable":true,"href":"https:\/\/www.chespa.eu\/cs\/wp-json\/wp\/v2\/media\/16218"}],"wp:attachment":[{"href":"https:\/\/www.chespa.eu\/cs\/wp-json\/wp\/v2\/media?parent=6072"}],"curies":[{"name":"wp","href":"https:\/\/api.w.org\/{rel}","templated":true}]}}