{"id":19488,"date":"2026-05-08T10:33:01","date_gmt":"2026-05-08T08:33:01","guid":{"rendered":"https:\/\/www.chespa.eu\/vyrobky\/graficke-barvy\/farby-poliuretanowe\/pet\/"},"modified":"2026-05-08T10:33:01","modified_gmt":"2026-05-08T08:33:01","slug":"pet","status":"publish","type":"page","link":"https:\/\/www.chespa.eu\/cs\/vyrobky\/graficke-barvy\/farby-poliuretanowe\/pet\/","title":{"rendered":"PET"},"content":{"rendered":"","protected":false},"excerpt":{"rendered":"","protected":false},"author":6,"featured_media":0,"parent":15630,"menu_order":0,"comment_status":"closed","ping_status":"closed","template":"","meta":{"_acf_changed":false,"footnotes":""},"class_list":["post-19488","page","type-page","status-publish","hentry"],"acf":[],"yoast_head":"<!-- This site is optimized with the Yoast SEO plugin v27.5 - https:\/\/yoast.com\/product\/yoast-seo-wordpress\/ -->\n<title>PET - Chespa - printing inks, clichees, cutting dies<\/title>\n<meta name=\"robots\" content=\"index, follow, max-snippet:-1, max-image-preview:large, max-video-preview:-1\" \/>\n<link rel=\"canonical\" href=\"https:\/\/www.chespa.eu\/vyrobky\/graficke-barvy\/farby-poliuretanowe\/pet\/\" \/>\n<meta property=\"og:locale\" content=\"cs_CZ\" \/>\n<meta property=\"og:type\" content=\"article\" \/>\n<meta property=\"og:title\" content=\"PET - Chespa - printing inks, clichees, cutting dies\" \/>\n<meta property=\"og:url\" content=\"https:\/\/www.chespa.eu\/vyrobky\/graficke-barvy\/farby-poliuretanowe\/pet\/\" \/>\n<meta property=\"og:site_name\" content=\"Chespa - printing inks, clichees, cutting dies\" \/>\n<meta name=\"twitter:card\" content=\"summary_large_image\" \/>\n<script type=\"application\/ld+json\" class=\"yoast-schema-graph\">{\"@context\":\"https:\\\/\\\/schema.org\",\"@graph\":[{\"@type\":\"WebPage\",\"@id\":\"https:\\\/\\\/www.chespa.eu\\\/vyrobky\\\/graficke-barvy\\\/farby-poliuretanowe\\\/pet\\\/\",\"url\":\"https:\\\/\\\/www.chespa.eu\\\/vyrobky\\\/graficke-barvy\\\/farby-poliuretanowe\\\/pet\\\/\",\"name\":\"PET - Chespa - printing inks, clichees, cutting dies\",\"isPartOf\":{\"@id\":\"https:\\\/\\\/www.chespa.eu\\\/#website\"},\"datePublished\":\"2026-05-08T08:33:01+00:00\",\"breadcrumb\":{\"@id\":\"https:\\\/\\\/www.chespa.eu\\\/vyrobky\\\/graficke-barvy\\\/farby-poliuretanowe\\\/pet\\\/#breadcrumb\"},\"inLanguage\":\"cs-CZ\",\"potentialAction\":[{\"@type\":\"ReadAction\",\"target\":[\"https:\\\/\\\/www.chespa.eu\\\/vyrobky\\\/graficke-barvy\\\/farby-poliuretanowe\\\/pet\\\/\"]}]},{\"@type\":\"BreadcrumbList\",\"@id\":\"https:\\\/\\\/www.chespa.eu\\\/vyrobky\\\/graficke-barvy\\\/farby-poliuretanowe\\\/pet\\\/#breadcrumb\",\"itemListElement\":[{\"@type\":\"ListItem\",\"position\":1,\"name\":\"Strona g\u0142\u00f3wna\",\"item\":\"https:\\\/\\\/www.chespa.eu\\\/\"},{\"@type\":\"ListItem\",\"position\":2,\"name\":\"V\u00fdrobky\",\"item\":\"https:\\\/\\\/www.chespa.eu\\\/produkty\\\/\"},{\"@type\":\"ListItem\",\"position\":3,\"name\":\"Grafick\u00e9 barvy\",\"item\":\"https:\\\/\\\/www.chespa.eu\\\/produkty\\\/farby-graficzne\\\/\"},{\"@type\":\"ListItem\",\"position\":4,\"name\":\"Polyuretanov\u00e9 barvy na b\u00e1zi rozpou\u0161t\u011bdel \u201ePURE\u201c\",\"item\":\"https:\\\/\\\/www.chespa.eu\\\/cs\\\/vyrobky\\\/graficke-barvy\\\/farby-poliuretanowe\\\/\"},{\"@type\":\"ListItem\",\"position\":5,\"name\":\"PET\"}]},{\"@type\":\"WebSite\",\"@id\":\"https:\\\/\\\/www.chespa.eu\\\/#website\",\"url\":\"https:\\\/\\\/www.chespa.eu\\\/\",\"name\":\"Chespa - printing inks, clichees, cutting dies\",\"description\":\"\",\"potentialAction\":[{\"@type\":\"SearchAction\",\"target\":{\"@type\":\"EntryPoint\",\"urlTemplate\":\"https:\\\/\\\/www.chespa.eu\\\/?s={search_term_string}\"},\"query-input\":{\"@type\":\"PropertyValueSpecification\",\"valueRequired\":true,\"valueName\":\"search_term_string\"}}],\"inLanguage\":\"cs-CZ\"}]}<\/script>\n<!-- \/ Yoast SEO plugin. -->","yoast_head_json":{"title":"PET - Chespa - printing inks, clichees, cutting dies","robots":{"index":"index","follow":"follow","max-snippet":"max-snippet:-1","max-image-preview":"max-image-preview:large","max-video-preview":"max-video-preview:-1"},"canonical":"https:\/\/www.chespa.eu\/vyrobky\/graficke-barvy\/farby-poliuretanowe\/pet\/","og_locale":"cs_CZ","og_type":"article","og_title":"PET - Chespa - printing inks, clichees, cutting dies","og_url":"https:\/\/www.chespa.eu\/vyrobky\/graficke-barvy\/farby-poliuretanowe\/pet\/","og_site_name":"Chespa - printing inks, clichees, cutting dies","twitter_card":"summary_large_image","schema":{"@context":"https:\/\/schema.org","@graph":[{"@type":"WebPage","@id":"https:\/\/www.chespa.eu\/vyrobky\/graficke-barvy\/farby-poliuretanowe\/pet\/","url":"https:\/\/www.chespa.eu\/vyrobky\/graficke-barvy\/farby-poliuretanowe\/pet\/","name":"PET - Chespa - printing inks, clichees, cutting dies","isPartOf":{"@id":"https:\/\/www.chespa.eu\/#website"},"datePublished":"2026-05-08T08:33:01+00:00","breadcrumb":{"@id":"https:\/\/www.chespa.eu\/vyrobky\/graficke-barvy\/farby-poliuretanowe\/pet\/#breadcrumb"},"inLanguage":"cs-CZ","potentialAction":[{"@type":"ReadAction","target":["https:\/\/www.chespa.eu\/vyrobky\/graficke-barvy\/farby-poliuretanowe\/pet\/"]}]},{"@type":"BreadcrumbList","@id":"https:\/\/www.chespa.eu\/vyrobky\/graficke-barvy\/farby-poliuretanowe\/pet\/#breadcrumb","itemListElement":[{"@type":"ListItem","position":1,"name":"Strona g\u0142\u00f3wna","item":"https:\/\/www.chespa.eu\/"},{"@type":"ListItem","position":2,"name":"V\u00fdrobky","item":"https:\/\/www.chespa.eu\/produkty\/"},{"@type":"ListItem","position":3,"name":"Grafick\u00e9 barvy","item":"https:\/\/www.chespa.eu\/produkty\/farby-graficzne\/"},{"@type":"ListItem","position":4,"name":"Polyuretanov\u00e9 barvy na b\u00e1zi rozpou\u0161t\u011bdel \u201ePURE\u201c","item":"https:\/\/www.chespa.eu\/cs\/vyrobky\/graficke-barvy\/farby-poliuretanowe\/"},{"@type":"ListItem","position":5,"name":"PET"}]},{"@type":"WebSite","@id":"https:\/\/www.chespa.eu\/#website","url":"https:\/\/www.chespa.eu\/","name":"Chespa - printing inks, clichees, cutting dies","description":"","potentialAction":[{"@type":"SearchAction","target":{"@type":"EntryPoint","urlTemplate":"https:\/\/www.chespa.eu\/?s={search_term_string}"},"query-input":{"@type":"PropertyValueSpecification","valueRequired":true,"valueName":"search_term_string"}}],"inLanguage":"cs-CZ"}]}},"_links":{"self":[{"href":"https:\/\/www.chespa.eu\/cs\/wp-json\/wp\/v2\/pages\/19488","targetHints":{"allow":["GET"]}}],"collection":[{"href":"https:\/\/www.chespa.eu\/cs\/wp-json\/wp\/v2\/pages"}],"about":[{"href":"https:\/\/www.chespa.eu\/cs\/wp-json\/wp\/v2\/types\/page"}],"author":[{"embeddable":true,"href":"https:\/\/www.chespa.eu\/cs\/wp-json\/wp\/v2\/users\/6"}],"replies":[{"embeddable":true,"href":"https:\/\/www.chespa.eu\/cs\/wp-json\/wp\/v2\/comments?post=19488"}],"version-history":[{"count":0,"href":"https:\/\/www.chespa.eu\/cs\/wp-json\/wp\/v2\/pages\/19488\/revisions"}],"up":[{"embeddable":true,"href":"https:\/\/www.chespa.eu\/cs\/wp-json\/wp\/v2\/pages\/15630"}],"wp:attachment":[{"href":"https:\/\/www.chespa.eu\/cs\/wp-json\/wp\/v2\/media?parent=19488"}],"curies":[{"name":"wp","href":"https:\/\/api.w.org\/{rel}","templated":true}]}}