{"id":19294,"date":"2025-12-01T08:56:38","date_gmt":"2025-12-01T07:56:38","guid":{"rendered":"https:\/\/www.chespa.eu\/vyrobky\/sluzby\/innowacje\/plant-based-plastic-free\/"},"modified":"2026-02-10T12:16:08","modified_gmt":"2026-02-10T11:16:08","slug":"plant-based-plastic-free","status":"publish","type":"page","link":"https:\/\/www.chespa.eu\/cs\/vyrobky\/sluzby\/innowacje\/plant-based-plastic-free\/","title":{"rendered":"OBAL ROSTLINN\u00c9HO P\u016eVODU &#038; BEZ PLAST\u016e"},"content":{"rendered":"<p><a href=\"https:\/\/www.chespa.eu\/wp-content\/uploads\/2024\/05\/chocolate.png\" rel=\"lightbox[19294]\"><img loading=\"lazy\" decoding=\"async\" class=\"alignnone size-medium wp-image-17820\" src=\"https:\/\/www.chespa.eu\/wp-content\/uploads\/2024\/05\/chocolate-300x123.png\" alt=\"\" width=\"300\" height=\"123\" srcset=\"https:\/\/www.chespa.eu\/wp-content\/uploads\/2024\/05\/chocolate-300x123.png 300w, https:\/\/www.chespa.eu\/wp-content\/uploads\/2024\/05\/chocolate-1024x421.png 1024w, https:\/\/www.chespa.eu\/wp-content\/uploads\/2024\/05\/chocolate-768x315.png 768w, https:\/\/www.chespa.eu\/wp-content\/uploads\/2024\/05\/chocolate.png 1417w\" sizes=\"auto, (max-width: 300px) 100vw, 300px\" \/><\/a><\/p>\n<p><a href=\"https:\/\/www.chespa.eu\/wp-content\/uploads\/2024\/05\/choco-Eco-pack-Metallised-compostable-film.png\" rel=\"lightbox[19294]\"><img loading=\"lazy\" decoding=\"async\" class=\"alignnone size-medium wp-image-17930\" src=\"https:\/\/www.chespa.eu\/wp-content\/uploads\/2024\/05\/choco-Eco-pack-Metallised-compostable-film-265x300.png\" alt=\"\" width=\"265\" height=\"300\" srcset=\"https:\/\/www.chespa.eu\/wp-content\/uploads\/2024\/05\/choco-Eco-pack-Metallised-compostable-film-265x300.png 265w, https:\/\/www.chespa.eu\/wp-content\/uploads\/2024\/05\/choco-Eco-pack-Metallised-compostable-film-904x1024.png 904w, https:\/\/www.chespa.eu\/wp-content\/uploads\/2024\/05\/choco-Eco-pack-Metallised-compostable-film-768x870.png 768w, https:\/\/www.chespa.eu\/wp-content\/uploads\/2024\/05\/choco-Eco-pack-Metallised-compostable-film.png 1141w\" sizes=\"auto, (max-width: 265px) 100vw, 265px\" \/><\/a><\/p>\n<p>&nbsp;<\/p>\n<p>Celul\u00f3zov\u00fd obal vyroben\u00fd na b\u00e1zi kompostovateln\u00fdch surovin; materi\u00e1l i barvy.<\/p>\n<p>Celul\u00f3zov\u00e1 f\u00f3lie, metalizovan\u00e1 s vy\u0161\u0161\u00edmi bari\u00e9rov\u00fdmi vlastnostmi, byla poti\u0161t\u011bna vodou \u0159editeln\u00fdmi barvami \u0159ady <strong>FlexiBio<\/strong>, kter\u00e9 maj\u00ed certifik\u00e1t kompostovatelnosti.<\/p>\n<p>Podklad z celul\u00f3zov\u00e9 f\u00f3lie je materi\u00e1l z obnoviteln\u00fdch zdroj\u016f, a je ze spodn\u00ed strany nanesen sva\u0159iteln\u00fd lak, obal m\u00e1 barierov\u00e9 vlhkosti v\u016f\u010di plyn\u016fm a v\u016fn\u00edm, odolnost\u00ed v\u016f\u010di olej\u016fm a tuk\u016fm.<\/p>\n<p>Tiskov\u00e9 formy, pou\u017e\u00edvan\u00e9 k potisku celul\u00f3zy, maj\u00ed certifik\u00e1t Carbon Neutral a byly vyrobeny firmou Asahi Kasei technologi\u00ed vodou sm\u00fdvatelnou <strong>AWP\u2122-DEW<\/strong>, kter\u00e1 se vyzna\u010duje ni\u017e\u0161\u00edm negativn\u00edm dopadem na \u017eivotn\u00ed prost\u0159ed\u00ed.<\/p>\n<p>Pro celul\u00f3zov\u00fd obal hovo\u0159\u00ed ekologick\u00fd aspekt ve form\u011b sn\u00ed\u017een\u00ed uhl\u00edkov\u00e9 stopy tiskov\u00e9ho procesu ve srovn\u00e1n\u00ed s obalem vyroben\u00fdm konven\u010dn\u011b, tj. p\u0159i pou\u017eit\u00ed alkoholov\u00fdch barev a fotopolymerov\u00fdch \u0161to\u010dk\u016f sm\u00fdvateln\u00fdch rozpou\u0161t\u011bdlem.<\/p>\n<p>Pou\u017eit\u00ed na\u0161ich barev a fotopolymerov\u00fdch \u0161to\u010dk\u016f s certifik\u00e1tem Carbon Neutral p\u0159i v\u00fdrob\u011b obalu umo\u017enilo sn\u00ed\u017een\u00ed uhl\u00edkov\u00e9 stopy na\u0161eho obalu o <strong>12\u202f%<\/strong> oproti konven\u010dn\u00edmu obalu.<\/p>\n<p>&nbsp;<\/p>\n<p>&nbsp;<\/p>\n<p><a href=\"https:\/\/www.chespa.eu\/wp-content\/uploads\/2024\/05\/choco_3w.jpg\" rel=\"lightbox[19294]\"><img loading=\"lazy\" decoding=\"async\" class=\"alignnone size-medium wp-image-17827\" src=\"https:\/\/www.chespa.eu\/wp-content\/uploads\/2024\/05\/choco_3w-300x179.jpg\" alt=\"\" width=\"300\" height=\"179\" srcset=\"https:\/\/www.chespa.eu\/wp-content\/uploads\/2024\/05\/choco_3w-300x179.jpg 300w, https:\/\/www.chespa.eu\/wp-content\/uploads\/2024\/05\/choco_3w-1024x613.jpg 1024w, https:\/\/www.chespa.eu\/wp-content\/uploads\/2024\/05\/choco_3w-768x459.jpg 768w, https:\/\/www.chespa.eu\/wp-content\/uploads\/2024\/05\/choco_3w.jpg 1294w\" sizes=\"auto, (max-width: 300px) 100vw, 300px\" \/><\/a><\/p>\n<p><strong>Sch\u00e9ma vrstven\u00ed obalu (od vn\u011bj\u0161\u00ed vrstvy):<\/strong><\/p>\n<ol>\n<li>FlexiLack FX Protect \u2013 bari\u00e9rov\u00e1 vrstva laku odoln\u00e9ho proti vod\u011b a vodn\u00ed p\u00e1\u0159e<\/li>\n<li>FlexiBio \u2013 kompostovateln\u00e9 vodou \u0159editeln\u00e9 barvy<\/li>\n<li><strong>Metalizovan\u00e1 f\u00f3lie z obnoviteln\u00fdch zdroj\u016f, kompostovateln\u00e1, odoln\u00e1 proti teplu, s bari\u00e9rou proti vlhkosti, plyn\u016fm a v\u016fn\u00edm a odoln\u00e1 v\u016f\u010di olej\u016fm a tuk\u016fm.<\/strong><\/li>\n<\/ol>\n<p><em>\u00a0<\/em><\/p>\n<p><strong>V\u00fdhody obalu:<\/strong><\/p>\n<ul>\n<li>Eliminace v\u00edcevrstv\u00e9ho lamin\u00e1tu OPP \u2013 jeho n\u00e1hrada<\/li>\n<li>Sn\u00ed\u017een\u00ed negativn\u00edho vlivu na \u017eivotn\u00ed prost\u0159ed\u00ed<\/li>\n<li>Vodou \u0159editeln\u00e9 barvy<\/li>\n<li>Kompostovateln\u00e9 barvy a materi\u00e1l v podob\u011b celul\u00f3zov\u00e9 f\u00f3lie<\/li>\n<li>Pou\u017eit\u00ed vodou vym\u00fdvateln\u00fdch fotopolymerov\u00fdch desek<\/li>\n<li>Mo\u017enost zpracov\u00e1n\u00ed a recyklace odpad\u016f v\u00a0zem\u00edch s\u00a0n\u00edzk\u00fdm indexem recyklace odpad\u016f<\/li>\n<\/ul>\n<p>&nbsp;<\/p>\n<p><em>Pro anal\u00fdzu \u0161ir\u0161\u00edho spektra dopadu na \u017eivotn\u00ed prost\u0159ed\u00ed na\u0161eho obalu byla roz\u0161\u00ed\u0159ena studie o vliv toxikologick\u00fd na \u010dlov\u011bka a \u017eivotn\u00ed prost\u0159ed\u00ed. Z v\u00fdzkum\u016f vypl\u00fdv\u00e1, \u017ee celul\u00f3zov\u00fd obal vyroben\u00fd z certifikovan\u00fdch kompostovateln\u00fdch surovin sni\u017euje toxicitu oproti obalu z konven\u010dn\u00edch surovin o 11<\/em><em>\u202f<\/em><em>% v\u016f\u010di \u010dlov\u011bku, o 93<\/em><em>\u202f<\/em><em>% v\u016f\u010di ekotoxicit\u011b, o 25<\/em><em>\u202f<\/em><em>% v\u016f\u010di ekotoxicit\u011b mo\u0159sk\u00e9ho prost\u0159ed\u00ed a o 45<\/em><em>\u202f<\/em><em>% v\u016f\u010di ekotoxicit\u011b sladk\u00fdch vod.<\/em><\/p>\n<p><em>D\u00edky pou\u017eit\u00fdm surovin\u00e1m pro v\u00fdrobu obalu na \u010dokol\u00e1du jsme nejen sn\u00ed\u017eili uhl\u00edkovou stopu obalu, ale tak\u00e9 v\u00fdznamn\u011b ovlivnili sn\u00ed\u017een\u00ed toxicity v\u016f\u010di \u017eivotn\u00edmu prost\u0159ed\u00ed, zejm\u00e9na hydrosf\u00e9\u0159e a organism\u016fm v n\u00ed \u017eij\u00edc\u00edm. Redukce v\u00fdznamn\u00e9ho sklen\u00edkov\u00e9ho plynu CO<\/em><em>\u2082<\/em><em> a sn\u00ed\u017een\u00ed vlivu toxicity na \u017eivotn\u00ed prost\u0159ed\u00ed, omezen\u00ed eutrofizace a zten\u010den\u00ed ozonov\u00e9 vrstvy znamenaj\u00ed, \u017ee obal na \u010dokol\u00e1du m\u00e1 ni\u017e\u0161\u00ed negativn\u00ed dopad na \u017eivotn\u00ed prost\u0159ed\u00ed.<\/em><\/p>\n<p><em>Pou\u017eit\u00ed celul\u00f3zov\u00e9ho podkladu vhodn\u00e9ho k pr\u016fmyslov\u00e9mu i dom\u00e1c\u00edmu kompostov\u00e1n\u00ed otev\u00edr\u00e1 diskusi o zp\u016fsobu nakl\u00e1d\u00e1n\u00ed s odpady v regionech, kde recykla\u010dn\u00ed procesy t\u00e9m\u011b\u0159 neexistuj\u00ed. Podle na\u0161eho n\u00e1zoru jsou kompostovateln\u00e9 obaly ide\u00e1ln\u00edm \u0159e\u0161en\u00edm pro zpracov\u00e1n\u00ed a zne\u0161kodn\u011bn\u00ed odpad\u016f v africk\u00fdch zem\u00edch, kde je recyklace na ni\u017e\u0161\u00ed \u00farovni ne\u017e v zem\u00edch EU. Pr\u016fm\u011brn\u00e1 m\u00edra recyklace v zem\u00edch EU je 32,5<\/em><em>\u202f<\/em><em>%\u00b9, zat\u00edmco na africk\u00e9m kontinentu se recykluje pouze 4<\/em><em>\u202f<\/em><em>%\u00b2 odpad\u016f.<\/em><\/p>\n<p><a href=\"https:\/\/www.chespa.eu\/wp-content\/uploads\/2024\/05\/choco-Eco-pack.jpg\" rel=\"lightbox[19294]\"><img loading=\"lazy\" decoding=\"async\" class=\"alignnone size-medium wp-image-17936\" src=\"https:\/\/www.chespa.eu\/wp-content\/uploads\/2024\/05\/choco-Eco-pack-300x169.jpg\" alt=\"\" width=\"300\" height=\"169\" srcset=\"https:\/\/www.chespa.eu\/wp-content\/uploads\/2024\/05\/choco-Eco-pack-300x169.jpg 300w, https:\/\/www.chespa.eu\/wp-content\/uploads\/2024\/05\/choco-Eco-pack-1024x576.jpg 1024w, https:\/\/www.chespa.eu\/wp-content\/uploads\/2024\/05\/choco-Eco-pack-768x432.jpg 768w, https:\/\/www.chespa.eu\/wp-content\/uploads\/2024\/05\/choco-Eco-pack.jpg 1280w\" sizes=\"auto, (max-width: 300px) 100vw, 300px\" \/><\/a> \u00a0 <a href=\"https:\/\/www.chespa.eu\/wp-content\/uploads\/2024\/05\/choco-Eco-pack-Barrier-coating.jpg\" rel=\"lightbox[19294]\"><img loading=\"lazy\" decoding=\"async\" class=\"alignnone size-medium wp-image-17924\" src=\"https:\/\/www.chespa.eu\/wp-content\/uploads\/2024\/05\/choco-Eco-pack-Barrier-coating-300x169.jpg\" alt=\"\" width=\"300\" height=\"169\" srcset=\"https:\/\/www.chespa.eu\/wp-content\/uploads\/2024\/05\/choco-Eco-pack-Barrier-coating-300x169.jpg 300w, https:\/\/www.chespa.eu\/wp-content\/uploads\/2024\/05\/choco-Eco-pack-Barrier-coating-1024x576.jpg 1024w, https:\/\/www.chespa.eu\/wp-content\/uploads\/2024\/05\/choco-Eco-pack-Barrier-coating-768x432.jpg 768w, https:\/\/www.chespa.eu\/wp-content\/uploads\/2024\/05\/choco-Eco-pack-Barrier-coating.jpg 1280w\" sizes=\"auto, (max-width: 300px) 100vw, 300px\" \/><\/a><\/p>\n","protected":false},"excerpt":{"rendered":"<p>&nbsp; Celul\u00f3zov\u00fd obal vyroben\u00fd na b\u00e1zi kompostovateln\u00fdch surovin; materi\u00e1l i barvy. Celul\u00f3zov\u00e1 f\u00f3lie, metalizovan\u00e1 s vy\u0161\u0161\u00edmi bari\u00e9rov\u00fdmi vlastnostmi, byla poti\u0161t\u011bna vodou \u0159editeln\u00fdmi barvami \u0159ady FlexiBio, kter\u00e9 maj\u00ed certifik\u00e1t kompostovatelnosti. Podklad z celul\u00f3zov\u00e9 f\u00f3lie je materi\u00e1l z obnoviteln\u00fdch zdroj\u016f, a je ze spodn\u00ed strany nanesen sva\u0159iteln\u00fd lak, obal m\u00e1 barierov\u00e9 vlhkosti v\u016f\u010di plyn\u016fm a v\u016fn\u00edm, odolnost\u00ed [&hellip;]<\/p>\n","protected":false},"author":6,"featured_media":0,"parent":15178,"menu_order":0,"comment_status":"closed","ping_status":"closed","template":"","meta":{"_acf_changed":false,"footnotes":""},"class_list":["post-19294","page","type-page","status-publish","hentry"],"acf":[],"yoast_head":"<!-- This site is optimized with the Yoast SEO plugin v27.4 - https:\/\/yoast.com\/product\/yoast-seo-wordpress\/ -->\n<title>OBAL ROSTLINN\u00c9HO P\u016eVODU &amp; BEZ PLAST\u016e - Chespa - printing inks, clichees, cutting dies<\/title>\n<meta name=\"robots\" content=\"index, follow, max-snippet:-1, max-image-preview:large, max-video-preview:-1\" \/>\n<link rel=\"canonical\" href=\"https:\/\/www.chespa.eu\/cs\/vyrobky\/sluzby\/innowacje\/plant-based-plastic-free\/\" \/>\n<meta property=\"og:locale\" content=\"cs_CZ\" \/>\n<meta property=\"og:type\" content=\"article\" \/>\n<meta property=\"og:title\" content=\"OBAL ROSTLINN\u00c9HO P\u016eVODU &amp; BEZ PLAST\u016e - Chespa - printing inks, clichees, cutting dies\" \/>\n<meta property=\"og:description\" content=\"&nbsp; Celul\u00f3zov\u00fd obal vyroben\u00fd na b\u00e1zi kompostovateln\u00fdch surovin; materi\u00e1l i barvy. Celul\u00f3zov\u00e1 f\u00f3lie, metalizovan\u00e1 s vy\u0161\u0161\u00edmi bari\u00e9rov\u00fdmi vlastnostmi, byla poti\u0161t\u011bna vodou \u0159editeln\u00fdmi barvami \u0159ady FlexiBio, kter\u00e9 maj\u00ed certifik\u00e1t kompostovatelnosti. Podklad z celul\u00f3zov\u00e9 f\u00f3lie je materi\u00e1l z obnoviteln\u00fdch zdroj\u016f, a je ze spodn\u00ed strany nanesen sva\u0159iteln\u00fd lak, obal m\u00e1 barierov\u00e9 vlhkosti v\u016f\u010di plyn\u016fm a v\u016fn\u00edm, odolnost\u00ed [&hellip;]\" \/>\n<meta property=\"og:url\" content=\"https:\/\/www.chespa.eu\/cs\/vyrobky\/sluzby\/innowacje\/plant-based-plastic-free\/\" \/>\n<meta property=\"og:site_name\" content=\"Chespa - printing inks, clichees, cutting dies\" \/>\n<meta property=\"article:modified_time\" content=\"2026-02-10T11:16:08+00:00\" \/>\n<meta property=\"og:image\" content=\"https:\/\/www.chespa.eu\/wp-content\/uploads\/2024\/05\/chocolate.png\" \/>\n\t<meta property=\"og:image:width\" content=\"1417\" \/>\n\t<meta property=\"og:image:height\" content=\"582\" \/>\n\t<meta property=\"og:image:type\" content=\"image\/png\" \/>\n<meta name=\"twitter:card\" content=\"summary_large_image\" \/>\n<meta name=\"twitter:label1\" content=\"Est. reading time\" \/>\n\t<meta name=\"twitter:data1\" content=\"4 minutes\" \/>\n<script type=\"application\/ld+json\" class=\"yoast-schema-graph\">{\"@context\":\"https:\\\/\\\/schema.org\",\"@graph\":[{\"@type\":\"WebPage\",\"@id\":\"https:\\\/\\\/www.chespa.eu\\\/cs\\\/vyrobky\\\/sluzby\\\/innowacje\\\/plant-based-plastic-free\\\/\",\"url\":\"https:\\\/\\\/www.chespa.eu\\\/cs\\\/vyrobky\\\/sluzby\\\/innowacje\\\/plant-based-plastic-free\\\/\",\"name\":\"OBAL ROSTLINN\u00c9HO P\u016eVODU & BEZ PLAST\u016e - Chespa - printing inks, clichees, cutting dies\",\"isPartOf\":{\"@id\":\"https:\\\/\\\/www.chespa.eu\\\/#website\"},\"primaryImageOfPage\":{\"@id\":\"https:\\\/\\\/www.chespa.eu\\\/cs\\\/vyrobky\\\/sluzby\\\/innowacje\\\/plant-based-plastic-free\\\/#primaryimage\"},\"image\":{\"@id\":\"https:\\\/\\\/www.chespa.eu\\\/cs\\\/vyrobky\\\/sluzby\\\/innowacje\\\/plant-based-plastic-free\\\/#primaryimage\"},\"thumbnailUrl\":\"https:\\\/\\\/www.chespa.eu\\\/wp-content\\\/uploads\\\/2024\\\/05\\\/chocolate-300x123.png\",\"datePublished\":\"2025-12-01T07:56:38+00:00\",\"dateModified\":\"2026-02-10T11:16:08+00:00\",\"breadcrumb\":{\"@id\":\"https:\\\/\\\/www.chespa.eu\\\/cs\\\/vyrobky\\\/sluzby\\\/innowacje\\\/plant-based-plastic-free\\\/#breadcrumb\"},\"inLanguage\":\"cs-CZ\",\"potentialAction\":[{\"@type\":\"ReadAction\",\"target\":[\"https:\\\/\\\/www.chespa.eu\\\/cs\\\/vyrobky\\\/sluzby\\\/innowacje\\\/plant-based-plastic-free\\\/\"]}]},{\"@type\":\"ImageObject\",\"inLanguage\":\"cs-CZ\",\"@id\":\"https:\\\/\\\/www.chespa.eu\\\/cs\\\/vyrobky\\\/sluzby\\\/innowacje\\\/plant-based-plastic-free\\\/#primaryimage\",\"url\":\"https:\\\/\\\/www.chespa.eu\\\/wp-content\\\/uploads\\\/2024\\\/05\\\/chocolate-300x123.png\",\"contentUrl\":\"https:\\\/\\\/www.chespa.eu\\\/wp-content\\\/uploads\\\/2024\\\/05\\\/chocolate-300x123.png\"},{\"@type\":\"BreadcrumbList\",\"@id\":\"https:\\\/\\\/www.chespa.eu\\\/cs\\\/vyrobky\\\/sluzby\\\/innowacje\\\/plant-based-plastic-free\\\/#breadcrumb\",\"itemListElement\":[{\"@type\":\"ListItem\",\"position\":1,\"name\":\"Strona g\u0142\u00f3wna\",\"item\":\"https:\\\/\\\/www.chespa.eu\\\/\"},{\"@type\":\"ListItem\",\"position\":2,\"name\":\"V\u00fdrobky\",\"item\":\"https:\\\/\\\/www.chespa.eu\\\/produkty\\\/\"},{\"@type\":\"ListItem\",\"position\":3,\"name\":\"Slu\u017eby\",\"item\":\"https:\\\/\\\/www.chespa.eu\\\/produkty\\\/uslugi\\\/\"},{\"@type\":\"ListItem\",\"position\":4,\"name\":\"Innovations\",\"item\":\"https:\\\/\\\/www.chespa.eu\\\/cs\\\/vyrobky\\\/sluzby\\\/innowacje\\\/\"},{\"@type\":\"ListItem\",\"position\":5,\"name\":\"OBAL ROSTLINN\u00c9HO P\u016eVODU &#038; BEZ PLAST\u016e\"}]},{\"@type\":\"WebSite\",\"@id\":\"https:\\\/\\\/www.chespa.eu\\\/#website\",\"url\":\"https:\\\/\\\/www.chespa.eu\\\/\",\"name\":\"Chespa - printing inks, clichees, cutting dies\",\"description\":\"\",\"potentialAction\":[{\"@type\":\"SearchAction\",\"target\":{\"@type\":\"EntryPoint\",\"urlTemplate\":\"https:\\\/\\\/www.chespa.eu\\\/?s={search_term_string}\"},\"query-input\":{\"@type\":\"PropertyValueSpecification\",\"valueRequired\":true,\"valueName\":\"search_term_string\"}}],\"inLanguage\":\"cs-CZ\"}]}<\/script>\n<!-- \/ Yoast SEO plugin. -->","yoast_head_json":{"title":"OBAL ROSTLINN\u00c9HO P\u016eVODU & BEZ PLAST\u016e - Chespa - printing inks, clichees, cutting dies","robots":{"index":"index","follow":"follow","max-snippet":"max-snippet:-1","max-image-preview":"max-image-preview:large","max-video-preview":"max-video-preview:-1"},"canonical":"https:\/\/www.chespa.eu\/cs\/vyrobky\/sluzby\/innowacje\/plant-based-plastic-free\/","og_locale":"cs_CZ","og_type":"article","og_title":"OBAL ROSTLINN\u00c9HO P\u016eVODU & BEZ PLAST\u016e - Chespa - printing inks, clichees, cutting dies","og_description":"&nbsp; Celul\u00f3zov\u00fd obal vyroben\u00fd na b\u00e1zi kompostovateln\u00fdch surovin; materi\u00e1l i barvy. Celul\u00f3zov\u00e1 f\u00f3lie, metalizovan\u00e1 s vy\u0161\u0161\u00edmi bari\u00e9rov\u00fdmi vlastnostmi, byla poti\u0161t\u011bna vodou \u0159editeln\u00fdmi barvami \u0159ady FlexiBio, kter\u00e9 maj\u00ed certifik\u00e1t kompostovatelnosti. Podklad z celul\u00f3zov\u00e9 f\u00f3lie je materi\u00e1l z obnoviteln\u00fdch zdroj\u016f, a je ze spodn\u00ed strany nanesen sva\u0159iteln\u00fd lak, obal m\u00e1 barierov\u00e9 vlhkosti v\u016f\u010di plyn\u016fm a v\u016fn\u00edm, odolnost\u00ed [&hellip;]","og_url":"https:\/\/www.chespa.eu\/cs\/vyrobky\/sluzby\/innowacje\/plant-based-plastic-free\/","og_site_name":"Chespa - printing inks, clichees, cutting dies","article_modified_time":"2026-02-10T11:16:08+00:00","og_image":[{"width":1417,"height":582,"url":"https:\/\/www.chespa.eu\/wp-content\/uploads\/2024\/05\/chocolate.png","type":"image\/png"}],"twitter_card":"summary_large_image","twitter_misc":{"Est. reading time":"4 minutes"},"schema":{"@context":"https:\/\/schema.org","@graph":[{"@type":"WebPage","@id":"https:\/\/www.chespa.eu\/cs\/vyrobky\/sluzby\/innowacje\/plant-based-plastic-free\/","url":"https:\/\/www.chespa.eu\/cs\/vyrobky\/sluzby\/innowacje\/plant-based-plastic-free\/","name":"OBAL ROSTLINN\u00c9HO P\u016eVODU & BEZ PLAST\u016e - Chespa - printing inks, clichees, cutting dies","isPartOf":{"@id":"https:\/\/www.chespa.eu\/#website"},"primaryImageOfPage":{"@id":"https:\/\/www.chespa.eu\/cs\/vyrobky\/sluzby\/innowacje\/plant-based-plastic-free\/#primaryimage"},"image":{"@id":"https:\/\/www.chespa.eu\/cs\/vyrobky\/sluzby\/innowacje\/plant-based-plastic-free\/#primaryimage"},"thumbnailUrl":"https:\/\/www.chespa.eu\/wp-content\/uploads\/2024\/05\/chocolate-300x123.png","datePublished":"2025-12-01T07:56:38+00:00","dateModified":"2026-02-10T11:16:08+00:00","breadcrumb":{"@id":"https:\/\/www.chespa.eu\/cs\/vyrobky\/sluzby\/innowacje\/plant-based-plastic-free\/#breadcrumb"},"inLanguage":"cs-CZ","potentialAction":[{"@type":"ReadAction","target":["https:\/\/www.chespa.eu\/cs\/vyrobky\/sluzby\/innowacje\/plant-based-plastic-free\/"]}]},{"@type":"ImageObject","inLanguage":"cs-CZ","@id":"https:\/\/www.chespa.eu\/cs\/vyrobky\/sluzby\/innowacje\/plant-based-plastic-free\/#primaryimage","url":"https:\/\/www.chespa.eu\/wp-content\/uploads\/2024\/05\/chocolate-300x123.png","contentUrl":"https:\/\/www.chespa.eu\/wp-content\/uploads\/2024\/05\/chocolate-300x123.png"},{"@type":"BreadcrumbList","@id":"https:\/\/www.chespa.eu\/cs\/vyrobky\/sluzby\/innowacje\/plant-based-plastic-free\/#breadcrumb","itemListElement":[{"@type":"ListItem","position":1,"name":"Strona g\u0142\u00f3wna","item":"https:\/\/www.chespa.eu\/"},{"@type":"ListItem","position":2,"name":"V\u00fdrobky","item":"https:\/\/www.chespa.eu\/produkty\/"},{"@type":"ListItem","position":3,"name":"Slu\u017eby","item":"https:\/\/www.chespa.eu\/produkty\/uslugi\/"},{"@type":"ListItem","position":4,"name":"Innovations","item":"https:\/\/www.chespa.eu\/cs\/vyrobky\/sluzby\/innowacje\/"},{"@type":"ListItem","position":5,"name":"OBAL ROSTLINN\u00c9HO P\u016eVODU &#038; BEZ PLAST\u016e"}]},{"@type":"WebSite","@id":"https:\/\/www.chespa.eu\/#website","url":"https:\/\/www.chespa.eu\/","name":"Chespa - printing inks, clichees, cutting dies","description":"","potentialAction":[{"@type":"SearchAction","target":{"@type":"EntryPoint","urlTemplate":"https:\/\/www.chespa.eu\/?s={search_term_string}"},"query-input":{"@type":"PropertyValueSpecification","valueRequired":true,"valueName":"search_term_string"}}],"inLanguage":"cs-CZ"}]}},"_links":{"self":[{"href":"https:\/\/www.chespa.eu\/cs\/wp-json\/wp\/v2\/pages\/19294","targetHints":{"allow":["GET"]}}],"collection":[{"href":"https:\/\/www.chespa.eu\/cs\/wp-json\/wp\/v2\/pages"}],"about":[{"href":"https:\/\/www.chespa.eu\/cs\/wp-json\/wp\/v2\/types\/page"}],"author":[{"embeddable":true,"href":"https:\/\/www.chespa.eu\/cs\/wp-json\/wp\/v2\/users\/6"}],"replies":[{"embeddable":true,"href":"https:\/\/www.chespa.eu\/cs\/wp-json\/wp\/v2\/comments?post=19294"}],"version-history":[{"count":2,"href":"https:\/\/www.chespa.eu\/cs\/wp-json\/wp\/v2\/pages\/19294\/revisions"}],"predecessor-version":[{"id":19402,"href":"https:\/\/www.chespa.eu\/cs\/wp-json\/wp\/v2\/pages\/19294\/revisions\/19402"}],"up":[{"embeddable":true,"href":"https:\/\/www.chespa.eu\/cs\/wp-json\/wp\/v2\/pages\/15178"}],"wp:attachment":[{"href":"https:\/\/www.chespa.eu\/cs\/wp-json\/wp\/v2\/media?parent=19294"}],"curies":[{"name":"wp","href":"https:\/\/api.w.org\/{rel}","templated":true}]}}