{"id":19287,"date":"2025-12-01T08:52:43","date_gmt":"2025-12-01T07:52:43","guid":{"rendered":"https:\/\/www.chespa.eu\/vyrobky\/sluzby\/innowacje\/spice-up-your-print\/"},"modified":"2025-12-01T08:52:43","modified_gmt":"2025-12-01T07:52:43","slug":"spice-up-your-print","status":"publish","type":"page","link":"https:\/\/www.chespa.eu\/cs\/vyrobky\/sluzby\/innowacje\/spice-up-your-print\/","title":{"rendered":"Spice up your print!"},"content":{"rendered":"<p><a href=\"https:\/\/www.chespa.eu\/wp-content\/uploads\/2020\/12\/IndiaSpices_corr.png\" rel=\"lightbox[19287]\"><img loading=\"lazy\" decoding=\"async\" class=\"alignnone wp-image-14389\" src=\"https:\/\/www.chespa.eu\/wp-content\/uploads\/2020\/12\/IndiaSpices_corr.png\" alt=\"\" width=\"417\" height=\"361\" \/><\/a><\/p>\n<p><strong>&gt;&gt; Opakowanie India Spices \u2013 <\/strong>wyprodukowane dla Chespa<\/p>\n<p><strong>&gt;&gt; <\/strong>Autentyczne opakowanie \u2013 Sympozjum 2020<\/p>\n<p><strong>&gt;&gt; <\/strong>Poland, 12.2020<\/p>\n<p><strong>Do nadruku zosta\u0142y u\u017cyte produkty firmy CHESPA:<\/strong><\/p>\n<p><strong>farby najnowszej serii &#8220;Flexi Eco&#8221; wyprodukowane na bazie surowc\u00f3w odnawialnych, a tak\u017ce klisze fotopolimerowe wyprodukowane w technologii &#8220;Chespa Uni Corr&#8221;.<\/strong><\/p>\n<p><a href=\"https:\/\/www.chespa.eu\/wp-content\/uploads\/2020\/12\/flexi_eco.png\" rel=\"lightbox[19287]\"><img loading=\"lazy\" decoding=\"async\" class=\"alignnone size-full wp-image-14418\" src=\"https:\/\/www.chespa.eu\/wp-content\/uploads\/2020\/12\/flexi_eco.png\" alt=\"\" width=\"210\" height=\"57\" \/><\/a><\/p>\n<p><button class=\"btn btn-primary\" type=\"button\" data-toggle=\"collapse\" data-target=\"#collapseExample1\" aria-expanded=\"false\" aria-controls=\"collapseExample1\">Poka\u017c szczeg\u00f3\u0142y<\/button><\/p>\n<div id=\"collapseExample1\" class=\"collapse\">\n<div class=\"well\">\n<p><b>Klisze fotopolimerowe<\/b><b>:<\/b> <b>Chespa Uni Corr, <\/b><b><\/b><b>W grafice ukryto KOD &#8216;DIGIMARC&#8217;<\/b><b>Liniatura<\/b><b>:<\/b> <b>32 <\/b><b>lpc<\/b><\/p>\n<p><b><strong>Drukarnia: DAKO<\/strong><\/b><\/p>\n<p><b>Drukarka<\/b><b>:<\/b><b> Bobst Materflex HD<br \/>\n<\/b><\/p>\n<p><b>Farby<\/b><b>:<\/b> <strong>Chespa <\/strong><b>Flexi Eco<br \/>\n<\/b><\/p>\n<p>Flexi Eco Extreme White &#8211; anilox XL<br \/>\nFlexi Eco Cyan &#8211; anilox M<br \/>\nFlexi Eco Magenta &#8211; anilox M<br \/>\nFlexi Eco Yellow &#8211; anilox M<br \/>\nFlexi Eco PMS Brown &#8211; anilox L<br \/>\nFlexi Eco PMS Green &#8211; anilox L<\/p>\n<p><b><\/b><b>Pod\u0142o\u017ce<\/b>:\u00a0tekturowe niepowlekane, kwaft, fala E<\/p>\n<\/div>\n<\/div>\n","protected":false},"excerpt":{"rendered":"<p>&gt;&gt; Opakowanie India Spices \u2013 wyprodukowane dla Chespa &gt;&gt; Autentyczne opakowanie \u2013 Sympozjum 2020 &gt;&gt; Poland, 12.2020 Do nadruku zosta\u0142y u\u017cyte produkty firmy CHESPA: farby najnowszej serii &#8220;Flexi Eco&#8221; wyprodukowane na bazie surowc\u00f3w odnawialnych, a tak\u017ce klisze fotopolimerowe wyprodukowane w technologii &#8220;Chespa Uni Corr&#8221;. Poka\u017c szczeg\u00f3\u0142y Klisze fotopolimerowe: Chespa Uni Corr, W grafice ukryto KOD [&hellip;]<\/p>\n","protected":false},"author":6,"featured_media":0,"parent":15178,"menu_order":0,"comment_status":"closed","ping_status":"closed","template":"","meta":{"_acf_changed":false,"footnotes":""},"class_list":["post-19287","page","type-page","status-publish","hentry"],"acf":[],"yoast_head":"<!-- This site is optimized with the Yoast SEO plugin v27.4 - https:\/\/yoast.com\/product\/yoast-seo-wordpress\/ -->\n<title>Spice up your print! - Chespa - printing inks, clichees, cutting dies<\/title>\n<meta name=\"robots\" content=\"index, follow, max-snippet:-1, max-image-preview:large, max-video-preview:-1\" \/>\n<link rel=\"canonical\" href=\"https:\/\/www.chespa.eu\/vyrobky\/sluzby\/innowacje\/spice-up-your-print\/\" \/>\n<meta property=\"og:locale\" content=\"cs_CZ\" \/>\n<meta property=\"og:type\" content=\"article\" \/>\n<meta property=\"og:title\" content=\"Spice up your print! - Chespa - printing inks, clichees, cutting dies\" \/>\n<meta property=\"og:description\" content=\"&gt;&gt; Opakowanie India Spices \u2013 wyprodukowane dla Chespa &gt;&gt; Autentyczne opakowanie \u2013 Sympozjum 2020 &gt;&gt; Poland, 12.2020 Do nadruku zosta\u0142y u\u017cyte produkty firmy CHESPA: farby najnowszej serii &#8220;Flexi Eco&#8221; wyprodukowane na bazie surowc\u00f3w odnawialnych, a tak\u017ce klisze fotopolimerowe wyprodukowane w technologii &#8220;Chespa Uni Corr&#8221;. Poka\u017c szczeg\u00f3\u0142y Klisze fotopolimerowe: Chespa Uni Corr, W grafice ukryto KOD [&hellip;]\" \/>\n<meta property=\"og:url\" content=\"https:\/\/www.chespa.eu\/vyrobky\/sluzby\/innowacje\/spice-up-your-print\/\" \/>\n<meta property=\"og:site_name\" content=\"Chespa - printing inks, clichees, cutting dies\" \/>\n<meta property=\"og:image\" content=\"https:\/\/www.chespa.eu\/wp-content\/uploads\/2020\/12\/IndiaSpices_corr.png\" \/>\n\t<meta property=\"og:image:width\" content=\"850\" \/>\n\t<meta property=\"og:image:height\" content=\"735\" \/>\n\t<meta property=\"og:image:type\" content=\"image\/png\" \/>\n<meta name=\"twitter:card\" content=\"summary_large_image\" \/>\n<meta name=\"twitter:label1\" content=\"Est. reading time\" \/>\n\t<meta name=\"twitter:data1\" content=\"1 minute\" \/>\n<script type=\"application\/ld+json\" class=\"yoast-schema-graph\">{\"@context\":\"https:\\\/\\\/schema.org\",\"@graph\":[{\"@type\":\"WebPage\",\"@id\":\"https:\\\/\\\/www.chespa.eu\\\/vyrobky\\\/sluzby\\\/innowacje\\\/spice-up-your-print\\\/\",\"url\":\"https:\\\/\\\/www.chespa.eu\\\/vyrobky\\\/sluzby\\\/innowacje\\\/spice-up-your-print\\\/\",\"name\":\"Spice up your print! - Chespa - printing inks, clichees, cutting dies\",\"isPartOf\":{\"@id\":\"https:\\\/\\\/www.chespa.eu\\\/#website\"},\"primaryImageOfPage\":{\"@id\":\"https:\\\/\\\/www.chespa.eu\\\/vyrobky\\\/sluzby\\\/innowacje\\\/spice-up-your-print\\\/#primaryimage\"},\"image\":{\"@id\":\"https:\\\/\\\/www.chespa.eu\\\/vyrobky\\\/sluzby\\\/innowacje\\\/spice-up-your-print\\\/#primaryimage\"},\"thumbnailUrl\":\"https:\\\/\\\/www.chespa.eu\\\/wp-content\\\/uploads\\\/2020\\\/12\\\/IndiaSpices_corr.png\",\"datePublished\":\"2025-12-01T07:52:43+00:00\",\"breadcrumb\":{\"@id\":\"https:\\\/\\\/www.chespa.eu\\\/vyrobky\\\/sluzby\\\/innowacje\\\/spice-up-your-print\\\/#breadcrumb\"},\"inLanguage\":\"cs-CZ\",\"potentialAction\":[{\"@type\":\"ReadAction\",\"target\":[\"https:\\\/\\\/www.chespa.eu\\\/vyrobky\\\/sluzby\\\/innowacje\\\/spice-up-your-print\\\/\"]}]},{\"@type\":\"ImageObject\",\"inLanguage\":\"cs-CZ\",\"@id\":\"https:\\\/\\\/www.chespa.eu\\\/vyrobky\\\/sluzby\\\/innowacje\\\/spice-up-your-print\\\/#primaryimage\",\"url\":\"https:\\\/\\\/www.chespa.eu\\\/wp-content\\\/uploads\\\/2020\\\/12\\\/IndiaSpices_corr.png\",\"contentUrl\":\"https:\\\/\\\/www.chespa.eu\\\/wp-content\\\/uploads\\\/2020\\\/12\\\/IndiaSpices_corr.png\"},{\"@type\":\"BreadcrumbList\",\"@id\":\"https:\\\/\\\/www.chespa.eu\\\/vyrobky\\\/sluzby\\\/innowacje\\\/spice-up-your-print\\\/#breadcrumb\",\"itemListElement\":[{\"@type\":\"ListItem\",\"position\":1,\"name\":\"Strona g\u0142\u00f3wna\",\"item\":\"https:\\\/\\\/www.chespa.eu\\\/\"},{\"@type\":\"ListItem\",\"position\":2,\"name\":\"V\u00fdrobky\",\"item\":\"https:\\\/\\\/www.chespa.eu\\\/produkty\\\/\"},{\"@type\":\"ListItem\",\"position\":3,\"name\":\"Slu\u017eby\",\"item\":\"https:\\\/\\\/www.chespa.eu\\\/produkty\\\/uslugi\\\/\"},{\"@type\":\"ListItem\",\"position\":4,\"name\":\"Innovations\",\"item\":\"https:\\\/\\\/www.chespa.eu\\\/cs\\\/vyrobky\\\/sluzby\\\/innowacje\\\/\"},{\"@type\":\"ListItem\",\"position\":5,\"name\":\"Spice up your print!\"}]},{\"@type\":\"WebSite\",\"@id\":\"https:\\\/\\\/www.chespa.eu\\\/#website\",\"url\":\"https:\\\/\\\/www.chespa.eu\\\/\",\"name\":\"Chespa - printing inks, clichees, cutting dies\",\"description\":\"\",\"potentialAction\":[{\"@type\":\"SearchAction\",\"target\":{\"@type\":\"EntryPoint\",\"urlTemplate\":\"https:\\\/\\\/www.chespa.eu\\\/?s={search_term_string}\"},\"query-input\":{\"@type\":\"PropertyValueSpecification\",\"valueRequired\":true,\"valueName\":\"search_term_string\"}}],\"inLanguage\":\"cs-CZ\"}]}<\/script>\n<!-- \/ Yoast SEO plugin. -->","yoast_head_json":{"title":"Spice up your print! - Chespa - printing inks, clichees, cutting dies","robots":{"index":"index","follow":"follow","max-snippet":"max-snippet:-1","max-image-preview":"max-image-preview:large","max-video-preview":"max-video-preview:-1"},"canonical":"https:\/\/www.chespa.eu\/vyrobky\/sluzby\/innowacje\/spice-up-your-print\/","og_locale":"cs_CZ","og_type":"article","og_title":"Spice up your print! - Chespa - printing inks, clichees, cutting dies","og_description":"&gt;&gt; Opakowanie India Spices \u2013 wyprodukowane dla Chespa &gt;&gt; Autentyczne opakowanie \u2013 Sympozjum 2020 &gt;&gt; Poland, 12.2020 Do nadruku zosta\u0142y u\u017cyte produkty firmy CHESPA: farby najnowszej serii &#8220;Flexi Eco&#8221; wyprodukowane na bazie surowc\u00f3w odnawialnych, a tak\u017ce klisze fotopolimerowe wyprodukowane w technologii &#8220;Chespa Uni Corr&#8221;. Poka\u017c szczeg\u00f3\u0142y Klisze fotopolimerowe: Chespa Uni Corr, W grafice ukryto KOD [&hellip;]","og_url":"https:\/\/www.chespa.eu\/vyrobky\/sluzby\/innowacje\/spice-up-your-print\/","og_site_name":"Chespa - printing inks, clichees, cutting dies","og_image":[{"width":850,"height":735,"url":"https:\/\/www.chespa.eu\/wp-content\/uploads\/2020\/12\/IndiaSpices_corr.png","type":"image\/png"}],"twitter_card":"summary_large_image","twitter_misc":{"Est. reading time":"1 minute"},"schema":{"@context":"https:\/\/schema.org","@graph":[{"@type":"WebPage","@id":"https:\/\/www.chespa.eu\/vyrobky\/sluzby\/innowacje\/spice-up-your-print\/","url":"https:\/\/www.chespa.eu\/vyrobky\/sluzby\/innowacje\/spice-up-your-print\/","name":"Spice up your print! - Chespa - printing inks, clichees, cutting dies","isPartOf":{"@id":"https:\/\/www.chespa.eu\/#website"},"primaryImageOfPage":{"@id":"https:\/\/www.chespa.eu\/vyrobky\/sluzby\/innowacje\/spice-up-your-print\/#primaryimage"},"image":{"@id":"https:\/\/www.chespa.eu\/vyrobky\/sluzby\/innowacje\/spice-up-your-print\/#primaryimage"},"thumbnailUrl":"https:\/\/www.chespa.eu\/wp-content\/uploads\/2020\/12\/IndiaSpices_corr.png","datePublished":"2025-12-01T07:52:43+00:00","breadcrumb":{"@id":"https:\/\/www.chespa.eu\/vyrobky\/sluzby\/innowacje\/spice-up-your-print\/#breadcrumb"},"inLanguage":"cs-CZ","potentialAction":[{"@type":"ReadAction","target":["https:\/\/www.chespa.eu\/vyrobky\/sluzby\/innowacje\/spice-up-your-print\/"]}]},{"@type":"ImageObject","inLanguage":"cs-CZ","@id":"https:\/\/www.chespa.eu\/vyrobky\/sluzby\/innowacje\/spice-up-your-print\/#primaryimage","url":"https:\/\/www.chespa.eu\/wp-content\/uploads\/2020\/12\/IndiaSpices_corr.png","contentUrl":"https:\/\/www.chespa.eu\/wp-content\/uploads\/2020\/12\/IndiaSpices_corr.png"},{"@type":"BreadcrumbList","@id":"https:\/\/www.chespa.eu\/vyrobky\/sluzby\/innowacje\/spice-up-your-print\/#breadcrumb","itemListElement":[{"@type":"ListItem","position":1,"name":"Strona g\u0142\u00f3wna","item":"https:\/\/www.chespa.eu\/"},{"@type":"ListItem","position":2,"name":"V\u00fdrobky","item":"https:\/\/www.chespa.eu\/produkty\/"},{"@type":"ListItem","position":3,"name":"Slu\u017eby","item":"https:\/\/www.chespa.eu\/produkty\/uslugi\/"},{"@type":"ListItem","position":4,"name":"Innovations","item":"https:\/\/www.chespa.eu\/cs\/vyrobky\/sluzby\/innowacje\/"},{"@type":"ListItem","position":5,"name":"Spice up your print!"}]},{"@type":"WebSite","@id":"https:\/\/www.chespa.eu\/#website","url":"https:\/\/www.chespa.eu\/","name":"Chespa - printing inks, clichees, cutting dies","description":"","potentialAction":[{"@type":"SearchAction","target":{"@type":"EntryPoint","urlTemplate":"https:\/\/www.chespa.eu\/?s={search_term_string}"},"query-input":{"@type":"PropertyValueSpecification","valueRequired":true,"valueName":"search_term_string"}}],"inLanguage":"cs-CZ"}]}},"_links":{"self":[{"href":"https:\/\/www.chespa.eu\/cs\/wp-json\/wp\/v2\/pages\/19287","targetHints":{"allow":["GET"]}}],"collection":[{"href":"https:\/\/www.chespa.eu\/cs\/wp-json\/wp\/v2\/pages"}],"about":[{"href":"https:\/\/www.chespa.eu\/cs\/wp-json\/wp\/v2\/types\/page"}],"author":[{"embeddable":true,"href":"https:\/\/www.chespa.eu\/cs\/wp-json\/wp\/v2\/users\/6"}],"replies":[{"embeddable":true,"href":"https:\/\/www.chespa.eu\/cs\/wp-json\/wp\/v2\/comments?post=19287"}],"version-history":[{"count":0,"href":"https:\/\/www.chespa.eu\/cs\/wp-json\/wp\/v2\/pages\/19287\/revisions"}],"up":[{"embeddable":true,"href":"https:\/\/www.chespa.eu\/cs\/wp-json\/wp\/v2\/pages\/15178"}],"wp:attachment":[{"href":"https:\/\/www.chespa.eu\/cs\/wp-json\/wp\/v2\/media?parent=19287"}],"curies":[{"name":"wp","href":"https:\/\/api.w.org\/{rel}","templated":true}]}}