{"id":18795,"date":"2025-09-12T13:24:29","date_gmt":"2025-09-12T11:24:29","guid":{"rendered":"https:\/\/www.chespa.eu\/vyrobky\/chespa-repro-studio\/"},"modified":"2025-09-12T13:24:29","modified_gmt":"2025-09-12T11:24:29","slug":"chespa-repro-studio","status":"publish","type":"page","link":"https:\/\/www.chespa.eu\/cs\/vyrobky\/chespa-repro-studio\/","title":{"rendered":"Chespa Repro Studio"},"content":{"rendered":"<ul>\n<li><a href=\"https:\/\/www.chespa.eu\/cs\/crs\/\">Chespa Repro Studio<\/a><\/li>\n<li><a href=\"https:\/\/www.chespa.eu\/cs\/pliki-cyfrowe-informacje\/\">Pravidla pro zpracov\u00e1n\u00ed grafick\u00fdch dat<\/a><\/li>\n<li><a href=\"https:\/\/www.chespa.eu\/cs\/model-3d\/\">Modele 3D<\/a><\/li>\n<li><a href=\"https:\/\/www.chespa.eu\/cs\/system-of-proofing-on-target-substrate\/\">System of proofing on target substrate<\/a><\/li>\n<\/ul>\n","protected":false},"excerpt":{"rendered":"<p>Chespa Repro Studio Pravidla pro zpracov\u00e1n\u00ed grafick\u00fdch dat Modele 3D System of proofing on target substrate<\/p>\n","protected":false},"author":6,"featured_media":0,"parent":14947,"menu_order":0,"comment_status":"closed","ping_status":"closed","template":"page-template-products-list-small.php","meta":{"_acf_changed":false,"footnotes":""},"class_list":["post-18795","page","type-page","status-publish","hentry"],"acf":[],"yoast_head":"<!-- This site is optimized with the Yoast SEO plugin v27.3 - https:\/\/yoast.com\/product\/yoast-seo-wordpress\/ -->\n<title>Chespa Repro Studio - Chespa - printing inks, clichees, cutting dies<\/title>\n<meta name=\"robots\" content=\"index, follow, max-snippet:-1, max-image-preview:large, max-video-preview:-1\" \/>\n<link rel=\"canonical\" href=\"https:\/\/www.chespa.eu\/produkty\/chespa-repro-studio\/\" \/>\n<meta property=\"og:locale\" content=\"cs_CZ\" \/>\n<meta property=\"og:type\" content=\"article\" \/>\n<meta property=\"og:title\" content=\"Chespa Repro Studio - Chespa - printing inks, clichees, cutting dies\" \/>\n<meta property=\"og:description\" content=\"Chespa Repro Studio Pravidla pro zpracov\u00e1n\u00ed grafick\u00fdch dat Modele 3D System of proofing on target substrate\" \/>\n<meta property=\"og:url\" content=\"https:\/\/www.chespa.eu\/produkty\/chespa-repro-studio\/\" \/>\n<meta property=\"og:site_name\" content=\"Chespa - printing inks, clichees, cutting dies\" \/>\n<meta name=\"twitter:card\" content=\"summary_large_image\" \/>\n<script type=\"application\/ld+json\" class=\"yoast-schema-graph\">{\"@context\":\"https:\\\/\\\/schema.org\",\"@graph\":[{\"@type\":\"WebPage\",\"@id\":\"https:\\\/\\\/www.chespa.eu\\\/produkty\\\/chespa-repro-studio\\\/\",\"url\":\"https:\\\/\\\/www.chespa.eu\\\/produkty\\\/chespa-repro-studio\\\/\",\"name\":\"Chespa Repro Studio - Chespa - printing inks, clichees, cutting dies\",\"isPartOf\":{\"@id\":\"https:\\\/\\\/www.chespa.eu\\\/#website\"},\"datePublished\":\"2025-09-12T11:24:29+00:00\",\"breadcrumb\":{\"@id\":\"https:\\\/\\\/www.chespa.eu\\\/produkty\\\/chespa-repro-studio\\\/#breadcrumb\"},\"inLanguage\":\"cs-CZ\",\"potentialAction\":[{\"@type\":\"ReadAction\",\"target\":[\"https:\\\/\\\/www.chespa.eu\\\/produkty\\\/chespa-repro-studio\\\/\"]}]},{\"@type\":\"BreadcrumbList\",\"@id\":\"https:\\\/\\\/www.chespa.eu\\\/produkty\\\/chespa-repro-studio\\\/#breadcrumb\",\"itemListElement\":[{\"@type\":\"ListItem\",\"position\":1,\"name\":\"Strona g\u0142\u00f3wna\",\"item\":\"https:\\\/\\\/www.chespa.eu\\\/\"},{\"@type\":\"ListItem\",\"position\":2,\"name\":\"V\u00fdrobky\",\"item\":\"https:\\\/\\\/www.chespa.eu\\\/produkty\\\/\"},{\"@type\":\"ListItem\",\"position\":3,\"name\":\"Chespa Repro Studio\"}]},{\"@type\":\"WebSite\",\"@id\":\"https:\\\/\\\/www.chespa.eu\\\/#website\",\"url\":\"https:\\\/\\\/www.chespa.eu\\\/\",\"name\":\"Chespa - printing inks, clichees, cutting dies\",\"description\":\"\",\"potentialAction\":[{\"@type\":\"SearchAction\",\"target\":{\"@type\":\"EntryPoint\",\"urlTemplate\":\"https:\\\/\\\/www.chespa.eu\\\/?s={search_term_string}\"},\"query-input\":{\"@type\":\"PropertyValueSpecification\",\"valueRequired\":true,\"valueName\":\"search_term_string\"}}],\"inLanguage\":\"cs-CZ\"}]}<\/script>\n<!-- \/ Yoast SEO plugin. -->","yoast_head_json":{"title":"Chespa Repro Studio - Chespa - printing inks, clichees, cutting dies","robots":{"index":"index","follow":"follow","max-snippet":"max-snippet:-1","max-image-preview":"max-image-preview:large","max-video-preview":"max-video-preview:-1"},"canonical":"https:\/\/www.chespa.eu\/produkty\/chespa-repro-studio\/","og_locale":"cs_CZ","og_type":"article","og_title":"Chespa Repro Studio - Chespa - printing inks, clichees, cutting dies","og_description":"Chespa Repro Studio Pravidla pro zpracov\u00e1n\u00ed grafick\u00fdch dat Modele 3D System of proofing on target substrate","og_url":"https:\/\/www.chespa.eu\/produkty\/chespa-repro-studio\/","og_site_name":"Chespa - printing inks, clichees, cutting dies","twitter_card":"summary_large_image","schema":{"@context":"https:\/\/schema.org","@graph":[{"@type":"WebPage","@id":"https:\/\/www.chespa.eu\/produkty\/chespa-repro-studio\/","url":"https:\/\/www.chespa.eu\/produkty\/chespa-repro-studio\/","name":"Chespa Repro Studio - Chespa - printing inks, clichees, cutting dies","isPartOf":{"@id":"https:\/\/www.chespa.eu\/#website"},"datePublished":"2025-09-12T11:24:29+00:00","breadcrumb":{"@id":"https:\/\/www.chespa.eu\/produkty\/chespa-repro-studio\/#breadcrumb"},"inLanguage":"cs-CZ","potentialAction":[{"@type":"ReadAction","target":["https:\/\/www.chespa.eu\/produkty\/chespa-repro-studio\/"]}]},{"@type":"BreadcrumbList","@id":"https:\/\/www.chespa.eu\/produkty\/chespa-repro-studio\/#breadcrumb","itemListElement":[{"@type":"ListItem","position":1,"name":"Strona g\u0142\u00f3wna","item":"https:\/\/www.chespa.eu\/"},{"@type":"ListItem","position":2,"name":"V\u00fdrobky","item":"https:\/\/www.chespa.eu\/produkty\/"},{"@type":"ListItem","position":3,"name":"Chespa Repro Studio"}]},{"@type":"WebSite","@id":"https:\/\/www.chespa.eu\/#website","url":"https:\/\/www.chespa.eu\/","name":"Chespa - printing inks, clichees, cutting dies","description":"","potentialAction":[{"@type":"SearchAction","target":{"@type":"EntryPoint","urlTemplate":"https:\/\/www.chespa.eu\/?s={search_term_string}"},"query-input":{"@type":"PropertyValueSpecification","valueRequired":true,"valueName":"search_term_string"}}],"inLanguage":"cs-CZ"}]}},"_links":{"self":[{"href":"https:\/\/www.chespa.eu\/cs\/wp-json\/wp\/v2\/pages\/18795","targetHints":{"allow":["GET"]}}],"collection":[{"href":"https:\/\/www.chespa.eu\/cs\/wp-json\/wp\/v2\/pages"}],"about":[{"href":"https:\/\/www.chespa.eu\/cs\/wp-json\/wp\/v2\/types\/page"}],"author":[{"embeddable":true,"href":"https:\/\/www.chespa.eu\/cs\/wp-json\/wp\/v2\/users\/6"}],"replies":[{"embeddable":true,"href":"https:\/\/www.chespa.eu\/cs\/wp-json\/wp\/v2\/comments?post=18795"}],"version-history":[{"count":0,"href":"https:\/\/www.chespa.eu\/cs\/wp-json\/wp\/v2\/pages\/18795\/revisions"}],"up":[{"embeddable":true,"href":"https:\/\/www.chespa.eu\/cs\/wp-json\/wp\/v2\/pages\/14947"}],"wp:attachment":[{"href":"https:\/\/www.chespa.eu\/cs\/wp-json\/wp\/v2\/media?parent=18795"}],"curies":[{"name":"wp","href":"https:\/\/api.w.org\/{rel}","templated":true}]}}