{"id":18794,"date":"2025-09-12T13:23:12","date_gmt":"2025-09-12T11:23:12","guid":{"rendered":"https:\/\/www.chespa.eu\/vyrobky\/fotopolymerove-stocky\/"},"modified":"2025-09-12T14:00:48","modified_gmt":"2025-09-12T12:00:48","slug":"fotopolymerove-stocky","status":"publish","type":"page","link":"https:\/\/www.chespa.eu\/cs\/vyrobky\/fotopolymerove-stocky\/","title":{"rendered":"Fotopolymerov\u00e9 \u0161to\u010dky"},"content":{"rendered":"<ul>\n<li><a href=\"https:\/\/www.chespa.eu\/cs\/vyrobky\/fotopolymerove-stocky\/vlnita-lepenka\/\">Vlnit\u00e1 lepenka<\/a><\/li>\n<li><a href=\"https:\/\/www.chespa.eu\/cs\/vyrobky\/fotopolymerove-stocky\/elasticke-obaly\/\">Elastick\u00e9 obaly<\/a><\/li>\n<li><a href=\"https:\/\/www.chespa.eu\/cs\/vyrobky\/fotopolymerove-stocky\/sleevy-inround\/\">Sleevy InRound<\/a><\/li>\n<li><a href=\"https:\/\/www.chespa.eu\/cs\/vyrobky\/fotopolymerove-stocky\/specialni-fotopolymery\/\">Speci\u00e1ln\u00ed fotopolymery<\/a><\/li>\n<li><a href=\"https:\/\/www.chespa.eu\/cs\/vyrobky\/fotopolymerove-stocky\/cdc\/\">CDC \u2013 Komunika\u010dn\u00ed syst\u00e9m pro z\u00e1kazn\u00edky<\/a><\/li>\n<li><a href=\"https:\/\/www.chespa.eu\/cs\/vyrobky\/fotopolymerove-stocky\/profile-maszyn-drukarskich\/\">Barevn\u00fd profil tiska\u0159sk\u00e9ho stroje<\/a><\/li>\n<li><a href=\"https:\/\/www.chespa.eu\/cs\/vyrobky\/fotopolymerove-stocky\/ctecka-carovych-kodu\/\">\u010cte\u010dka \u010d\u00e1rov\u00fdch k\u00f3d\u016f<\/a><\/li>\n<li><a href=\"https:\/\/www.chespa.eu\/cs\/vyrobky\/chespa-repro-studio\/pliki-cyfrowe-informacje\/\">Pravidla pro zpracov\u00e1n\u00ed grafick\u00fdch dat<\/a><\/li>\n<li><a href=\"https:\/\/www.chespa.eu\/cs\/vyrobky\/fotopolymerove-stocky\/technologia-plaskiego-punktu\/\">Technologie ploch\u00e9ho flexobodu<\/a><\/li>\n<li><a href=\"https:\/\/www.chespa.eu\/cs\/linia-produkcyjna-cyrel-3000\/\">Produk\u010dn\u00ed linky<\/a><\/li>\n<li><a href=\"https:\/\/www.chespa.eu\/cs\/vyrobky\/fotopolymerove-stocky\/technologia-crystal\/\">Crystal Technology<\/a><\/li>\n<\/ul>\n","protected":false},"excerpt":{"rendered":"<p>Vlnit\u00e1 lepenka Elastick\u00e9 obaly Sleevy InRound Speci\u00e1ln\u00ed fotopolymery CDC \u2013 Komunika\u010dn\u00ed syst\u00e9m pro z\u00e1kazn\u00edky Barevn\u00fd profil tiska\u0159sk\u00e9ho stroje \u010cte\u010dka \u010d\u00e1rov\u00fdch k\u00f3d\u016f Pravidla pro zpracov\u00e1n\u00ed grafick\u00fdch dat Technologie ploch\u00e9ho flexobodu Produk\u010dn\u00ed linky Crystal Technology<\/p>\n","protected":false},"author":6,"featured_media":0,"parent":14947,"menu_order":0,"comment_status":"closed","ping_status":"closed","template":"page-template-products-list-small.php","meta":{"_acf_changed":false,"footnotes":""},"class_list":["post-18794","page","type-page","status-publish","hentry"],"acf":[],"yoast_head":"<!-- This site is optimized with the Yoast SEO plugin v27.3 - https:\/\/yoast.com\/product\/yoast-seo-wordpress\/ -->\n<title>Fotopolymerov\u00e9 \u0161to\u010dky - Chespa - printing inks, clichees, cutting dies<\/title>\n<meta name=\"robots\" content=\"index, follow, max-snippet:-1, max-image-preview:large, max-video-preview:-1\" \/>\n<link rel=\"canonical\" href=\"https:\/\/www.chespa.eu\/produkty\/formy-drukowe\/\" \/>\n<meta property=\"og:locale\" content=\"cs_CZ\" \/>\n<meta property=\"og:type\" content=\"article\" \/>\n<meta property=\"og:title\" content=\"Fotopolymerov\u00e9 \u0161to\u010dky - Chespa - printing inks, clichees, cutting dies\" \/>\n<meta property=\"og:description\" content=\"Vlnit\u00e1 lepenka Elastick\u00e9 obaly Sleevy InRound Speci\u00e1ln\u00ed fotopolymery CDC \u2013 Komunika\u010dn\u00ed syst\u00e9m pro z\u00e1kazn\u00edky Barevn\u00fd profil tiska\u0159sk\u00e9ho stroje \u010cte\u010dka \u010d\u00e1rov\u00fdch k\u00f3d\u016f Pravidla pro zpracov\u00e1n\u00ed grafick\u00fdch dat Technologie ploch\u00e9ho flexobodu Produk\u010dn\u00ed linky Crystal Technology\" \/>\n<meta property=\"og:url\" content=\"https:\/\/www.chespa.eu\/produkty\/formy-drukowe\/\" \/>\n<meta property=\"og:site_name\" content=\"Chespa - printing inks, clichees, cutting dies\" \/>\n<meta property=\"article:modified_time\" content=\"2025-09-12T12:00:48+00:00\" \/>\n<meta name=\"twitter:card\" content=\"summary_large_image\" \/>\n<script type=\"application\/ld+json\" class=\"yoast-schema-graph\">{\"@context\":\"https:\\\/\\\/schema.org\",\"@graph\":[{\"@type\":\"WebPage\",\"@id\":\"https:\\\/\\\/www.chespa.eu\\\/produkty\\\/formy-drukowe\\\/\",\"url\":\"https:\\\/\\\/www.chespa.eu\\\/produkty\\\/formy-drukowe\\\/\",\"name\":\"Fotopolymerov\u00e9 \u0161to\u010dky - Chespa - printing inks, clichees, cutting dies\",\"isPartOf\":{\"@id\":\"https:\\\/\\\/www.chespa.eu\\\/#website\"},\"datePublished\":\"2025-09-12T11:23:12+00:00\",\"dateModified\":\"2025-09-12T12:00:48+00:00\",\"breadcrumb\":{\"@id\":\"https:\\\/\\\/www.chespa.eu\\\/produkty\\\/formy-drukowe\\\/#breadcrumb\"},\"inLanguage\":\"cs-CZ\",\"potentialAction\":[{\"@type\":\"ReadAction\",\"target\":[\"https:\\\/\\\/www.chespa.eu\\\/produkty\\\/formy-drukowe\\\/\"]}]},{\"@type\":\"BreadcrumbList\",\"@id\":\"https:\\\/\\\/www.chespa.eu\\\/produkty\\\/formy-drukowe\\\/#breadcrumb\",\"itemListElement\":[{\"@type\":\"ListItem\",\"position\":1,\"name\":\"Strona g\u0142\u00f3wna\",\"item\":\"https:\\\/\\\/www.chespa.eu\\\/\"},{\"@type\":\"ListItem\",\"position\":2,\"name\":\"V\u00fdrobky\",\"item\":\"https:\\\/\\\/www.chespa.eu\\\/produkty\\\/\"},{\"@type\":\"ListItem\",\"position\":3,\"name\":\"Fotopolymerov\u00e9 \u0161to\u010dky\"}]},{\"@type\":\"WebSite\",\"@id\":\"https:\\\/\\\/www.chespa.eu\\\/#website\",\"url\":\"https:\\\/\\\/www.chespa.eu\\\/\",\"name\":\"Chespa - printing inks, clichees, cutting dies\",\"description\":\"\",\"potentialAction\":[{\"@type\":\"SearchAction\",\"target\":{\"@type\":\"EntryPoint\",\"urlTemplate\":\"https:\\\/\\\/www.chespa.eu\\\/?s={search_term_string}\"},\"query-input\":{\"@type\":\"PropertyValueSpecification\",\"valueRequired\":true,\"valueName\":\"search_term_string\"}}],\"inLanguage\":\"cs-CZ\"}]}<\/script>\n<!-- \/ Yoast SEO plugin. -->","yoast_head_json":{"title":"Fotopolymerov\u00e9 \u0161to\u010dky - Chespa - printing inks, clichees, cutting dies","robots":{"index":"index","follow":"follow","max-snippet":"max-snippet:-1","max-image-preview":"max-image-preview:large","max-video-preview":"max-video-preview:-1"},"canonical":"https:\/\/www.chespa.eu\/produkty\/formy-drukowe\/","og_locale":"cs_CZ","og_type":"article","og_title":"Fotopolymerov\u00e9 \u0161to\u010dky - Chespa - printing inks, clichees, cutting dies","og_description":"Vlnit\u00e1 lepenka Elastick\u00e9 obaly Sleevy InRound Speci\u00e1ln\u00ed fotopolymery CDC \u2013 Komunika\u010dn\u00ed syst\u00e9m pro z\u00e1kazn\u00edky Barevn\u00fd profil tiska\u0159sk\u00e9ho stroje \u010cte\u010dka \u010d\u00e1rov\u00fdch k\u00f3d\u016f Pravidla pro zpracov\u00e1n\u00ed grafick\u00fdch dat Technologie ploch\u00e9ho flexobodu Produk\u010dn\u00ed linky Crystal Technology","og_url":"https:\/\/www.chespa.eu\/produkty\/formy-drukowe\/","og_site_name":"Chespa - printing inks, clichees, cutting dies","article_modified_time":"2025-09-12T12:00:48+00:00","twitter_card":"summary_large_image","schema":{"@context":"https:\/\/schema.org","@graph":[{"@type":"WebPage","@id":"https:\/\/www.chespa.eu\/produkty\/formy-drukowe\/","url":"https:\/\/www.chespa.eu\/produkty\/formy-drukowe\/","name":"Fotopolymerov\u00e9 \u0161to\u010dky - Chespa - printing inks, clichees, cutting dies","isPartOf":{"@id":"https:\/\/www.chespa.eu\/#website"},"datePublished":"2025-09-12T11:23:12+00:00","dateModified":"2025-09-12T12:00:48+00:00","breadcrumb":{"@id":"https:\/\/www.chespa.eu\/produkty\/formy-drukowe\/#breadcrumb"},"inLanguage":"cs-CZ","potentialAction":[{"@type":"ReadAction","target":["https:\/\/www.chespa.eu\/produkty\/formy-drukowe\/"]}]},{"@type":"BreadcrumbList","@id":"https:\/\/www.chespa.eu\/produkty\/formy-drukowe\/#breadcrumb","itemListElement":[{"@type":"ListItem","position":1,"name":"Strona g\u0142\u00f3wna","item":"https:\/\/www.chespa.eu\/"},{"@type":"ListItem","position":2,"name":"V\u00fdrobky","item":"https:\/\/www.chespa.eu\/produkty\/"},{"@type":"ListItem","position":3,"name":"Fotopolymerov\u00e9 \u0161to\u010dky"}]},{"@type":"WebSite","@id":"https:\/\/www.chespa.eu\/#website","url":"https:\/\/www.chespa.eu\/","name":"Chespa - printing inks, clichees, cutting dies","description":"","potentialAction":[{"@type":"SearchAction","target":{"@type":"EntryPoint","urlTemplate":"https:\/\/www.chespa.eu\/?s={search_term_string}"},"query-input":{"@type":"PropertyValueSpecification","valueRequired":true,"valueName":"search_term_string"}}],"inLanguage":"cs-CZ"}]}},"_links":{"self":[{"href":"https:\/\/www.chespa.eu\/cs\/wp-json\/wp\/v2\/pages\/18794","targetHints":{"allow":["GET"]}}],"collection":[{"href":"https:\/\/www.chespa.eu\/cs\/wp-json\/wp\/v2\/pages"}],"about":[{"href":"https:\/\/www.chespa.eu\/cs\/wp-json\/wp\/v2\/types\/page"}],"author":[{"embeddable":true,"href":"https:\/\/www.chespa.eu\/cs\/wp-json\/wp\/v2\/users\/6"}],"replies":[{"embeddable":true,"href":"https:\/\/www.chespa.eu\/cs\/wp-json\/wp\/v2\/comments?post=18794"}],"version-history":[{"count":1,"href":"https:\/\/www.chespa.eu\/cs\/wp-json\/wp\/v2\/pages\/18794\/revisions"}],"predecessor-version":[{"id":18816,"href":"https:\/\/www.chespa.eu\/cs\/wp-json\/wp\/v2\/pages\/18794\/revisions\/18816"}],"up":[{"embeddable":true,"href":"https:\/\/www.chespa.eu\/cs\/wp-json\/wp\/v2\/pages\/14947"}],"wp:attachment":[{"href":"https:\/\/www.chespa.eu\/cs\/wp-json\/wp\/v2\/media?parent=18794"}],"curies":[{"name":"wp","href":"https:\/\/api.w.org\/{rel}","templated":true}]}}