{"id":18791,"date":"2025-09-12T13:20:00","date_gmt":"2025-09-12T11:20:00","guid":{"rendered":"https:\/\/www.chespa.eu\/?page_id=18791"},"modified":"2025-09-12T14:07:16","modified_gmt":"2025-09-12T12:07:16","slug":"vysekove-nastroje","status":"publish","type":"page","link":"https:\/\/www.chespa.eu\/cs\/vyrobky\/vysekove-nastroje\/","title":{"rendered":"V\u00fdsekov\u00e9 n\u00e1stroje"},"content":{"rendered":"<ul>\n<li><a href=\"https:\/\/www.chespa.eu\/cs\/vyrobky\/vysekove-nastroje\/vysekove-nastroje-plosne\/\">V\u00fdsekov\u00e9 n\u00e1stroje plo\u0161n\u00e9<\/a><\/li>\n<li><a href=\"https:\/\/www.chespa.eu\/cs\/vyrobky\/vysekove-nastroje\/rotacni-vysekove-nastroje\/\">Rota\u010dn\u00ed v\u00fdsekov\u00e9 n\u00e1stroje<\/a><\/li>\n<li><a href=\"https:\/\/www.chespa.eu\/cs\/vyrobky\/vysekove-nastroje\/rotacni-vysekove-nastroje-pro-mitsubishi-evol-stroj\/\">Rota\u010dn\u00ed v\u00fdsekov\u00e9 n\u00e1stroje pro Mitsubishi Evol stroj<\/a><\/li>\n<li><a href=\"https:\/\/www.chespa.eu\/cs\/vyrobky\/vysekove-nastroje\/pertinax\/\">Pertinax<\/a><\/li>\n<li><a href=\"https:\/\/www.chespa.eu\/cs\/vyrobky\/vysekove-nastroje\/sekce-separaci\/\">Sekce separac\u00ed<\/a><\/li>\n<li><a href=\"https:\/\/www.chespa.eu\/cs\/vyrobky\/vysekove-nastroje\/vysekove-nastroje-na-peny-vysoke-vysekove-linky\/\">V\u00fdsekov\u00e9 n\u00e1stroje na p\u011bny \u2013 vysok\u00e9 v\u00fdsekov\u00e9 linky<\/a><\/li>\n<li><a href=\"https:\/\/www.chespa.eu\/cs\/vyrobky\/vysekove-nastroje\/tesneni-pro-raklove-komory\/\">T\u011bsn\u011bn\u00ed pro raklov\u00e9 komory<\/a><\/li>\n<li><a href=\"https:\/\/www.chespa.eu\/cs\/vyrobky\/vysekove-nastroje\/policove-systemy-a-pouzdra-na-vysekove-nastroje\/\">Policov\u00e9 syst\u00e9my a pouzdra na v\u00fdsekov\u00e9 n\u00e1stroje<\/a><\/li>\n<\/ul>\n","protected":false},"excerpt":{"rendered":"<p>V\u00fdsekov\u00e9 n\u00e1stroje plo\u0161n\u00e9 Rota\u010dn\u00ed v\u00fdsekov\u00e9 n\u00e1stroje Rota\u010dn\u00ed v\u00fdsekov\u00e9 n\u00e1stroje pro Mitsubishi Evol stroj Pertinax Sekce separac\u00ed V\u00fdsekov\u00e9 n\u00e1stroje na p\u011bny \u2013 vysok\u00e9 v\u00fdsekov\u00e9 linky T\u011bsn\u011bn\u00ed pro raklov\u00e9 komory Policov\u00e9 syst\u00e9my a pouzdra na v\u00fdsekov\u00e9 n\u00e1stroje<\/p>\n","protected":false},"author":6,"featured_media":0,"parent":14947,"menu_order":0,"comment_status":"closed","ping_status":"closed","template":"page-template-products-list-small.php","meta":{"_acf_changed":false,"footnotes":""},"class_list":["post-18791","page","type-page","status-publish","hentry"],"acf":[],"yoast_head":"<!-- This site is optimized with the Yoast SEO plugin v27.5 - https:\/\/yoast.com\/product\/yoast-seo-wordpress\/ -->\n<title>V\u00fdsekov\u00e9 n\u00e1stroje - Chespa - printing inks, clichees, cutting dies<\/title>\n<meta name=\"robots\" content=\"index, follow, max-snippet:-1, max-image-preview:large, max-video-preview:-1\" \/>\n<link rel=\"canonical\" href=\"https:\/\/www.chespa.eu\/produkty\/wykrojniki\/\" \/>\n<meta property=\"og:locale\" content=\"cs_CZ\" \/>\n<meta property=\"og:type\" content=\"article\" \/>\n<meta property=\"og:title\" content=\"V\u00fdsekov\u00e9 n\u00e1stroje - Chespa - printing inks, clichees, cutting dies\" \/>\n<meta property=\"og:description\" content=\"V\u00fdsekov\u00e9 n\u00e1stroje plo\u0161n\u00e9 Rota\u010dn\u00ed v\u00fdsekov\u00e9 n\u00e1stroje Rota\u010dn\u00ed v\u00fdsekov\u00e9 n\u00e1stroje pro Mitsubishi Evol stroj Pertinax Sekce separac\u00ed V\u00fdsekov\u00e9 n\u00e1stroje na p\u011bny \u2013 vysok\u00e9 v\u00fdsekov\u00e9 linky T\u011bsn\u011bn\u00ed pro raklov\u00e9 komory Policov\u00e9 syst\u00e9my a pouzdra na v\u00fdsekov\u00e9 n\u00e1stroje\" \/>\n<meta property=\"og:url\" content=\"https:\/\/www.chespa.eu\/produkty\/wykrojniki\/\" \/>\n<meta property=\"og:site_name\" content=\"Chespa - printing inks, clichees, cutting dies\" \/>\n<meta property=\"article:modified_time\" content=\"2025-09-12T12:07:16+00:00\" \/>\n<meta name=\"twitter:card\" content=\"summary_large_image\" \/>\n<meta name=\"twitter:label1\" content=\"Est. reading time\" \/>\n\t<meta name=\"twitter:data1\" content=\"1 minute\" \/>\n<script type=\"application\/ld+json\" class=\"yoast-schema-graph\">{\"@context\":\"https:\\\/\\\/schema.org\",\"@graph\":[{\"@type\":\"WebPage\",\"@id\":\"https:\\\/\\\/www.chespa.eu\\\/produkty\\\/wykrojniki\\\/\",\"url\":\"https:\\\/\\\/www.chespa.eu\\\/produkty\\\/wykrojniki\\\/\",\"name\":\"V\u00fdsekov\u00e9 n\u00e1stroje - Chespa - printing inks, clichees, cutting dies\",\"isPartOf\":{\"@id\":\"https:\\\/\\\/www.chespa.eu\\\/#website\"},\"datePublished\":\"2025-09-12T11:20:00+00:00\",\"dateModified\":\"2025-09-12T12:07:16+00:00\",\"breadcrumb\":{\"@id\":\"https:\\\/\\\/www.chespa.eu\\\/produkty\\\/wykrojniki\\\/#breadcrumb\"},\"inLanguage\":\"cs-CZ\",\"potentialAction\":[{\"@type\":\"ReadAction\",\"target\":[\"https:\\\/\\\/www.chespa.eu\\\/produkty\\\/wykrojniki\\\/\"]}]},{\"@type\":\"BreadcrumbList\",\"@id\":\"https:\\\/\\\/www.chespa.eu\\\/produkty\\\/wykrojniki\\\/#breadcrumb\",\"itemListElement\":[{\"@type\":\"ListItem\",\"position\":1,\"name\":\"Strona g\u0142\u00f3wna\",\"item\":\"https:\\\/\\\/www.chespa.eu\\\/\"},{\"@type\":\"ListItem\",\"position\":2,\"name\":\"V\u00fdrobky\",\"item\":\"https:\\\/\\\/www.chespa.eu\\\/produkty\\\/\"},{\"@type\":\"ListItem\",\"position\":3,\"name\":\"V\u00fdsekov\u00e9 n\u00e1stroje\"}]},{\"@type\":\"WebSite\",\"@id\":\"https:\\\/\\\/www.chespa.eu\\\/#website\",\"url\":\"https:\\\/\\\/www.chespa.eu\\\/\",\"name\":\"Chespa - printing inks, clichees, cutting dies\",\"description\":\"\",\"potentialAction\":[{\"@type\":\"SearchAction\",\"target\":{\"@type\":\"EntryPoint\",\"urlTemplate\":\"https:\\\/\\\/www.chespa.eu\\\/?s={search_term_string}\"},\"query-input\":{\"@type\":\"PropertyValueSpecification\",\"valueRequired\":true,\"valueName\":\"search_term_string\"}}],\"inLanguage\":\"cs-CZ\"}]}<\/script>\n<!-- \/ Yoast SEO plugin. -->","yoast_head_json":{"title":"V\u00fdsekov\u00e9 n\u00e1stroje - Chespa - printing inks, clichees, cutting dies","robots":{"index":"index","follow":"follow","max-snippet":"max-snippet:-1","max-image-preview":"max-image-preview:large","max-video-preview":"max-video-preview:-1"},"canonical":"https:\/\/www.chespa.eu\/produkty\/wykrojniki\/","og_locale":"cs_CZ","og_type":"article","og_title":"V\u00fdsekov\u00e9 n\u00e1stroje - Chespa - printing inks, clichees, cutting dies","og_description":"V\u00fdsekov\u00e9 n\u00e1stroje plo\u0161n\u00e9 Rota\u010dn\u00ed v\u00fdsekov\u00e9 n\u00e1stroje Rota\u010dn\u00ed v\u00fdsekov\u00e9 n\u00e1stroje pro Mitsubishi Evol stroj Pertinax Sekce separac\u00ed V\u00fdsekov\u00e9 n\u00e1stroje na p\u011bny \u2013 vysok\u00e9 v\u00fdsekov\u00e9 linky T\u011bsn\u011bn\u00ed pro raklov\u00e9 komory Policov\u00e9 syst\u00e9my a pouzdra na v\u00fdsekov\u00e9 n\u00e1stroje","og_url":"https:\/\/www.chespa.eu\/produkty\/wykrojniki\/","og_site_name":"Chespa - printing inks, clichees, cutting dies","article_modified_time":"2025-09-12T12:07:16+00:00","twitter_card":"summary_large_image","twitter_misc":{"Est. reading time":"1 minute"},"schema":{"@context":"https:\/\/schema.org","@graph":[{"@type":"WebPage","@id":"https:\/\/www.chespa.eu\/produkty\/wykrojniki\/","url":"https:\/\/www.chespa.eu\/produkty\/wykrojniki\/","name":"V\u00fdsekov\u00e9 n\u00e1stroje - Chespa - printing inks, clichees, cutting dies","isPartOf":{"@id":"https:\/\/www.chespa.eu\/#website"},"datePublished":"2025-09-12T11:20:00+00:00","dateModified":"2025-09-12T12:07:16+00:00","breadcrumb":{"@id":"https:\/\/www.chespa.eu\/produkty\/wykrojniki\/#breadcrumb"},"inLanguage":"cs-CZ","potentialAction":[{"@type":"ReadAction","target":["https:\/\/www.chespa.eu\/produkty\/wykrojniki\/"]}]},{"@type":"BreadcrumbList","@id":"https:\/\/www.chespa.eu\/produkty\/wykrojniki\/#breadcrumb","itemListElement":[{"@type":"ListItem","position":1,"name":"Strona g\u0142\u00f3wna","item":"https:\/\/www.chespa.eu\/"},{"@type":"ListItem","position":2,"name":"V\u00fdrobky","item":"https:\/\/www.chespa.eu\/produkty\/"},{"@type":"ListItem","position":3,"name":"V\u00fdsekov\u00e9 n\u00e1stroje"}]},{"@type":"WebSite","@id":"https:\/\/www.chespa.eu\/#website","url":"https:\/\/www.chespa.eu\/","name":"Chespa - printing inks, clichees, cutting dies","description":"","potentialAction":[{"@type":"SearchAction","target":{"@type":"EntryPoint","urlTemplate":"https:\/\/www.chespa.eu\/?s={search_term_string}"},"query-input":{"@type":"PropertyValueSpecification","valueRequired":true,"valueName":"search_term_string"}}],"inLanguage":"cs-CZ"}]}},"_links":{"self":[{"href":"https:\/\/www.chespa.eu\/cs\/wp-json\/wp\/v2\/pages\/18791","targetHints":{"allow":["GET"]}}],"collection":[{"href":"https:\/\/www.chespa.eu\/cs\/wp-json\/wp\/v2\/pages"}],"about":[{"href":"https:\/\/www.chespa.eu\/cs\/wp-json\/wp\/v2\/types\/page"}],"author":[{"embeddable":true,"href":"https:\/\/www.chespa.eu\/cs\/wp-json\/wp\/v2\/users\/6"}],"replies":[{"embeddable":true,"href":"https:\/\/www.chespa.eu\/cs\/wp-json\/wp\/v2\/comments?post=18791"}],"version-history":[{"count":5,"href":"https:\/\/www.chespa.eu\/cs\/wp-json\/wp\/v2\/pages\/18791\/revisions"}],"predecessor-version":[{"id":18820,"href":"https:\/\/www.chespa.eu\/cs\/wp-json\/wp\/v2\/pages\/18791\/revisions\/18820"}],"up":[{"embeddable":true,"href":"https:\/\/www.chespa.eu\/cs\/wp-json\/wp\/v2\/pages\/14947"}],"wp:attachment":[{"href":"https:\/\/www.chespa.eu\/cs\/wp-json\/wp\/v2\/media?parent=18791"}],"curies":[{"name":"wp","href":"https:\/\/api.w.org\/{rel}","templated":true}]}}