{"id":18789,"date":"2025-09-12T13:17:23","date_gmt":"2025-09-12T11:17:23","guid":{"rendered":"https:\/\/www.chespa.eu\/vyrobky\/graficke-barvy\/"},"modified":"2025-09-12T14:00:01","modified_gmt":"2025-09-12T12:00:01","slug":"graficke-barvy","status":"publish","type":"page","link":"https:\/\/www.chespa.eu\/cs\/vyrobky\/graficke-barvy\/","title":{"rendered":"Grafick\u00e9 barvy"},"content":{"rendered":"<ul>\n<li><a href=\"https:\/\/www.chespa.eu\/cs\/disperzni-barvy-flexi-vodni-barvy\/\">Vodou \u0159editeln\u00e9 barvy \u2013 FLEXI<\/a><\/li>\n<li><a href=\"https:\/\/www.chespa.eu\/cs\/vyrobky\/graficke-barvy\/nitrocelulozove-barvy-lihove-barvy\/\">Nitrocelul\u00f3zov\u00e9 barvy \u2013 CELIO<\/a><\/li>\n<li><a href=\"https:\/\/www.chespa.eu\/cs\/uv-barvy\/\">UV z\u00e1\u0159en\u00edm tvrzen\u00e9 barvy \u2013 QIUVI<\/a><\/li>\n<li><a href=\"https:\/\/www.chespa.eu\/cs\/vyrobky\/graficke-barvy\/laky-disperzni\/\">Laky disperzn\u00ed<\/a><\/li>\n<li><a href=\"https:\/\/www.chespa.eu\/cs\/nanojet\/\">Inkjet inkousty \u2013 NANOJET<\/a><\/li>\n<li><a href=\"https:\/\/www.chespa.eu\/cs\/laboratorium-badawczo-analityczne\/\">Analytick\u00e1 zku\u0161ebn\u00ed laborato\u0159<\/a><\/li>\n<\/ul>\n","protected":false},"excerpt":{"rendered":"<p>Vodou \u0159editeln\u00e9 barvy \u2013 FLEXI Nitrocelul\u00f3zov\u00e9 barvy \u2013 CELIO UV z\u00e1\u0159en\u00edm tvrzen\u00e9 barvy \u2013 QIUVI Laky disperzn\u00ed Inkjet inkousty \u2013 NANOJET Analytick\u00e1 zku\u0161ebn\u00ed laborato\u0159<\/p>\n","protected":false},"author":6,"featured_media":0,"parent":14947,"menu_order":0,"comment_status":"closed","ping_status":"closed","template":"page-template-products-list-small.php","meta":{"_acf_changed":false,"footnotes":""},"class_list":["post-18789","page","type-page","status-publish","hentry"],"acf":[],"yoast_head":"<!-- This site is optimized with the Yoast SEO plugin v27.4 - https:\/\/yoast.com\/product\/yoast-seo-wordpress\/ -->\n<title>Grafick\u00e9 barvy - Chespa - printing inks, clichees, cutting dies<\/title>\n<meta name=\"robots\" content=\"index, follow, max-snippet:-1, max-image-preview:large, max-video-preview:-1\" \/>\n<link rel=\"canonical\" href=\"https:\/\/www.chespa.eu\/produkty\/farby-graficzne\/\" \/>\n<meta property=\"og:locale\" content=\"cs_CZ\" \/>\n<meta property=\"og:type\" content=\"article\" \/>\n<meta property=\"og:title\" content=\"Grafick\u00e9 barvy - Chespa - printing inks, clichees, cutting dies\" \/>\n<meta property=\"og:description\" content=\"Vodou \u0159editeln\u00e9 barvy \u2013 FLEXI Nitrocelul\u00f3zov\u00e9 barvy \u2013 CELIO UV z\u00e1\u0159en\u00edm tvrzen\u00e9 barvy \u2013 QIUVI Laky disperzn\u00ed Inkjet inkousty \u2013 NANOJET Analytick\u00e1 zku\u0161ebn\u00ed laborato\u0159\" \/>\n<meta property=\"og:url\" content=\"https:\/\/www.chespa.eu\/produkty\/farby-graficzne\/\" \/>\n<meta property=\"og:site_name\" content=\"Chespa - printing inks, clichees, cutting dies\" \/>\n<meta property=\"article:modified_time\" content=\"2025-09-12T12:00:01+00:00\" \/>\n<meta name=\"twitter:card\" content=\"summary_large_image\" \/>\n<script type=\"application\/ld+json\" class=\"yoast-schema-graph\">{\"@context\":\"https:\\\/\\\/schema.org\",\"@graph\":[{\"@type\":\"WebPage\",\"@id\":\"https:\\\/\\\/www.chespa.eu\\\/produkty\\\/farby-graficzne\\\/\",\"url\":\"https:\\\/\\\/www.chespa.eu\\\/produkty\\\/farby-graficzne\\\/\",\"name\":\"Grafick\u00e9 barvy - Chespa - printing inks, clichees, cutting dies\",\"isPartOf\":{\"@id\":\"https:\\\/\\\/www.chespa.eu\\\/#website\"},\"datePublished\":\"2025-09-12T11:17:23+00:00\",\"dateModified\":\"2025-09-12T12:00:01+00:00\",\"breadcrumb\":{\"@id\":\"https:\\\/\\\/www.chespa.eu\\\/produkty\\\/farby-graficzne\\\/#breadcrumb\"},\"inLanguage\":\"cs-CZ\",\"potentialAction\":[{\"@type\":\"ReadAction\",\"target\":[\"https:\\\/\\\/www.chespa.eu\\\/produkty\\\/farby-graficzne\\\/\"]}]},{\"@type\":\"BreadcrumbList\",\"@id\":\"https:\\\/\\\/www.chespa.eu\\\/produkty\\\/farby-graficzne\\\/#breadcrumb\",\"itemListElement\":[{\"@type\":\"ListItem\",\"position\":1,\"name\":\"Strona g\u0142\u00f3wna\",\"item\":\"https:\\\/\\\/www.chespa.eu\\\/\"},{\"@type\":\"ListItem\",\"position\":2,\"name\":\"V\u00fdrobky\",\"item\":\"https:\\\/\\\/www.chespa.eu\\\/produkty\\\/\"},{\"@type\":\"ListItem\",\"position\":3,\"name\":\"Grafick\u00e9 barvy\"}]},{\"@type\":\"WebSite\",\"@id\":\"https:\\\/\\\/www.chespa.eu\\\/#website\",\"url\":\"https:\\\/\\\/www.chespa.eu\\\/\",\"name\":\"Chespa - printing inks, clichees, cutting dies\",\"description\":\"\",\"potentialAction\":[{\"@type\":\"SearchAction\",\"target\":{\"@type\":\"EntryPoint\",\"urlTemplate\":\"https:\\\/\\\/www.chespa.eu\\\/?s={search_term_string}\"},\"query-input\":{\"@type\":\"PropertyValueSpecification\",\"valueRequired\":true,\"valueName\":\"search_term_string\"}}],\"inLanguage\":\"cs-CZ\"}]}<\/script>\n<!-- \/ Yoast SEO plugin. -->","yoast_head_json":{"title":"Grafick\u00e9 barvy - Chespa - printing inks, clichees, cutting dies","robots":{"index":"index","follow":"follow","max-snippet":"max-snippet:-1","max-image-preview":"max-image-preview:large","max-video-preview":"max-video-preview:-1"},"canonical":"https:\/\/www.chespa.eu\/produkty\/farby-graficzne\/","og_locale":"cs_CZ","og_type":"article","og_title":"Grafick\u00e9 barvy - Chespa - printing inks, clichees, cutting dies","og_description":"Vodou \u0159editeln\u00e9 barvy \u2013 FLEXI Nitrocelul\u00f3zov\u00e9 barvy \u2013 CELIO UV z\u00e1\u0159en\u00edm tvrzen\u00e9 barvy \u2013 QIUVI Laky disperzn\u00ed Inkjet inkousty \u2013 NANOJET Analytick\u00e1 zku\u0161ebn\u00ed laborato\u0159","og_url":"https:\/\/www.chespa.eu\/produkty\/farby-graficzne\/","og_site_name":"Chespa - printing inks, clichees, cutting dies","article_modified_time":"2025-09-12T12:00:01+00:00","twitter_card":"summary_large_image","schema":{"@context":"https:\/\/schema.org","@graph":[{"@type":"WebPage","@id":"https:\/\/www.chespa.eu\/produkty\/farby-graficzne\/","url":"https:\/\/www.chespa.eu\/produkty\/farby-graficzne\/","name":"Grafick\u00e9 barvy - Chespa - printing inks, clichees, cutting dies","isPartOf":{"@id":"https:\/\/www.chespa.eu\/#website"},"datePublished":"2025-09-12T11:17:23+00:00","dateModified":"2025-09-12T12:00:01+00:00","breadcrumb":{"@id":"https:\/\/www.chespa.eu\/produkty\/farby-graficzne\/#breadcrumb"},"inLanguage":"cs-CZ","potentialAction":[{"@type":"ReadAction","target":["https:\/\/www.chespa.eu\/produkty\/farby-graficzne\/"]}]},{"@type":"BreadcrumbList","@id":"https:\/\/www.chespa.eu\/produkty\/farby-graficzne\/#breadcrumb","itemListElement":[{"@type":"ListItem","position":1,"name":"Strona g\u0142\u00f3wna","item":"https:\/\/www.chespa.eu\/"},{"@type":"ListItem","position":2,"name":"V\u00fdrobky","item":"https:\/\/www.chespa.eu\/produkty\/"},{"@type":"ListItem","position":3,"name":"Grafick\u00e9 barvy"}]},{"@type":"WebSite","@id":"https:\/\/www.chespa.eu\/#website","url":"https:\/\/www.chespa.eu\/","name":"Chespa - printing inks, clichees, cutting dies","description":"","potentialAction":[{"@type":"SearchAction","target":{"@type":"EntryPoint","urlTemplate":"https:\/\/www.chespa.eu\/?s={search_term_string}"},"query-input":{"@type":"PropertyValueSpecification","valueRequired":true,"valueName":"search_term_string"}}],"inLanguage":"cs-CZ"}]}},"_links":{"self":[{"href":"https:\/\/www.chespa.eu\/cs\/wp-json\/wp\/v2\/pages\/18789","targetHints":{"allow":["GET"]}}],"collection":[{"href":"https:\/\/www.chespa.eu\/cs\/wp-json\/wp\/v2\/pages"}],"about":[{"href":"https:\/\/www.chespa.eu\/cs\/wp-json\/wp\/v2\/types\/page"}],"author":[{"embeddable":true,"href":"https:\/\/www.chespa.eu\/cs\/wp-json\/wp\/v2\/users\/6"}],"replies":[{"embeddable":true,"href":"https:\/\/www.chespa.eu\/cs\/wp-json\/wp\/v2\/comments?post=18789"}],"version-history":[{"count":2,"href":"https:\/\/www.chespa.eu\/cs\/wp-json\/wp\/v2\/pages\/18789\/revisions"}],"predecessor-version":[{"id":18815,"href":"https:\/\/www.chespa.eu\/cs\/wp-json\/wp\/v2\/pages\/18789\/revisions\/18815"}],"up":[{"embeddable":true,"href":"https:\/\/www.chespa.eu\/cs\/wp-json\/wp\/v2\/pages\/14947"}],"wp:attachment":[{"href":"https:\/\/www.chespa.eu\/cs\/wp-json\/wp\/v2\/media?parent=18789"}],"curies":[{"name":"wp","href":"https:\/\/api.w.org\/{rel}","templated":true}]}}