{"id":18311,"date":"2024-09-26T08:26:01","date_gmt":"2024-09-26T06:26:01","guid":{"rendered":"https:\/\/www.chespa.eu\/formular-pro-hlaseni-nesrovnalosti\/"},"modified":"2024-09-26T08:26:01","modified_gmt":"2024-09-26T06:26:01","slug":"formular-pro-hlaseni-nesrovnalosti","status":"publish","type":"page","link":"https:\/\/www.chespa.eu\/cs\/formular-pro-hlaseni-nesrovnalosti\/","title":{"rendered":"Formul\u00e1\u0159 pro hl\u00e1\u0161en\u00ed nesrovnalost\u00ed"},"content":{"rendered":"\n<div class=\"wpcf7 no-js\" id=\"wpcf7-f18310-o1\" lang=\"pl-PL\" dir=\"ltr\" data-wpcf7-id=\"18310\">\n<div class=\"screen-reader-response\"><p role=\"status\" aria-live=\"polite\" aria-atomic=\"true\"><\/p> <ul><\/ul><\/div>\n<form action=\"\/cs\/wp-json\/wp\/v2\/pages\/18311#wpcf7-f18310-o1\" method=\"post\" class=\"wpcf7-form init\" aria-label=\"Contact form\" novalidate=\"novalidate\" data-status=\"init\">\n<fieldset class=\"hidden-fields-container\"><input type=\"hidden\" name=\"_wpcf7\" value=\"18310\" \/><input type=\"hidden\" name=\"_wpcf7_version\" value=\"6.1.5\" \/><input type=\"hidden\" name=\"_wpcf7_locale\" value=\"pl_PL\" \/><input type=\"hidden\" name=\"_wpcf7_unit_tag\" value=\"wpcf7-f18310-o1\" \/><input type=\"hidden\" name=\"_wpcf7_container_post\" value=\"0\" \/><input type=\"hidden\" name=\"_wpcf7_posted_data_hash\" value=\"\" \/><input type=\"hidden\" name=\"_wpcf7_recaptcha_response\" value=\"\" \/>\n<\/fieldset>\n<div class=\"form-group\">\n\t<p><label for=\"opis-zgloszenia\">Popis hl\u00e1\u0161en\u00ed *<\/label><br \/>\n<span class=\"wpcf7-form-control-wrap\" data-name=\"opis-zgloszenia\"><textarea cols=\"40\" rows=\"10\" maxlength=\"2000\" class=\"wpcf7-form-control wpcf7-textarea wpcf7-validates-as-required form-control\" id=\"opis-zgloszenia\" aria-required=\"true\" aria-invalid=\"false\" placeholder=\"Popis hl\u00e1\u0161en\u00ed *\" name=\"opis-zgloszenia\"><\/textarea><\/span>\n\t<\/p>\n<\/div>\n<div class=\"form-group\">\n\t<p><label for=\"osoba-dotyczy\">Osoba, kter\u00e9 se hl\u00e1\u0161en\u00ed t\u00fdk\u00e1<\/label><br \/>\n<span class=\"wpcf7-form-control-wrap\" data-name=\"osoba-dotyczy\"><input size=\"40\" maxlength=\"400\" class=\"wpcf7-form-control wpcf7-text form-control\" id=\"osoba-dotyczy\" aria-invalid=\"false\" placeholder=\"Osoba, kter\u00e9 se hl\u00e1\u0161en\u00ed t\u00fdk\u00e1\" value=\"\" type=\"text\" name=\"osoba-dotyczy\" \/><\/span>\n\t<\/p>\n<\/div>\n<div class=\"form-group\">\n\t<p><label for=\"miejscowosc-wypelnienia\">M\u00edsto vypln\u011bn\u00ed<\/label><br \/>\n<span class=\"wpcf7-form-control-wrap\" data-name=\"miejscowosc-wypelnienia\"><input size=\"40\" maxlength=\"400\" class=\"wpcf7-form-control wpcf7-text form-control\" id=\"miejscowosc-wypelnienia\" aria-invalid=\"false\" placeholder=\"M\u00edsto vypln\u011bn\u00ed\" value=\"\" type=\"text\" name=\"miejscowosc-wypelnienia\" \/><\/span>\n\t<\/p>\n<\/div>\n<div class=\"form-group\">\n\t<p><label for=\"data-naruszenia\">Datum poru\u0161en\u00ed<\/label><br \/>\n<span class=\"wpcf7-form-control-wrap\" data-name=\"data-naruszenia\"><input size=\"40\" maxlength=\"400\" class=\"wpcf7-form-control wpcf7-text form-control\" id=\"data-naruszenia\" aria-invalid=\"false\" placeholder=\"Datum poru\u0161en\u00ed\" value=\"\" type=\"text\" name=\"data-naruszenia\" \/><\/span>\n\t<\/p>\n<\/div>\n<div class=\"form-group\">\n\t<p><label for=\"miejsce-naruszenia\">M\u00edsto poru\u0161en\u00ed<\/label><br \/>\n<span class=\"wpcf7-form-control-wrap\" data-name=\"miejsce-naruszenia\"><input size=\"40\" maxlength=\"400\" class=\"wpcf7-form-control wpcf7-text form-control\" id=\"miejsce-naruszenia\" aria-invalid=\"false\" placeholder=\"M\u00edsto poru\u0161en\u00ed\" value=\"\" type=\"text\" name=\"miejsce-naruszenia\" \/><\/span>\n\t<\/p>\n<\/div>\n<div class=\"form-group\">\n\t<p><label for=\"swiadkowie-naruszenia\">Potenci\u00e1ln\u00ed sv\u011bdci poru\u0161en\u00ed (jm\u00e9no a pozice)<\/label><br \/>\n<span class=\"wpcf7-form-control-wrap\" data-name=\"swiadkowie-naruszenia\"><input size=\"40\" maxlength=\"400\" class=\"wpcf7-form-control wpcf7-text form-control\" id=\"swiadkowie-naruszenia\" aria-invalid=\"false\" placeholder=\"Potenci\u00e1ln\u00ed sv\u011bdci poru\u0161en\u00ed (jm\u00e9no a pozice)\" value=\"\" type=\"text\" name=\"swiadkowie-naruszenia\" \/><\/span>\n\t<\/p>\n<\/div>\n<div class=\"form-group\">\n\t<p><label for=\"dowody\">Potenci\u00e1ln\u00ed d\u016fkazy relevantn\u00ed pro p\u0159\u00edpad<\/label><br \/>\n<span class=\"wpcf7-form-control-wrap\" data-name=\"dowody\"><textarea cols=\"40\" rows=\"10\" maxlength=\"2000\" class=\"wpcf7-form-control wpcf7-textarea form-control\" id=\"dowody\" aria-invalid=\"false\" placeholder=\"Potenci\u00e1ln\u00ed d\u016fkazy relevantn\u00ed pro p\u0159\u00edpad\" name=\"dowody\"><\/textarea><\/span>\n\t<\/p>\n<\/div>\n<div class=\"form-group\">\n\t<p><label for=\"charakter-naruszenia\">Povaha poru\u0161en\u00ed<\/label><br \/>\n<span class=\"wpcf7-form-control-wrap\" data-name=\"charakter-naruszenia\"><textarea cols=\"40\" rows=\"10\" maxlength=\"2000\" class=\"wpcf7-form-control wpcf7-textarea form-control\" id=\"charakter-naruszenia\" aria-invalid=\"false\" placeholder=\"Povaha poru\u0161en\u00ed\" name=\"charakter-naruszenia\"><\/textarea><\/span>\n\t<\/p>\n<\/div>\n<div class=\"form-group\">\n\t<p>Spr\u00e1vcem \u00fadaj\u016f jsou spole\u010dnosti, kter\u00e9 p\u0159ij\u00edmaj\u00ed \/ vy\u0159izuj\u00ed hl\u00e1\u0161en\u00ed whistleblower\u016f, tj. spole\u010dnosti v rozsahu z\u00e1le\u017eitost\u00ed, kter\u00e9 se jich t\u00fdkaj\u00ed:\n\t<\/p>\n\t<ul>\n\t\t<li>\n\t\t\t<p>1. Chespa Sp. z o.o. v rozsahu z\u00e1le\u017eitost\u00ed t\u00fdkaj\u00edc\u00edch se Chespa Sp. z o.o.\n\t\t\t<\/p>\n\t\t<\/li>\n\t\t<li>\n\t\t\t<p>2. Chespa Wykrojniki Sp. z o.o. v rozsahu z\u00e1le\u017eitost\u00ed t\u00fdkaj\u00edc\u00edch se Chespa Wykrojniki Sp. z o.o.\n\t\t\t<\/p>\n\t\t<\/li>\n\t\t<li>\n\t\t\t<p>3. Chespa Klisze Sp. z o.o. v rozsahu z\u00e1le\u017eitost\u00ed t\u00fdkaj\u00edc\u00edch se Chespa Klisze Sp. z o.o.\n\t\t\t<\/p>\n\t\t<\/li>\n\t\t<li>\n\t\t\t<p>4. Chespa Farby Graficzne Sp. z o.o. v rozsahu z\u00e1le\u017eitost\u00ed t\u00fdkaj\u00edc\u00edch se Chespa Farby Graficzne Sp. z o.o.\n\t\t\t<\/p>\n\t\t<\/li>\n\t<\/ul>\n\t<p>Kontakt: rodo@chespa.eu\n\t<\/p>\n\t<p>\u00dadaje budou zpracov\u00e1v\u00e1ny v\u00fdhradn\u011b za \u00fa\u010delem a po dobu nezbytnou k pln\u011bn\u00ed povinnost\u00ed souvisej\u00edc\u00edch s p\u0159ij\u00edm\u00e1n\u00edm a vy\u0159izov\u00e1n\u00edm hl\u00e1\u0161en\u00ed whistleblower\u016f, v\u010detn\u011b proml\u010dec\u00ed lh\u016fty podle p\u0159\u00edslu\u0161n\u00fdch vnitrost\u00e1tn\u00edch p\u0159edpis\u016f, tj. z\u00e1kona ze dne 14. \u010dervna 2024 o ochran\u011b whistleblower\u016f.<br \/>\nPoskytnut\u00ed \u00fadaj\u016f whistleblowerem nen\u00ed povinn\u00e9 \u2013 hl\u00e1\u0161en\u00ed m\u016f\u017ee b\u00fdt provedeno anonymn\u011b.\n\t<\/p>\n\t<p>P\u0159\u00edjemci \u2013 subjekty zpracov\u00e1vaj\u00edc\u00ed \u00fadaje jm\u00e9nem spole\u010dnosti: subjekty poskytuj\u00edc\u00ed podporu v oblasti p\u0159ij\u00edm\u00e1n\u00ed nebo vy\u0159izov\u00e1n\u00ed hl\u00e1\u0161en\u00ed (v rozsahu uveden\u00e9m v \u010dl. 28 z\u00e1kona o ochran\u011b whistleblower\u016f). \u00dadaje mohou b\u00fdt tak\u00e9 zp\u0159\u00edstupn\u011bny nez\u00e1visl\u00fdm spr\u00e1vc\u016fm \u00fadaj\u016f, tj. ve\u0159ejn\u00fdm org\u00e1n\u016fm v p\u0159\u00edpadech uveden\u00fdch v pr\u00e1vn\u00edch p\u0159edpisech.\n\t<\/p>\n\t<p>Osoba, jej\u00ed\u017e \u00fadaje jsou zpracov\u00e1v\u00e1ny, m\u00e1 pr\u00e1vo na p\u0159\u00edstup k osobn\u00edm \u00fadaj\u016fm, jejich opravu, v\u00fdmaz nebo omezen\u00ed zpracov\u00e1n\u00ed, pr\u00e1vo vzn\u00e9st n\u00e1mitku proti zpracov\u00e1n\u00ed a pr\u00e1vo podat st\u00ed\u017enost u p\u0159edsedy \u00da\u0159adu pro ochranu osobn\u00edch \u00fadaj\u016f.\n\t<\/p>\n<\/div>\n<div class=\"form-group\">\n\t<p><input class=\"wpcf7-form-control wpcf7-submit has-spinner btn btn-primary\" type=\"submit\" value=\"Odeslat\" \/>\n\t<\/p>\n<\/div><div class=\"wpcf7-response-output\" aria-hidden=\"true\"><\/div>\n<\/form>\n<\/div>\n\n","protected":false},"excerpt":{"rendered":"","protected":false},"author":6,"featured_media":0,"parent":0,"menu_order":0,"comment_status":"closed","ping_status":"closed","template":"","meta":{"_acf_changed":false,"footnotes":""},"class_list":["post-18311","page","type-page","status-publish","hentry"],"acf":[],"yoast_head":"<!-- This site is optimized with the Yoast SEO plugin v27.4 - https:\/\/yoast.com\/product\/yoast-seo-wordpress\/ -->\n<title>Formul\u00e1\u0159 pro hl\u00e1\u0161en\u00ed nesrovnalost\u00ed - Chespa - printing inks, clichees, cutting dies<\/title>\n<meta name=\"robots\" content=\"index, follow, max-snippet:-1, max-image-preview:large, max-video-preview:-1\" \/>\n<link rel=\"canonical\" href=\"https:\/\/www.chespa.eu\/formular-pro-hlaseni-nesrovnalosti\/\" \/>\n<meta property=\"og:locale\" content=\"cs_CZ\" \/>\n<meta property=\"og:type\" content=\"article\" \/>\n<meta property=\"og:title\" content=\"Formul\u00e1\u0159 pro hl\u00e1\u0161en\u00ed nesrovnalost\u00ed - Chespa - printing inks, clichees, cutting dies\" \/>\n<meta property=\"og:url\" content=\"https:\/\/www.chespa.eu\/formular-pro-hlaseni-nesrovnalosti\/\" \/>\n<meta property=\"og:site_name\" content=\"Chespa - printing inks, clichees, cutting dies\" \/>\n<meta name=\"twitter:card\" content=\"summary_large_image\" \/>\n<script type=\"application\/ld+json\" class=\"yoast-schema-graph\">{\"@context\":\"https:\\\/\\\/schema.org\",\"@graph\":[{\"@type\":\"WebPage\",\"@id\":\"https:\\\/\\\/www.chespa.eu\\\/formular-pro-hlaseni-nesrovnalosti\\\/\",\"url\":\"https:\\\/\\\/www.chespa.eu\\\/formular-pro-hlaseni-nesrovnalosti\\\/\",\"name\":\"Formul\u00e1\u0159 pro hl\u00e1\u0161en\u00ed nesrovnalost\u00ed - Chespa - printing inks, clichees, cutting dies\",\"isPartOf\":{\"@id\":\"https:\\\/\\\/www.chespa.eu\\\/#website\"},\"datePublished\":\"2024-09-26T06:26:01+00:00\",\"breadcrumb\":{\"@id\":\"https:\\\/\\\/www.chespa.eu\\\/formular-pro-hlaseni-nesrovnalosti\\\/#breadcrumb\"},\"inLanguage\":\"cs-CZ\",\"potentialAction\":[{\"@type\":\"ReadAction\",\"target\":[\"https:\\\/\\\/www.chespa.eu\\\/formular-pro-hlaseni-nesrovnalosti\\\/\"]}]},{\"@type\":\"BreadcrumbList\",\"@id\":\"https:\\\/\\\/www.chespa.eu\\\/formular-pro-hlaseni-nesrovnalosti\\\/#breadcrumb\",\"itemListElement\":[{\"@type\":\"ListItem\",\"position\":1,\"name\":\"Strona g\u0142\u00f3wna\",\"item\":\"https:\\\/\\\/www.chespa.eu\\\/\"},{\"@type\":\"ListItem\",\"position\":2,\"name\":\"Formul\u00e1\u0159 pro hl\u00e1\u0161en\u00ed nesrovnalost\u00ed\"}]},{\"@type\":\"WebSite\",\"@id\":\"https:\\\/\\\/www.chespa.eu\\\/#website\",\"url\":\"https:\\\/\\\/www.chespa.eu\\\/\",\"name\":\"Chespa - printing inks, clichees, cutting dies\",\"description\":\"\",\"potentialAction\":[{\"@type\":\"SearchAction\",\"target\":{\"@type\":\"EntryPoint\",\"urlTemplate\":\"https:\\\/\\\/www.chespa.eu\\\/?s={search_term_string}\"},\"query-input\":{\"@type\":\"PropertyValueSpecification\",\"valueRequired\":true,\"valueName\":\"search_term_string\"}}],\"inLanguage\":\"cs-CZ\"}]}<\/script>\n<!-- \/ Yoast SEO plugin. -->","yoast_head_json":{"title":"Formul\u00e1\u0159 pro hl\u00e1\u0161en\u00ed nesrovnalost\u00ed - Chespa - printing inks, clichees, cutting dies","robots":{"index":"index","follow":"follow","max-snippet":"max-snippet:-1","max-image-preview":"max-image-preview:large","max-video-preview":"max-video-preview:-1"},"canonical":"https:\/\/www.chespa.eu\/formular-pro-hlaseni-nesrovnalosti\/","og_locale":"cs_CZ","og_type":"article","og_title":"Formul\u00e1\u0159 pro hl\u00e1\u0161en\u00ed nesrovnalost\u00ed - Chespa - printing inks, clichees, cutting dies","og_url":"https:\/\/www.chespa.eu\/formular-pro-hlaseni-nesrovnalosti\/","og_site_name":"Chespa - printing inks, clichees, cutting dies","twitter_card":"summary_large_image","schema":{"@context":"https:\/\/schema.org","@graph":[{"@type":"WebPage","@id":"https:\/\/www.chespa.eu\/formular-pro-hlaseni-nesrovnalosti\/","url":"https:\/\/www.chespa.eu\/formular-pro-hlaseni-nesrovnalosti\/","name":"Formul\u00e1\u0159 pro hl\u00e1\u0161en\u00ed nesrovnalost\u00ed - Chespa - printing inks, clichees, cutting dies","isPartOf":{"@id":"https:\/\/www.chespa.eu\/#website"},"datePublished":"2024-09-26T06:26:01+00:00","breadcrumb":{"@id":"https:\/\/www.chespa.eu\/formular-pro-hlaseni-nesrovnalosti\/#breadcrumb"},"inLanguage":"cs-CZ","potentialAction":[{"@type":"ReadAction","target":["https:\/\/www.chespa.eu\/formular-pro-hlaseni-nesrovnalosti\/"]}]},{"@type":"BreadcrumbList","@id":"https:\/\/www.chespa.eu\/formular-pro-hlaseni-nesrovnalosti\/#breadcrumb","itemListElement":[{"@type":"ListItem","position":1,"name":"Strona g\u0142\u00f3wna","item":"https:\/\/www.chespa.eu\/"},{"@type":"ListItem","position":2,"name":"Formul\u00e1\u0159 pro hl\u00e1\u0161en\u00ed nesrovnalost\u00ed"}]},{"@type":"WebSite","@id":"https:\/\/www.chespa.eu\/#website","url":"https:\/\/www.chespa.eu\/","name":"Chespa - printing inks, clichees, cutting dies","description":"","potentialAction":[{"@type":"SearchAction","target":{"@type":"EntryPoint","urlTemplate":"https:\/\/www.chespa.eu\/?s={search_term_string}"},"query-input":{"@type":"PropertyValueSpecification","valueRequired":true,"valueName":"search_term_string"}}],"inLanguage":"cs-CZ"}]}},"_links":{"self":[{"href":"https:\/\/www.chespa.eu\/cs\/wp-json\/wp\/v2\/pages\/18311","targetHints":{"allow":["GET"]}}],"collection":[{"href":"https:\/\/www.chespa.eu\/cs\/wp-json\/wp\/v2\/pages"}],"about":[{"href":"https:\/\/www.chespa.eu\/cs\/wp-json\/wp\/v2\/types\/page"}],"author":[{"embeddable":true,"href":"https:\/\/www.chespa.eu\/cs\/wp-json\/wp\/v2\/users\/6"}],"replies":[{"embeddable":true,"href":"https:\/\/www.chespa.eu\/cs\/wp-json\/wp\/v2\/comments?post=18311"}],"version-history":[{"count":0,"href":"https:\/\/www.chespa.eu\/cs\/wp-json\/wp\/v2\/pages\/18311\/revisions"}],"wp:attachment":[{"href":"https:\/\/www.chespa.eu\/cs\/wp-json\/wp\/v2\/media?parent=18311"}],"curies":[{"name":"wp","href":"https:\/\/api.w.org\/{rel}","templated":true}]}}