{"id":17856,"date":"2024-03-26T10:54:26","date_gmt":"2024-03-26T09:54:26","guid":{"rendered":"https:\/\/www.chespa.eu\/peanuts\/"},"modified":"2026-02-09T14:51:28","modified_gmt":"2026-02-09T13:51:28","slug":"peanuts","status":"publish","type":"page","link":"https:\/\/www.chespa.eu\/cs\/vyrobky\/sluzby\/innowacje\/peanuts\/","title":{"rendered":"OBAL PRO O\u0158\u00cd\u0160KY"},"content":{"rendered":"<p><a href=\"https:\/\/www.chespa.eu\/wp-content\/uploads\/2024\/05\/peanuts_beige.png\" rel=\"lightbox[17856]\"><img loading=\"lazy\" decoding=\"async\" class=\"alignnone wp-image-17848\" src=\"https:\/\/www.chespa.eu\/wp-content\/uploads\/2024\/05\/peanuts_beige-264x300.png\" alt=\"\" width=\"250\" height=\"284\" srcset=\"https:\/\/www.chespa.eu\/wp-content\/uploads\/2024\/05\/peanuts_beige-264x300.png 264w, https:\/\/www.chespa.eu\/wp-content\/uploads\/2024\/05\/peanuts_beige-768x873.png 768w, https:\/\/www.chespa.eu\/wp-content\/uploads\/2024\/05\/peanuts_beige.png 860w\" sizes=\"auto, (max-width: 250px) 100vw, 250px\" \/><\/a><\/p>\n<p>&nbsp;<\/p>\n<p>Pap\u00edrov\u00fd obal na ara\u0161\u00eddy, pln\u011b recyklovateln\u00fd, vyroben\u00fd s ohledem na \u017eivotn\u00ed prost\u0159ed\u00ed a s c\u00edlem sn\u00ed\u017eit uhl\u00edkovou stopu.<\/p>\n<p>Pap\u00edrov\u00fd podklad byl zevnit\u0159 opat\u0159en ochrann\u00fdmi vrstvami (proti vod\u011b, tuku, vodn\u00ed p\u00e1\u0159e, kysl\u00edku a\u00a0 lak umo\u017e\u0148uj\u00edc\u00ed sva\u0159en\u00ed s\u00e1\u010dku), aby bylo dosa\u017eeno t\u011bsnosti a pln\u00e9 ochrany produktu uvnit\u0159.<\/p>\n<p>Tisk byl proveden barvami FlexiEco \u2013 \u0159ada vodou \u0159editeln\u00fdch barev vyroben\u00fdch z obnoviteln\u00fdch surovin.<\/p>\n<p>Tiskov\u00e9 formy, pou\u017e\u00edvan\u00e9 k\u00a0pap\u00edrov\u00e9ho podkladu, maj\u00ed certifik\u00e1t Carbon Neutral a byly vyrobeny firmou Asahi Kasei technologi\u00ed vodou vym\u00fdvateln\u00fdch \u0161to\u010dek\u016f \u00a0AWP\u2122-DEW, kter\u00e1 se projevuje ni\u017e\u0161\u00edm negativn\u00edm dopadem na \u017eivotn\u00ed prost\u0159ed\u00ed.<\/p>\n<p>Teplota sv\u00e1\u0159en\u00ed obalu (cca 150 \u00b0C) umo\u017enila t\u011bsn\u00e9 uzav\u0159en\u00ed obalu a plnou ochranu produktu.<\/p>\n<p>&nbsp;<\/p>\n<p><a href=\"https:\/\/www.chespa.eu\/wp-content\/uploads\/2024\/05\/peanuts.png\" rel=\"lightbox[17856]\"><img loading=\"lazy\" decoding=\"async\" class=\"alignnone size-medium wp-image-17814\" src=\"https:\/\/www.chespa.eu\/wp-content\/uploads\/2024\/05\/peanuts-120x300.png\" alt=\"\" width=\"120\" height=\"300\" srcset=\"https:\/\/www.chespa.eu\/wp-content\/uploads\/2024\/05\/peanuts-120x300.png 120w, https:\/\/www.chespa.eu\/wp-content\/uploads\/2024\/05\/peanuts-410x1024.png 410w, https:\/\/www.chespa.eu\/wp-content\/uploads\/2024\/05\/peanuts.png 567w\" sizes=\"auto, (max-width: 120px) 100vw, 120px\" \/><\/a><\/p>\n<p>Pap\u00edrov\u00fd obal m\u00e1 tu v\u00fdhodu pro \u017eivotn\u00ed prost\u0159ed\u00ed, \u017ee sni\u017euje uhl\u00edkovou stopu tiskov\u00e9ho procesu ve srovn\u00e1n\u00ed s obaly vyr\u00e1b\u011bn\u00fdmi konven\u010dn\u011b, tj. p\u0159i pou\u017eit\u00ed tradi\u010dn\u00edho f\u00f3liov\u00e9ho\/plastov\u00e9ho podkladu, barev na b\u00e1zi alkoholu a fotopolymerov\u00fdch desek sm\u00fdvateln\u00fdch rozpou\u0161t\u011bdlem.<\/p>\n<p>Pou\u017eit\u00ed na\u0161ich barev a fotopolymerov\u00fdch \u0161to\u010dk\u016f s certifik\u00e1tem Carbon Neutral n\u00e1m umo\u017enilo sn\u00ed\u017eit uhl\u00edkovou stopu na\u0161eho obalu o 41\u202f% ve srovn\u00e1n\u00ed s konven\u010dn\u00edm obalem.<\/p>\n<p>&nbsp;<\/p>\n<p>&nbsp;<\/p>\n<p><a href=\"https:\/\/www.chespa.eu\/wp-content\/uploads\/2024\/05\/peanuts_6w.jpg\" rel=\"lightbox[17856]\"><img loading=\"lazy\" decoding=\"async\" class=\"alignnone size-medium wp-image-17790\" src=\"https:\/\/www.chespa.eu\/wp-content\/uploads\/2024\/05\/peanuts_6w-300x243.jpg\" alt=\"\" width=\"300\" height=\"243\" srcset=\"https:\/\/www.chespa.eu\/wp-content\/uploads\/2024\/05\/peanuts_6w-300x243.jpg 300w, https:\/\/www.chespa.eu\/wp-content\/uploads\/2024\/05\/peanuts_6w-1024x830.jpg 1024w, https:\/\/www.chespa.eu\/wp-content\/uploads\/2024\/05\/peanuts_6w-768x622.jpg 768w, https:\/\/www.chespa.eu\/wp-content\/uploads\/2024\/05\/peanuts_6w.jpg 1177w\" sizes=\"auto, (max-width: 300px) 100vw, 300px\" \/><\/a><\/p>\n<p><strong>Sch\u00e9ma vrstven\u00ed obalu (od vn\u011bj\u0161\u00ed vrstvy):<\/strong><\/p>\n<ol>\n<li>FlexiLack FX Barrier WOG 08 \u2013 bari\u00e9rov\u00e1 vrstva proti vod\u011b, tuku a vodn\u00ed p\u00e1\u0159e<\/li>\n<li>FlexiEco \u2013 vodou \u0159editeln\u00e9 barvy na b\u00e1zi obnoviteln\u00fdch surovin<\/li>\n<li>Pap\u00edrov\u00fd podklad (b\u00edl\u00fd)<\/li>\n<li>FlexiLack FX Barrier WO 03 FC \u2013 bari\u00e9rov\u00e1 vrstva proti vod\u011b a tuku<\/li>\n<li>FlexiLack FX Barrier GA 08 FC \u2013 bari\u00e9rov\u00e1 vrstva proti kysl\u00edku<\/li>\n<li>FlexiLack FX Barrier WO 07 FC \u2013 bari\u00e9rov\u00e1 vrstva proti vod\u011b a tuku a lak je sva\u0159iteln\u00fd<\/li>\n<\/ol>\n<p><em>\u00a0<\/em><\/p>\n<p><strong>V\u00fdhody obalu:<\/strong><\/p>\n<ul>\n<li>Odpad\u00e1 nutnost laminace pap\u00edru polyetylenovou f\u00f3li\u00ed \/ eliminace laminace pap\u00edru PE f\u00f3li\u00ed<\/li>\n<li>Zv\u00fd\u0161en\u00ed mo\u017enost\u00ed recyklace obalu<\/li>\n<li>Sn\u00ed\u017een\u00ed negativn\u00edho vlivu na \u017eivotn\u00ed prost\u0159ed\u00ed<\/li>\n<li>Vodou \u0159editeln\u00e9 barvy<\/li>\n<li>\u0160irok\u00fd rozsah bari\u00e9rov\u00fdch ochrann\u00fdch vrstev \u2013 proti vod\u011b, tuku, kysl\u00edku a vodn\u00ed p\u00e1\u0159e<\/li>\n<li>Kombinace bari\u00e9rov\u00fdch lak\u016f d\u00e1v\u00e1 obalu vlastnosti folie<\/li>\n<\/ul>\n<p>&nbsp;<\/p>\n<p><em>V dne\u0161n\u00ed dob\u011b jsou obaly p\u0159edm\u011btem intenzivn\u00edch ve\u0159ejn\u00fdch debat kv\u016fli rostouc\u00edmu pod\u00edlu obal\u016f v komun\u00e1ln\u00edm odpadu. Neust\u00e1le se zvy\u0161uj\u00edc\u00ed mno\u017estv\u00ed odpad\u016f z r\u016fzn\u00fdch obalov\u00fdch materi\u00e1l\u016f, jako jsou plasty, pap\u00edr \u010di sklo, p\u0159in\u00e1\u0161\u00ed mnoho environment\u00e1ln\u00edch v\u00fdzev. \u017divotnost obal\u016f se zkracuje vzhledem k rychl\u00e9 rotaci grafick\u00fdch motiv\u016f \u010di zkracov\u00e1n\u00ed s\u00e9ri\u00ed designu obal\u016f, a proto se po jejich pou\u017eit\u00ed st\u00e1vaj\u00ed odpadem, kter\u00fd kon\u010d\u00ed bu\u010f v recykla\u010dn\u00edch za\u0159\u00edzen\u00edch, nebo na skl\u00e1dce.<\/em><\/p>\n<p><em>\u00a0<\/em><\/p>\n<p><em>C\u00edlem vytvo\u0159en\u00ed pln\u011b pap\u00edrov\u00e9ho obalu na ara\u0161\u00eddy bylo dodat na trh obal, kter\u00fd lze rychle a snadno recyklovat nebo zne\u0161kodnit kompostov\u00e1n\u00edm, p\u0159i\u010dem\u017e se st\u00e1v\u00e1 zdrojem \u017eivin a organick\u00e9 hmoty v p\u016fd\u011b.<\/em><\/p>\n<p><em>D\u00edky pou\u017eit\u00fdm komponent\u016fm; nenat\u00edran\u00fd pap\u00edr, barvy vyroben\u00e9 z materi\u00e1l\u016f poch\u00e1zej\u00edc\u00edch z obnoviteln\u00fdch zdroj\u016f a tisk proveden\u00fd s vyu\u017eit\u00edm fotopolymerov\u00fdch \u0161to\u010dk\u016f s certifik\u00e1tem Carbon Neutral jsme dos\u00e1hli nezpochybniteln\u00e9ho \u00fasp\u011bchu ve sn\u00ed\u017een\u00ed uhl\u00edkov\u00e9 stopy obalu o 41<\/em><em>\u202f<\/em><em>% oproti obalu vyroben\u00e9mu z tradi\u010dn\u00edch surovin. Nav\u00edc, na z\u00e1klad\u011b na\u0161ich zku\u0161enost\u00ed a dostupn\u00fdch znalost\u00ed, jsme se rozhodli spo\u010d\u00edtat vliv obalu nejen na atmosf\u00e9ru, ale tak\u00e9 na pedosf\u00e9ru, hydrosf\u00e9ru a biosf\u00e9ru. Disponuj\u00edc\u00ed empirick\u00fdmi daty m\u016f\u017eeme potvrdit, \u017ee pap\u00edrov\u00fd obal na ara\u0161\u00eddy ve srovn\u00e1n\u00ed s obalem vyroben\u00fdm konven\u010dn\u011b se vyzna\u010duje ni\u017e\u0161\u00edm indexem toxicity pro \u010dlov\u011bka o 55<\/em><em>\u202f<\/em><em>%, vliv toxicity na mo\u0159sk\u00e9 prost\u0159ed\u00ed byl sn\u00ed\u017een t\u00e9m\u011b\u0159 o 35<\/em><em>\u202f<\/em><em>%, zat\u00edmco ekotoxicita sladk\u00fdch vod o 49<\/em><em>\u202f<\/em><em>%. Spektakul\u00e1rn\u00ed je rovn\u011b\u017e v\u00fdsledek redukce vlivu na ekotoxicitu, proto\u017ee redukce v tomto aspektu dosahuje t\u00e9m\u011b\u0159 73<\/em><em>\u202f<\/em><em>%.<\/em><\/p>\n<p><em>Pap\u00edrov\u00e9 obaly pat\u0159\u00ed mezi nejv\u00edce p\u0159\u00e1telsk\u00e9 k \u017eivotn\u00edmu prost\u0159ed\u00ed, jejich biodegradabilita je na vysok\u00e9 \u00farovni a v procesech biologick\u00e9ho rozkladu, mimo jin\u00e9 pap\u00edru (celul\u00f3zy), doch\u00e1z\u00ed k obohacen\u00ed \u017eivotn\u00edho prost\u0159ed\u00ed o \u017eiviny\u00b9. D\u00e1le pap\u00edrov\u00e9 obaly p\u0159edstavuj\u00ed odpov\u011b\u010f na st\u00e1le rostouc\u00ed zne\u010di\u0161t\u011bn\u00ed vnitrozemsk\u00fdch a mo\u0159sk\u00fdch vod plasty a mikroplasty. Proces rozkladu pap\u00edrov\u00fdch obal\u016f ve vodn\u00edm prost\u0159ed\u00ed je rozhodn\u011b rychlej\u0161\u00ed ve srovn\u00e1n\u00ed s biodegradac\u00ed plast\u016f, tak\u017ee i pokud pap\u00edrov\u00fd obal skon\u010d\u00ed ve vod\u00e1ch, rozlo\u017e\u00ed se rychle a snadno\u00b2. Firma Chespa podporuje a propaguje obaly p\u0159\u00e1telsk\u00e9 k \u017eivotn\u00edmu prost\u0159ed\u00ed jako \u0159e\u0161en\u00ed pro st\u00e1le rostouc\u00ed tok odpad\u016f, zejm\u00e9na plastov\u00fdch.<\/em><\/p>\n<p><em>\u00a0<\/em><\/p>\n<h6><em>\u00b9 F.Domka, B.Kwiatkowska Biodeterioracja materia\u0142\u00f3w opakowaniowych\u00a0<\/em><\/h6>\n<h6><em>\u00b2Czaja N., Domka F., Biodegradacji folii na bazie PVAL z wykorzystaniem mezofilnych bakterii denitryfikacyjnych, \u201eEkologia i technika\u201d 2006, nr XIV(1), s. 3\u20139.<\/em><\/h6>\n<p><a href=\"https:\/\/www.chespa.eu\/wp-content\/uploads\/2024\/05\/peanuts-Paper-bag.jpg\" rel=\"lightbox[17856]\"><img loading=\"lazy\" decoding=\"async\" class=\"alignnone size-medium wp-image-18008\" src=\"https:\/\/www.chespa.eu\/wp-content\/uploads\/2024\/05\/peanuts-Paper-bag-300x169.jpg\" alt=\"\" width=\"300\" height=\"169\" srcset=\"https:\/\/www.chespa.eu\/wp-content\/uploads\/2024\/05\/peanuts-Paper-bag-300x169.jpg 300w, https:\/\/www.chespa.eu\/wp-content\/uploads\/2024\/05\/peanuts-Paper-bag-1024x576.jpg 1024w, https:\/\/www.chespa.eu\/wp-content\/uploads\/2024\/05\/peanuts-Paper-bag-768x432.jpg 768w, https:\/\/www.chespa.eu\/wp-content\/uploads\/2024\/05\/peanuts-Paper-bag.jpg 1280w\" sizes=\"auto, (max-width: 300px) 100vw, 300px\" \/><\/a>\u00a0 <a href=\"https:\/\/www.chespa.eu\/wp-content\/uploads\/2024\/05\/peanuts-Barrier-coating.jpg\" rel=\"lightbox[17856]\"><img loading=\"lazy\" decoding=\"async\" class=\"alignnone size-medium wp-image-18002\" src=\"https:\/\/www.chespa.eu\/wp-content\/uploads\/2024\/05\/peanuts-Barrier-coating-300x169.jpg\" alt=\"\" width=\"300\" height=\"169\" srcset=\"https:\/\/www.chespa.eu\/wp-content\/uploads\/2024\/05\/peanuts-Barrier-coating-300x169.jpg 300w, https:\/\/www.chespa.eu\/wp-content\/uploads\/2024\/05\/peanuts-Barrier-coating-1024x576.jpg 1024w, https:\/\/www.chespa.eu\/wp-content\/uploads\/2024\/05\/peanuts-Barrier-coating-768x432.jpg 768w, https:\/\/www.chespa.eu\/wp-content\/uploads\/2024\/05\/peanuts-Barrier-coating.jpg 1280w\" sizes=\"auto, (max-width: 300px) 100vw, 300px\" \/><\/a><\/p>\n","protected":false},"excerpt":{"rendered":"<p>&nbsp; Pap\u00edrov\u00fd obal na ara\u0161\u00eddy, pln\u011b recyklovateln\u00fd, vyroben\u00fd s ohledem na \u017eivotn\u00ed prost\u0159ed\u00ed a s c\u00edlem sn\u00ed\u017eit uhl\u00edkovou stopu. Pap\u00edrov\u00fd podklad byl zevnit\u0159 opat\u0159en ochrann\u00fdmi vrstvami (proti vod\u011b, tuku, vodn\u00ed p\u00e1\u0159e, kysl\u00edku a\u00a0 lak umo\u017e\u0148uj\u00edc\u00ed sva\u0159en\u00ed s\u00e1\u010dku), aby bylo dosa\u017eeno t\u011bsnosti a pln\u00e9 ochrany produktu uvnit\u0159. Tisk byl proveden barvami FlexiEco \u2013 \u0159ada vodou \u0159editeln\u00fdch [&hellip;]<\/p>\n","protected":false},"author":2,"featured_media":15993,"parent":15178,"menu_order":0,"comment_status":"closed","ping_status":"closed","template":"","meta":{"_acf_changed":false,"footnotes":""},"class_list":["post-17856","page","type-page","status-publish","has-post-thumbnail","hentry"],"acf":[],"yoast_head":"<!-- This site is optimized with the Yoast SEO plugin v27.4 - https:\/\/yoast.com\/product\/yoast-seo-wordpress\/ -->\n<title>OBAL PRO O\u0158\u00cd\u0160KY - Chespa - printing inks, clichees, cutting dies<\/title>\n<meta name=\"robots\" content=\"index, follow, max-snippet:-1, max-image-preview:large, max-video-preview:-1\" \/>\n<link rel=\"canonical\" href=\"https:\/\/www.chespa.eu\/cs\/vyrobky\/sluzby\/innowacje\/peanuts\/\" \/>\n<meta property=\"og:locale\" content=\"cs_CZ\" \/>\n<meta property=\"og:type\" content=\"article\" \/>\n<meta property=\"og:title\" content=\"OBAL PRO O\u0158\u00cd\u0160KY - Chespa - printing inks, clichees, cutting dies\" \/>\n<meta property=\"og:description\" content=\"&nbsp; Pap\u00edrov\u00fd obal na ara\u0161\u00eddy, pln\u011b recyklovateln\u00fd, vyroben\u00fd s ohledem na \u017eivotn\u00ed prost\u0159ed\u00ed a s c\u00edlem sn\u00ed\u017eit uhl\u00edkovou stopu. Pap\u00edrov\u00fd podklad byl zevnit\u0159 opat\u0159en ochrann\u00fdmi vrstvami (proti vod\u011b, tuku, vodn\u00ed p\u00e1\u0159e, kysl\u00edku a\u00a0 lak umo\u017e\u0148uj\u00edc\u00ed sva\u0159en\u00ed s\u00e1\u010dku), aby bylo dosa\u017eeno t\u011bsnosti a pln\u00e9 ochrany produktu uvnit\u0159. Tisk byl proveden barvami FlexiEco \u2013 \u0159ada vodou \u0159editeln\u00fdch [&hellip;]\" \/>\n<meta property=\"og:url\" content=\"https:\/\/www.chespa.eu\/cs\/vyrobky\/sluzby\/innowacje\/peanuts\/\" \/>\n<meta property=\"og:site_name\" content=\"Chespa - printing inks, clichees, cutting dies\" \/>\n<meta property=\"article:modified_time\" content=\"2026-02-09T13:51:28+00:00\" \/>\n<meta property=\"og:image\" content=\"https:\/\/www.chespa.eu\/wp-content\/uploads\/2022\/04\/nature-and-technology-.jpg\" \/>\n\t<meta property=\"og:image:width\" content=\"1920\" \/>\n\t<meta property=\"og:image:height\" content=\"295\" \/>\n\t<meta property=\"og:image:type\" content=\"image\/jpeg\" \/>\n<meta name=\"twitter:card\" content=\"summary_large_image\" \/>\n<meta name=\"twitter:label1\" content=\"Est. reading time\" \/>\n\t<meta name=\"twitter:data1\" content=\"5 minutes\" \/>\n<script type=\"application\/ld+json\" class=\"yoast-schema-graph\">{\"@context\":\"https:\\\/\\\/schema.org\",\"@graph\":[{\"@type\":\"WebPage\",\"@id\":\"https:\\\/\\\/www.chespa.eu\\\/cs\\\/vyrobky\\\/sluzby\\\/innowacje\\\/peanuts\\\/\",\"url\":\"https:\\\/\\\/www.chespa.eu\\\/cs\\\/vyrobky\\\/sluzby\\\/innowacje\\\/peanuts\\\/\",\"name\":\"OBAL PRO O\u0158\u00cd\u0160KY - Chespa - printing inks, clichees, cutting dies\",\"isPartOf\":{\"@id\":\"https:\\\/\\\/www.chespa.eu\\\/#website\"},\"primaryImageOfPage\":{\"@id\":\"https:\\\/\\\/www.chespa.eu\\\/cs\\\/vyrobky\\\/sluzby\\\/innowacje\\\/peanuts\\\/#primaryimage\"},\"image\":{\"@id\":\"https:\\\/\\\/www.chespa.eu\\\/cs\\\/vyrobky\\\/sluzby\\\/innowacje\\\/peanuts\\\/#primaryimage\"},\"thumbnailUrl\":\"https:\\\/\\\/www.chespa.eu\\\/wp-content\\\/uploads\\\/2022\\\/04\\\/nature-and-technology-.jpg\",\"datePublished\":\"2024-03-26T09:54:26+00:00\",\"dateModified\":\"2026-02-09T13:51:28+00:00\",\"breadcrumb\":{\"@id\":\"https:\\\/\\\/www.chespa.eu\\\/cs\\\/vyrobky\\\/sluzby\\\/innowacje\\\/peanuts\\\/#breadcrumb\"},\"inLanguage\":\"cs-CZ\",\"potentialAction\":[{\"@type\":\"ReadAction\",\"target\":[\"https:\\\/\\\/www.chespa.eu\\\/cs\\\/vyrobky\\\/sluzby\\\/innowacje\\\/peanuts\\\/\"]}]},{\"@type\":\"ImageObject\",\"inLanguage\":\"cs-CZ\",\"@id\":\"https:\\\/\\\/www.chespa.eu\\\/cs\\\/vyrobky\\\/sluzby\\\/innowacje\\\/peanuts\\\/#primaryimage\",\"url\":\"https:\\\/\\\/www.chespa.eu\\\/wp-content\\\/uploads\\\/2022\\\/04\\\/nature-and-technology-.jpg\",\"contentUrl\":\"https:\\\/\\\/www.chespa.eu\\\/wp-content\\\/uploads\\\/2022\\\/04\\\/nature-and-technology-.jpg\",\"width\":1920,\"height\":295},{\"@type\":\"BreadcrumbList\",\"@id\":\"https:\\\/\\\/www.chespa.eu\\\/cs\\\/vyrobky\\\/sluzby\\\/innowacje\\\/peanuts\\\/#breadcrumb\",\"itemListElement\":[{\"@type\":\"ListItem\",\"position\":1,\"name\":\"Strona g\u0142\u00f3wna\",\"item\":\"https:\\\/\\\/www.chespa.eu\\\/\"},{\"@type\":\"ListItem\",\"position\":2,\"name\":\"V\u00fdrobky\",\"item\":\"https:\\\/\\\/www.chespa.eu\\\/produkty\\\/\"},{\"@type\":\"ListItem\",\"position\":3,\"name\":\"Slu\u017eby\",\"item\":\"https:\\\/\\\/www.chespa.eu\\\/produkty\\\/uslugi\\\/\"},{\"@type\":\"ListItem\",\"position\":4,\"name\":\"Innovations\",\"item\":\"https:\\\/\\\/www.chespa.eu\\\/cs\\\/vyrobky\\\/sluzby\\\/innowacje\\\/\"},{\"@type\":\"ListItem\",\"position\":5,\"name\":\"OBAL PRO O\u0158\u00cd\u0160KY\"}]},{\"@type\":\"WebSite\",\"@id\":\"https:\\\/\\\/www.chespa.eu\\\/#website\",\"url\":\"https:\\\/\\\/www.chespa.eu\\\/\",\"name\":\"Chespa - printing inks, clichees, cutting dies\",\"description\":\"\",\"potentialAction\":[{\"@type\":\"SearchAction\",\"target\":{\"@type\":\"EntryPoint\",\"urlTemplate\":\"https:\\\/\\\/www.chespa.eu\\\/?s={search_term_string}\"},\"query-input\":{\"@type\":\"PropertyValueSpecification\",\"valueRequired\":true,\"valueName\":\"search_term_string\"}}],\"inLanguage\":\"cs-CZ\"}]}<\/script>\n<!-- \/ Yoast SEO plugin. -->","yoast_head_json":{"title":"OBAL PRO O\u0158\u00cd\u0160KY - Chespa - printing inks, clichees, cutting dies","robots":{"index":"index","follow":"follow","max-snippet":"max-snippet:-1","max-image-preview":"max-image-preview:large","max-video-preview":"max-video-preview:-1"},"canonical":"https:\/\/www.chespa.eu\/cs\/vyrobky\/sluzby\/innowacje\/peanuts\/","og_locale":"cs_CZ","og_type":"article","og_title":"OBAL PRO O\u0158\u00cd\u0160KY - Chespa - printing inks, clichees, cutting dies","og_description":"&nbsp; Pap\u00edrov\u00fd obal na ara\u0161\u00eddy, pln\u011b recyklovateln\u00fd, vyroben\u00fd s ohledem na \u017eivotn\u00ed prost\u0159ed\u00ed a s c\u00edlem sn\u00ed\u017eit uhl\u00edkovou stopu. Pap\u00edrov\u00fd podklad byl zevnit\u0159 opat\u0159en ochrann\u00fdmi vrstvami (proti vod\u011b, tuku, vodn\u00ed p\u00e1\u0159e, kysl\u00edku a\u00a0 lak umo\u017e\u0148uj\u00edc\u00ed sva\u0159en\u00ed s\u00e1\u010dku), aby bylo dosa\u017eeno t\u011bsnosti a pln\u00e9 ochrany produktu uvnit\u0159. Tisk byl proveden barvami FlexiEco \u2013 \u0159ada vodou \u0159editeln\u00fdch [&hellip;]","og_url":"https:\/\/www.chespa.eu\/cs\/vyrobky\/sluzby\/innowacje\/peanuts\/","og_site_name":"Chespa - printing inks, clichees, cutting dies","article_modified_time":"2026-02-09T13:51:28+00:00","og_image":[{"width":1920,"height":295,"url":"https:\/\/www.chespa.eu\/wp-content\/uploads\/2022\/04\/nature-and-technology-.jpg","type":"image\/jpeg"}],"twitter_card":"summary_large_image","twitter_misc":{"Est. reading time":"5 minutes"},"schema":{"@context":"https:\/\/schema.org","@graph":[{"@type":"WebPage","@id":"https:\/\/www.chespa.eu\/cs\/vyrobky\/sluzby\/innowacje\/peanuts\/","url":"https:\/\/www.chespa.eu\/cs\/vyrobky\/sluzby\/innowacje\/peanuts\/","name":"OBAL PRO O\u0158\u00cd\u0160KY - Chespa - printing inks, clichees, cutting dies","isPartOf":{"@id":"https:\/\/www.chespa.eu\/#website"},"primaryImageOfPage":{"@id":"https:\/\/www.chespa.eu\/cs\/vyrobky\/sluzby\/innowacje\/peanuts\/#primaryimage"},"image":{"@id":"https:\/\/www.chespa.eu\/cs\/vyrobky\/sluzby\/innowacje\/peanuts\/#primaryimage"},"thumbnailUrl":"https:\/\/www.chespa.eu\/wp-content\/uploads\/2022\/04\/nature-and-technology-.jpg","datePublished":"2024-03-26T09:54:26+00:00","dateModified":"2026-02-09T13:51:28+00:00","breadcrumb":{"@id":"https:\/\/www.chespa.eu\/cs\/vyrobky\/sluzby\/innowacje\/peanuts\/#breadcrumb"},"inLanguage":"cs-CZ","potentialAction":[{"@type":"ReadAction","target":["https:\/\/www.chespa.eu\/cs\/vyrobky\/sluzby\/innowacje\/peanuts\/"]}]},{"@type":"ImageObject","inLanguage":"cs-CZ","@id":"https:\/\/www.chespa.eu\/cs\/vyrobky\/sluzby\/innowacje\/peanuts\/#primaryimage","url":"https:\/\/www.chespa.eu\/wp-content\/uploads\/2022\/04\/nature-and-technology-.jpg","contentUrl":"https:\/\/www.chespa.eu\/wp-content\/uploads\/2022\/04\/nature-and-technology-.jpg","width":1920,"height":295},{"@type":"BreadcrumbList","@id":"https:\/\/www.chespa.eu\/cs\/vyrobky\/sluzby\/innowacje\/peanuts\/#breadcrumb","itemListElement":[{"@type":"ListItem","position":1,"name":"Strona g\u0142\u00f3wna","item":"https:\/\/www.chespa.eu\/"},{"@type":"ListItem","position":2,"name":"V\u00fdrobky","item":"https:\/\/www.chespa.eu\/produkty\/"},{"@type":"ListItem","position":3,"name":"Slu\u017eby","item":"https:\/\/www.chespa.eu\/produkty\/uslugi\/"},{"@type":"ListItem","position":4,"name":"Innovations","item":"https:\/\/www.chespa.eu\/cs\/vyrobky\/sluzby\/innowacje\/"},{"@type":"ListItem","position":5,"name":"OBAL PRO O\u0158\u00cd\u0160KY"}]},{"@type":"WebSite","@id":"https:\/\/www.chespa.eu\/#website","url":"https:\/\/www.chespa.eu\/","name":"Chespa - printing inks, clichees, cutting dies","description":"","potentialAction":[{"@type":"SearchAction","target":{"@type":"EntryPoint","urlTemplate":"https:\/\/www.chespa.eu\/?s={search_term_string}"},"query-input":{"@type":"PropertyValueSpecification","valueRequired":true,"valueName":"search_term_string"}}],"inLanguage":"cs-CZ"}]}},"_links":{"self":[{"href":"https:\/\/www.chespa.eu\/cs\/wp-json\/wp\/v2\/pages\/17856","targetHints":{"allow":["GET"]}}],"collection":[{"href":"https:\/\/www.chespa.eu\/cs\/wp-json\/wp\/v2\/pages"}],"about":[{"href":"https:\/\/www.chespa.eu\/cs\/wp-json\/wp\/v2\/types\/page"}],"author":[{"embeddable":true,"href":"https:\/\/www.chespa.eu\/cs\/wp-json\/wp\/v2\/users\/2"}],"replies":[{"embeddable":true,"href":"https:\/\/www.chespa.eu\/cs\/wp-json\/wp\/v2\/comments?post=17856"}],"version-history":[{"count":7,"href":"https:\/\/www.chespa.eu\/cs\/wp-json\/wp\/v2\/pages\/17856\/revisions"}],"predecessor-version":[{"id":19373,"href":"https:\/\/www.chespa.eu\/cs\/wp-json\/wp\/v2\/pages\/17856\/revisions\/19373"}],"up":[{"embeddable":true,"href":"https:\/\/www.chespa.eu\/cs\/wp-json\/wp\/v2\/pages\/15178"}],"wp:featuredmedia":[{"embeddable":true,"href":"https:\/\/www.chespa.eu\/cs\/wp-json\/wp\/v2\/media\/15993"}],"wp:attachment":[{"href":"https:\/\/www.chespa.eu\/cs\/wp-json\/wp\/v2\/media?parent=17856"}],"curies":[{"name":"wp","href":"https:\/\/api.w.org\/{rel}","templated":true}]}}