{"id":15630,"date":"2021-03-10T11:27:08","date_gmt":"2021-03-10T10:27:08","guid":{"rendered":"https:\/\/www.chespa.eu\/farby-poliuretanowe\/"},"modified":"2025-09-12T10:47:21","modified_gmt":"2025-09-12T08:47:21","slug":"farby-poliuretanowe","status":"publish","type":"page","link":"https:\/\/www.chespa.eu\/cs\/vyrobky\/graficke-barvy\/farby-poliuretanowe\/","title":{"rendered":"Farby rozpuszczalnikowe poliuretanowe &#8220;PURE&#8221;"},"content":{"rendered":"<p>Seria farb rozpuszczalnikowych poliuretanowych do druku rewersowego laminacyjnego. W po\u0142\u0105czeniu z odpowiednimi klejami laminacyjnymi nadaj\u0105 si\u0119 do zadruku opakowa\u0144 poddawanych procesom sterylizacji i pasteryzacji zar\u00f3wno w druku fleksograficznym jak i rotograwiurowym. Zapewniaj\u0105 wysokie si\u0142y laminacji w r\u00f3\u017cnych strukturach laminacyjnych, w tym tak\u017ce poliestr\u00f3w z aluminium.<\/p>\n<p>&nbsp;<\/p>\n<p><strong><a dir=\"ltr\" title=\"Portal zam\u00f3wie\u0144\" href=\"https:\/\/orders.chespa.eu\/ISZ\/LogIn.aspx?ReturnUrl=%2fISZ%2fWebFormMain.aspx\" target=\"_self\" rel=\"noopener\" name=\"Portal zam\u00f3wie\u0144\">[Wej\u015bcie do portalu zam\u00f3wie\u0144 farb]<\/a><\/strong><\/p>\n","protected":false},"excerpt":{"rendered":"<p>Seria farb rozpuszczalnikowych poliuretanowych do druku rewersowego laminacyjnego. W po\u0142\u0105czeniu z odpowiednimi klejami laminacyjnymi nadaj\u0105 si\u0119 do zadruku opakowa\u0144 poddawanych procesom sterylizacji i pasteryzacji zar\u00f3wno w druku fleksograficznym jak i rotograwiurowym. Zapewniaj\u0105 wysokie si\u0142y laminacji w r\u00f3\u017cnych strukturach laminacyjnych, w tym tak\u017ce poliestr\u00f3w z aluminium. &nbsp; [Wej\u015bcie do portalu zam\u00f3wie\u0144 farb]<\/p>\n","protected":false},"author":2,"featured_media":15606,"parent":18789,"menu_order":0,"comment_status":"closed","ping_status":"closed","template":"","meta":{"_acf_changed":false,"footnotes":""},"class_list":["post-15630","page","type-page","status-publish","has-post-thumbnail","hentry"],"acf":[],"yoast_head":"<!-- This site is optimized with the Yoast SEO plugin v27.4 - https:\/\/yoast.com\/product\/yoast-seo-wordpress\/ -->\n<title>Farby rozpuszczalnikowe poliuretanowe &quot;PURE&quot; - Chespa - printing inks, clichees, cutting dies<\/title>\n<meta name=\"description\" content=\"Seria farb rozpuszczalnikowych poliuretanowych do druku rewersowego laminacyjnego. W po\u0142\u0105czeniu z odpowiednimi klejami laminacyjnymi nadaj\u0105 si\u0119 do zadruku opakowa\u0144 poddawanych procesom sterylizacji i pasteryzacji zar\u00f3wno w druku fleksograficznym jak i rotograwiurowym. Zapewniaj\u0105 wysokie si\u0142y laminacji w r\u00f3\u017cnych strukturach laminacyjnych, w tym tak\u017ce poliestr\u00f3w z aluminium.\" \/>\n<meta name=\"robots\" content=\"index, follow, max-snippet:-1, max-image-preview:large, max-video-preview:-1\" \/>\n<link rel=\"canonical\" href=\"https:\/\/www.chespa.eu\/cs\/farby-poliuretanowe\/\" \/>\n<meta property=\"og:locale\" content=\"cs_CZ\" \/>\n<meta property=\"og:type\" content=\"article\" \/>\n<meta property=\"og:title\" content=\"Farby rozpuszczalnikowe poliuretanowe &quot;PURE&quot; - Chespa - printing inks, clichees, cutting dies\" \/>\n<meta property=\"og:description\" content=\"Seria farb rozpuszczalnikowych poliuretanowych do druku rewersowego laminacyjnego. W po\u0142\u0105czeniu z odpowiednimi klejami laminacyjnymi nadaj\u0105 si\u0119 do zadruku opakowa\u0144 poddawanych procesom sterylizacji i pasteryzacji zar\u00f3wno w druku fleksograficznym jak i rotograwiurowym. Zapewniaj\u0105 wysokie si\u0142y laminacji w r\u00f3\u017cnych strukturach laminacyjnych, w tym tak\u017ce poliestr\u00f3w z aluminium.\" \/>\n<meta property=\"og:url\" content=\"https:\/\/www.chespa.eu\/cs\/farby-poliuretanowe\/\" \/>\n<meta property=\"og:site_name\" content=\"Chespa - printing inks, clichees, cutting dies\" \/>\n<meta property=\"article:modified_time\" content=\"2025-09-12T08:47:21+00:00\" \/>\n<meta property=\"og:image\" content=\"https:\/\/www.chespa.eu\/wp-content\/uploads\/2021\/08\/serie_pure.png\" \/>\n\t<meta property=\"og:image:width\" content=\"1920\" \/>\n\t<meta property=\"og:image:height\" content=\"295\" \/>\n\t<meta property=\"og:image:type\" content=\"image\/png\" \/>\n<meta name=\"twitter:card\" content=\"summary_large_image\" \/>\n<meta name=\"twitter:label1\" content=\"Est. reading time\" \/>\n\t<meta name=\"twitter:data1\" content=\"1 minute\" \/>\n<script type=\"application\/ld+json\" class=\"yoast-schema-graph\">{\"@context\":\"https:\\\/\\\/schema.org\",\"@graph\":[{\"@type\":\"WebPage\",\"@id\":\"https:\\\/\\\/www.chespa.eu\\\/cs\\\/farby-poliuretanowe\\\/\",\"url\":\"https:\\\/\\\/www.chespa.eu\\\/cs\\\/farby-poliuretanowe\\\/\",\"name\":\"Farby rozpuszczalnikowe poliuretanowe \\\"PURE\\\" - Chespa - printing inks, clichees, cutting dies\",\"isPartOf\":{\"@id\":\"https:\\\/\\\/www.chespa.eu\\\/#website\"},\"primaryImageOfPage\":{\"@id\":\"https:\\\/\\\/www.chespa.eu\\\/cs\\\/farby-poliuretanowe\\\/#primaryimage\"},\"image\":{\"@id\":\"https:\\\/\\\/www.chespa.eu\\\/cs\\\/farby-poliuretanowe\\\/#primaryimage\"},\"thumbnailUrl\":\"https:\\\/\\\/www.chespa.eu\\\/wp-content\\\/uploads\\\/2021\\\/08\\\/serie_pure.png\",\"datePublished\":\"2021-03-10T10:27:08+00:00\",\"dateModified\":\"2025-09-12T08:47:21+00:00\",\"description\":\"Seria farb rozpuszczalnikowych poliuretanowych do druku rewersowego laminacyjnego. W po\u0142\u0105czeniu z odpowiednimi klejami laminacyjnymi nadaj\u0105 si\u0119 do zadruku opakowa\u0144 poddawanych procesom sterylizacji i pasteryzacji zar\u00f3wno w druku fleksograficznym jak i rotograwiurowym. Zapewniaj\u0105 wysokie si\u0142y laminacji w r\u00f3\u017cnych strukturach laminacyjnych, w tym tak\u017ce poliestr\u00f3w z aluminium.\",\"breadcrumb\":{\"@id\":\"https:\\\/\\\/www.chespa.eu\\\/cs\\\/farby-poliuretanowe\\\/#breadcrumb\"},\"inLanguage\":\"cs-CZ\",\"potentialAction\":[{\"@type\":\"ReadAction\",\"target\":[\"https:\\\/\\\/www.chespa.eu\\\/cs\\\/farby-poliuretanowe\\\/\"]}]},{\"@type\":\"ImageObject\",\"inLanguage\":\"cs-CZ\",\"@id\":\"https:\\\/\\\/www.chespa.eu\\\/cs\\\/farby-poliuretanowe\\\/#primaryimage\",\"url\":\"https:\\\/\\\/www.chespa.eu\\\/wp-content\\\/uploads\\\/2021\\\/08\\\/serie_pure.png\",\"contentUrl\":\"https:\\\/\\\/www.chespa.eu\\\/wp-content\\\/uploads\\\/2021\\\/08\\\/serie_pure.png\",\"width\":1920,\"height\":295},{\"@type\":\"BreadcrumbList\",\"@id\":\"https:\\\/\\\/www.chespa.eu\\\/cs\\\/farby-poliuretanowe\\\/#breadcrumb\",\"itemListElement\":[{\"@type\":\"ListItem\",\"position\":1,\"name\":\"Strona g\u0142\u00f3wna\",\"item\":\"https:\\\/\\\/www.chespa.eu\\\/\"},{\"@type\":\"ListItem\",\"position\":2,\"name\":\"Farby rozpuszczalnikowe poliuretanowe &#8222;PURE&#8221;\"}]},{\"@type\":\"WebSite\",\"@id\":\"https:\\\/\\\/www.chespa.eu\\\/#website\",\"url\":\"https:\\\/\\\/www.chespa.eu\\\/\",\"name\":\"Chespa - printing inks, clichees, cutting dies\",\"description\":\"\",\"potentialAction\":[{\"@type\":\"SearchAction\",\"target\":{\"@type\":\"EntryPoint\",\"urlTemplate\":\"https:\\\/\\\/www.chespa.eu\\\/?s={search_term_string}\"},\"query-input\":{\"@type\":\"PropertyValueSpecification\",\"valueRequired\":true,\"valueName\":\"search_term_string\"}}],\"inLanguage\":\"cs-CZ\"}]}<\/script>\n<!-- \/ Yoast SEO plugin. -->","yoast_head_json":{"title":"Farby rozpuszczalnikowe poliuretanowe \"PURE\" - Chespa - printing inks, clichees, cutting dies","description":"Seria farb rozpuszczalnikowych poliuretanowych do druku rewersowego laminacyjnego. W po\u0142\u0105czeniu z odpowiednimi klejami laminacyjnymi nadaj\u0105 si\u0119 do zadruku opakowa\u0144 poddawanych procesom sterylizacji i pasteryzacji zar\u00f3wno w druku fleksograficznym jak i rotograwiurowym. Zapewniaj\u0105 wysokie si\u0142y laminacji w r\u00f3\u017cnych strukturach laminacyjnych, w tym tak\u017ce poliestr\u00f3w z aluminium.","robots":{"index":"index","follow":"follow","max-snippet":"max-snippet:-1","max-image-preview":"max-image-preview:large","max-video-preview":"max-video-preview:-1"},"canonical":"https:\/\/www.chespa.eu\/cs\/farby-poliuretanowe\/","og_locale":"cs_CZ","og_type":"article","og_title":"Farby rozpuszczalnikowe poliuretanowe \"PURE\" - Chespa - printing inks, clichees, cutting dies","og_description":"Seria farb rozpuszczalnikowych poliuretanowych do druku rewersowego laminacyjnego. W po\u0142\u0105czeniu z odpowiednimi klejami laminacyjnymi nadaj\u0105 si\u0119 do zadruku opakowa\u0144 poddawanych procesom sterylizacji i pasteryzacji zar\u00f3wno w druku fleksograficznym jak i rotograwiurowym. Zapewniaj\u0105 wysokie si\u0142y laminacji w r\u00f3\u017cnych strukturach laminacyjnych, w tym tak\u017ce poliestr\u00f3w z aluminium.","og_url":"https:\/\/www.chespa.eu\/cs\/farby-poliuretanowe\/","og_site_name":"Chespa - printing inks, clichees, cutting dies","article_modified_time":"2025-09-12T08:47:21+00:00","og_image":[{"width":1920,"height":295,"url":"https:\/\/www.chespa.eu\/wp-content\/uploads\/2021\/08\/serie_pure.png","type":"image\/png"}],"twitter_card":"summary_large_image","twitter_misc":{"Est. reading time":"1 minute"},"schema":{"@context":"https:\/\/schema.org","@graph":[{"@type":"WebPage","@id":"https:\/\/www.chespa.eu\/cs\/farby-poliuretanowe\/","url":"https:\/\/www.chespa.eu\/cs\/farby-poliuretanowe\/","name":"Farby rozpuszczalnikowe poliuretanowe \"PURE\" - Chespa - printing inks, clichees, cutting dies","isPartOf":{"@id":"https:\/\/www.chespa.eu\/#website"},"primaryImageOfPage":{"@id":"https:\/\/www.chespa.eu\/cs\/farby-poliuretanowe\/#primaryimage"},"image":{"@id":"https:\/\/www.chespa.eu\/cs\/farby-poliuretanowe\/#primaryimage"},"thumbnailUrl":"https:\/\/www.chespa.eu\/wp-content\/uploads\/2021\/08\/serie_pure.png","datePublished":"2021-03-10T10:27:08+00:00","dateModified":"2025-09-12T08:47:21+00:00","description":"Seria farb rozpuszczalnikowych poliuretanowych do druku rewersowego laminacyjnego. W po\u0142\u0105czeniu z odpowiednimi klejami laminacyjnymi nadaj\u0105 si\u0119 do zadruku opakowa\u0144 poddawanych procesom sterylizacji i pasteryzacji zar\u00f3wno w druku fleksograficznym jak i rotograwiurowym. Zapewniaj\u0105 wysokie si\u0142y laminacji w r\u00f3\u017cnych strukturach laminacyjnych, w tym tak\u017ce poliestr\u00f3w z aluminium.","breadcrumb":{"@id":"https:\/\/www.chespa.eu\/cs\/farby-poliuretanowe\/#breadcrumb"},"inLanguage":"cs-CZ","potentialAction":[{"@type":"ReadAction","target":["https:\/\/www.chespa.eu\/cs\/farby-poliuretanowe\/"]}]},{"@type":"ImageObject","inLanguage":"cs-CZ","@id":"https:\/\/www.chespa.eu\/cs\/farby-poliuretanowe\/#primaryimage","url":"https:\/\/www.chespa.eu\/wp-content\/uploads\/2021\/08\/serie_pure.png","contentUrl":"https:\/\/www.chespa.eu\/wp-content\/uploads\/2021\/08\/serie_pure.png","width":1920,"height":295},{"@type":"BreadcrumbList","@id":"https:\/\/www.chespa.eu\/cs\/farby-poliuretanowe\/#breadcrumb","itemListElement":[{"@type":"ListItem","position":1,"name":"Strona g\u0142\u00f3wna","item":"https:\/\/www.chespa.eu\/"},{"@type":"ListItem","position":2,"name":"Farby rozpuszczalnikowe poliuretanowe &#8222;PURE&#8221;"}]},{"@type":"WebSite","@id":"https:\/\/www.chespa.eu\/#website","url":"https:\/\/www.chespa.eu\/","name":"Chespa - printing inks, clichees, cutting dies","description":"","potentialAction":[{"@type":"SearchAction","target":{"@type":"EntryPoint","urlTemplate":"https:\/\/www.chespa.eu\/?s={search_term_string}"},"query-input":{"@type":"PropertyValueSpecification","valueRequired":true,"valueName":"search_term_string"}}],"inLanguage":"cs-CZ"}]}},"_links":{"self":[{"href":"https:\/\/www.chespa.eu\/cs\/wp-json\/wp\/v2\/pages\/15630","targetHints":{"allow":["GET"]}}],"collection":[{"href":"https:\/\/www.chespa.eu\/cs\/wp-json\/wp\/v2\/pages"}],"about":[{"href":"https:\/\/www.chespa.eu\/cs\/wp-json\/wp\/v2\/types\/page"}],"author":[{"embeddable":true,"href":"https:\/\/www.chespa.eu\/cs\/wp-json\/wp\/v2\/users\/2"}],"replies":[{"embeddable":true,"href":"https:\/\/www.chespa.eu\/cs\/wp-json\/wp\/v2\/comments?post=15630"}],"version-history":[{"count":2,"href":"https:\/\/www.chespa.eu\/cs\/wp-json\/wp\/v2\/pages\/15630\/revisions"}],"predecessor-version":[{"id":16823,"href":"https:\/\/www.chespa.eu\/cs\/wp-json\/wp\/v2\/pages\/15630\/revisions\/16823"}],"up":[{"embeddable":true,"href":"https:\/\/www.chespa.eu\/cs\/wp-json\/wp\/v2\/pages\/18789"}],"wp:featuredmedia":[{"embeddable":true,"href":"https:\/\/www.chespa.eu\/cs\/wp-json\/wp\/v2\/media\/15606"}],"wp:attachment":[{"href":"https:\/\/www.chespa.eu\/cs\/wp-json\/wp\/v2\/media?parent=15630"}],"curies":[{"name":"wp","href":"https:\/\/api.w.org\/{rel}","templated":true}]}}