{"id":15515,"date":"2015-12-04T13:38:41","date_gmt":"2015-12-04T12:38:41","guid":{"rendered":"https:\/\/www.chespa.eu\/cdc-2\/"},"modified":"2023-03-17T10:45:31","modified_gmt":"2023-03-17T09:45:31","slug":"cdc","status":"publish","type":"page","link":"https:\/\/www.chespa.eu\/cs\/vyrobky\/fotopolymerove-stocky\/cdc\/","title":{"rendered":"CDC"},"content":{"rendered":"<p>Chespa Design Center zaji\u0161\u0165uje prost\u0159ednictv\u00edm internetu pohodlnou a bezpe\u010dnou komunikaci\u00a0 se z\u00e1kazn\u00edkem, tisk\u00e1rnou, designerem a odb\u011bratelem obalu. D\u00edky CDC syst\u00e9mu jsou projekty prezentov\u00e1ny, kontrolov\u00e1ny a hodnoceny opr\u00e1vn\u011bn\u00fdmi osobami, kter\u00e9 maj\u00ed mo\u017enost prohl\u00ed\u017eet si grafiky, ukl\u00e1dat koment\u00e1\u0159e, akceptovat nebo odm\u00edtnout projekt. Ka\u017ed\u00e1 f\u00e1ze procesu je automaticky registrovan\u00e1 v podob\u011b e-mailov\u00fdch zpr\u00e1v.<br \/>\nK nejv\u011bt\u0161\u00edm p\u0159ednostem CDC syst\u00e9mu pat\u0159\u00ed mo\u017enost zav\u00e1d\u011bt zm\u011bny, omezit p\u0159\u00edpadn\u00e9 nedorozum\u011bn\u00ed mezi z\u00e1kazn\u00edkem a grafikem, zkr\u00e1tit \u010das o\u010dek\u00e1v\u00e1n\u00ed na data ke schv\u00e1len\u00ed, mo\u017enost prohl\u00ed\u017eet si sv\u00e9 projekty a zobrazovat art pro, .tif a .pdf soubory bez dodate\u010dn\u00e9ho softwaru (podm\u00ednkou je p\u0159\u00edstup k internetu a internetov\u00e9mu prohl\u00ed\u017ee\u010di), mo\u017enost prov\u011b\u0159ov\u00e1n\u00ed barevn\u00fdch separac\u00ed a n\u00e1hledu % hodnoty barev.<\/p>\n<p>&nbsp;<\/p>\n<div><\/div>\n<div><\/div>\n<div><a href=\"https:\/\/cdc.chespa.eu\/pl\/\">LOGIN<\/a><\/div>\n<div><\/div>\n<div><\/div>\n<div><a href=\"https:\/\/cdc.chespa.com.pl\/pl\/login.jsp%3bjsessionid=163DDD7E0F5D3B3CD181695319E5142E?urlwanted=http%3A%2F%2Fcdc.chespa.com.pl%2Fpl%2Fhome.jsp\"><img loading=\"lazy\" decoding=\"async\" class=\"alignnone size-full wp-image-237\" src=\"https:\/\/chespa.eu\/wp-content\/uploads\/2016\/02\/342_m.jpeg\" alt=\"342_m\" width=\"90\" height=\"90\" \/> <img loading=\"lazy\" decoding=\"async\" class=\"alignnone size-full wp-image-236\" src=\"https:\/\/chespa.eu\/wp-content\/uploads\/2016\/02\/343_m.jpeg\" alt=\"343_m\" width=\"90\" height=\"90\" \/> <img loading=\"lazy\" decoding=\"async\" class=\"alignnone size-medium wp-image-235\" src=\"https:\/\/chespa.eu\/wp-content\/uploads\/2016\/02\/344_m.jpeg\" alt=\"344_m\" width=\"90\" height=\"90\" \/> <img loading=\"lazy\" decoding=\"async\" class=\"alignnone size-medium wp-image-234\" src=\"https:\/\/chespa.eu\/wp-content\/uploads\/2016\/02\/345_m.jpeg\" alt=\"345_m\" width=\"90\" height=\"90\" \/> <img loading=\"lazy\" decoding=\"async\" class=\"alignnone size-medium wp-image-233\" src=\"https:\/\/chespa.eu\/wp-content\/uploads\/2016\/02\/346_m.jpeg\" alt=\"346_m\" width=\"90\" height=\"90\" \/> <img loading=\"lazy\" decoding=\"async\" class=\"alignnone size-medium wp-image-232\" src=\"https:\/\/chespa.eu\/wp-content\/uploads\/2016\/02\/347_m.jpeg\" alt=\"347_m\" width=\"90\" height=\"90\" \/> <img loading=\"lazy\" decoding=\"async\" class=\"alignnone size-full wp-image-231\" src=\"https:\/\/chespa.eu\/wp-content\/uploads\/2016\/02\/348_m.jpeg\" alt=\"348_m\" width=\"90\" height=\"90\" \/><\/a><\/div>\n<p>&nbsp;<\/p>\n","protected":false},"excerpt":{"rendered":"<p>Chespa Design Center zaji\u0161\u0165uje prost\u0159ednictv\u00edm internetu pohodlnou a bezpe\u010dnou komunikaci\u00a0 se z\u00e1kazn\u00edkem, tisk\u00e1rnou, designerem a odb\u011bratelem obalu. D\u00edky CDC syst\u00e9mu jsou projekty prezentov\u00e1ny, kontrolov\u00e1ny a hodnoceny opr\u00e1vn\u011bn\u00fdmi osobami, kter\u00e9 maj\u00ed mo\u017enost prohl\u00ed\u017eet si grafiky, ukl\u00e1dat koment\u00e1\u0159e, akceptovat nebo odm\u00edtnout projekt. Ka\u017ed\u00e1 f\u00e1ze procesu je automaticky registrovan\u00e1 v podob\u011b e-mailov\u00fdch zpr\u00e1v. K nejv\u011bt\u0161\u00edm p\u0159ednostem CDC syst\u00e9mu [&hellip;]<\/p>\n","protected":false},"author":6,"featured_media":10082,"parent":18794,"menu_order":0,"comment_status":"closed","ping_status":"closed","template":"","meta":{"_acf_changed":false,"footnotes":""},"class_list":["post-15515","page","type-page","status-publish","has-post-thumbnail","hentry"],"acf":[],"yoast_head":"<!-- This site is optimized with the Yoast SEO plugin v27.3 - https:\/\/yoast.com\/product\/yoast-seo-wordpress\/ -->\n<title>CDC - Chespa - printing inks, clichees, cutting dies<\/title>\n<meta name=\"robots\" content=\"index, follow, max-snippet:-1, max-image-preview:large, max-video-preview:-1\" \/>\n<link rel=\"canonical\" href=\"https:\/\/www.chespa.eu\/cs\/cdc\/\" \/>\n<meta property=\"og:locale\" content=\"cs_CZ\" \/>\n<meta property=\"og:type\" content=\"article\" \/>\n<meta property=\"og:title\" content=\"CDC - Chespa - printing inks, clichees, cutting dies\" \/>\n<meta property=\"og:description\" content=\"Chespa Design Center zaji\u0161\u0165uje prost\u0159ednictv\u00edm internetu pohodlnou a bezpe\u010dnou komunikaci\u00a0 se z\u00e1kazn\u00edkem, tisk\u00e1rnou, designerem a odb\u011bratelem obalu. D\u00edky CDC syst\u00e9mu jsou projekty prezentov\u00e1ny, kontrolov\u00e1ny a hodnoceny opr\u00e1vn\u011bn\u00fdmi osobami, kter\u00e9 maj\u00ed mo\u017enost prohl\u00ed\u017eet si grafiky, ukl\u00e1dat koment\u00e1\u0159e, akceptovat nebo odm\u00edtnout projekt. Ka\u017ed\u00e1 f\u00e1ze procesu je automaticky registrovan\u00e1 v podob\u011b e-mailov\u00fdch zpr\u00e1v. K nejv\u011bt\u0161\u00edm p\u0159ednostem CDC syst\u00e9mu [&hellip;]\" \/>\n<meta property=\"og:url\" content=\"https:\/\/www.chespa.eu\/cs\/cdc\/\" \/>\n<meta property=\"og:site_name\" content=\"Chespa - printing inks, clichees, cutting dies\" \/>\n<meta property=\"article:modified_time\" content=\"2023-03-17T09:45:31+00:00\" \/>\n<meta property=\"og:image\" content=\"https:\/\/www.chespa.eu\/wp-content\/uploads\/2016\/11\/cdc.png\" \/>\n\t<meta property=\"og:image:width\" content=\"1920\" \/>\n\t<meta property=\"og:image:height\" content=\"295\" \/>\n\t<meta property=\"og:image:type\" content=\"image\/png\" \/>\n<meta name=\"twitter:card\" content=\"summary_large_image\" \/>\n<meta name=\"twitter:label1\" content=\"Est. reading time\" \/>\n\t<meta name=\"twitter:data1\" content=\"3 minutes\" \/>\n<script type=\"application\/ld+json\" class=\"yoast-schema-graph\">{\"@context\":\"https:\\\/\\\/schema.org\",\"@graph\":[{\"@type\":\"WebPage\",\"@id\":\"https:\\\/\\\/www.chespa.eu\\\/cs\\\/cdc\\\/\",\"url\":\"https:\\\/\\\/www.chespa.eu\\\/cs\\\/cdc\\\/\",\"name\":\"CDC - Chespa - printing inks, clichees, cutting dies\",\"isPartOf\":{\"@id\":\"https:\\\/\\\/www.chespa.eu\\\/#website\"},\"primaryImageOfPage\":{\"@id\":\"https:\\\/\\\/www.chespa.eu\\\/cs\\\/cdc\\\/#primaryimage\"},\"image\":{\"@id\":\"https:\\\/\\\/www.chespa.eu\\\/cs\\\/cdc\\\/#primaryimage\"},\"thumbnailUrl\":\"https:\\\/\\\/www.chespa.eu\\\/wp-content\\\/uploads\\\/2016\\\/11\\\/cdc.png\",\"datePublished\":\"2015-12-04T12:38:41+00:00\",\"dateModified\":\"2023-03-17T09:45:31+00:00\",\"breadcrumb\":{\"@id\":\"https:\\\/\\\/www.chespa.eu\\\/cs\\\/cdc\\\/#breadcrumb\"},\"inLanguage\":\"cs-CZ\",\"potentialAction\":[{\"@type\":\"ReadAction\",\"target\":[\"https:\\\/\\\/www.chespa.eu\\\/cs\\\/cdc\\\/\"]}]},{\"@type\":\"ImageObject\",\"inLanguage\":\"cs-CZ\",\"@id\":\"https:\\\/\\\/www.chespa.eu\\\/cs\\\/cdc\\\/#primaryimage\",\"url\":\"https:\\\/\\\/www.chespa.eu\\\/wp-content\\\/uploads\\\/2016\\\/11\\\/cdc.png\",\"contentUrl\":\"https:\\\/\\\/www.chespa.eu\\\/wp-content\\\/uploads\\\/2016\\\/11\\\/cdc.png\",\"width\":1920,\"height\":295},{\"@type\":\"BreadcrumbList\",\"@id\":\"https:\\\/\\\/www.chespa.eu\\\/cs\\\/cdc\\\/#breadcrumb\",\"itemListElement\":[{\"@type\":\"ListItem\",\"position\":1,\"name\":\"Strona g\u0142\u00f3wna\",\"item\":\"https:\\\/\\\/www.chespa.eu\\\/\"},{\"@type\":\"ListItem\",\"position\":2,\"name\":\"CDC\"}]},{\"@type\":\"WebSite\",\"@id\":\"https:\\\/\\\/www.chespa.eu\\\/#website\",\"url\":\"https:\\\/\\\/www.chespa.eu\\\/\",\"name\":\"Chespa - printing inks, clichees, cutting dies\",\"description\":\"\",\"potentialAction\":[{\"@type\":\"SearchAction\",\"target\":{\"@type\":\"EntryPoint\",\"urlTemplate\":\"https:\\\/\\\/www.chespa.eu\\\/?s={search_term_string}\"},\"query-input\":{\"@type\":\"PropertyValueSpecification\",\"valueRequired\":true,\"valueName\":\"search_term_string\"}}],\"inLanguage\":\"cs-CZ\"}]}<\/script>\n<!-- \/ Yoast SEO plugin. -->","yoast_head_json":{"title":"CDC - Chespa - printing inks, clichees, cutting dies","robots":{"index":"index","follow":"follow","max-snippet":"max-snippet:-1","max-image-preview":"max-image-preview:large","max-video-preview":"max-video-preview:-1"},"canonical":"https:\/\/www.chespa.eu\/cs\/cdc\/","og_locale":"cs_CZ","og_type":"article","og_title":"CDC - Chespa - printing inks, clichees, cutting dies","og_description":"Chespa Design Center zaji\u0161\u0165uje prost\u0159ednictv\u00edm internetu pohodlnou a bezpe\u010dnou komunikaci\u00a0 se z\u00e1kazn\u00edkem, tisk\u00e1rnou, designerem a odb\u011bratelem obalu. D\u00edky CDC syst\u00e9mu jsou projekty prezentov\u00e1ny, kontrolov\u00e1ny a hodnoceny opr\u00e1vn\u011bn\u00fdmi osobami, kter\u00e9 maj\u00ed mo\u017enost prohl\u00ed\u017eet si grafiky, ukl\u00e1dat koment\u00e1\u0159e, akceptovat nebo odm\u00edtnout projekt. Ka\u017ed\u00e1 f\u00e1ze procesu je automaticky registrovan\u00e1 v podob\u011b e-mailov\u00fdch zpr\u00e1v. K nejv\u011bt\u0161\u00edm p\u0159ednostem CDC syst\u00e9mu [&hellip;]","og_url":"https:\/\/www.chespa.eu\/cs\/cdc\/","og_site_name":"Chespa - printing inks, clichees, cutting dies","article_modified_time":"2023-03-17T09:45:31+00:00","og_image":[{"width":1920,"height":295,"url":"https:\/\/www.chespa.eu\/wp-content\/uploads\/2016\/11\/cdc.png","type":"image\/png"}],"twitter_card":"summary_large_image","twitter_misc":{"Est. reading time":"3 minutes"},"schema":{"@context":"https:\/\/schema.org","@graph":[{"@type":"WebPage","@id":"https:\/\/www.chespa.eu\/cs\/cdc\/","url":"https:\/\/www.chespa.eu\/cs\/cdc\/","name":"CDC - Chespa - printing inks, clichees, cutting dies","isPartOf":{"@id":"https:\/\/www.chespa.eu\/#website"},"primaryImageOfPage":{"@id":"https:\/\/www.chespa.eu\/cs\/cdc\/#primaryimage"},"image":{"@id":"https:\/\/www.chespa.eu\/cs\/cdc\/#primaryimage"},"thumbnailUrl":"https:\/\/www.chespa.eu\/wp-content\/uploads\/2016\/11\/cdc.png","datePublished":"2015-12-04T12:38:41+00:00","dateModified":"2023-03-17T09:45:31+00:00","breadcrumb":{"@id":"https:\/\/www.chespa.eu\/cs\/cdc\/#breadcrumb"},"inLanguage":"cs-CZ","potentialAction":[{"@type":"ReadAction","target":["https:\/\/www.chespa.eu\/cs\/cdc\/"]}]},{"@type":"ImageObject","inLanguage":"cs-CZ","@id":"https:\/\/www.chespa.eu\/cs\/cdc\/#primaryimage","url":"https:\/\/www.chespa.eu\/wp-content\/uploads\/2016\/11\/cdc.png","contentUrl":"https:\/\/www.chespa.eu\/wp-content\/uploads\/2016\/11\/cdc.png","width":1920,"height":295},{"@type":"BreadcrumbList","@id":"https:\/\/www.chespa.eu\/cs\/cdc\/#breadcrumb","itemListElement":[{"@type":"ListItem","position":1,"name":"Strona g\u0142\u00f3wna","item":"https:\/\/www.chespa.eu\/"},{"@type":"ListItem","position":2,"name":"CDC"}]},{"@type":"WebSite","@id":"https:\/\/www.chespa.eu\/#website","url":"https:\/\/www.chespa.eu\/","name":"Chespa - printing inks, clichees, cutting dies","description":"","potentialAction":[{"@type":"SearchAction","target":{"@type":"EntryPoint","urlTemplate":"https:\/\/www.chespa.eu\/?s={search_term_string}"},"query-input":{"@type":"PropertyValueSpecification","valueRequired":true,"valueName":"search_term_string"}}],"inLanguage":"cs-CZ"}]}},"_links":{"self":[{"href":"https:\/\/www.chespa.eu\/cs\/wp-json\/wp\/v2\/pages\/15515","targetHints":{"allow":["GET"]}}],"collection":[{"href":"https:\/\/www.chespa.eu\/cs\/wp-json\/wp\/v2\/pages"}],"about":[{"href":"https:\/\/www.chespa.eu\/cs\/wp-json\/wp\/v2\/types\/page"}],"author":[{"embeddable":true,"href":"https:\/\/www.chespa.eu\/cs\/wp-json\/wp\/v2\/users\/6"}],"replies":[{"embeddable":true,"href":"https:\/\/www.chespa.eu\/cs\/wp-json\/wp\/v2\/comments?post=15515"}],"version-history":[{"count":10,"href":"https:\/\/www.chespa.eu\/cs\/wp-json\/wp\/v2\/pages\/15515\/revisions"}],"predecessor-version":[{"id":15924,"href":"https:\/\/www.chespa.eu\/cs\/wp-json\/wp\/v2\/pages\/15515\/revisions\/15924"}],"up":[{"embeddable":true,"href":"https:\/\/www.chespa.eu\/cs\/wp-json\/wp\/v2\/pages\/18794"}],"wp:featuredmedia":[{"embeddable":true,"href":"https:\/\/www.chespa.eu\/cs\/wp-json\/wp\/v2\/media\/10082"}],"wp:attachment":[{"href":"https:\/\/www.chespa.eu\/cs\/wp-json\/wp\/v2\/media?parent=15515"}],"curies":[{"name":"wp","href":"https:\/\/api.w.org\/{rel}","templated":true}]}}