{"id":15502,"date":"2021-07-20T12:42:41","date_gmt":"2021-07-20T10:42:41","guid":{"rendered":"https:\/\/www.chespa.eu\/?page_id=15502"},"modified":"2022-11-08T14:42:33","modified_gmt":"2022-11-08T13:42:33","slug":"15502-2","status":"publish","type":"page","link":"https:\/\/www.chespa.eu\/cs\/15502-2\/","title":{"rendered":"Kdo jsme"},"content":{"rendered":"<p>Nejvy\u0161\u0161\u00ed kvalita, kterou nab\u00edz\u00edme z\u00e1kazn\u00edk\u016fm, je cesta k realizaci na\u0161\u00ed strategie v\u00fdvoje.<\/p>\n<p>Dynamika v\u00fdvoje skupiny CHESPA sou\u010dasn\u011b odr\u00e1\u017e\u00ed v\u00fdvoj modern\u00edch technologi\u00ed. <span id=\"result_box\" lang=\"cs\">Ji\u017e v\u00edce ne\u017e 30 let se mal\u00e1 m\u00edstn\u00ed spole\u010dnost rozvinula do velk\u00e9 mezin\u00e1rodn\u00ed skupiny, kter\u00e1 je prezentov\u00e1na prost\u0159ednictv\u00edm pobo\u010dek a kancel\u00e1\u0159\u00ed ve v\u011bt\u0161in\u011b Evropy a sv\u011bta.<\/span> Kvalita a spolehlivost spole\u010dnosti Chespa si zaslou\u017eila d\u016fv\u011bru velk\u00fdch mezin\u00e1rodn\u00edch firem, d\u00edky \u010demu se Chespa stala jejich hlavn\u00edm dodavatelem v mnoha podnic\u00edch na sv\u011bt\u011b.<\/p>\n<p>&nbsp;<\/p>\n<p>Rozsah v\u00fdrobk\u016f a slu\u017eeb poskytovan\u00fdch spole\u010dnost\u00ed Chespa obsahuje grafick\u00e9 barvy, fotopolymerov\u00e9 \u0161to\u010dky, plo\u0161n\u00e9 a rota\u010dn\u00ed v\u00fdsekov\u00e9 n\u00e1stroje, grafick\u00e9 zpracov\u00e1n\u00ed a p\u0159\u00edpravu tiskov\u00fdch dat.<\/p>\n<p>\u0160irok\u00fd sortiment grafick\u00fdch barev a lak\u016f zahrnuje vodou \u0159editeln\u00e9 barvy, rozpou\u0161t\u011bdlov\u00e9 barvy k flexotisku, hlubotisku, k ofsetu a digit\u00e1ln\u00edmu tisku. Barvy lze pou\u017eit k r\u016fzn\u00fdm druh\u016fm substr\u00e1t\u016f \u2013 na vlnitou lepenku, hladkou lepenku, na pota\u017een\u00fd a nepota\u017een\u00fd pap\u00edr, tissue, ob\u00e1lky, pytle, s\u00e1\u010dky, etikety, hlin\u00edkovou f\u00f3lii, ve\u0161ker\u00e9 f\u00f3lie E, PP, PET, PVC. V\u00fdroba barev je pe\u010dliv\u011b dohl\u00ed\u017eena analytickou zku\u0161ebn\u00ed laborato\u0159\u00ed. V dne\u0161n\u00ed dob\u011b se p\u0159i v\u00fdrob\u011b tiskov\u00fdch barev ve v\u011bt\u0161\u00ed m\u00ed\u0159e uplat\u0148uj\u00ed tak\u00e9 suroviny z obnoviteln\u00fdch zdroj\u016f, kter\u00e9 mohou \u00fasp\u011b\u0161n\u011b nahradit tradi\u010dn\u00ed slo\u017eky barev, v\u010detn\u011b polymern\u00edch pojiv, rozpou\u0161t\u011bdel, nebo r\u016fzn\u00fdch p\u0159\u00edsad.<br \/>\nV\u00fdsledkem na\u0161eho proekologick\u00e9ho \u00fasil\u00ed jsou biologicky odbourateln\u00e9 produkty a tak\u00e9 inkousty vyroben\u00e9 z obnoviteln\u00fdch surovin.<\/p>\n<p>Spole\u010dnost Chespa pomoc\u00ed modern\u00edch technologi\u00ed vyr\u00e1b\u00ed tiskov\u00e9 formy dle individu\u00e1ln\u00edch po\u017eadavk\u016f tisk\u00e1rny s ohledem na p\u0159\u00edslu\u0161n\u00fd syst\u00e9m tiska\u0159sk\u00fdch za\u0159\u00edzen\u00ed, techniku rastrov\u00e1n\u00ed a druhy \u0161to\u010dk\u016f. Jsme pr\u016fkopn\u00edci, pokud jde o HD-Flexo technologii, je\u017e umo\u017e\u0148uje zv\u00fd\u0161en\u00ed kvality flexotisku jako u hlubotisku a ofsetu. Zavedli jsme Syst\u00e9m spr\u00e1vy barev, v jeho\u017e r\u00e1mci m\u00e1me k dispozici t\u0159i technologie ploch\u00e9ho tiskov\u00e9ho bodu na fotopolymeru.<\/p>\n<p>Podporujeme 7C Syst\u00e9m (sedmibarevn\u00fd syst\u00e9m barev a tiskov\u00fdch forem), kter\u00fd umo\u017e\u0148uje z\u00edskat \u0161ir\u0161\u00ed gram\u00e1\u017e barev b\u011bhem mnohobarevn\u00e9ho tisku. 7C Syst\u00e9m najde uplatn\u011bn\u00ed v pr\u016fb\u011bhu v\u00fdroby s\u00e9ri\u00ed produkt\u016f se stejnou grafickou \u00fapravou, ve verz\u00edch s nap\u0159. r\u016fzn\u00fdmi p\u0159\u00edchut\u011bmi. D\u00edky technologii MULTICOLOR tiskneme celek pomoc\u00ed jedn\u00e9 sady barev s roz\u0161\u00ed\u0159enou barevnou paletou, co\u017e je velmi v\u00fdhodn\u00e9 \u0159e\u0161en\u00ed ve srovn\u00e1n\u00ed s tradi\u010dn\u00edm procesem.<\/p>\n<p>&nbsp;<\/p>\n<p>Nab\u00eddka spole\u010dnosti Chespa obsahuje tak\u00e9 v\u00fdrobu v\u00fdsekov\u00fdch n\u00e1stroj\u016f. Jedn\u00e1 se o plo\u0161n\u00e9 v\u00fdsekov\u00e9 n\u00e1stroje (maxim\u00e1ln\u00ed form\u00e1t jedn\u00e9 p\u0159ekli\u017eky \u010din\u00ed 3000x1500mm, jsou dostupn\u00e9 v\u011bt\u0161\u00ed form\u00e1ty d\u00edky spojov\u00e1n\u00ed p\u0159ekli\u017eek) a rota\u010dn\u00ed v\u00fdsekov\u00e9 n\u00e1stroje (pr\u016fm\u011br od 174mm a\u017e do 690mm). V\u00fdsekov\u00e9 n\u00e1stroje se syst\u00e9mem \u010dist\u00edc\u00edch v\u00fdlup\u016f mohou b\u00fdt zhotoveny v syst\u00e9mu konven\u010dn\u00edm nebo dynamick\u00e9m. Pou\u017e\u00edv\u00e1me do sestav v\u00fdlup\u016f syst\u00e9my StripClip, Tele Spring a syst\u00e9m FLY. D\u00e1le nab\u00edz\u00edme kovov\u00e9 fr\u00e9zovan\u00e9 spodn\u00ed p\u0159\u00edpravy a pertinaxov\u00e9 spodn\u00ed p\u0159\u00edpravy. Sekce d\u011blen\u00ed u\u017eitk\u016f (v\u00a0syst\u00e9mu konven\u010dn\u00edm nebo v\u00a0syst\u00e9mu Angle Lock). D\u00e1le jsme schopni dodat patrice pro Braillovo p\u00edsmu (syst\u00e9m Accubraille) a vodn\u00edm paprskem vy\u0159ez\u00e1v\u00e1me t\u011bsn\u011bn\u00ed pro raklov\u00e9 komory.<\/p>\n<p>Chespa Repro Studio (CRS) odd\u011blen\u00ed dopl\u0148uje sortiment slu\u017eeb poskytovan\u00fdch Skupinou Chespa. Slu\u017eby CRS ocen\u00ed p\u0159ede v\u0161\u00edm tzv. brand owners, v\u00fdrobci z potravin\u00e1\u0159sk\u00e9ho sektoru, kte\u0159\u00ed sv\u00e9 obaly prod\u00e1vaj\u00ed nejen lok\u00e1ln\u011b, o\u010dek\u00e1vaj\u00ed kvalitn\u00ed slu\u017eby w oblasti zpracov\u00e1n\u00ed velk\u00e9ho mno\u017estv\u00ed grafick\u00fdch dat a vzor\u016f a po\u017eaduj\u00ed obsluhu intern\u00edch informatick\u00fdch syst\u00e9m\u016f. V na\u0161\u00ed pr\u00e1ci uplat\u0148ujeme, stejn\u011b jako cel\u00e1 Skupina Chespa, nejmodern\u011bj\u0161\u00ed technologick\u00e1 \u0159e\u0161en\u00ed.<\/p>\n<p>Na\u0161i z\u00e1kazn\u00edci si v\u00e1\u017e\u00ed na\u0161ich slu\u017eeb a oce\u0148uj\u00ed n\u00e1\u0161 profesionalismus. D\u00edky jejich d\u016fv\u011b\u0159e se m\u016f\u017eeme z\u00fa\u010dastnit cel\u00e9ho procesu: po\u010d\u00ednaje komer\u010dn\u00ed nab\u00eddkou, pak potiskem obalu, technologickou konzultac\u00ed kon\u010de. Do procesu zapojujeme rovn\u011b\u017e spolehliv\u00fd servis a tak\u00e9 ve\u0161kerou podporu k dosa\u017een\u00ed co nejvy\u0161\u0161\u00ed kvality tisku.<\/p>\n<p>V\u00fdsledkem na\u0161\u00ed pr\u00e1ce jsou \u010detn\u00e9 \u00fasp\u011bchy a ocen\u011bn\u00ed v oblasti polygrafie, jako nap\u0159. zpracov\u00e1n\u00ed grafiky a p\u0159\u00edprava tiskov\u00fdch forem k flexotisku pomoc\u00ed technologie High Quality Flexo. Pat\u0159\u00ed k tomu zlat\u00e1 a st\u0159\u00edbrn\u00e1 ocen\u011bn\u00ed na mezin\u00e1rodn\u00ed flexografick\u00e9 sout\u011b\u017ei EFIA \u201ePrint Awards\u201d v kategorii \u201eCorrugated Post-Print\u201d, a tak\u00e9 zlat\u00e1 a st\u0159\u00edbrn\u00e1 ocen\u011bn\u00ed z\u00edskan\u00e1 b\u011bhem sout\u011b\u017ee FTA \u201eExcellence in Flexography Award\u201d a <a href=\"https:\/\/www.chespa.eu\/cs\/nagrody\/\">mnoho jin\u00fdch<\/a>.<\/p>\n<p>&nbsp;<\/p>\n","protected":false},"excerpt":{"rendered":"<p>Nejvy\u0161\u0161\u00ed kvalita, kterou nab\u00edz\u00edme z\u00e1kazn\u00edk\u016fm, je cesta k realizaci na\u0161\u00ed strategie v\u00fdvoje. Dynamika v\u00fdvoje skupiny CHESPA sou\u010dasn\u011b odr\u00e1\u017e\u00ed v\u00fdvoj modern\u00edch technologi\u00ed. Ji\u017e v\u00edce ne\u017e 30 let se mal\u00e1 m\u00edstn\u00ed spole\u010dnost rozvinula do velk\u00e9 mezin\u00e1rodn\u00ed skupiny, kter\u00e1 je prezentov\u00e1na prost\u0159ednictv\u00edm pobo\u010dek a kancel\u00e1\u0159\u00ed ve v\u011bt\u0161in\u011b Evropy a sv\u011bta. Kvalita a spolehlivost spole\u010dnosti Chespa si zaslou\u017eila d\u016fv\u011bru [&hellip;]<\/p>\n","protected":false},"author":2,"featured_media":15290,"parent":0,"menu_order":0,"comment_status":"closed","ping_status":"closed","template":"","meta":{"_acf_changed":false,"footnotes":""},"class_list":["post-15502","page","type-page","status-publish","has-post-thumbnail","hentry"],"acf":[],"yoast_head":"<!-- This site is optimized with the Yoast SEO plugin v27.3 - https:\/\/yoast.com\/product\/yoast-seo-wordpress\/ -->\n<title>Kdo jsme - Chespa - printing inks, clichees, cutting dies<\/title>\n<meta name=\"robots\" content=\"index, follow, max-snippet:-1, max-image-preview:large, max-video-preview:-1\" \/>\n<link rel=\"canonical\" href=\"https:\/\/www.chespa.eu\/cs\/15502-2\/\" \/>\n<meta property=\"og:locale\" content=\"cs_CZ\" \/>\n<meta property=\"og:type\" content=\"article\" \/>\n<meta property=\"og:title\" content=\"Kdo jsme - Chespa - printing inks, clichees, cutting dies\" \/>\n<meta property=\"og:description\" content=\"Nejvy\u0161\u0161\u00ed kvalita, kterou nab\u00edz\u00edme z\u00e1kazn\u00edk\u016fm, je cesta k realizaci na\u0161\u00ed strategie v\u00fdvoje. Dynamika v\u00fdvoje skupiny CHESPA sou\u010dasn\u011b odr\u00e1\u017e\u00ed v\u00fdvoj modern\u00edch technologi\u00ed. Ji\u017e v\u00edce ne\u017e 30 let se mal\u00e1 m\u00edstn\u00ed spole\u010dnost rozvinula do velk\u00e9 mezin\u00e1rodn\u00ed skupiny, kter\u00e1 je prezentov\u00e1na prost\u0159ednictv\u00edm pobo\u010dek a kancel\u00e1\u0159\u00ed ve v\u011bt\u0161in\u011b Evropy a sv\u011bta. Kvalita a spolehlivost spole\u010dnosti Chespa si zaslou\u017eila d\u016fv\u011bru [&hellip;]\" \/>\n<meta property=\"og:url\" content=\"https:\/\/www.chespa.eu\/cs\/15502-2\/\" \/>\n<meta property=\"og:site_name\" content=\"Chespa - printing inks, clichees, cutting dies\" \/>\n<meta property=\"article:modified_time\" content=\"2022-11-08T13:42:33+00:00\" \/>\n<meta property=\"og:image\" content=\"https:\/\/www.chespa.eu\/wp-content\/uploads\/2021\/03\/budynek.jpg\" \/>\n\t<meta property=\"og:image:width\" content=\"1920\" \/>\n\t<meta property=\"og:image:height\" content=\"295\" \/>\n\t<meta property=\"og:image:type\" content=\"image\/jpeg\" \/>\n<meta name=\"twitter:card\" content=\"summary_large_image\" \/>\n<meta name=\"twitter:label1\" content=\"Est. reading time\" \/>\n\t<meta name=\"twitter:data1\" content=\"4 minutes\" \/>\n<script type=\"application\/ld+json\" class=\"yoast-schema-graph\">{\"@context\":\"https:\\\/\\\/schema.org\",\"@graph\":[{\"@type\":\"WebPage\",\"@id\":\"https:\\\/\\\/www.chespa.eu\\\/cs\\\/15502-2\\\/\",\"url\":\"https:\\\/\\\/www.chespa.eu\\\/cs\\\/15502-2\\\/\",\"name\":\"Kdo jsme - Chespa - printing inks, clichees, cutting dies\",\"isPartOf\":{\"@id\":\"https:\\\/\\\/www.chespa.eu\\\/#website\"},\"primaryImageOfPage\":{\"@id\":\"https:\\\/\\\/www.chespa.eu\\\/cs\\\/15502-2\\\/#primaryimage\"},\"image\":{\"@id\":\"https:\\\/\\\/www.chespa.eu\\\/cs\\\/15502-2\\\/#primaryimage\"},\"thumbnailUrl\":\"https:\\\/\\\/www.chespa.eu\\\/wp-content\\\/uploads\\\/2021\\\/03\\\/budynek.jpg\",\"datePublished\":\"2021-07-20T10:42:41+00:00\",\"dateModified\":\"2022-11-08T13:42:33+00:00\",\"breadcrumb\":{\"@id\":\"https:\\\/\\\/www.chespa.eu\\\/cs\\\/15502-2\\\/#breadcrumb\"},\"inLanguage\":\"cs-CZ\",\"potentialAction\":[{\"@type\":\"ReadAction\",\"target\":[\"https:\\\/\\\/www.chespa.eu\\\/cs\\\/15502-2\\\/\"]}]},{\"@type\":\"ImageObject\",\"inLanguage\":\"cs-CZ\",\"@id\":\"https:\\\/\\\/www.chespa.eu\\\/cs\\\/15502-2\\\/#primaryimage\",\"url\":\"https:\\\/\\\/www.chespa.eu\\\/wp-content\\\/uploads\\\/2021\\\/03\\\/budynek.jpg\",\"contentUrl\":\"https:\\\/\\\/www.chespa.eu\\\/wp-content\\\/uploads\\\/2021\\\/03\\\/budynek.jpg\",\"width\":1920,\"height\":295},{\"@type\":\"BreadcrumbList\",\"@id\":\"https:\\\/\\\/www.chespa.eu\\\/cs\\\/15502-2\\\/#breadcrumb\",\"itemListElement\":[{\"@type\":\"ListItem\",\"position\":1,\"name\":\"Strona g\u0142\u00f3wna\",\"item\":\"https:\\\/\\\/www.chespa.eu\\\/\"},{\"@type\":\"ListItem\",\"position\":2,\"name\":\"Kdo jsme\"}]},{\"@type\":\"WebSite\",\"@id\":\"https:\\\/\\\/www.chespa.eu\\\/#website\",\"url\":\"https:\\\/\\\/www.chespa.eu\\\/\",\"name\":\"Chespa - printing inks, clichees, cutting dies\",\"description\":\"\",\"potentialAction\":[{\"@type\":\"SearchAction\",\"target\":{\"@type\":\"EntryPoint\",\"urlTemplate\":\"https:\\\/\\\/www.chespa.eu\\\/?s={search_term_string}\"},\"query-input\":{\"@type\":\"PropertyValueSpecification\",\"valueRequired\":true,\"valueName\":\"search_term_string\"}}],\"inLanguage\":\"cs-CZ\"}]}<\/script>\n<!-- \/ Yoast SEO plugin. -->","yoast_head_json":{"title":"Kdo jsme - Chespa - printing inks, clichees, cutting dies","robots":{"index":"index","follow":"follow","max-snippet":"max-snippet:-1","max-image-preview":"max-image-preview:large","max-video-preview":"max-video-preview:-1"},"canonical":"https:\/\/www.chespa.eu\/cs\/15502-2\/","og_locale":"cs_CZ","og_type":"article","og_title":"Kdo jsme - Chespa - printing inks, clichees, cutting dies","og_description":"Nejvy\u0161\u0161\u00ed kvalita, kterou nab\u00edz\u00edme z\u00e1kazn\u00edk\u016fm, je cesta k realizaci na\u0161\u00ed strategie v\u00fdvoje. Dynamika v\u00fdvoje skupiny CHESPA sou\u010dasn\u011b odr\u00e1\u017e\u00ed v\u00fdvoj modern\u00edch technologi\u00ed. Ji\u017e v\u00edce ne\u017e 30 let se mal\u00e1 m\u00edstn\u00ed spole\u010dnost rozvinula do velk\u00e9 mezin\u00e1rodn\u00ed skupiny, kter\u00e1 je prezentov\u00e1na prost\u0159ednictv\u00edm pobo\u010dek a kancel\u00e1\u0159\u00ed ve v\u011bt\u0161in\u011b Evropy a sv\u011bta. Kvalita a spolehlivost spole\u010dnosti Chespa si zaslou\u017eila d\u016fv\u011bru [&hellip;]","og_url":"https:\/\/www.chespa.eu\/cs\/15502-2\/","og_site_name":"Chespa - printing inks, clichees, cutting dies","article_modified_time":"2022-11-08T13:42:33+00:00","og_image":[{"width":1920,"height":295,"url":"https:\/\/www.chespa.eu\/wp-content\/uploads\/2021\/03\/budynek.jpg","type":"image\/jpeg"}],"twitter_card":"summary_large_image","twitter_misc":{"Est. reading time":"4 minutes"},"schema":{"@context":"https:\/\/schema.org","@graph":[{"@type":"WebPage","@id":"https:\/\/www.chespa.eu\/cs\/15502-2\/","url":"https:\/\/www.chespa.eu\/cs\/15502-2\/","name":"Kdo jsme - Chespa - printing inks, clichees, cutting dies","isPartOf":{"@id":"https:\/\/www.chespa.eu\/#website"},"primaryImageOfPage":{"@id":"https:\/\/www.chespa.eu\/cs\/15502-2\/#primaryimage"},"image":{"@id":"https:\/\/www.chespa.eu\/cs\/15502-2\/#primaryimage"},"thumbnailUrl":"https:\/\/www.chespa.eu\/wp-content\/uploads\/2021\/03\/budynek.jpg","datePublished":"2021-07-20T10:42:41+00:00","dateModified":"2022-11-08T13:42:33+00:00","breadcrumb":{"@id":"https:\/\/www.chespa.eu\/cs\/15502-2\/#breadcrumb"},"inLanguage":"cs-CZ","potentialAction":[{"@type":"ReadAction","target":["https:\/\/www.chespa.eu\/cs\/15502-2\/"]}]},{"@type":"ImageObject","inLanguage":"cs-CZ","@id":"https:\/\/www.chespa.eu\/cs\/15502-2\/#primaryimage","url":"https:\/\/www.chespa.eu\/wp-content\/uploads\/2021\/03\/budynek.jpg","contentUrl":"https:\/\/www.chespa.eu\/wp-content\/uploads\/2021\/03\/budynek.jpg","width":1920,"height":295},{"@type":"BreadcrumbList","@id":"https:\/\/www.chespa.eu\/cs\/15502-2\/#breadcrumb","itemListElement":[{"@type":"ListItem","position":1,"name":"Strona g\u0142\u00f3wna","item":"https:\/\/www.chespa.eu\/"},{"@type":"ListItem","position":2,"name":"Kdo jsme"}]},{"@type":"WebSite","@id":"https:\/\/www.chespa.eu\/#website","url":"https:\/\/www.chespa.eu\/","name":"Chespa - printing inks, clichees, cutting dies","description":"","potentialAction":[{"@type":"SearchAction","target":{"@type":"EntryPoint","urlTemplate":"https:\/\/www.chespa.eu\/?s={search_term_string}"},"query-input":{"@type":"PropertyValueSpecification","valueRequired":true,"valueName":"search_term_string"}}],"inLanguage":"cs-CZ"}]}},"_links":{"self":[{"href":"https:\/\/www.chespa.eu\/cs\/wp-json\/wp\/v2\/pages\/15502","targetHints":{"allow":["GET"]}}],"collection":[{"href":"https:\/\/www.chespa.eu\/cs\/wp-json\/wp\/v2\/pages"}],"about":[{"href":"https:\/\/www.chespa.eu\/cs\/wp-json\/wp\/v2\/types\/page"}],"author":[{"embeddable":true,"href":"https:\/\/www.chespa.eu\/cs\/wp-json\/wp\/v2\/users\/2"}],"replies":[{"embeddable":true,"href":"https:\/\/www.chespa.eu\/cs\/wp-json\/wp\/v2\/comments?post=15502"}],"version-history":[{"count":6,"href":"https:\/\/www.chespa.eu\/cs\/wp-json\/wp\/v2\/pages\/15502\/revisions"}],"predecessor-version":[{"id":16740,"href":"https:\/\/www.chespa.eu\/cs\/wp-json\/wp\/v2\/pages\/15502\/revisions\/16740"}],"wp:featuredmedia":[{"embeddable":true,"href":"https:\/\/www.chespa.eu\/cs\/wp-json\/wp\/v2\/media\/15290"}],"wp:attachment":[{"href":"https:\/\/www.chespa.eu\/cs\/wp-json\/wp\/v2\/media?parent=15502"}],"curies":[{"name":"wp","href":"https:\/\/api.w.org\/{rel}","templated":true}]}}