{"id":15173,"date":"2015-12-04T13:38:52","date_gmt":"2015-12-04T12:38:52","guid":{"rendered":"https:\/\/www.chespa.eu\/crs\/"},"modified":"2021-03-12T11:45:38","modified_gmt":"2021-03-12T10:45:38","slug":"crs","status":"publish","type":"page","link":"https:\/\/www.chespa.eu\/cs\/vyrobky\/chespa-repro-studio\/crs\/","title":{"rendered":"Chespa Repro Studio"},"content":{"rendered":"<p>CRS poskytuje z\u00e1kazn\u00edk\u016fm \u0161irokou nab\u00eddku slu\u017eeb, kter\u00e1 zahrnuje na\u0161i plnou podporu od momentu vzniku projektu, a\u017e ke kone\u010dn\u00e9mu tisku na tiska\u0159sk\u00e9m stroji.<\/p>\n<p>Navrhujeme projekty, zpracov\u00e1v\u00e1me a p\u0159ipravujeme grafick\u00e1 data pro tisk, a\u0165 se jedn\u00e1 o lepenkov\u00e9 obaly, elastick\u00e9 substr\u00e1ty \u010di pap\u00edr apod.<\/p>\n<p>Na\u0161e nab\u00eddka zahrnuje spolupr\u00e1ci v r\u00e1mci p\u0159\u00edpravy grafiky a repro slu\u017eeb. Zaji\u0161\u0165ujeme komplexn\u00ed technologickou podporu v ka\u017ed\u00e9 f\u00e1zi v\u00fdrobu obalu.<\/p>\n<p>Systematick\u00e9 konzultace a jasn\u00e1 komunikace spl\u0148uj\u00ed o\u010dek\u00e1v\u00e1n\u00ed z\u00e1kazn\u00edka. Chceme, aby se spolupr\u00e1ce s n\u00e1mi st\u00e1la investic\u00ed, kter\u00e1 tvo\u0159\u00ed zisky.<\/p>\n<p>B\u011bhem posledn\u00edch let spolupr\u00e1ce se z\u00e1kazn\u00edky jsme z\u00edskali mnoh\u00e9 zku\u0161enosti, \u00fasp\u011b\u0161n\u011b jsme dos\u00e1hli stanoven\u00fdch c\u00edl\u016f a splnili jsme po\u017eadavky nejn\u00e1ro\u010dn\u011bj\u0161\u00edch klient\u016f.<\/p>\n<p>&nbsp;<\/p>\n<p><strong><u>\u2013 Artwork (zm\u011bny v projektu, vlo\u017een\u00ed text\u016f) DTP<\/u><\/strong><\/p>\n<p>V t\u00e9to f\u00e1zi p\u0159ipravujeme grafickou \u00fapravu k r\u016fzn\u00fdm obal\u016fm, zav\u00e1d\u00edme textov\u00e9 zm\u011bny, slevov\u00e9 akce, prvky k p\u0159\u00edle\u017eitostem, EAN k\u00f3dy apod.<\/p>\n<p>Je to tak\u00e9 prvn\u00ed p\u0159\u00edprava grafiky pro tisk, p\u0159evod obrazu do jin\u00e9ho barevn\u00e9ho re\u017eimu, nap\u0159. z RGB na CMYK.<\/p>\n<p>&nbsp;<\/p>\n<p><strong><u>\u2013 Reprografie (p\u0159\u00edprava dat pro ur\u010ditou techniku tisku a ur\u010dit\u00fd stroj v souladu s barevn\u00fdm profilem stroje)<\/u><\/strong><\/p>\n<p>Na\u0161e odd\u011blen\u00ed profesion\u00e1ln\u011b p\u0159ipravuje grafick\u00e1 data pro tisk. Projekt z\u00e1kazn\u00edka mus\u00ed b\u00fdt p\u0159ipraven pro pr\u016fmyslovou v\u00fdrobu, a proto CRS tvo\u0159\u00ed a p\u0159izp\u016fsobuje grafiku k r\u016fzn\u00fdm tiska\u0159sk\u00fdm technik\u00e1m (ofset, hlubotisk, flexotisk i jin\u00e9). D\u00edky tomu ve\u0161ker\u00e9 druhy obal\u016f pro ur\u010dit\u00fd v\u00fdrobek z\u00edsk\u00e1vaj\u00ed tut\u00e9\u017e podobu (etikety, elastick\u00e9 obaly, kart\u00f3ny apod.).<\/p>\n<p>Soubory p\u0159ipraven\u00e9 CRS jsou hotov\u00e9 pro tisk v doty\u010dn\u00e9 technologii<\/p>\n<p>&nbsp;<\/p>\n<p><strong><u>\u2013 Spr\u00e1va barev <\/u><\/strong><\/p>\n<p>Pokud se jedn\u00e1 o \u0159adu v\u00fdrobku, nejd\u016fle\u017eit\u011bj\u0161\u00edm po\u017eadavkem se st\u00e1v\u00e1 sjednocen\u00ed barev, aby byla zna\u010dka rozpoznateln\u00e1 bez ohledu na m\u00edsto prodeje, druh obalu, tiska\u0159skou techniku a pou\u017eitou strukturu. Nab\u00edz\u00edme proto standardiza\u010dn\u00ed postupy se z\u0159etelem na tiska\u0159skou techniku na mnoha typech substr\u00e1t\u016f. Navrhujeme technologickou podporu, anal\u00fdzu probl\u00e9m\u016f b\u011bhem tisku a p\u0159\u00edpravu barevn\u00fdch vzorn\u00edk\u016f, je\u017e napom\u00e1haj\u00ed dos\u00e1hnout barevn\u00e9 standardizace.<\/p>\n<p>\u00da\u010delem procesu standardizace je:<\/p>\n<p>\u2013 maxim\u00e1ln\u011b sjednotit barvy ve v\u0161ech tiska\u0159sk\u00fdch technik\u00e1ch \u2013 flexotisk, ofset, hlubotisk,<\/p>\n<p>\u2013 udr\u017eet opakovatelnost tisku ve v\u0161ech tisk\u00e1rn\u00e1ch.<\/p>\n<p>Proces standardizace se stane spolehliv\u00fd a\u017e bude provedena standardizace barev v tisk\u00e1rn\u00e1ch na ka\u017ed\u00e9m substr\u00e1tu a v ka\u017ed\u00e9 tiska\u0159sk\u00e9 technice po\u017eadovan\u00e9 z\u00e1kazn\u00edkem.<\/p>\n<p>Za \u00fa\u010delem standardizace a sjednocen\u00ed barev kone\u010dn\u00e9ho tisku navrhujeme p\u0159ipravit barevn\u00e9 vzorn\u00edky pro jednotliv\u00e9 substr\u00e1ty.<\/p>\n<p>&nbsp;<\/p>\n<p><strong><u>\u2013 Proof \u2013 digit\u00e1ln\u00ed n\u00e1tisk (simulace tisku v\u010detn\u011b zobrazen\u00ed fin\u00e1ln\u00edho tiskov\u00e9ho rastru, s p\u0159esnou simulac\u00ed speci\u00e1ln\u00edch barev ve spojen\u00ed s barvami CMYK)<\/u><\/strong><\/p>\n<p>D\u00edky nejnov\u011bj\u0161\u00edm technologi\u00edm a p\u0159\u00edstroj\u016fm jsme schopni dos\u00e1hnout nejvy\u0161\u0161\u00ed kvality projekt\u016f. Nejmodern\u011bj\u0161\u00ed vysp\u011bl\u00e1 technologie dovoluje spolehliv\u011b napodobovat kone\u010dn\u00fd efekt tisku pomoc\u00ed GMG proof syst\u00e9mu se zobrazen\u00edm tiskov\u00e9ho rastru a substr\u00e1tu. Takov\u00fd proof je mo\u017en\u00e9 pou\u017e\u00edt pro schvalovac\u00ed proces s klientem.<\/p>\n<p>Nab\u00edz\u00edme:<\/p>\n<ul>\n<li>Standardni proofy<\/li>\n<li>Transparentni proofy<\/li>\n<li>Metalizovan\u00e9 proofy<\/li>\n<\/ul>\n<p>&nbsp;<\/p>\n<p><strong>\u2013 Mock-up (\u0161ablona obalu nap\u0159. shrink, sleeve, ta\u0161ka, s\u00e1\u010dek, t\u00e1cek, krabi\u010dka v pom\u011bru 1:1, barevn\u011b slad\u011bn\u00e9ho s profilem tiska\u0159sk\u00e9ho stroje)<\/strong><\/p>\n<p>&nbsp;<\/p>\n<p><strong><u>\u2013 CDC (<\/u><\/strong><strong><u>komunika\u010dn\u00ed platforma pro z\u00e1kazn\u00edky)<\/u><\/strong><\/p>\n<p>Inova\u010dn\u00ed internetov\u00fd <strong>Chespa Design Center<\/strong> syst\u00e9m umo\u017e\u0148uje rychlou a efektivn\u00ed komunikaci se z\u00e1kazn\u00edkem, usnad\u0148uje spolupr\u00e1ci a urychluje proces realizace projektu. Workflow je individu\u00e1ln\u00ed pro ka\u017ed\u00e9ho z\u00e1kazn\u00edka a p\u0159izp\u016fsoben\u00fd jeho osobn\u00edm pot\u0159eb\u00e1m a p\u0159\u00e1n\u00edm. Workflow zahrnuje:<\/p>\n<p>\u2013 v\u0161echny f\u00e1ze p\u0159\u00edpravy obalu<\/p>\n<p>\u2013 v\u0161echna odd\u011blen\u00ed, kter\u00e1 se z\u00fa\u010dast\u0148uj\u00ed procesu<\/p>\n<p>\u2013 kontrola n\u00e1klad\u016f prac\u00ed proveden\u00fdch CRS<\/p>\n<p>\u2013 kontrola jakosti vytisknut\u00fdch obal\u016f<\/p>\n<p>-r\u016fzn\u00e9 druhy raport\u016f a sestaven\u00ed dle po\u017eadavku z\u00e1kazn\u00edka<\/p>\n<p>\u2013 KPI<\/p>\n<p>CDC omezuje po\u010det proof\u016f a umo\u017e\u0148uje sd\u00edlet a archivovat v\u0161echny projekty na jednom m\u00edst\u011b.<\/p>\n<p>&nbsp;<\/p>\n<p><strong>\u2013 Akceptace a technologick\u00e1 podpora b\u011bhem tisku v tisk\u00e1rn\u011b<\/strong><\/p>\n<p>V r\u00e1mci spolupr\u00e1ce CRS se z\u00e1kazn\u00edkem existuje mo\u017enost vyu\u017eit\u00ed na\u0161ich slu\u017eeb b\u011bhem tisku v tisk\u00e1rn\u011b, CRS m\u016f\u017ee toti\u017e schvalovat potisk za z\u00e1kazn\u00edka.<\/p>\n<p>&nbsp;<\/p>\n<p><strong><u>\u2013 Odborn\u00e1 p\u0159\u00edprava (pro marketingov\u00e1 odd\u011blen\u00ed, odd\u011blen\u00ed n\u00e1kupu, \u0161kolen\u00ed v oblasti z\u00e1klad\u016f tisku a spr\u00e1vy barev)<\/u><\/strong><\/p>\n<p>Odborn\u00e1 p\u0159\u00edprava z mnoha oblast\u00ed polygrafie. P\u0159edn\u00e1\u0161ky zahrnuj\u00ed jednotliv\u00e9 f\u00e1ze v\u00fdroby: prepress, press a postpress. P\u0159edn\u00e1\u0161ky jsou veden\u00fd intern\u00edmi a extern\u00edmi odborn\u00edky a zku\u0161en\u00fdmi pracovn\u00edky na\u0161\u00ed spole\u010dnosti.<\/p>\n<p>&nbsp;<\/p>\n<p><strong><u>\u2013 Navrhov\u00e1n\u00ed<\/u><\/strong><\/p>\n<p>Navrhujeme loga, grafick\u00e9 symboly a layouty pro jednotkov\u00e9 obaly, pro s\u00e9rie v\u00fdrobk\u016f a obaly pro hromadn\u00e9 balen\u00ed. Projekt w naszym N\u00e1vrh je v\u017edy p\u0159izp\u016fsoben mo\u017enostem konkr\u00e9tn\u00edho tiska\u0159sk\u00e9ho stroje. D\u00edky tomu jsme schopni spolehliv\u011b napodobit c\u00edlov\u00e9 barvy.<\/p>\n<p>Na\u0161e slu\u017eby obsahuj\u00ed rovn\u011b\u017e profesion\u00e1ln\u00ed zpracov\u00e1n\u00ed sn\u00edmk\u016f v\u00fdrobk\u016f a jejich stylizac\u00ed v na\u0161em fotografick\u00e9m studiu.<\/p>\n<p>Nab\u00edz\u00edme jedine\u010dn\u00e1 konstruk\u010dn\u00ed a grafick\u00e1 \u0159e\u0161en\u00ed v oblasti nov\u00fdch obal\u016f, vyroben\u00fdch z vlnit\u00e9 a hladk\u00e9 lepenky, pap\u00edru a elastick\u00fdch substr\u00e1t\u016f: PET, PP, PE, lamin\u00e1t\u016f.<\/p>\n<p>Hotov\u00fd n\u00e1hled je poka\u017ed\u00e9 postoupen ke schv\u00e1len\u00ed v podob\u011b digit\u00e1ln\u00edho n\u00e1tisku se simulac\u00ed substr\u00e1tu a rastrov\u00e9ho bodu, kter\u00fd maxim\u00e1ln\u011b napodobuje fin\u00e1ln\u00ed efekt tisku.<\/p>\n<p><strong>Pro n\u00e1s je ka\u017ed\u00e1 objedn\u00e1vka unik\u00e1tn\u00ed <\/strong><strong>a neoby\u010dejn\u00e1<\/strong><\/p>\n<p>Spolupr\u00e1ce s reklamn\u00ed agenturou: firma Chespa je neust\u00e1le ve spojen\u00ed s designerem, m\u00e1me vliv na grafickou \u00fapravu obalu a na n\u00e1klady souvisej\u00edc\u00ed s p\u0159\u00edpravou projektu.<\/p>\n","protected":false},"excerpt":{"rendered":"<p>CRS poskytuje z\u00e1kazn\u00edk\u016fm \u0161irokou nab\u00eddku slu\u017eeb, kter\u00e1 zahrnuje na\u0161i plnou podporu od momentu vzniku projektu, a\u017e ke kone\u010dn\u00e9mu tisku na tiska\u0159sk\u00e9m stroji. Navrhujeme projekty, zpracov\u00e1v\u00e1me a p\u0159ipravujeme grafick\u00e1 data pro tisk, a\u0165 se jedn\u00e1 o lepenkov\u00e9 obaly, elastick\u00e9 substr\u00e1ty \u010di pap\u00edr apod. Na\u0161e nab\u00eddka zahrnuje spolupr\u00e1ci v r\u00e1mci p\u0159\u00edpravy grafiky a repro slu\u017eeb. Zaji\u0161\u0165ujeme komplexn\u00ed [&hellip;]<\/p>\n","protected":false},"author":6,"featured_media":10076,"parent":18795,"menu_order":0,"comment_status":"closed","ping_status":"closed","template":"","meta":{"_acf_changed":false,"footnotes":""},"class_list":["post-15173","page","type-page","status-publish","has-post-thumbnail","hentry"],"acf":[],"yoast_head":"<!-- This site is optimized with the Yoast SEO plugin v27.3 - https:\/\/yoast.com\/product\/yoast-seo-wordpress\/ -->\n<title>Chespa Repro Studio - Chespa - printing inks, clichees, cutting dies<\/title>\n<meta name=\"robots\" content=\"index, follow, max-snippet:-1, max-image-preview:large, max-video-preview:-1\" \/>\n<link rel=\"canonical\" href=\"https:\/\/www.chespa.eu\/cs\/crs\/\" \/>\n<meta property=\"og:locale\" content=\"cs_CZ\" \/>\n<meta property=\"og:type\" content=\"article\" \/>\n<meta property=\"og:title\" content=\"Chespa Repro Studio - Chespa - printing inks, clichees, cutting dies\" \/>\n<meta property=\"og:description\" content=\"CRS poskytuje z\u00e1kazn\u00edk\u016fm \u0161irokou nab\u00eddku slu\u017eeb, kter\u00e1 zahrnuje na\u0161i plnou podporu od momentu vzniku projektu, a\u017e ke kone\u010dn\u00e9mu tisku na tiska\u0159sk\u00e9m stroji. Navrhujeme projekty, zpracov\u00e1v\u00e1me a p\u0159ipravujeme grafick\u00e1 data pro tisk, a\u0165 se jedn\u00e1 o lepenkov\u00e9 obaly, elastick\u00e9 substr\u00e1ty \u010di pap\u00edr apod. Na\u0161e nab\u00eddka zahrnuje spolupr\u00e1ci v r\u00e1mci p\u0159\u00edpravy grafiky a repro slu\u017eeb. Zaji\u0161\u0165ujeme komplexn\u00ed [&hellip;]\" \/>\n<meta property=\"og:url\" content=\"https:\/\/www.chespa.eu\/cs\/crs\/\" \/>\n<meta property=\"og:site_name\" content=\"Chespa - printing inks, clichees, cutting dies\" \/>\n<meta property=\"article:modified_time\" content=\"2021-03-12T10:45:38+00:00\" \/>\n<meta property=\"og:image\" content=\"https:\/\/www.chespa.eu\/wp-content\/uploads\/2016\/11\/crs.png\" \/>\n\t<meta property=\"og:image:width\" content=\"1920\" \/>\n\t<meta property=\"og:image:height\" content=\"295\" \/>\n\t<meta property=\"og:image:type\" content=\"image\/png\" \/>\n<meta name=\"twitter:card\" content=\"summary_large_image\" \/>\n<meta name=\"twitter:label1\" content=\"Est. reading time\" \/>\n\t<meta name=\"twitter:data1\" content=\"5 minutes\" \/>\n<script type=\"application\/ld+json\" class=\"yoast-schema-graph\">{\"@context\":\"https:\\\/\\\/schema.org\",\"@graph\":[{\"@type\":\"WebPage\",\"@id\":\"https:\\\/\\\/www.chespa.eu\\\/cs\\\/crs\\\/\",\"url\":\"https:\\\/\\\/www.chespa.eu\\\/cs\\\/crs\\\/\",\"name\":\"Chespa Repro Studio - Chespa - printing inks, clichees, cutting dies\",\"isPartOf\":{\"@id\":\"https:\\\/\\\/www.chespa.eu\\\/#website\"},\"primaryImageOfPage\":{\"@id\":\"https:\\\/\\\/www.chespa.eu\\\/cs\\\/crs\\\/#primaryimage\"},\"image\":{\"@id\":\"https:\\\/\\\/www.chespa.eu\\\/cs\\\/crs\\\/#primaryimage\"},\"thumbnailUrl\":\"https:\\\/\\\/www.chespa.eu\\\/wp-content\\\/uploads\\\/2016\\\/11\\\/crs.png\",\"datePublished\":\"2015-12-04T12:38:52+00:00\",\"dateModified\":\"2021-03-12T10:45:38+00:00\",\"breadcrumb\":{\"@id\":\"https:\\\/\\\/www.chespa.eu\\\/cs\\\/crs\\\/#breadcrumb\"},\"inLanguage\":\"cs-CZ\",\"potentialAction\":[{\"@type\":\"ReadAction\",\"target\":[\"https:\\\/\\\/www.chespa.eu\\\/cs\\\/crs\\\/\"]}]},{\"@type\":\"ImageObject\",\"inLanguage\":\"cs-CZ\",\"@id\":\"https:\\\/\\\/www.chespa.eu\\\/cs\\\/crs\\\/#primaryimage\",\"url\":\"https:\\\/\\\/www.chespa.eu\\\/wp-content\\\/uploads\\\/2016\\\/11\\\/crs.png\",\"contentUrl\":\"https:\\\/\\\/www.chespa.eu\\\/wp-content\\\/uploads\\\/2016\\\/11\\\/crs.png\",\"width\":1920,\"height\":295},{\"@type\":\"BreadcrumbList\",\"@id\":\"https:\\\/\\\/www.chespa.eu\\\/cs\\\/crs\\\/#breadcrumb\",\"itemListElement\":[{\"@type\":\"ListItem\",\"position\":1,\"name\":\"Strona g\u0142\u00f3wna\",\"item\":\"https:\\\/\\\/www.chespa.eu\\\/\"},{\"@type\":\"ListItem\",\"position\":2,\"name\":\"Chespa Repro Studio\"}]},{\"@type\":\"WebSite\",\"@id\":\"https:\\\/\\\/www.chespa.eu\\\/#website\",\"url\":\"https:\\\/\\\/www.chespa.eu\\\/\",\"name\":\"Chespa - printing inks, clichees, cutting dies\",\"description\":\"\",\"potentialAction\":[{\"@type\":\"SearchAction\",\"target\":{\"@type\":\"EntryPoint\",\"urlTemplate\":\"https:\\\/\\\/www.chespa.eu\\\/?s={search_term_string}\"},\"query-input\":{\"@type\":\"PropertyValueSpecification\",\"valueRequired\":true,\"valueName\":\"search_term_string\"}}],\"inLanguage\":\"cs-CZ\"}]}<\/script>\n<!-- \/ Yoast SEO plugin. -->","yoast_head_json":{"title":"Chespa Repro Studio - Chespa - printing inks, clichees, cutting dies","robots":{"index":"index","follow":"follow","max-snippet":"max-snippet:-1","max-image-preview":"max-image-preview:large","max-video-preview":"max-video-preview:-1"},"canonical":"https:\/\/www.chespa.eu\/cs\/crs\/","og_locale":"cs_CZ","og_type":"article","og_title":"Chespa Repro Studio - Chespa - printing inks, clichees, cutting dies","og_description":"CRS poskytuje z\u00e1kazn\u00edk\u016fm \u0161irokou nab\u00eddku slu\u017eeb, kter\u00e1 zahrnuje na\u0161i plnou podporu od momentu vzniku projektu, a\u017e ke kone\u010dn\u00e9mu tisku na tiska\u0159sk\u00e9m stroji. Navrhujeme projekty, zpracov\u00e1v\u00e1me a p\u0159ipravujeme grafick\u00e1 data pro tisk, a\u0165 se jedn\u00e1 o lepenkov\u00e9 obaly, elastick\u00e9 substr\u00e1ty \u010di pap\u00edr apod. Na\u0161e nab\u00eddka zahrnuje spolupr\u00e1ci v r\u00e1mci p\u0159\u00edpravy grafiky a repro slu\u017eeb. Zaji\u0161\u0165ujeme komplexn\u00ed [&hellip;]","og_url":"https:\/\/www.chespa.eu\/cs\/crs\/","og_site_name":"Chespa - printing inks, clichees, cutting dies","article_modified_time":"2021-03-12T10:45:38+00:00","og_image":[{"width":1920,"height":295,"url":"https:\/\/www.chespa.eu\/wp-content\/uploads\/2016\/11\/crs.png","type":"image\/png"}],"twitter_card":"summary_large_image","twitter_misc":{"Est. reading time":"5 minutes"},"schema":{"@context":"https:\/\/schema.org","@graph":[{"@type":"WebPage","@id":"https:\/\/www.chespa.eu\/cs\/crs\/","url":"https:\/\/www.chespa.eu\/cs\/crs\/","name":"Chespa Repro Studio - Chespa - printing inks, clichees, cutting dies","isPartOf":{"@id":"https:\/\/www.chespa.eu\/#website"},"primaryImageOfPage":{"@id":"https:\/\/www.chespa.eu\/cs\/crs\/#primaryimage"},"image":{"@id":"https:\/\/www.chespa.eu\/cs\/crs\/#primaryimage"},"thumbnailUrl":"https:\/\/www.chespa.eu\/wp-content\/uploads\/2016\/11\/crs.png","datePublished":"2015-12-04T12:38:52+00:00","dateModified":"2021-03-12T10:45:38+00:00","breadcrumb":{"@id":"https:\/\/www.chespa.eu\/cs\/crs\/#breadcrumb"},"inLanguage":"cs-CZ","potentialAction":[{"@type":"ReadAction","target":["https:\/\/www.chespa.eu\/cs\/crs\/"]}]},{"@type":"ImageObject","inLanguage":"cs-CZ","@id":"https:\/\/www.chespa.eu\/cs\/crs\/#primaryimage","url":"https:\/\/www.chespa.eu\/wp-content\/uploads\/2016\/11\/crs.png","contentUrl":"https:\/\/www.chespa.eu\/wp-content\/uploads\/2016\/11\/crs.png","width":1920,"height":295},{"@type":"BreadcrumbList","@id":"https:\/\/www.chespa.eu\/cs\/crs\/#breadcrumb","itemListElement":[{"@type":"ListItem","position":1,"name":"Strona g\u0142\u00f3wna","item":"https:\/\/www.chespa.eu\/"},{"@type":"ListItem","position":2,"name":"Chespa Repro Studio"}]},{"@type":"WebSite","@id":"https:\/\/www.chespa.eu\/#website","url":"https:\/\/www.chespa.eu\/","name":"Chespa - printing inks, clichees, cutting dies","description":"","potentialAction":[{"@type":"SearchAction","target":{"@type":"EntryPoint","urlTemplate":"https:\/\/www.chespa.eu\/?s={search_term_string}"},"query-input":{"@type":"PropertyValueSpecification","valueRequired":true,"valueName":"search_term_string"}}],"inLanguage":"cs-CZ"}]}},"_links":{"self":[{"href":"https:\/\/www.chespa.eu\/cs\/wp-json\/wp\/v2\/pages\/15173","targetHints":{"allow":["GET"]}}],"collection":[{"href":"https:\/\/www.chespa.eu\/cs\/wp-json\/wp\/v2\/pages"}],"about":[{"href":"https:\/\/www.chespa.eu\/cs\/wp-json\/wp\/v2\/types\/page"}],"author":[{"embeddable":true,"href":"https:\/\/www.chespa.eu\/cs\/wp-json\/wp\/v2\/users\/6"}],"replies":[{"embeddable":true,"href":"https:\/\/www.chespa.eu\/cs\/wp-json\/wp\/v2\/comments?post=15173"}],"version-history":[{"count":1,"href":"https:\/\/www.chespa.eu\/cs\/wp-json\/wp\/v2\/pages\/15173\/revisions"}],"predecessor-version":[{"id":15174,"href":"https:\/\/www.chespa.eu\/cs\/wp-json\/wp\/v2\/pages\/15173\/revisions\/15174"}],"up":[{"embeddable":true,"href":"https:\/\/www.chespa.eu\/cs\/wp-json\/wp\/v2\/pages\/18795"}],"wp:featuredmedia":[{"embeddable":true,"href":"https:\/\/www.chespa.eu\/cs\/wp-json\/wp\/v2\/media\/10076"}],"wp:attachment":[{"href":"https:\/\/www.chespa.eu\/cs\/wp-json\/wp\/v2\/media?parent=15173"}],"curies":[{"name":"wp","href":"https:\/\/api.w.org\/{rel}","templated":true}]}}