{"id":14947,"date":"2021-02-19T08:46:44","date_gmt":"2021-02-19T07:46:44","guid":{"rendered":"https:\/\/www.chespa.eu\/?page_id=14947"},"modified":"2025-11-20T07:21:48","modified_gmt":"2025-11-20T06:21:48","slug":"vyrobky","status":"publish","type":"page","link":"https:\/\/www.chespa.eu\/cs\/vyrobky\/","title":{"rendered":"V\u00fdrobky"},"content":{"rendered":"<ul class=\"products-list\">\n<li><a href=\"https:\/\/www.chespa.eu\/cs\/vyrobky\/graficke-barvy\/\">Grafick\u00e9 barvy<\/a><\/li>\n<li><a href=\"https:\/\/www.chespa.eu\/cs\/vyrobky\/fotopolymerove-stocky\/\">Fotopolymerov\u00e9 \u0161to\u010dky<\/a><\/li>\n<li><a href=\"https:\/\/www.chespa.eu\/cs\/vyrobky\/chespa-repro-studio\/\">Chespa Repro Studio<\/a><\/li>\n<li><a href=\"https:\/\/www.chespa.eu\/cs\/vyrobky\/chespa-akademie\/\">Akademie Chespa<\/a><\/li>\n<li><a href=\"https:\/\/www.chespa.eu\/cs\/vyrobky\/vysekove-nastroje\/\">V\u00fdsekov\u00e9 n\u00e1stroje<\/a><\/li>\n<li><a href=\"https:\/\/www.xrite.com\/\">V\u00fdrobky\u00a0 X-RITE<\/a><\/li>\n<\/ul>\n","protected":false},"excerpt":{"rendered":"<p>Grafick\u00e9 barvy Fotopolymerov\u00e9 \u0161to\u010dky Chespa Repro Studio Akademie Chespa V\u00fdsekov\u00e9 n\u00e1stroje V\u00fdrobky\u00a0 X-RITE<\/p>\n","protected":false},"author":6,"featured_media":15183,"parent":0,"menu_order":0,"comment_status":"closed","ping_status":"closed","template":"page-template-products-list.php","meta":{"_acf_changed":false,"footnotes":""},"class_list":["post-14947","page","type-page","status-publish","has-post-thumbnail","hentry"],"acf":[],"yoast_head":"<!-- This site is optimized with the Yoast SEO plugin v27.4 - https:\/\/yoast.com\/product\/yoast-seo-wordpress\/ -->\n<title>V\u00fdrobky - Chespa - printing inks, clichees, cutting dies<\/title>\n<meta name=\"description\" content=\"Grafick\u00e9 barvy, Fotopolymerov\u00e9 \u0161to\u010dky, Chespa Repro Studio, V\u00fdsekov\u00e9 n\u00e1stroje\" \/>\n<meta name=\"robots\" content=\"index, follow, max-snippet:-1, max-image-preview:large, max-video-preview:-1\" \/>\n<link rel=\"canonical\" href=\"https:\/\/www.chespa.eu\/produkty\/\" \/>\n<meta property=\"og:locale\" content=\"cs_CZ\" \/>\n<meta property=\"og:type\" content=\"article\" \/>\n<meta property=\"og:title\" content=\"V\u00fdrobky - Chespa - printing inks, clichees, cutting dies\" \/>\n<meta property=\"og:description\" content=\"Grafick\u00e9 barvy, Fotopolymerov\u00e9 \u0161to\u010dky, Chespa Repro Studio, V\u00fdsekov\u00e9 n\u00e1stroje\" \/>\n<meta property=\"og:url\" content=\"https:\/\/www.chespa.eu\/produkty\/\" \/>\n<meta property=\"og:site_name\" content=\"Chespa - printing inks, clichees, cutting dies\" \/>\n<meta property=\"article:modified_time\" content=\"2025-11-20T06:21:48+00:00\" \/>\n<meta property=\"og:image\" content=\"https:\/\/www.chespa.eu\/wp-content\/uploads\/2021\/03\/23_ESP_bez23.png\" \/>\n\t<meta property=\"og:image:width\" content=\"1920\" \/>\n\t<meta property=\"og:image:height\" content=\"295\" \/>\n\t<meta property=\"og:image:type\" content=\"image\/png\" \/>\n<meta name=\"twitter:card\" content=\"summary_large_image\" \/>\n<meta name=\"twitter:label1\" content=\"Est. reading time\" \/>\n\t<meta name=\"twitter:data1\" content=\"1 minute\" \/>\n<script type=\"application\/ld+json\" class=\"yoast-schema-graph\">{\"@context\":\"https:\\\/\\\/schema.org\",\"@graph\":[{\"@type\":\"WebPage\",\"@id\":\"https:\\\/\\\/www.chespa.eu\\\/produkty\\\/\",\"url\":\"https:\\\/\\\/www.chespa.eu\\\/produkty\\\/\",\"name\":\"V\u00fdrobky - Chespa - printing inks, clichees, cutting dies\",\"isPartOf\":{\"@id\":\"https:\\\/\\\/www.chespa.eu\\\/#website\"},\"primaryImageOfPage\":{\"@id\":\"https:\\\/\\\/www.chespa.eu\\\/produkty\\\/#primaryimage\"},\"image\":{\"@id\":\"https:\\\/\\\/www.chespa.eu\\\/produkty\\\/#primaryimage\"},\"thumbnailUrl\":\"https:\\\/\\\/www.chespa.eu\\\/wp-content\\\/uploads\\\/2021\\\/03\\\/23_ESP_bez23.png\",\"datePublished\":\"2021-02-19T07:46:44+00:00\",\"dateModified\":\"2025-11-20T06:21:48+00:00\",\"description\":\"Grafick\u00e9 barvy, Fotopolymerov\u00e9 \u0161to\u010dky, Chespa Repro Studio, V\u00fdsekov\u00e9 n\u00e1stroje\",\"breadcrumb\":{\"@id\":\"https:\\\/\\\/www.chespa.eu\\\/produkty\\\/#breadcrumb\"},\"inLanguage\":\"cs-CZ\",\"potentialAction\":[{\"@type\":\"ReadAction\",\"target\":[\"https:\\\/\\\/www.chespa.eu\\\/produkty\\\/\"]}]},{\"@type\":\"ImageObject\",\"inLanguage\":\"cs-CZ\",\"@id\":\"https:\\\/\\\/www.chespa.eu\\\/produkty\\\/#primaryimage\",\"url\":\"https:\\\/\\\/www.chespa.eu\\\/wp-content\\\/uploads\\\/2021\\\/03\\\/23_ESP_bez23.png\",\"contentUrl\":\"https:\\\/\\\/www.chespa.eu\\\/wp-content\\\/uploads\\\/2021\\\/03\\\/23_ESP_bez23.png\",\"width\":1920,\"height\":295},{\"@type\":\"BreadcrumbList\",\"@id\":\"https:\\\/\\\/www.chespa.eu\\\/produkty\\\/#breadcrumb\",\"itemListElement\":[{\"@type\":\"ListItem\",\"position\":1,\"name\":\"Strona g\u0142\u00f3wna\",\"item\":\"https:\\\/\\\/www.chespa.eu\\\/\"},{\"@type\":\"ListItem\",\"position\":2,\"name\":\"V\u00fdrobky\"}]},{\"@type\":\"WebSite\",\"@id\":\"https:\\\/\\\/www.chespa.eu\\\/#website\",\"url\":\"https:\\\/\\\/www.chespa.eu\\\/\",\"name\":\"Chespa - printing inks, clichees, cutting dies\",\"description\":\"\",\"potentialAction\":[{\"@type\":\"SearchAction\",\"target\":{\"@type\":\"EntryPoint\",\"urlTemplate\":\"https:\\\/\\\/www.chespa.eu\\\/?s={search_term_string}\"},\"query-input\":{\"@type\":\"PropertyValueSpecification\",\"valueRequired\":true,\"valueName\":\"search_term_string\"}}],\"inLanguage\":\"cs-CZ\"}]}<\/script>\n<!-- \/ Yoast SEO plugin. -->","yoast_head_json":{"title":"V\u00fdrobky - Chespa - printing inks, clichees, cutting dies","description":"Grafick\u00e9 barvy, Fotopolymerov\u00e9 \u0161to\u010dky, Chespa Repro Studio, V\u00fdsekov\u00e9 n\u00e1stroje","robots":{"index":"index","follow":"follow","max-snippet":"max-snippet:-1","max-image-preview":"max-image-preview:large","max-video-preview":"max-video-preview:-1"},"canonical":"https:\/\/www.chespa.eu\/produkty\/","og_locale":"cs_CZ","og_type":"article","og_title":"V\u00fdrobky - Chespa - printing inks, clichees, cutting dies","og_description":"Grafick\u00e9 barvy, Fotopolymerov\u00e9 \u0161to\u010dky, Chespa Repro Studio, V\u00fdsekov\u00e9 n\u00e1stroje","og_url":"https:\/\/www.chespa.eu\/produkty\/","og_site_name":"Chespa - printing inks, clichees, cutting dies","article_modified_time":"2025-11-20T06:21:48+00:00","og_image":[{"width":1920,"height":295,"url":"https:\/\/www.chespa.eu\/wp-content\/uploads\/2021\/03\/23_ESP_bez23.png","type":"image\/png"}],"twitter_card":"summary_large_image","twitter_misc":{"Est. reading time":"1 minute"},"schema":{"@context":"https:\/\/schema.org","@graph":[{"@type":"WebPage","@id":"https:\/\/www.chespa.eu\/produkty\/","url":"https:\/\/www.chespa.eu\/produkty\/","name":"V\u00fdrobky - Chespa - printing inks, clichees, cutting dies","isPartOf":{"@id":"https:\/\/www.chespa.eu\/#website"},"primaryImageOfPage":{"@id":"https:\/\/www.chespa.eu\/produkty\/#primaryimage"},"image":{"@id":"https:\/\/www.chespa.eu\/produkty\/#primaryimage"},"thumbnailUrl":"https:\/\/www.chespa.eu\/wp-content\/uploads\/2021\/03\/23_ESP_bez23.png","datePublished":"2021-02-19T07:46:44+00:00","dateModified":"2025-11-20T06:21:48+00:00","description":"Grafick\u00e9 barvy, Fotopolymerov\u00e9 \u0161to\u010dky, Chespa Repro Studio, V\u00fdsekov\u00e9 n\u00e1stroje","breadcrumb":{"@id":"https:\/\/www.chespa.eu\/produkty\/#breadcrumb"},"inLanguage":"cs-CZ","potentialAction":[{"@type":"ReadAction","target":["https:\/\/www.chespa.eu\/produkty\/"]}]},{"@type":"ImageObject","inLanguage":"cs-CZ","@id":"https:\/\/www.chespa.eu\/produkty\/#primaryimage","url":"https:\/\/www.chespa.eu\/wp-content\/uploads\/2021\/03\/23_ESP_bez23.png","contentUrl":"https:\/\/www.chespa.eu\/wp-content\/uploads\/2021\/03\/23_ESP_bez23.png","width":1920,"height":295},{"@type":"BreadcrumbList","@id":"https:\/\/www.chespa.eu\/produkty\/#breadcrumb","itemListElement":[{"@type":"ListItem","position":1,"name":"Strona g\u0142\u00f3wna","item":"https:\/\/www.chespa.eu\/"},{"@type":"ListItem","position":2,"name":"V\u00fdrobky"}]},{"@type":"WebSite","@id":"https:\/\/www.chespa.eu\/#website","url":"https:\/\/www.chespa.eu\/","name":"Chespa - printing inks, clichees, cutting dies","description":"","potentialAction":[{"@type":"SearchAction","target":{"@type":"EntryPoint","urlTemplate":"https:\/\/www.chespa.eu\/?s={search_term_string}"},"query-input":{"@type":"PropertyValueSpecification","valueRequired":true,"valueName":"search_term_string"}}],"inLanguage":"cs-CZ"}]}},"_links":{"self":[{"href":"https:\/\/www.chespa.eu\/cs\/wp-json\/wp\/v2\/pages\/14947","targetHints":{"allow":["GET"]}}],"collection":[{"href":"https:\/\/www.chespa.eu\/cs\/wp-json\/wp\/v2\/pages"}],"about":[{"href":"https:\/\/www.chespa.eu\/cs\/wp-json\/wp\/v2\/types\/page"}],"author":[{"embeddable":true,"href":"https:\/\/www.chespa.eu\/cs\/wp-json\/wp\/v2\/users\/6"}],"replies":[{"embeddable":true,"href":"https:\/\/www.chespa.eu\/cs\/wp-json\/wp\/v2\/comments?post=14947"}],"version-history":[{"count":15,"href":"https:\/\/www.chespa.eu\/cs\/wp-json\/wp\/v2\/pages\/14947\/revisions"}],"predecessor-version":[{"id":19134,"href":"https:\/\/www.chespa.eu\/cs\/wp-json\/wp\/v2\/pages\/14947\/revisions\/19134"}],"wp:featuredmedia":[{"embeddable":true,"href":"https:\/\/www.chespa.eu\/cs\/wp-json\/wp\/v2\/media\/15183"}],"wp:attachment":[{"href":"https:\/\/www.chespa.eu\/cs\/wp-json\/wp\/v2\/media?parent=14947"}],"curies":[{"name":"wp","href":"https:\/\/api.w.org\/{rel}","templated":true}]}}