{"id":14610,"date":"2020-12-10T09:30:32","date_gmt":"2020-12-10T08:30:32","guid":{"rendered":"https:\/\/www.chespa.eu\/spice-up-your-print\/"},"modified":"2026-02-10T10:55:07","modified_gmt":"2026-02-10T09:55:07","slug":"spice-up-your-print","status":"publish","type":"page","link":"https:\/\/www.chespa.eu\/cs\/spice-up-your-print\/","title":{"rendered":"OKO\u0158E\u0147TE SV\u016eJ TISK"},"content":{"rendered":"<p><a href=\"https:\/\/www.chespa.eu\/wp-content\/uploads\/2020\/12\/mlnk.png\" rel=\"lightbox[14610]\"><img loading=\"lazy\" decoding=\"async\" class=\"alignnone wp-image-14396\" src=\"https:\/\/www.chespa.eu\/wp-content\/uploads\/2020\/12\/mlnk.png\" alt=\"\" width=\"334\" height=\"296\" \/><\/a><\/p>\n<p><strong>&gt;&gt; Tepeln\u011b smr\u0161titeln\u00e9 etikety\u00a0<\/strong>\u2013 vyrobeno pro Chespu<\/p>\n<p><strong>&gt;&gt;\u00a0<\/strong>Autentick\u00fd obal \u2013 Sympozium 2020<\/p>\n<p><strong>&gt;&gt;\u00a0<\/strong>Polsko, 12.2020<\/p>\n<p><strong>Pro tisk byly pou\u017eity produkty CHESPA:<\/strong><\/p>\n<p><strong>Barvy \u0159ady \u201cQiuvi Food ELM\u201d a fotopolymerov\u00e9 \u0161to\u010dky vyroben\u00e9 technologi\u00ed \u201cElastic K\u201d.<\/strong><\/p>\n<p>&nbsp;<\/p>\n<p><a href=\"https:\/\/www.chespa.eu\/wp-content\/uploads\/2020\/12\/qiuvi.png\" rel=\"lightbox[14610]\"><img loading=\"lazy\" decoding=\"async\" class=\"alignnone size-full wp-image-14424\" src=\"https:\/\/www.chespa.eu\/wp-content\/uploads\/2020\/12\/qiuvi.png\" alt=\"\" width=\"247\" height=\"60\" \/><\/a><\/p>\n<p><button class=\"btn btn-primary\" type=\"button\" data-toggle=\"collapse\" data-target=\"#collapseExample\" aria-expanded=\"false\" aria-controls=\"collapseExample\">Uk\u00e1zat podrobnosti<\/button><\/p>\n<div id=\"collapseExample\" class=\"collapse\">\n<div class=\"well\">\n<p><strong>Fotopolymerov\u00e9 \u0161to\u010dky:<\/strong>\u00a0<strong>Chespa Elastic K<\/strong><\/p>\n<p><strong>Lineatura: 70\u00a0lpc<\/strong><\/p>\n<p><strong>Tisk\u00e1rna: BG<\/strong><\/p>\n<p><strong>Tiskov\u00fd stroj: Mark Andy<\/strong><\/p>\n<p><strong>Barvy: Chespa<\/strong>\u00a0<strong>Qiuvi Food ELM<\/strong><\/p>\n<p>Qiuvi Food ELM Black \u2013 500 lpc \/ 2,5 cm\u00b3\/m\u00b2<br \/>\nQiuvi Food ELM Cyan \u2013 500 lpc \/ 2,5 cm 3 \/m 2<br \/>\nQiuvi Food ELM Magenta \u2013 500 l pc \/ 2,8 cm 3 \/m 2<br \/>\nQiuvi Food ELM Yellow \u2013 500 lpc \/ 2,8 cm\u00b3\/m\u00b2<br \/>\nQiuvi Food ELM PMS Green \u2013 240 lpc \/ 7 cm\u00b3\/m\u00b2<br \/>\nQiuvi Food ELM PMS Blue \u2013 240 lpc \/ 7 cm\u00b3\/m\u00b2<br \/>\nQiuvi Food ELM PMS Violet \u2013 240 lpc \/ 7 cm\u00b3\/m\u00b2<br \/>\nQiuvi Food ELM White \u2013 160 lpc \/ 7 cm\u00b3\/m\u00b2<\/p>\n<p><strong>Podklad<\/strong>:\u00a0<strong>PET 45<\/strong><\/p>\n<\/div>\n<\/div>\n<p>&nbsp;<\/p>\n<p>&nbsp;<\/p>\n<p><a href=\"https:\/\/www.chespa.eu\/wp-content\/uploads\/2020\/12\/IndiaSpices_corr.png\" rel=\"lightbox[14610]\"><img loading=\"lazy\" decoding=\"async\" class=\"alignnone wp-image-14389\" src=\"https:\/\/www.chespa.eu\/wp-content\/uploads\/2020\/12\/IndiaSpices_corr.png\" alt=\"\" width=\"417\" height=\"361\" \/><\/a><\/p>\n<p><strong>&gt;&gt; Obal India Spices \u2013\u00a0<\/strong>vyrobeno pro Chespu<\/p>\n<p><strong>&gt;&gt;\u00a0<\/strong>Autentick\u00fd obal \u2013 Sympozium 2020<\/p>\n<p><strong>&gt;&gt;\u00a0<\/strong>Polsko, 12.2020<\/p>\n<p><strong>Pro tisk byly pou\u017eity produkty firmy CHESPA:<\/strong><\/p>\n<p><strong>Barvy nejnov\u011bj\u0161\u00ed s\u00e9rie \u201cFlexi Eco\u201d vyroben\u00e9 na b\u00e1zi obnoviteln\u00fdch surovin a fotopolymerov\u00e9 \u0161to\u010dky vyroben\u00e9 technologi\u00ed \u201cChespa Uni Corr\u201d.<\/strong><\/p>\n<p>&nbsp;<\/p>\n<p><a href=\"https:\/\/www.chespa.eu\/wp-content\/uploads\/2020\/12\/flexi_eco.png\" rel=\"lightbox[14610]\"><img loading=\"lazy\" decoding=\"async\" class=\"alignnone size-full wp-image-14418\" src=\"https:\/\/www.chespa.eu\/wp-content\/uploads\/2020\/12\/flexi_eco.png\" alt=\"\" width=\"210\" height=\"57\" \/><\/a><\/p>\n<p><button class=\"btn btn-primary\" type=\"button\" data-toggle=\"collapse\" data-target=\"#collapseExample1\" aria-expanded=\"false\" aria-controls=\"collapseExample1\">Uk\u00e1zat podrobnosti<\/button><\/p>\n<p><strong>Fotopolymerov\u00e9 \u0161to\u010dky:<\/strong>\u00a0<strong>Chespa Uni Corr,\u00a0<\/strong><\/p>\n<p><strong>Lineatura:<\/strong>\u00a0<strong>32\u00a0lpc<\/strong><\/p>\n<p><strong>Tisk\u00e1rna: DAKO<\/strong><\/p>\n<p><strong>Tiskov\u00fd stroj:\u00a0Bobst Materflex HD<\/strong><\/p>\n<p><strong>Barvy:<\/strong>\u00a0<strong>Chespa\u00a0Flexi Eco<\/strong><\/p>\n<p>Flexi Eco Extreme White \u2013 anilox XL<br \/>\nFlexi Eco Cyan \u2013 anilox M<br \/>\nFlexi Eco Magenta \u2013 anilox M<br \/>\nFlexi Eco Yellow \u2013 anilox M<br \/>\nFlexi Eco PMS Brown \u2013 anilox L<br \/>\nFlexi Eco PMS Green \u2013 anilox L<\/p>\n<p><strong>Podklad<\/strong>:\u00a0nenat\u00edran\u00e1 lepenka, kraft, vlna E<\/p>\n<p>&nbsp;<\/p>\n<p>&nbsp;<\/p>\n<p>&nbsp;<\/p>\n<p>Jak na obalu z vlnit\u00e9 lepenky, tak na smr\u0161titeln\u00fdch obalech na ml\u00fdnku a posypce je um\u00edst\u011bn k\u00f3d DIGIMARC. Doporu\u010dujeme pou\u017e\u00edt aplikaci<\/p>\n<p>&nbsp;<\/p>\n<p><a href=\"https:\/\/www.chespa.eu\/wp-content\/uploads\/2020\/12\/digimarc.jpg\" rel=\"lightbox[14610]\"><img loading=\"lazy\" decoding=\"async\" class=\"alignnone size-full wp-image-14473\" src=\"https:\/\/www.chespa.eu\/wp-content\/uploads\/2020\/12\/digimarc.jpg\" alt=\"\" width=\"373\" height=\"43\" \/><\/a><\/p>\n<p>&nbsp;<\/p>\n","protected":false},"excerpt":{"rendered":"<p>&gt;&gt; Tepeln\u011b smr\u0161titeln\u00e9 etikety\u00a0\u2013 vyrobeno pro Chespu &gt;&gt;\u00a0Autentick\u00fd obal \u2013 Sympozium 2020 &gt;&gt;\u00a0Polsko, 12.2020 Pro tisk byly pou\u017eity produkty CHESPA: Barvy \u0159ady \u201cQiuvi Food ELM\u201d a fotopolymerov\u00e9 \u0161to\u010dky vyroben\u00e9 technologi\u00ed \u201cElastic K\u201d. &nbsp; Uk\u00e1zat podrobnosti Fotopolymerov\u00e9 \u0161to\u010dky:\u00a0Chespa Elastic K Lineatura: 70\u00a0lpc Tisk\u00e1rna: BG Tiskov\u00fd stroj: Mark Andy Barvy: Chespa\u00a0Qiuvi Food ELM Qiuvi Food ELM Black [&hellip;]<\/p>\n","protected":false},"author":2,"featured_media":14484,"parent":0,"menu_order":0,"comment_status":"closed","ping_status":"closed","template":"","meta":{"_acf_changed":false,"footnotes":""},"class_list":["post-14610","page","type-page","status-publish","has-post-thumbnail","hentry"],"acf":[],"yoast_head":"<!-- This site is optimized with the Yoast SEO plugin v27.5 - https:\/\/yoast.com\/product\/yoast-seo-wordpress\/ -->\n<title>OKO\u0158E\u0147TE SV\u016eJ TISK - Chespa - printing inks, clichees, cutting dies<\/title>\n<meta name=\"robots\" content=\"index, follow, max-snippet:-1, max-image-preview:large, max-video-preview:-1\" \/>\n<link rel=\"canonical\" href=\"https:\/\/www.chespa.eu\/cs\/spice-up-your-print\/\" \/>\n<meta property=\"og:locale\" content=\"cs_CZ\" \/>\n<meta property=\"og:type\" content=\"article\" \/>\n<meta property=\"og:title\" content=\"OKO\u0158E\u0147TE SV\u016eJ TISK - Chespa - printing inks, clichees, cutting dies\" \/>\n<meta property=\"og:description\" content=\"&gt;&gt; Tepeln\u011b smr\u0161titeln\u00e9 etikety\u00a0\u2013 vyrobeno pro Chespu &gt;&gt;\u00a0Autentick\u00fd obal \u2013 Sympozium 2020 &gt;&gt;\u00a0Polsko, 12.2020 Pro tisk byly pou\u017eity produkty CHESPA: Barvy \u0159ady \u201cQiuvi Food ELM\u201d a fotopolymerov\u00e9 \u0161to\u010dky vyroben\u00e9 technologi\u00ed \u201cElastic K\u201d. &nbsp; Uk\u00e1zat podrobnosti Fotopolymerov\u00e9 \u0161to\u010dky:\u00a0Chespa Elastic K Lineatura: 70\u00a0lpc Tisk\u00e1rna: BG Tiskov\u00fd stroj: Mark Andy Barvy: Chespa\u00a0Qiuvi Food ELM Qiuvi Food ELM Black [&hellip;]\" \/>\n<meta property=\"og:url\" content=\"https:\/\/www.chespa.eu\/cs\/spice-up-your-print\/\" \/>\n<meta property=\"og:site_name\" content=\"Chespa - printing inks, clichees, cutting dies\" \/>\n<meta property=\"article:modified_time\" content=\"2026-02-10T09:55:07+00:00\" \/>\n<meta property=\"og:image\" content=\"https:\/\/www.chespa.eu\/wp-content\/uploads\/2020\/12\/okno_gorne2.jpg\" \/>\n\t<meta property=\"og:image:width\" content=\"1920\" \/>\n\t<meta property=\"og:image:height\" content=\"295\" \/>\n\t<meta property=\"og:image:type\" content=\"image\/jpeg\" \/>\n<meta name=\"twitter:card\" content=\"summary_large_image\" \/>\n<meta name=\"twitter:label1\" content=\"Est. reading time\" \/>\n\t<meta name=\"twitter:data1\" content=\"3 minutes\" \/>\n<script type=\"application\/ld+json\" class=\"yoast-schema-graph\">{\"@context\":\"https:\\\/\\\/schema.org\",\"@graph\":[{\"@type\":\"WebPage\",\"@id\":\"https:\\\/\\\/www.chespa.eu\\\/cs\\\/spice-up-your-print\\\/\",\"url\":\"https:\\\/\\\/www.chespa.eu\\\/cs\\\/spice-up-your-print\\\/\",\"name\":\"OKO\u0158E\u0147TE SV\u016eJ TISK - Chespa - printing inks, clichees, cutting dies\",\"isPartOf\":{\"@id\":\"https:\\\/\\\/www.chespa.eu\\\/#website\"},\"primaryImageOfPage\":{\"@id\":\"https:\\\/\\\/www.chespa.eu\\\/cs\\\/spice-up-your-print\\\/#primaryimage\"},\"image\":{\"@id\":\"https:\\\/\\\/www.chespa.eu\\\/cs\\\/spice-up-your-print\\\/#primaryimage\"},\"thumbnailUrl\":\"https:\\\/\\\/www.chespa.eu\\\/wp-content\\\/uploads\\\/2020\\\/12\\\/okno_gorne2.jpg\",\"datePublished\":\"2020-12-10T08:30:32+00:00\",\"dateModified\":\"2026-02-10T09:55:07+00:00\",\"breadcrumb\":{\"@id\":\"https:\\\/\\\/www.chespa.eu\\\/cs\\\/spice-up-your-print\\\/#breadcrumb\"},\"inLanguage\":\"cs-CZ\",\"potentialAction\":[{\"@type\":\"ReadAction\",\"target\":[\"https:\\\/\\\/www.chespa.eu\\\/cs\\\/spice-up-your-print\\\/\"]}]},{\"@type\":\"ImageObject\",\"inLanguage\":\"cs-CZ\",\"@id\":\"https:\\\/\\\/www.chespa.eu\\\/cs\\\/spice-up-your-print\\\/#primaryimage\",\"url\":\"https:\\\/\\\/www.chespa.eu\\\/wp-content\\\/uploads\\\/2020\\\/12\\\/okno_gorne2.jpg\",\"contentUrl\":\"https:\\\/\\\/www.chespa.eu\\\/wp-content\\\/uploads\\\/2020\\\/12\\\/okno_gorne2.jpg\",\"width\":1920,\"height\":295},{\"@type\":\"BreadcrumbList\",\"@id\":\"https:\\\/\\\/www.chespa.eu\\\/cs\\\/spice-up-your-print\\\/#breadcrumb\",\"itemListElement\":[{\"@type\":\"ListItem\",\"position\":1,\"name\":\"Strona g\u0142\u00f3wna\",\"item\":\"https:\\\/\\\/www.chespa.eu\\\/\"},{\"@type\":\"ListItem\",\"position\":2,\"name\":\"OKO\u0158E\u0147TE SV\u016eJ TISK\"}]},{\"@type\":\"WebSite\",\"@id\":\"https:\\\/\\\/www.chespa.eu\\\/#website\",\"url\":\"https:\\\/\\\/www.chespa.eu\\\/\",\"name\":\"Chespa - printing inks, clichees, cutting dies\",\"description\":\"\",\"potentialAction\":[{\"@type\":\"SearchAction\",\"target\":{\"@type\":\"EntryPoint\",\"urlTemplate\":\"https:\\\/\\\/www.chespa.eu\\\/?s={search_term_string}\"},\"query-input\":{\"@type\":\"PropertyValueSpecification\",\"valueRequired\":true,\"valueName\":\"search_term_string\"}}],\"inLanguage\":\"cs-CZ\"}]}<\/script>\n<!-- \/ Yoast SEO plugin. -->","yoast_head_json":{"title":"OKO\u0158E\u0147TE SV\u016eJ TISK - Chespa - printing inks, clichees, cutting dies","robots":{"index":"index","follow":"follow","max-snippet":"max-snippet:-1","max-image-preview":"max-image-preview:large","max-video-preview":"max-video-preview:-1"},"canonical":"https:\/\/www.chespa.eu\/cs\/spice-up-your-print\/","og_locale":"cs_CZ","og_type":"article","og_title":"OKO\u0158E\u0147TE SV\u016eJ TISK - Chespa - printing inks, clichees, cutting dies","og_description":"&gt;&gt; Tepeln\u011b smr\u0161titeln\u00e9 etikety\u00a0\u2013 vyrobeno pro Chespu &gt;&gt;\u00a0Autentick\u00fd obal \u2013 Sympozium 2020 &gt;&gt;\u00a0Polsko, 12.2020 Pro tisk byly pou\u017eity produkty CHESPA: Barvy \u0159ady \u201cQiuvi Food ELM\u201d a fotopolymerov\u00e9 \u0161to\u010dky vyroben\u00e9 technologi\u00ed \u201cElastic K\u201d. &nbsp; Uk\u00e1zat podrobnosti Fotopolymerov\u00e9 \u0161to\u010dky:\u00a0Chespa Elastic K Lineatura: 70\u00a0lpc Tisk\u00e1rna: BG Tiskov\u00fd stroj: Mark Andy Barvy: Chespa\u00a0Qiuvi Food ELM Qiuvi Food ELM Black [&hellip;]","og_url":"https:\/\/www.chespa.eu\/cs\/spice-up-your-print\/","og_site_name":"Chespa - printing inks, clichees, cutting dies","article_modified_time":"2026-02-10T09:55:07+00:00","og_image":[{"width":1920,"height":295,"url":"https:\/\/www.chespa.eu\/wp-content\/uploads\/2020\/12\/okno_gorne2.jpg","type":"image\/jpeg"}],"twitter_card":"summary_large_image","twitter_misc":{"Est. reading time":"3 minutes"},"schema":{"@context":"https:\/\/schema.org","@graph":[{"@type":"WebPage","@id":"https:\/\/www.chespa.eu\/cs\/spice-up-your-print\/","url":"https:\/\/www.chespa.eu\/cs\/spice-up-your-print\/","name":"OKO\u0158E\u0147TE SV\u016eJ TISK - Chespa - printing inks, clichees, cutting dies","isPartOf":{"@id":"https:\/\/www.chespa.eu\/#website"},"primaryImageOfPage":{"@id":"https:\/\/www.chespa.eu\/cs\/spice-up-your-print\/#primaryimage"},"image":{"@id":"https:\/\/www.chespa.eu\/cs\/spice-up-your-print\/#primaryimage"},"thumbnailUrl":"https:\/\/www.chespa.eu\/wp-content\/uploads\/2020\/12\/okno_gorne2.jpg","datePublished":"2020-12-10T08:30:32+00:00","dateModified":"2026-02-10T09:55:07+00:00","breadcrumb":{"@id":"https:\/\/www.chespa.eu\/cs\/spice-up-your-print\/#breadcrumb"},"inLanguage":"cs-CZ","potentialAction":[{"@type":"ReadAction","target":["https:\/\/www.chespa.eu\/cs\/spice-up-your-print\/"]}]},{"@type":"ImageObject","inLanguage":"cs-CZ","@id":"https:\/\/www.chespa.eu\/cs\/spice-up-your-print\/#primaryimage","url":"https:\/\/www.chespa.eu\/wp-content\/uploads\/2020\/12\/okno_gorne2.jpg","contentUrl":"https:\/\/www.chespa.eu\/wp-content\/uploads\/2020\/12\/okno_gorne2.jpg","width":1920,"height":295},{"@type":"BreadcrumbList","@id":"https:\/\/www.chespa.eu\/cs\/spice-up-your-print\/#breadcrumb","itemListElement":[{"@type":"ListItem","position":1,"name":"Strona g\u0142\u00f3wna","item":"https:\/\/www.chespa.eu\/"},{"@type":"ListItem","position":2,"name":"OKO\u0158E\u0147TE SV\u016eJ TISK"}]},{"@type":"WebSite","@id":"https:\/\/www.chespa.eu\/#website","url":"https:\/\/www.chespa.eu\/","name":"Chespa - printing inks, clichees, cutting dies","description":"","potentialAction":[{"@type":"SearchAction","target":{"@type":"EntryPoint","urlTemplate":"https:\/\/www.chespa.eu\/?s={search_term_string}"},"query-input":{"@type":"PropertyValueSpecification","valueRequired":true,"valueName":"search_term_string"}}],"inLanguage":"cs-CZ"}]}},"_links":{"self":[{"href":"https:\/\/www.chespa.eu\/cs\/wp-json\/wp\/v2\/pages\/14610","targetHints":{"allow":["GET"]}}],"collection":[{"href":"https:\/\/www.chespa.eu\/cs\/wp-json\/wp\/v2\/pages"}],"about":[{"href":"https:\/\/www.chespa.eu\/cs\/wp-json\/wp\/v2\/types\/page"}],"author":[{"embeddable":true,"href":"https:\/\/www.chespa.eu\/cs\/wp-json\/wp\/v2\/users\/2"}],"replies":[{"embeddable":true,"href":"https:\/\/www.chespa.eu\/cs\/wp-json\/wp\/v2\/comments?post=14610"}],"version-history":[{"count":4,"href":"https:\/\/www.chespa.eu\/cs\/wp-json\/wp\/v2\/pages\/14610\/revisions"}],"predecessor-version":[{"id":19374,"href":"https:\/\/www.chespa.eu\/cs\/wp-json\/wp\/v2\/pages\/14610\/revisions\/19374"}],"wp:featuredmedia":[{"embeddable":true,"href":"https:\/\/www.chespa.eu\/cs\/wp-json\/wp\/v2\/media\/14484"}],"wp:attachment":[{"href":"https:\/\/www.chespa.eu\/cs\/wp-json\/wp\/v2\/media?parent=14610"}],"curies":[{"name":"wp","href":"https:\/\/api.w.org\/{rel}","templated":true}]}}