{"id":14561,"date":"2020-10-02T14:29:30","date_gmt":"2020-10-02T12:29:30","guid":{"rendered":"https:\/\/www.chespa.eu\/recipe-with-spice-pepper\/"},"modified":"2020-12-14T10:16:00","modified_gmt":"2020-12-14T09:16:00","slug":"recipe-with-spice-pepper-2","status":"publish","type":"page","link":"https:\/\/www.chespa.eu\/cs\/recipe-with-spice-pepper-2\/","title":{"rendered":"Sledi v oleji s\u00a0barevn\u00fdm pep\u0159em a citronem"},"content":{"rendered":"<p>&nbsp;<\/p>\n<p>Ingredience:<\/p>\n<ul>\n<li>1 l\u017e\u00edce kuli\u010dek barevn\u00e9ho pep\u0159e<\/li>\n<li>5 kuli\u010dek \u00a0jalovce<\/li>\n<li>5 kuli\u010dek nov\u00e9ho ko\u0159en\u00ed<\/li>\n<li>5 \u010derstv\u00fdch bobkov\u00fdch list\u016f<\/li>\n<li>p\u016fl citronu nasekan\u00e9ho na kosti\u010dky<\/li>\n<li>1\/3 sklenice \u0159epkov\u00e9ho oleje<\/li>\n<li>1 l\u017e\u00edce tekut\u00e9ho medu<\/li>\n<li>8 solen\u00fdch sle\u010f\u016f a&#8217;la matesy<\/li>\n<\/ul>\n<p>&nbsp;<\/p>\n<p>P\u0159\u00edprava:<\/p>\n<p>Sled\u011b zalijeme studenou vodou a nam\u00e1\u010d\u00edme 2-3 hodiny.<br \/>\nPotom je nech\u00e1me okapat, osu\u0161\u00edme a nakr\u00e1j\u00edme na kousky.<br \/>\nKuli\u010dky jalovce, nov\u00e9 ko\u0159en\u00ed a polovinu pep\u0159e utlu\u010deme v hmo\u017ed\u00ed\u0159i.<br \/>\nN\u00e1sledn\u011b v mise prom\u00edch\u00e1me zbytek pep\u0159e s t\u00edm utlu\u010den\u00fdm, citron i s k\u016frou nakr\u00e1j\u00edme v kosti\u010dky a p\u0159\u00edd\u00e1me do mise. Pak p\u0159id\u00e1me bobkov\u00e9 listy a med s olejem.<br \/>\nNakonec prom\u00edch\u00e1me v\u0161echno se sledi. Nech\u00e1me odle\u017eet v\u00a0lednici 24 hodiny.<\/p>\n<div style=\"width: 1080px;\" class=\"wp-video\"><video class=\"wp-video-shortcode\" id=\"video-14561-1\" width=\"1080\" height=\"1080\" preload=\"metadata\" controls=\"controls\"><source type=\"video\/mp4\" src=\"https:\/\/www.chespa.eu\/wp-content\/uploads\/2020\/12\/Przyprawa-Pepper.mp4?_=1\" \/><a href=\"https:\/\/www.chespa.eu\/wp-content\/uploads\/2020\/12\/Przyprawa-Pepper.mp4\">https:\/\/www.chespa.eu\/wp-content\/uploads\/2020\/12\/Przyprawa-Pepper.mp4<\/a><\/video><\/div>\n","protected":false},"excerpt":{"rendered":"<p>&nbsp; Ingredience: 1 l\u017e\u00edce kuli\u010dek barevn\u00e9ho pep\u0159e 5 kuli\u010dek \u00a0jalovce 5 kuli\u010dek nov\u00e9ho ko\u0159en\u00ed 5 \u010derstv\u00fdch bobkov\u00fdch list\u016f p\u016fl citronu nasekan\u00e9ho na kosti\u010dky 1\/3 sklenice \u0159epkov\u00e9ho oleje 1 l\u017e\u00edce tekut\u00e9ho medu 8 solen\u00fdch sle\u010f\u016f a&#8217;la matesy &nbsp; P\u0159\u00edprava: Sled\u011b zalijeme studenou vodou a nam\u00e1\u010d\u00edme 2-3 hodiny. Potom je nech\u00e1me okapat, osu\u0161\u00edme a nakr\u00e1j\u00edme na kousky. [&hellip;]<\/p>\n","protected":false},"author":2,"featured_media":14217,"parent":0,"menu_order":0,"comment_status":"closed","ping_status":"closed","template":"","meta":{"_acf_changed":false,"footnotes":""},"class_list":["post-14561","page","type-page","status-publish","has-post-thumbnail","hentry"],"acf":[],"yoast_head":"<!-- This site is optimized with the Yoast SEO plugin v27.4 - https:\/\/yoast.com\/product\/yoast-seo-wordpress\/ -->\n<title>Sledi v oleji s\u00a0barevn\u00fdm pep\u0159em a citronem - Chespa - printing inks, clichees, cutting dies<\/title>\n<meta name=\"robots\" content=\"index, follow, max-snippet:-1, max-image-preview:large, max-video-preview:-1\" \/>\n<link rel=\"canonical\" href=\"https:\/\/www.chespa.eu\/cs\/recipe-with-spice-pepper-2\/\" \/>\n<meta property=\"og:locale\" content=\"cs_CZ\" \/>\n<meta property=\"og:type\" content=\"article\" \/>\n<meta property=\"og:title\" content=\"Sledi v oleji s\u00a0barevn\u00fdm pep\u0159em a citronem - Chespa - printing inks, clichees, cutting dies\" \/>\n<meta property=\"og:description\" content=\"&nbsp; Ingredience: 1 l\u017e\u00edce kuli\u010dek barevn\u00e9ho pep\u0159e 5 kuli\u010dek \u00a0jalovce 5 kuli\u010dek nov\u00e9ho ko\u0159en\u00ed 5 \u010derstv\u00fdch bobkov\u00fdch list\u016f p\u016fl citronu nasekan\u00e9ho na kosti\u010dky 1\/3 sklenice \u0159epkov\u00e9ho oleje 1 l\u017e\u00edce tekut\u00e9ho medu 8 solen\u00fdch sle\u010f\u016f a&#8217;la matesy &nbsp; P\u0159\u00edprava: Sled\u011b zalijeme studenou vodou a nam\u00e1\u010d\u00edme 2-3 hodiny. Potom je nech\u00e1me okapat, osu\u0161\u00edme a nakr\u00e1j\u00edme na kousky. [&hellip;]\" \/>\n<meta property=\"og:url\" content=\"https:\/\/www.chespa.eu\/cs\/recipe-with-spice-pepper-2\/\" \/>\n<meta property=\"og:site_name\" content=\"Chespa - printing inks, clichees, cutting dies\" \/>\n<meta property=\"article:modified_time\" content=\"2020-12-14T09:16:00+00:00\" \/>\n<meta property=\"og:image\" content=\"https:\/\/www.chespa.eu\/wp-content\/uploads\/2020\/10\/sledz.png\" \/>\n\t<meta property=\"og:image:width\" content=\"1920\" \/>\n\t<meta property=\"og:image:height\" content=\"295\" \/>\n\t<meta property=\"og:image:type\" content=\"image\/png\" \/>\n<meta name=\"twitter:card\" content=\"summary_large_image\" \/>\n<meta name=\"twitter:label1\" content=\"Est. reading time\" \/>\n\t<meta name=\"twitter:data1\" content=\"1 minute\" \/>\n<script type=\"application\/ld+json\" class=\"yoast-schema-graph\">{\"@context\":\"https:\\\/\\\/schema.org\",\"@graph\":[{\"@type\":\"WebPage\",\"@id\":\"https:\\\/\\\/www.chespa.eu\\\/cs\\\/recipe-with-spice-pepper-2\\\/\",\"url\":\"https:\\\/\\\/www.chespa.eu\\\/cs\\\/recipe-with-spice-pepper-2\\\/\",\"name\":\"Sledi v oleji s\u00a0barevn\u00fdm pep\u0159em a citronem - Chespa - printing inks, clichees, cutting dies\",\"isPartOf\":{\"@id\":\"https:\\\/\\\/www.chespa.eu\\\/#website\"},\"primaryImageOfPage\":{\"@id\":\"https:\\\/\\\/www.chespa.eu\\\/cs\\\/recipe-with-spice-pepper-2\\\/#primaryimage\"},\"image\":{\"@id\":\"https:\\\/\\\/www.chespa.eu\\\/cs\\\/recipe-with-spice-pepper-2\\\/#primaryimage\"},\"thumbnailUrl\":\"https:\\\/\\\/www.chespa.eu\\\/wp-content\\\/uploads\\\/2020\\\/10\\\/sledz.png\",\"datePublished\":\"2020-10-02T12:29:30+00:00\",\"dateModified\":\"2020-12-14T09:16:00+00:00\",\"breadcrumb\":{\"@id\":\"https:\\\/\\\/www.chespa.eu\\\/cs\\\/recipe-with-spice-pepper-2\\\/#breadcrumb\"},\"inLanguage\":\"cs-CZ\",\"potentialAction\":[{\"@type\":\"ReadAction\",\"target\":[\"https:\\\/\\\/www.chespa.eu\\\/cs\\\/recipe-with-spice-pepper-2\\\/\"]}]},{\"@type\":\"ImageObject\",\"inLanguage\":\"cs-CZ\",\"@id\":\"https:\\\/\\\/www.chespa.eu\\\/cs\\\/recipe-with-spice-pepper-2\\\/#primaryimage\",\"url\":\"https:\\\/\\\/www.chespa.eu\\\/wp-content\\\/uploads\\\/2020\\\/10\\\/sledz.png\",\"contentUrl\":\"https:\\\/\\\/www.chespa.eu\\\/wp-content\\\/uploads\\\/2020\\\/10\\\/sledz.png\",\"width\":1920,\"height\":295},{\"@type\":\"BreadcrumbList\",\"@id\":\"https:\\\/\\\/www.chespa.eu\\\/cs\\\/recipe-with-spice-pepper-2\\\/#breadcrumb\",\"itemListElement\":[{\"@type\":\"ListItem\",\"position\":1,\"name\":\"Strona g\u0142\u00f3wna\",\"item\":\"https:\\\/\\\/www.chespa.eu\\\/\"},{\"@type\":\"ListItem\",\"position\":2,\"name\":\"Sledi v oleji s\u00a0barevn\u00fdm pep\u0159em a citronem\"}]},{\"@type\":\"WebSite\",\"@id\":\"https:\\\/\\\/www.chespa.eu\\\/#website\",\"url\":\"https:\\\/\\\/www.chespa.eu\\\/\",\"name\":\"Chespa - printing inks, clichees, cutting dies\",\"description\":\"\",\"potentialAction\":[{\"@type\":\"SearchAction\",\"target\":{\"@type\":\"EntryPoint\",\"urlTemplate\":\"https:\\\/\\\/www.chespa.eu\\\/?s={search_term_string}\"},\"query-input\":{\"@type\":\"PropertyValueSpecification\",\"valueRequired\":true,\"valueName\":\"search_term_string\"}}],\"inLanguage\":\"cs-CZ\"}]}<\/script>\n<!-- \/ Yoast SEO plugin. -->","yoast_head_json":{"title":"Sledi v oleji s\u00a0barevn\u00fdm pep\u0159em a citronem - Chespa - printing inks, clichees, cutting dies","robots":{"index":"index","follow":"follow","max-snippet":"max-snippet:-1","max-image-preview":"max-image-preview:large","max-video-preview":"max-video-preview:-1"},"canonical":"https:\/\/www.chespa.eu\/cs\/recipe-with-spice-pepper-2\/","og_locale":"cs_CZ","og_type":"article","og_title":"Sledi v oleji s\u00a0barevn\u00fdm pep\u0159em a citronem - Chespa - printing inks, clichees, cutting dies","og_description":"&nbsp; Ingredience: 1 l\u017e\u00edce kuli\u010dek barevn\u00e9ho pep\u0159e 5 kuli\u010dek \u00a0jalovce 5 kuli\u010dek nov\u00e9ho ko\u0159en\u00ed 5 \u010derstv\u00fdch bobkov\u00fdch list\u016f p\u016fl citronu nasekan\u00e9ho na kosti\u010dky 1\/3 sklenice \u0159epkov\u00e9ho oleje 1 l\u017e\u00edce tekut\u00e9ho medu 8 solen\u00fdch sle\u010f\u016f a&#8217;la matesy &nbsp; P\u0159\u00edprava: Sled\u011b zalijeme studenou vodou a nam\u00e1\u010d\u00edme 2-3 hodiny. Potom je nech\u00e1me okapat, osu\u0161\u00edme a nakr\u00e1j\u00edme na kousky. [&hellip;]","og_url":"https:\/\/www.chespa.eu\/cs\/recipe-with-spice-pepper-2\/","og_site_name":"Chespa - printing inks, clichees, cutting dies","article_modified_time":"2020-12-14T09:16:00+00:00","og_image":[{"width":1920,"height":295,"url":"https:\/\/www.chespa.eu\/wp-content\/uploads\/2020\/10\/sledz.png","type":"image\/png"}],"twitter_card":"summary_large_image","twitter_misc":{"Est. reading time":"1 minute"},"schema":{"@context":"https:\/\/schema.org","@graph":[{"@type":"WebPage","@id":"https:\/\/www.chespa.eu\/cs\/recipe-with-spice-pepper-2\/","url":"https:\/\/www.chespa.eu\/cs\/recipe-with-spice-pepper-2\/","name":"Sledi v oleji s\u00a0barevn\u00fdm pep\u0159em a citronem - Chespa - printing inks, clichees, cutting dies","isPartOf":{"@id":"https:\/\/www.chespa.eu\/#website"},"primaryImageOfPage":{"@id":"https:\/\/www.chespa.eu\/cs\/recipe-with-spice-pepper-2\/#primaryimage"},"image":{"@id":"https:\/\/www.chespa.eu\/cs\/recipe-with-spice-pepper-2\/#primaryimage"},"thumbnailUrl":"https:\/\/www.chespa.eu\/wp-content\/uploads\/2020\/10\/sledz.png","datePublished":"2020-10-02T12:29:30+00:00","dateModified":"2020-12-14T09:16:00+00:00","breadcrumb":{"@id":"https:\/\/www.chespa.eu\/cs\/recipe-with-spice-pepper-2\/#breadcrumb"},"inLanguage":"cs-CZ","potentialAction":[{"@type":"ReadAction","target":["https:\/\/www.chespa.eu\/cs\/recipe-with-spice-pepper-2\/"]}]},{"@type":"ImageObject","inLanguage":"cs-CZ","@id":"https:\/\/www.chespa.eu\/cs\/recipe-with-spice-pepper-2\/#primaryimage","url":"https:\/\/www.chespa.eu\/wp-content\/uploads\/2020\/10\/sledz.png","contentUrl":"https:\/\/www.chespa.eu\/wp-content\/uploads\/2020\/10\/sledz.png","width":1920,"height":295},{"@type":"BreadcrumbList","@id":"https:\/\/www.chespa.eu\/cs\/recipe-with-spice-pepper-2\/#breadcrumb","itemListElement":[{"@type":"ListItem","position":1,"name":"Strona g\u0142\u00f3wna","item":"https:\/\/www.chespa.eu\/"},{"@type":"ListItem","position":2,"name":"Sledi v oleji s\u00a0barevn\u00fdm pep\u0159em a citronem"}]},{"@type":"WebSite","@id":"https:\/\/www.chespa.eu\/#website","url":"https:\/\/www.chespa.eu\/","name":"Chespa - printing inks, clichees, cutting dies","description":"","potentialAction":[{"@type":"SearchAction","target":{"@type":"EntryPoint","urlTemplate":"https:\/\/www.chespa.eu\/?s={search_term_string}"},"query-input":{"@type":"PropertyValueSpecification","valueRequired":true,"valueName":"search_term_string"}}],"inLanguage":"cs-CZ"}]}},"_links":{"self":[{"href":"https:\/\/www.chespa.eu\/cs\/wp-json\/wp\/v2\/pages\/14561","targetHints":{"allow":["GET"]}}],"collection":[{"href":"https:\/\/www.chespa.eu\/cs\/wp-json\/wp\/v2\/pages"}],"about":[{"href":"https:\/\/www.chespa.eu\/cs\/wp-json\/wp\/v2\/types\/page"}],"author":[{"embeddable":true,"href":"https:\/\/www.chespa.eu\/cs\/wp-json\/wp\/v2\/users\/2"}],"replies":[{"embeddable":true,"href":"https:\/\/www.chespa.eu\/cs\/wp-json\/wp\/v2\/comments?post=14561"}],"version-history":[{"count":4,"href":"https:\/\/www.chespa.eu\/cs\/wp-json\/wp\/v2\/pages\/14561\/revisions"}],"predecessor-version":[{"id":14678,"href":"https:\/\/www.chespa.eu\/cs\/wp-json\/wp\/v2\/pages\/14561\/revisions\/14678"}],"wp:featuredmedia":[{"embeddable":true,"href":"https:\/\/www.chespa.eu\/cs\/wp-json\/wp\/v2\/media\/14217"}],"wp:attachment":[{"href":"https:\/\/www.chespa.eu\/cs\/wp-json\/wp\/v2\/media?parent=14561"}],"curies":[{"name":"wp","href":"https:\/\/api.w.org\/{rel}","templated":true}]}}