{"id":14553,"date":"2020-10-02T16:01:32","date_gmt":"2020-10-02T14:01:32","guid":{"rendered":"https:\/\/www.chespa.eu\/recipe-with-spice-curry\/"},"modified":"2020-12-14T10:18:16","modified_gmt":"2020-12-14T09:18:16","slug":"recipe-with-spice-curry-2","status":"publish","type":"page","link":"https:\/\/www.chespa.eu\/cs\/recipe-with-spice-curry-2\/","title":{"rendered":"Kari sma\u017een\u00e1 r\u00fd\u017ee s hr\u00e1\u0161kem"},"content":{"rendered":"<p>Ingredience:<\/p>\n<ul>\n<li>2 l\u017e\u00edce kari ko\u0159en\u00ed<\/li>\n<li>2 s\u00e1\u010dky jasm\u00ednov\u00e9 \u0159\u00fd\u017ee<\/li>\n<li>2 vejce<\/li>\n<li>2 l\u017ei\u010dky sezamov\u00e9ho oleje<\/li>\n<li>hrst mra\u017een\u00e9ho hr\u00e1\u0161ku<\/li>\n<li>1 \u010derven\u00e1 cibule<\/li>\n<li>4 l\u017e\u00edce tmav\u00e9 sojov\u00e9 om\u00e1\u010dky<\/li>\n<li>pep\u0159<\/li>\n<li>p\u016fl lusku chilli (voliteln\u00e9)<\/li>\n<\/ul>\n<p><a href=\"http:\/\/meskiwypas.pl\/wp-content\/uploads\/2014\/09\/przygotowanie_rib.png\" rel=\"lightbox[14553]\"><br \/>\n<\/a>P\u0159\u00edprava:<\/p>\n<p>R\u00fd\u017ei va\u0159\u00edme v osolen\u00e9 vod\u011b asi 10 minut, pak nech\u00e1me okapat a propl\u00e1chn\u011bme studenou vodou. Na p\u00e1nvi rozeh\u0159ejeme kapku oleje, osma\u017e\u00edme cibuli nasek\u00e1nou na drobn\u00e9 kosti\u010dky.<br \/>\nP\u0159id\u00e1me r\u00fd\u017ei, chv\u00edlu sma\u017e\u00edme a p\u0159id\u00e1me kari. Prom\u00edch\u00e1me d\u016fkladn\u011b, a\u017e se r\u00fd\u017ee zbarv\u00ed do\u017eluta. N\u00e1sledn\u011b ud\u011bl\u00e1me trochu m\u00edsta na p\u00e1nvi a rozklepn\u011bme vejce. Sma\u017e\u00edme, dokud neztuhne, potom prom\u00edch\u00e1me r\u00fd\u017ei a vejce va\u0159e\u010dkou. P\u0159id\u00e1me h\u0159\u00e1\u0161ek a pep\u0159. Sma\u017e\u00edme 2 minuty, dokud hr\u00e1\u0161ek nezm\u011bkne. Zalijeme sezamov\u00fdm olejem, aby z\u00edskalo je\u0161t\u011b lep\u0161\u00ed v\u016fni a chu\u0165. Nakonec polijeme v\u0161echno tmavou sojovou om\u00e1\u010dkou. Neprom\u00edch\u00e1me ihned, nech\u00e1me b\u00fdt cca 15-20 vte\u0159in. Pak vznikne aromatick\u00e1 \u0161\u0165\u00e1va na dn\u011b. Prom\u00edch\u00e1me energicky r\u00fd\u017ei a hotovo.<br \/>\nPokud m\u00e1te chu\u0165 na pikantn\u00ed variantu, p\u0159idejte nasekanou chili papri\u010dku.<\/p>\n<p>&nbsp;<\/p>\n<div style=\"width: 1080px;\" class=\"wp-video\"><video class=\"wp-video-shortcode\" id=\"video-14553-1\" width=\"1080\" height=\"1080\" preload=\"metadata\" controls=\"controls\"><source type=\"video\/mp4\" src=\"https:\/\/www.chespa.eu\/wp-content\/uploads\/2020\/12\/Przyprawa-Curry.mp4?_=1\" \/><a href=\"https:\/\/www.chespa.eu\/wp-content\/uploads\/2020\/12\/Przyprawa-Curry.mp4\">https:\/\/www.chespa.eu\/wp-content\/uploads\/2020\/12\/Przyprawa-Curry.mp4<\/a><\/video><\/div>\n","protected":false},"excerpt":{"rendered":"<p>Ingredience: 2 l\u017e\u00edce kari ko\u0159en\u00ed 2 s\u00e1\u010dky jasm\u00ednov\u00e9 \u0159\u00fd\u017ee 2 vejce 2 l\u017ei\u010dky sezamov\u00e9ho oleje hrst mra\u017een\u00e9ho hr\u00e1\u0161ku 1 \u010derven\u00e1 cibule 4 l\u017e\u00edce tmav\u00e9 sojov\u00e9 om\u00e1\u010dky pep\u0159 p\u016fl lusku chilli (voliteln\u00e9) P\u0159\u00edprava: R\u00fd\u017ei va\u0159\u00edme v osolen\u00e9 vod\u011b asi 10 minut, pak nech\u00e1me okapat a propl\u00e1chn\u011bme studenou vodou. Na p\u00e1nvi rozeh\u0159ejeme kapku oleje, osma\u017e\u00edme cibuli nasek\u00e1nou [&hellip;]<\/p>\n","protected":false},"author":2,"featured_media":14211,"parent":0,"menu_order":0,"comment_status":"closed","ping_status":"closed","template":"","meta":{"_acf_changed":false,"footnotes":""},"class_list":["post-14553","page","type-page","status-publish","has-post-thumbnail","hentry"],"acf":[],"yoast_head":"<!-- This site is optimized with the Yoast SEO plugin v27.6 - https:\/\/yoast.com\/product\/yoast-seo-wordpress\/ -->\n<title>Kari sma\u017een\u00e1 r\u00fd\u017ee s hr\u00e1\u0161kem - Chespa - printing inks, clichees, cutting dies<\/title>\n<meta name=\"robots\" content=\"index, follow, max-snippet:-1, max-image-preview:large, max-video-preview:-1\" \/>\n<link rel=\"canonical\" href=\"https:\/\/www.chespa.eu\/cs\/recipe-with-spice-curry-2\/\" \/>\n<meta property=\"og:locale\" content=\"cs_CZ\" \/>\n<meta property=\"og:type\" content=\"article\" \/>\n<meta property=\"og:title\" content=\"Kari sma\u017een\u00e1 r\u00fd\u017ee s hr\u00e1\u0161kem - Chespa - printing inks, clichees, cutting dies\" \/>\n<meta property=\"og:description\" content=\"Ingredience: 2 l\u017e\u00edce kari ko\u0159en\u00ed 2 s\u00e1\u010dky jasm\u00ednov\u00e9 \u0159\u00fd\u017ee 2 vejce 2 l\u017ei\u010dky sezamov\u00e9ho oleje hrst mra\u017een\u00e9ho hr\u00e1\u0161ku 1 \u010derven\u00e1 cibule 4 l\u017e\u00edce tmav\u00e9 sojov\u00e9 om\u00e1\u010dky pep\u0159 p\u016fl lusku chilli (voliteln\u00e9) P\u0159\u00edprava: R\u00fd\u017ei va\u0159\u00edme v osolen\u00e9 vod\u011b asi 10 minut, pak nech\u00e1me okapat a propl\u00e1chn\u011bme studenou vodou. Na p\u00e1nvi rozeh\u0159ejeme kapku oleje, osma\u017e\u00edme cibuli nasek\u00e1nou [&hellip;]\" \/>\n<meta property=\"og:url\" content=\"https:\/\/www.chespa.eu\/cs\/recipe-with-spice-curry-2\/\" \/>\n<meta property=\"og:site_name\" content=\"Chespa - printing inks, clichees, cutting dies\" \/>\n<meta property=\"article:modified_time\" content=\"2020-12-14T09:18:16+00:00\" \/>\n<meta property=\"og:image\" content=\"https:\/\/www.chespa.eu\/wp-content\/uploads\/2020\/10\/ryz.png\" \/>\n\t<meta property=\"og:image:width\" content=\"1920\" \/>\n\t<meta property=\"og:image:height\" content=\"295\" \/>\n\t<meta property=\"og:image:type\" content=\"image\/png\" \/>\n<meta name=\"twitter:card\" content=\"summary_large_image\" \/>\n<meta name=\"twitter:label1\" content=\"Est. reading time\" \/>\n\t<meta name=\"twitter:data1\" content=\"1 minute\" \/>\n<script type=\"application\/ld+json\" class=\"yoast-schema-graph\">{\"@context\":\"https:\\\/\\\/schema.org\",\"@graph\":[{\"@type\":\"WebPage\",\"@id\":\"https:\\\/\\\/www.chespa.eu\\\/cs\\\/recipe-with-spice-curry-2\\\/\",\"url\":\"https:\\\/\\\/www.chespa.eu\\\/cs\\\/recipe-with-spice-curry-2\\\/\",\"name\":\"Kari sma\u017een\u00e1 r\u00fd\u017ee s hr\u00e1\u0161kem - Chespa - printing inks, clichees, cutting dies\",\"isPartOf\":{\"@id\":\"https:\\\/\\\/www.chespa.eu\\\/#website\"},\"primaryImageOfPage\":{\"@id\":\"https:\\\/\\\/www.chespa.eu\\\/cs\\\/recipe-with-spice-curry-2\\\/#primaryimage\"},\"image\":{\"@id\":\"https:\\\/\\\/www.chespa.eu\\\/cs\\\/recipe-with-spice-curry-2\\\/#primaryimage\"},\"thumbnailUrl\":\"https:\\\/\\\/www.chespa.eu\\\/wp-content\\\/uploads\\\/2020\\\/10\\\/ryz.png\",\"datePublished\":\"2020-10-02T14:01:32+00:00\",\"dateModified\":\"2020-12-14T09:18:16+00:00\",\"breadcrumb\":{\"@id\":\"https:\\\/\\\/www.chespa.eu\\\/cs\\\/recipe-with-spice-curry-2\\\/#breadcrumb\"},\"inLanguage\":\"cs-CZ\",\"potentialAction\":[{\"@type\":\"ReadAction\",\"target\":[\"https:\\\/\\\/www.chespa.eu\\\/cs\\\/recipe-with-spice-curry-2\\\/\"]}]},{\"@type\":\"ImageObject\",\"inLanguage\":\"cs-CZ\",\"@id\":\"https:\\\/\\\/www.chespa.eu\\\/cs\\\/recipe-with-spice-curry-2\\\/#primaryimage\",\"url\":\"https:\\\/\\\/www.chespa.eu\\\/wp-content\\\/uploads\\\/2020\\\/10\\\/ryz.png\",\"contentUrl\":\"https:\\\/\\\/www.chespa.eu\\\/wp-content\\\/uploads\\\/2020\\\/10\\\/ryz.png\",\"width\":1920,\"height\":295},{\"@type\":\"BreadcrumbList\",\"@id\":\"https:\\\/\\\/www.chespa.eu\\\/cs\\\/recipe-with-spice-curry-2\\\/#breadcrumb\",\"itemListElement\":[{\"@type\":\"ListItem\",\"position\":1,\"name\":\"Strona g\u0142\u00f3wna\",\"item\":\"https:\\\/\\\/www.chespa.eu\\\/\"},{\"@type\":\"ListItem\",\"position\":2,\"name\":\"Kari sma\u017een\u00e1 r\u00fd\u017ee s hr\u00e1\u0161kem\"}]},{\"@type\":\"WebSite\",\"@id\":\"https:\\\/\\\/www.chespa.eu\\\/#website\",\"url\":\"https:\\\/\\\/www.chespa.eu\\\/\",\"name\":\"Chespa - printing inks, clichees, cutting dies\",\"description\":\"\",\"potentialAction\":[{\"@type\":\"SearchAction\",\"target\":{\"@type\":\"EntryPoint\",\"urlTemplate\":\"https:\\\/\\\/www.chespa.eu\\\/?s={search_term_string}\"},\"query-input\":{\"@type\":\"PropertyValueSpecification\",\"valueRequired\":true,\"valueName\":\"search_term_string\"}}],\"inLanguage\":\"cs-CZ\"}]}<\/script>\n<!-- \/ Yoast SEO plugin. -->","yoast_head_json":{"title":"Kari sma\u017een\u00e1 r\u00fd\u017ee s hr\u00e1\u0161kem - Chespa - printing inks, clichees, cutting dies","robots":{"index":"index","follow":"follow","max-snippet":"max-snippet:-1","max-image-preview":"max-image-preview:large","max-video-preview":"max-video-preview:-1"},"canonical":"https:\/\/www.chespa.eu\/cs\/recipe-with-spice-curry-2\/","og_locale":"cs_CZ","og_type":"article","og_title":"Kari sma\u017een\u00e1 r\u00fd\u017ee s hr\u00e1\u0161kem - Chespa - printing inks, clichees, cutting dies","og_description":"Ingredience: 2 l\u017e\u00edce kari ko\u0159en\u00ed 2 s\u00e1\u010dky jasm\u00ednov\u00e9 \u0159\u00fd\u017ee 2 vejce 2 l\u017ei\u010dky sezamov\u00e9ho oleje hrst mra\u017een\u00e9ho hr\u00e1\u0161ku 1 \u010derven\u00e1 cibule 4 l\u017e\u00edce tmav\u00e9 sojov\u00e9 om\u00e1\u010dky pep\u0159 p\u016fl lusku chilli (voliteln\u00e9) P\u0159\u00edprava: R\u00fd\u017ei va\u0159\u00edme v osolen\u00e9 vod\u011b asi 10 minut, pak nech\u00e1me okapat a propl\u00e1chn\u011bme studenou vodou. Na p\u00e1nvi rozeh\u0159ejeme kapku oleje, osma\u017e\u00edme cibuli nasek\u00e1nou [&hellip;]","og_url":"https:\/\/www.chespa.eu\/cs\/recipe-with-spice-curry-2\/","og_site_name":"Chespa - printing inks, clichees, cutting dies","article_modified_time":"2020-12-14T09:18:16+00:00","og_image":[{"width":1920,"height":295,"url":"https:\/\/www.chespa.eu\/wp-content\/uploads\/2020\/10\/ryz.png","type":"image\/png"}],"twitter_card":"summary_large_image","twitter_misc":{"Est. reading time":"1 minute"},"schema":{"@context":"https:\/\/schema.org","@graph":[{"@type":"WebPage","@id":"https:\/\/www.chespa.eu\/cs\/recipe-with-spice-curry-2\/","url":"https:\/\/www.chespa.eu\/cs\/recipe-with-spice-curry-2\/","name":"Kari sma\u017een\u00e1 r\u00fd\u017ee s hr\u00e1\u0161kem - Chespa - printing inks, clichees, cutting dies","isPartOf":{"@id":"https:\/\/www.chespa.eu\/#website"},"primaryImageOfPage":{"@id":"https:\/\/www.chespa.eu\/cs\/recipe-with-spice-curry-2\/#primaryimage"},"image":{"@id":"https:\/\/www.chespa.eu\/cs\/recipe-with-spice-curry-2\/#primaryimage"},"thumbnailUrl":"https:\/\/www.chespa.eu\/wp-content\/uploads\/2020\/10\/ryz.png","datePublished":"2020-10-02T14:01:32+00:00","dateModified":"2020-12-14T09:18:16+00:00","breadcrumb":{"@id":"https:\/\/www.chespa.eu\/cs\/recipe-with-spice-curry-2\/#breadcrumb"},"inLanguage":"cs-CZ","potentialAction":[{"@type":"ReadAction","target":["https:\/\/www.chespa.eu\/cs\/recipe-with-spice-curry-2\/"]}]},{"@type":"ImageObject","inLanguage":"cs-CZ","@id":"https:\/\/www.chespa.eu\/cs\/recipe-with-spice-curry-2\/#primaryimage","url":"https:\/\/www.chespa.eu\/wp-content\/uploads\/2020\/10\/ryz.png","contentUrl":"https:\/\/www.chespa.eu\/wp-content\/uploads\/2020\/10\/ryz.png","width":1920,"height":295},{"@type":"BreadcrumbList","@id":"https:\/\/www.chespa.eu\/cs\/recipe-with-spice-curry-2\/#breadcrumb","itemListElement":[{"@type":"ListItem","position":1,"name":"Strona g\u0142\u00f3wna","item":"https:\/\/www.chespa.eu\/"},{"@type":"ListItem","position":2,"name":"Kari sma\u017een\u00e1 r\u00fd\u017ee s hr\u00e1\u0161kem"}]},{"@type":"WebSite","@id":"https:\/\/www.chespa.eu\/#website","url":"https:\/\/www.chespa.eu\/","name":"Chespa - printing inks, clichees, cutting dies","description":"","potentialAction":[{"@type":"SearchAction","target":{"@type":"EntryPoint","urlTemplate":"https:\/\/www.chespa.eu\/?s={search_term_string}"},"query-input":{"@type":"PropertyValueSpecification","valueRequired":true,"valueName":"search_term_string"}}],"inLanguage":"cs-CZ"}]}},"_links":{"self":[{"href":"https:\/\/www.chespa.eu\/cs\/wp-json\/wp\/v2\/pages\/14553","targetHints":{"allow":["GET"]}}],"collection":[{"href":"https:\/\/www.chespa.eu\/cs\/wp-json\/wp\/v2\/pages"}],"about":[{"href":"https:\/\/www.chespa.eu\/cs\/wp-json\/wp\/v2\/types\/page"}],"author":[{"embeddable":true,"href":"https:\/\/www.chespa.eu\/cs\/wp-json\/wp\/v2\/users\/2"}],"replies":[{"embeddable":true,"href":"https:\/\/www.chespa.eu\/cs\/wp-json\/wp\/v2\/comments?post=14553"}],"version-history":[{"count":3,"href":"https:\/\/www.chespa.eu\/cs\/wp-json\/wp\/v2\/pages\/14553\/revisions"}],"predecessor-version":[{"id":14679,"href":"https:\/\/www.chespa.eu\/cs\/wp-json\/wp\/v2\/pages\/14553\/revisions\/14679"}],"wp:featuredmedia":[{"embeddable":true,"href":"https:\/\/www.chespa.eu\/cs\/wp-json\/wp\/v2\/media\/14211"}],"wp:attachment":[{"href":"https:\/\/www.chespa.eu\/cs\/wp-json\/wp\/v2\/media?parent=14553"}],"curies":[{"name":"wp","href":"https:\/\/api.w.org\/{rel}","templated":true}]}}