{"id":14535,"date":"2020-10-02T16:02:04","date_gmt":"2020-10-02T14:02:04","guid":{"rendered":"https:\/\/www.chespa.eu\/recipe-with-spice-garam-masala\/"},"modified":"2020-12-14T10:19:59","modified_gmt":"2020-12-14T09:19:59","slug":"recipe-with-spice-garam-masala","status":"publish","type":"page","link":"https:\/\/www.chespa.eu\/cs\/recipe-with-spice-garam-masala\/","title":{"rendered":"Ku\u0159ec\u00ed Garam Mas\u00e1la"},"content":{"rendered":"<p>&nbsp;<\/p>\n<p>Ingredience:<\/p>\n<ul>\n<li>1 kg ku\u0159ec\u00edch prsou<\/li>\n<li>1 velik\u00fd kel\u00edmek smetany 18% (400 ml)<\/li>\n<li>\u00bd svazku kopru<\/li>\n<\/ul>\n<p>Marin\u00e1da:<\/p>\n<ul>\n<li>1 l\u017e\u00edce ko\u0159en\u00ed garam mas\u00e1la<\/li>\n<li>1 l\u017e\u00edce kari<\/li>\n<li>1 l\u017ei\u010dka p\u00e1liv\u00e9 papri\u010dky<\/li>\n<li>1 l\u017ei\u010dka soli<\/li>\n<li>p\u016fl l\u017ei\u010dky mlet\u00e9ho pep\u0159e<\/li>\n<li>4 strou\u017eky \u010desneku (nasekan\u00e9ho nebo ut\u0159en\u00e9ho)<\/li>\n<li>4 l\u017e\u00edce oleje<\/li>\n<\/ul>\n<p>&nbsp;<\/p>\n<p>P\u0159\u00edprava:<\/p>\n<p>Ku\u0159ec\u00ed prsa umyjeme, osu\u0161\u00edme pap\u00edrov\u00fdm ubrouskem a nakr\u00e1j\u00edme na mal\u00e9 kostky.<br \/>\nIngredience na marin\u00e1du prom\u00edch\u00e1me. Ku\u0159ec\u00ed kousky d\u016fkladn\u011b obal\u00edme v\u00a0marin\u00e1d\u011b.<br \/>\nNech\u00e1me p\u0159es 2 hod. odle\u017eet v lednici, nejl\u00e9pe p\u0159es noc.<br \/>\nRozeh\u0159ejeme olej, hod\u00edme ku\u0159ec\u00ed maso na hlubokou p\u00e1nev a ze v\u0161ech stran osma\u017e\u00edme p\u0159i vysok\u00e9 teplot\u011b. N\u00e1sledn\u011b zm\u00edrn\u00edme teplotu, dus\u00edme cca. 15 minut pod pokli\u010dkou. Nakonec p\u0159id\u00e1me smetanu a d\u016fkladn\u011b prom\u00edch\u00e1me. Vznikne t\u00edm hust\u00e1, tmav\u011b \u017elut\u00e1 om\u00e1\u010dka. Dus\u00edme je\u0161t\u011b 5 minut. Posypeme nasekan\u00fdm koprem. Pod\u00e1v\u00e1me s\u00a0t\u011bstovinami, r\u00fd\u017e\u00ed nebo s fahita.<\/p>\n<div style=\"width: 1080px;\" class=\"wp-video\"><video class=\"wp-video-shortcode\" id=\"video-14535-1\" width=\"1080\" height=\"1080\" preload=\"metadata\" controls=\"controls\"><source type=\"video\/mp4\" src=\"https:\/\/www.chespa.eu\/wp-content\/uploads\/2020\/12\/Przyprawa-GaramMasala.mp4?_=1\" \/><a href=\"https:\/\/www.chespa.eu\/wp-content\/uploads\/2020\/12\/Przyprawa-GaramMasala.mp4\">https:\/\/www.chespa.eu\/wp-content\/uploads\/2020\/12\/Przyprawa-GaramMasala.mp4<\/a><\/video><\/div>\n","protected":false},"excerpt":{"rendered":"<p>&nbsp; Ingredience: 1 kg ku\u0159ec\u00edch prsou 1 velik\u00fd kel\u00edmek smetany 18% (400 ml) \u00bd svazku kopru Marin\u00e1da: 1 l\u017e\u00edce ko\u0159en\u00ed garam mas\u00e1la 1 l\u017e\u00edce kari 1 l\u017ei\u010dka p\u00e1liv\u00e9 papri\u010dky 1 l\u017ei\u010dka soli p\u016fl l\u017ei\u010dky mlet\u00e9ho pep\u0159e 4 strou\u017eky \u010desneku (nasekan\u00e9ho nebo ut\u0159en\u00e9ho) 4 l\u017e\u00edce oleje &nbsp; P\u0159\u00edprava: Ku\u0159ec\u00ed prsa umyjeme, osu\u0161\u00edme pap\u00edrov\u00fdm ubrouskem a nakr\u00e1j\u00edme [&hellip;]<\/p>\n","protected":false},"author":2,"featured_media":14223,"parent":0,"menu_order":0,"comment_status":"closed","ping_status":"closed","template":"","meta":{"_acf_changed":false,"footnotes":""},"class_list":["post-14535","page","type-page","status-publish","has-post-thumbnail","hentry"],"acf":[],"yoast_head":"<!-- This site is optimized with the Yoast SEO plugin v27.4 - https:\/\/yoast.com\/product\/yoast-seo-wordpress\/ -->\n<title>Ku\u0159ec\u00ed Garam Mas\u00e1la - Chespa - printing inks, clichees, cutting dies<\/title>\n<meta name=\"robots\" content=\"index, follow, max-snippet:-1, max-image-preview:large, max-video-preview:-1\" \/>\n<link rel=\"canonical\" href=\"https:\/\/www.chespa.eu\/cs\/recipe-with-spice-garam-masala\/\" \/>\n<meta property=\"og:locale\" content=\"cs_CZ\" \/>\n<meta property=\"og:type\" content=\"article\" \/>\n<meta property=\"og:title\" content=\"Ku\u0159ec\u00ed Garam Mas\u00e1la - Chespa - printing inks, clichees, cutting dies\" \/>\n<meta property=\"og:description\" content=\"&nbsp; Ingredience: 1 kg ku\u0159ec\u00edch prsou 1 velik\u00fd kel\u00edmek smetany 18% (400 ml) \u00bd svazku kopru Marin\u00e1da: 1 l\u017e\u00edce ko\u0159en\u00ed garam mas\u00e1la 1 l\u017e\u00edce kari 1 l\u017ei\u010dka p\u00e1liv\u00e9 papri\u010dky 1 l\u017ei\u010dka soli p\u016fl l\u017ei\u010dky mlet\u00e9ho pep\u0159e 4 strou\u017eky \u010desneku (nasekan\u00e9ho nebo ut\u0159en\u00e9ho) 4 l\u017e\u00edce oleje &nbsp; P\u0159\u00edprava: Ku\u0159ec\u00ed prsa umyjeme, osu\u0161\u00edme pap\u00edrov\u00fdm ubrouskem a nakr\u00e1j\u00edme [&hellip;]\" \/>\n<meta property=\"og:url\" content=\"https:\/\/www.chespa.eu\/cs\/recipe-with-spice-garam-masala\/\" \/>\n<meta property=\"og:site_name\" content=\"Chespa - printing inks, clichees, cutting dies\" \/>\n<meta property=\"article:modified_time\" content=\"2020-12-14T09:19:59+00:00\" \/>\n<meta property=\"og:image\" content=\"https:\/\/www.chespa.eu\/wp-content\/uploads\/2020\/10\/garam.png\" \/>\n\t<meta property=\"og:image:width\" content=\"1920\" \/>\n\t<meta property=\"og:image:height\" content=\"295\" \/>\n\t<meta property=\"og:image:type\" content=\"image\/png\" \/>\n<meta name=\"twitter:card\" content=\"summary_large_image\" \/>\n<meta name=\"twitter:label1\" content=\"Est. reading time\" \/>\n\t<meta name=\"twitter:data1\" content=\"1 minute\" \/>\n<script type=\"application\/ld+json\" class=\"yoast-schema-graph\">{\"@context\":\"https:\\\/\\\/schema.org\",\"@graph\":[{\"@type\":\"WebPage\",\"@id\":\"https:\\\/\\\/www.chespa.eu\\\/cs\\\/recipe-with-spice-garam-masala\\\/\",\"url\":\"https:\\\/\\\/www.chespa.eu\\\/cs\\\/recipe-with-spice-garam-masala\\\/\",\"name\":\"Ku\u0159ec\u00ed Garam Mas\u00e1la - Chespa - printing inks, clichees, cutting dies\",\"isPartOf\":{\"@id\":\"https:\\\/\\\/www.chespa.eu\\\/#website\"},\"primaryImageOfPage\":{\"@id\":\"https:\\\/\\\/www.chespa.eu\\\/cs\\\/recipe-with-spice-garam-masala\\\/#primaryimage\"},\"image\":{\"@id\":\"https:\\\/\\\/www.chespa.eu\\\/cs\\\/recipe-with-spice-garam-masala\\\/#primaryimage\"},\"thumbnailUrl\":\"https:\\\/\\\/www.chespa.eu\\\/wp-content\\\/uploads\\\/2020\\\/10\\\/garam.png\",\"datePublished\":\"2020-10-02T14:02:04+00:00\",\"dateModified\":\"2020-12-14T09:19:59+00:00\",\"breadcrumb\":{\"@id\":\"https:\\\/\\\/www.chespa.eu\\\/cs\\\/recipe-with-spice-garam-masala\\\/#breadcrumb\"},\"inLanguage\":\"cs-CZ\",\"potentialAction\":[{\"@type\":\"ReadAction\",\"target\":[\"https:\\\/\\\/www.chespa.eu\\\/cs\\\/recipe-with-spice-garam-masala\\\/\"]}]},{\"@type\":\"ImageObject\",\"inLanguage\":\"cs-CZ\",\"@id\":\"https:\\\/\\\/www.chespa.eu\\\/cs\\\/recipe-with-spice-garam-masala\\\/#primaryimage\",\"url\":\"https:\\\/\\\/www.chespa.eu\\\/wp-content\\\/uploads\\\/2020\\\/10\\\/garam.png\",\"contentUrl\":\"https:\\\/\\\/www.chespa.eu\\\/wp-content\\\/uploads\\\/2020\\\/10\\\/garam.png\",\"width\":1920,\"height\":295},{\"@type\":\"BreadcrumbList\",\"@id\":\"https:\\\/\\\/www.chespa.eu\\\/cs\\\/recipe-with-spice-garam-masala\\\/#breadcrumb\",\"itemListElement\":[{\"@type\":\"ListItem\",\"position\":1,\"name\":\"Strona g\u0142\u00f3wna\",\"item\":\"https:\\\/\\\/www.chespa.eu\\\/\"},{\"@type\":\"ListItem\",\"position\":2,\"name\":\"Ku\u0159ec\u00ed Garam Mas\u00e1la\"}]},{\"@type\":\"WebSite\",\"@id\":\"https:\\\/\\\/www.chespa.eu\\\/#website\",\"url\":\"https:\\\/\\\/www.chespa.eu\\\/\",\"name\":\"Chespa - printing inks, clichees, cutting dies\",\"description\":\"\",\"potentialAction\":[{\"@type\":\"SearchAction\",\"target\":{\"@type\":\"EntryPoint\",\"urlTemplate\":\"https:\\\/\\\/www.chespa.eu\\\/?s={search_term_string}\"},\"query-input\":{\"@type\":\"PropertyValueSpecification\",\"valueRequired\":true,\"valueName\":\"search_term_string\"}}],\"inLanguage\":\"cs-CZ\"}]}<\/script>\n<!-- \/ Yoast SEO plugin. -->","yoast_head_json":{"title":"Ku\u0159ec\u00ed Garam Mas\u00e1la - Chespa - printing inks, clichees, cutting dies","robots":{"index":"index","follow":"follow","max-snippet":"max-snippet:-1","max-image-preview":"max-image-preview:large","max-video-preview":"max-video-preview:-1"},"canonical":"https:\/\/www.chespa.eu\/cs\/recipe-with-spice-garam-masala\/","og_locale":"cs_CZ","og_type":"article","og_title":"Ku\u0159ec\u00ed Garam Mas\u00e1la - Chespa - printing inks, clichees, cutting dies","og_description":"&nbsp; Ingredience: 1 kg ku\u0159ec\u00edch prsou 1 velik\u00fd kel\u00edmek smetany 18% (400 ml) \u00bd svazku kopru Marin\u00e1da: 1 l\u017e\u00edce ko\u0159en\u00ed garam mas\u00e1la 1 l\u017e\u00edce kari 1 l\u017ei\u010dka p\u00e1liv\u00e9 papri\u010dky 1 l\u017ei\u010dka soli p\u016fl l\u017ei\u010dky mlet\u00e9ho pep\u0159e 4 strou\u017eky \u010desneku (nasekan\u00e9ho nebo ut\u0159en\u00e9ho) 4 l\u017e\u00edce oleje &nbsp; P\u0159\u00edprava: Ku\u0159ec\u00ed prsa umyjeme, osu\u0161\u00edme pap\u00edrov\u00fdm ubrouskem a nakr\u00e1j\u00edme [&hellip;]","og_url":"https:\/\/www.chespa.eu\/cs\/recipe-with-spice-garam-masala\/","og_site_name":"Chespa - printing inks, clichees, cutting dies","article_modified_time":"2020-12-14T09:19:59+00:00","og_image":[{"width":1920,"height":295,"url":"https:\/\/www.chespa.eu\/wp-content\/uploads\/2020\/10\/garam.png","type":"image\/png"}],"twitter_card":"summary_large_image","twitter_misc":{"Est. reading time":"1 minute"},"schema":{"@context":"https:\/\/schema.org","@graph":[{"@type":"WebPage","@id":"https:\/\/www.chespa.eu\/cs\/recipe-with-spice-garam-masala\/","url":"https:\/\/www.chespa.eu\/cs\/recipe-with-spice-garam-masala\/","name":"Ku\u0159ec\u00ed Garam Mas\u00e1la - Chespa - printing inks, clichees, cutting dies","isPartOf":{"@id":"https:\/\/www.chespa.eu\/#website"},"primaryImageOfPage":{"@id":"https:\/\/www.chespa.eu\/cs\/recipe-with-spice-garam-masala\/#primaryimage"},"image":{"@id":"https:\/\/www.chespa.eu\/cs\/recipe-with-spice-garam-masala\/#primaryimage"},"thumbnailUrl":"https:\/\/www.chespa.eu\/wp-content\/uploads\/2020\/10\/garam.png","datePublished":"2020-10-02T14:02:04+00:00","dateModified":"2020-12-14T09:19:59+00:00","breadcrumb":{"@id":"https:\/\/www.chespa.eu\/cs\/recipe-with-spice-garam-masala\/#breadcrumb"},"inLanguage":"cs-CZ","potentialAction":[{"@type":"ReadAction","target":["https:\/\/www.chespa.eu\/cs\/recipe-with-spice-garam-masala\/"]}]},{"@type":"ImageObject","inLanguage":"cs-CZ","@id":"https:\/\/www.chespa.eu\/cs\/recipe-with-spice-garam-masala\/#primaryimage","url":"https:\/\/www.chespa.eu\/wp-content\/uploads\/2020\/10\/garam.png","contentUrl":"https:\/\/www.chespa.eu\/wp-content\/uploads\/2020\/10\/garam.png","width":1920,"height":295},{"@type":"BreadcrumbList","@id":"https:\/\/www.chespa.eu\/cs\/recipe-with-spice-garam-masala\/#breadcrumb","itemListElement":[{"@type":"ListItem","position":1,"name":"Strona g\u0142\u00f3wna","item":"https:\/\/www.chespa.eu\/"},{"@type":"ListItem","position":2,"name":"Ku\u0159ec\u00ed Garam Mas\u00e1la"}]},{"@type":"WebSite","@id":"https:\/\/www.chespa.eu\/#website","url":"https:\/\/www.chespa.eu\/","name":"Chespa - printing inks, clichees, cutting dies","description":"","potentialAction":[{"@type":"SearchAction","target":{"@type":"EntryPoint","urlTemplate":"https:\/\/www.chespa.eu\/?s={search_term_string}"},"query-input":{"@type":"PropertyValueSpecification","valueRequired":true,"valueName":"search_term_string"}}],"inLanguage":"cs-CZ"}]}},"_links":{"self":[{"href":"https:\/\/www.chespa.eu\/cs\/wp-json\/wp\/v2\/pages\/14535","targetHints":{"allow":["GET"]}}],"collection":[{"href":"https:\/\/www.chespa.eu\/cs\/wp-json\/wp\/v2\/pages"}],"about":[{"href":"https:\/\/www.chespa.eu\/cs\/wp-json\/wp\/v2\/types\/page"}],"author":[{"embeddable":true,"href":"https:\/\/www.chespa.eu\/cs\/wp-json\/wp\/v2\/users\/2"}],"replies":[{"embeddable":true,"href":"https:\/\/www.chespa.eu\/cs\/wp-json\/wp\/v2\/comments?post=14535"}],"version-history":[{"count":2,"href":"https:\/\/www.chespa.eu\/cs\/wp-json\/wp\/v2\/pages\/14535\/revisions"}],"predecessor-version":[{"id":14680,"href":"https:\/\/www.chespa.eu\/cs\/wp-json\/wp\/v2\/pages\/14535\/revisions\/14680"}],"wp:featuredmedia":[{"embeddable":true,"href":"https:\/\/www.chespa.eu\/cs\/wp-json\/wp\/v2\/media\/14223"}],"wp:attachment":[{"href":"https:\/\/www.chespa.eu\/cs\/wp-json\/wp\/v2\/media?parent=14535"}],"curies":[{"name":"wp","href":"https:\/\/api.w.org\/{rel}","templated":true}]}}