{"id":12188,"date":"2019-01-02T14:28:13","date_gmt":"2019-01-02T13:28:13","guid":{"rendered":"https:\/\/www.chespa.eu\/?page_id=12188"},"modified":"2019-01-03T09:53:03","modified_gmt":"2019-01-03T08:53:03","slug":"wykrojniki-com-pl","status":"publish","type":"page","link":"https:\/\/www.chespa.eu\/cs\/wykrojniki-com-pl\/","title":{"rendered":"Wykrojniki.com.pl"},"content":{"rendered":"<h1><a href=\"https:\/\/www.chespa.eu\/wp-content\/uploads\/2016\/12\/wcp.png\" rel=\"lightbox[12188]\"><img loading=\"lazy\" decoding=\"async\" class=\"alignnone size-medium wp-image-5660\" src=\"https:\/\/www.chespa.eu\/wp-content\/uploads\/2016\/12\/wcp.png\" alt=\"wcp\" width=\"242\" height=\"74\" \/><\/a><\/h1>\n<p>Spole\u010dnost WYKROJNIKI.com.pl vznikla v roce 1998 d\u00edky spolupr\u00e1ci polsk\u00fdch a n\u011bmeck\u00fdch akcion\u00e1\u0159\u016f. Do kv\u011btna 2006 spole\u010dnost p\u016fsobila pod n\u00e1zvem Jurgen Jeurink Polska Sp. z o.o,<br \/>\nnyn\u00ed podnik p\u016fsob\u00ed pod ozna\u010den\u00edm WYKROJNIKI.com.pl Sp. z o.o. .\u00a0Dlouholet\u00e1 spolupr\u00e1ce s n\u011bmeck\u00fdm partnerem umo\u017enila dosa\u017een\u00ed vysok\u00e9 technick\u00e9 \u00farovn\u011b a v\u00a0d\u016fsledku toho tak\u00e9 kvality nab\u00edzen\u00fdch v\u00fdrobk\u016f. Zam\u011bstnanci sv\u00e9 dlouholet\u00e9 zku\u0161enosti v\u00a0oboru polygrafie z\u00edsk\u00e1vali b\u011bhem \u010detn\u00fdch \u0161kolen\u00ed v\u00a0n\u011bmeck\u00e9 pobo\u010dce spole\u010dnosti. Hlavn\u00ed oblast\u00ed p\u016fsoben\u00ed firmy je v\u00fdroba v\u00fdsekov\u00fdch n\u00e1stroj\u016f pro odv\u011btv\u00ed polygrafie a obal\u016f.<br \/>\nMezi na\u0161e z\u00e1kazn\u00edky pat\u0159\u00ed nejv\u011bt\u0161\u00ed v\u00fdrobci obal\u016f na polsk\u00e9m trhu, mal\u00e9 rodinn\u00e9 podniky a tak\u00e9 evropsk\u00e9 spole\u010dnosti. V roce 2015 se spole\u010dnost Wykrojniki.com.pl p\u0159ipojila ke Skupin\u011b Chespa.<\/p>\n","protected":false},"excerpt":{"rendered":"<p>Spole\u010dnost WYKROJNIKI.com.pl vznikla v roce 1998 d\u00edky spolupr\u00e1ci polsk\u00fdch a n\u011bmeck\u00fdch akcion\u00e1\u0159\u016f. Do kv\u011btna 2006 spole\u010dnost p\u016fsobila pod n\u00e1zvem Jurgen Jeurink Polska Sp. z o.o, nyn\u00ed podnik p\u016fsob\u00ed pod ozna\u010den\u00edm WYKROJNIKI.com.pl Sp. z o.o. .\u00a0Dlouholet\u00e1 spolupr\u00e1ce s n\u011bmeck\u00fdm partnerem umo\u017enila dosa\u017een\u00ed vysok\u00e9 technick\u00e9 \u00farovn\u011b a v\u00a0d\u016fsledku toho tak\u00e9 kvality nab\u00edzen\u00fdch v\u00fdrobk\u016f. Zam\u011bstnanci sv\u00e9 dlouholet\u00e9 zku\u0161enosti [&hellip;]<\/p>\n","protected":false},"author":2,"featured_media":9566,"parent":0,"menu_order":0,"comment_status":"closed","ping_status":"closed","template":"","meta":{"_acf_changed":false,"footnotes":""},"class_list":["post-12188","page","type-page","status-publish","has-post-thumbnail","hentry"],"acf":[],"yoast_head":"<!-- This site is optimized with the Yoast SEO plugin v27.4 - https:\/\/yoast.com\/product\/yoast-seo-wordpress\/ -->\n<title>Wykrojniki.com.pl - Chespa - printing inks, clichees, cutting dies<\/title>\n<meta name=\"robots\" content=\"index, follow, max-snippet:-1, max-image-preview:large, max-video-preview:-1\" \/>\n<link rel=\"canonical\" href=\"https:\/\/www.chespa.eu\/cs\/wykrojniki-com-pl\/\" \/>\n<meta property=\"og:locale\" content=\"cs_CZ\" \/>\n<meta property=\"og:type\" content=\"article\" \/>\n<meta property=\"og:title\" content=\"Wykrojniki.com.pl - Chespa - printing inks, clichees, cutting dies\" \/>\n<meta property=\"og:description\" content=\"Spole\u010dnost WYKROJNIKI.com.pl vznikla v roce 1998 d\u00edky spolupr\u00e1ci polsk\u00fdch a n\u011bmeck\u00fdch akcion\u00e1\u0159\u016f. Do kv\u011btna 2006 spole\u010dnost p\u016fsobila pod n\u00e1zvem Jurgen Jeurink Polska Sp. z o.o, nyn\u00ed podnik p\u016fsob\u00ed pod ozna\u010den\u00edm WYKROJNIKI.com.pl Sp. z o.o. .\u00a0Dlouholet\u00e1 spolupr\u00e1ce s n\u011bmeck\u00fdm partnerem umo\u017enila dosa\u017een\u00ed vysok\u00e9 technick\u00e9 \u00farovn\u011b a v\u00a0d\u016fsledku toho tak\u00e9 kvality nab\u00edzen\u00fdch v\u00fdrobk\u016f. Zam\u011bstnanci sv\u00e9 dlouholet\u00e9 zku\u0161enosti [&hellip;]\" \/>\n<meta property=\"og:url\" content=\"https:\/\/www.chespa.eu\/cs\/wykrojniki-com-pl\/\" \/>\n<meta property=\"og:site_name\" content=\"Chespa - printing inks, clichees, cutting dies\" \/>\n<meta property=\"article:modified_time\" content=\"2019-01-03T08:53:03+00:00\" \/>\n<meta property=\"og:image\" content=\"https:\/\/www.chespa.eu\/wp-content\/uploads\/2016\/09\/wykrojniki_plaskie.jpg\" \/>\n\t<meta property=\"og:image:width\" content=\"1920\" \/>\n\t<meta property=\"og:image:height\" content=\"295\" \/>\n\t<meta property=\"og:image:type\" content=\"image\/jpeg\" \/>\n<meta name=\"twitter:card\" content=\"summary_large_image\" \/>\n<meta name=\"twitter:label1\" content=\"Est. reading time\" \/>\n\t<meta name=\"twitter:data1\" content=\"1 minute\" \/>\n<script type=\"application\/ld+json\" class=\"yoast-schema-graph\">{\"@context\":\"https:\\\/\\\/schema.org\",\"@graph\":[{\"@type\":\"WebPage\",\"@id\":\"https:\\\/\\\/www.chespa.eu\\\/cs\\\/wykrojniki-com-pl\\\/\",\"url\":\"https:\\\/\\\/www.chespa.eu\\\/cs\\\/wykrojniki-com-pl\\\/\",\"name\":\"Wykrojniki.com.pl - Chespa - printing inks, clichees, cutting dies\",\"isPartOf\":{\"@id\":\"https:\\\/\\\/www.chespa.eu\\\/#website\"},\"primaryImageOfPage\":{\"@id\":\"https:\\\/\\\/www.chespa.eu\\\/cs\\\/wykrojniki-com-pl\\\/#primaryimage\"},\"image\":{\"@id\":\"https:\\\/\\\/www.chespa.eu\\\/cs\\\/wykrojniki-com-pl\\\/#primaryimage\"},\"thumbnailUrl\":\"https:\\\/\\\/www.chespa.eu\\\/wp-content\\\/uploads\\\/2016\\\/09\\\/wykrojniki_plaskie.jpg\",\"datePublished\":\"2019-01-02T13:28:13+00:00\",\"dateModified\":\"2019-01-03T08:53:03+00:00\",\"breadcrumb\":{\"@id\":\"https:\\\/\\\/www.chespa.eu\\\/cs\\\/wykrojniki-com-pl\\\/#breadcrumb\"},\"inLanguage\":\"cs-CZ\",\"potentialAction\":[{\"@type\":\"ReadAction\",\"target\":[\"https:\\\/\\\/www.chespa.eu\\\/cs\\\/wykrojniki-com-pl\\\/\"]}]},{\"@type\":\"ImageObject\",\"inLanguage\":\"cs-CZ\",\"@id\":\"https:\\\/\\\/www.chespa.eu\\\/cs\\\/wykrojniki-com-pl\\\/#primaryimage\",\"url\":\"https:\\\/\\\/www.chespa.eu\\\/wp-content\\\/uploads\\\/2016\\\/09\\\/wykrojniki_plaskie.jpg\",\"contentUrl\":\"https:\\\/\\\/www.chespa.eu\\\/wp-content\\\/uploads\\\/2016\\\/09\\\/wykrojniki_plaskie.jpg\",\"width\":1920,\"height\":295},{\"@type\":\"BreadcrumbList\",\"@id\":\"https:\\\/\\\/www.chespa.eu\\\/cs\\\/wykrojniki-com-pl\\\/#breadcrumb\",\"itemListElement\":[{\"@type\":\"ListItem\",\"position\":1,\"name\":\"Strona g\u0142\u00f3wna\",\"item\":\"https:\\\/\\\/www.chespa.eu\\\/\"},{\"@type\":\"ListItem\",\"position\":2,\"name\":\"Wykrojniki.com.pl\"}]},{\"@type\":\"WebSite\",\"@id\":\"https:\\\/\\\/www.chespa.eu\\\/#website\",\"url\":\"https:\\\/\\\/www.chespa.eu\\\/\",\"name\":\"Chespa - printing inks, clichees, cutting dies\",\"description\":\"\",\"potentialAction\":[{\"@type\":\"SearchAction\",\"target\":{\"@type\":\"EntryPoint\",\"urlTemplate\":\"https:\\\/\\\/www.chespa.eu\\\/?s={search_term_string}\"},\"query-input\":{\"@type\":\"PropertyValueSpecification\",\"valueRequired\":true,\"valueName\":\"search_term_string\"}}],\"inLanguage\":\"cs-CZ\"}]}<\/script>\n<!-- \/ Yoast SEO plugin. -->","yoast_head_json":{"title":"Wykrojniki.com.pl - Chespa - printing inks, clichees, cutting dies","robots":{"index":"index","follow":"follow","max-snippet":"max-snippet:-1","max-image-preview":"max-image-preview:large","max-video-preview":"max-video-preview:-1"},"canonical":"https:\/\/www.chespa.eu\/cs\/wykrojniki-com-pl\/","og_locale":"cs_CZ","og_type":"article","og_title":"Wykrojniki.com.pl - Chespa - printing inks, clichees, cutting dies","og_description":"Spole\u010dnost WYKROJNIKI.com.pl vznikla v roce 1998 d\u00edky spolupr\u00e1ci polsk\u00fdch a n\u011bmeck\u00fdch akcion\u00e1\u0159\u016f. Do kv\u011btna 2006 spole\u010dnost p\u016fsobila pod n\u00e1zvem Jurgen Jeurink Polska Sp. z o.o, nyn\u00ed podnik p\u016fsob\u00ed pod ozna\u010den\u00edm WYKROJNIKI.com.pl Sp. z o.o. .\u00a0Dlouholet\u00e1 spolupr\u00e1ce s n\u011bmeck\u00fdm partnerem umo\u017enila dosa\u017een\u00ed vysok\u00e9 technick\u00e9 \u00farovn\u011b a v\u00a0d\u016fsledku toho tak\u00e9 kvality nab\u00edzen\u00fdch v\u00fdrobk\u016f. Zam\u011bstnanci sv\u00e9 dlouholet\u00e9 zku\u0161enosti [&hellip;]","og_url":"https:\/\/www.chespa.eu\/cs\/wykrojniki-com-pl\/","og_site_name":"Chespa - printing inks, clichees, cutting dies","article_modified_time":"2019-01-03T08:53:03+00:00","og_image":[{"width":1920,"height":295,"url":"https:\/\/www.chespa.eu\/wp-content\/uploads\/2016\/09\/wykrojniki_plaskie.jpg","type":"image\/jpeg"}],"twitter_card":"summary_large_image","twitter_misc":{"Est. reading time":"1 minute"},"schema":{"@context":"https:\/\/schema.org","@graph":[{"@type":"WebPage","@id":"https:\/\/www.chespa.eu\/cs\/wykrojniki-com-pl\/","url":"https:\/\/www.chespa.eu\/cs\/wykrojniki-com-pl\/","name":"Wykrojniki.com.pl - Chespa - printing inks, clichees, cutting dies","isPartOf":{"@id":"https:\/\/www.chespa.eu\/#website"},"primaryImageOfPage":{"@id":"https:\/\/www.chespa.eu\/cs\/wykrojniki-com-pl\/#primaryimage"},"image":{"@id":"https:\/\/www.chespa.eu\/cs\/wykrojniki-com-pl\/#primaryimage"},"thumbnailUrl":"https:\/\/www.chespa.eu\/wp-content\/uploads\/2016\/09\/wykrojniki_plaskie.jpg","datePublished":"2019-01-02T13:28:13+00:00","dateModified":"2019-01-03T08:53:03+00:00","breadcrumb":{"@id":"https:\/\/www.chespa.eu\/cs\/wykrojniki-com-pl\/#breadcrumb"},"inLanguage":"cs-CZ","potentialAction":[{"@type":"ReadAction","target":["https:\/\/www.chespa.eu\/cs\/wykrojniki-com-pl\/"]}]},{"@type":"ImageObject","inLanguage":"cs-CZ","@id":"https:\/\/www.chespa.eu\/cs\/wykrojniki-com-pl\/#primaryimage","url":"https:\/\/www.chespa.eu\/wp-content\/uploads\/2016\/09\/wykrojniki_plaskie.jpg","contentUrl":"https:\/\/www.chespa.eu\/wp-content\/uploads\/2016\/09\/wykrojniki_plaskie.jpg","width":1920,"height":295},{"@type":"BreadcrumbList","@id":"https:\/\/www.chespa.eu\/cs\/wykrojniki-com-pl\/#breadcrumb","itemListElement":[{"@type":"ListItem","position":1,"name":"Strona g\u0142\u00f3wna","item":"https:\/\/www.chespa.eu\/"},{"@type":"ListItem","position":2,"name":"Wykrojniki.com.pl"}]},{"@type":"WebSite","@id":"https:\/\/www.chespa.eu\/#website","url":"https:\/\/www.chespa.eu\/","name":"Chespa - printing inks, clichees, cutting dies","description":"","potentialAction":[{"@type":"SearchAction","target":{"@type":"EntryPoint","urlTemplate":"https:\/\/www.chespa.eu\/?s={search_term_string}"},"query-input":{"@type":"PropertyValueSpecification","valueRequired":true,"valueName":"search_term_string"}}],"inLanguage":"cs-CZ"}]}},"_links":{"self":[{"href":"https:\/\/www.chespa.eu\/cs\/wp-json\/wp\/v2\/pages\/12188","targetHints":{"allow":["GET"]}}],"collection":[{"href":"https:\/\/www.chespa.eu\/cs\/wp-json\/wp\/v2\/pages"}],"about":[{"href":"https:\/\/www.chespa.eu\/cs\/wp-json\/wp\/v2\/types\/page"}],"author":[{"embeddable":true,"href":"https:\/\/www.chespa.eu\/cs\/wp-json\/wp\/v2\/users\/2"}],"replies":[{"embeddable":true,"href":"https:\/\/www.chespa.eu\/cs\/wp-json\/wp\/v2\/comments?post=12188"}],"version-history":[{"count":1,"href":"https:\/\/www.chespa.eu\/cs\/wp-json\/wp\/v2\/pages\/12188\/revisions"}],"predecessor-version":[{"id":12189,"href":"https:\/\/www.chespa.eu\/cs\/wp-json\/wp\/v2\/pages\/12188\/revisions\/12189"}],"wp:featuredmedia":[{"embeddable":true,"href":"https:\/\/www.chespa.eu\/cs\/wp-json\/wp\/v2\/media\/9566"}],"wp:attachment":[{"href":"https:\/\/www.chespa.eu\/cs\/wp-json\/wp\/v2\/media?parent=12188"}],"curies":[{"name":"wp","href":"https:\/\/api.w.org\/{rel}","templated":true}]}}