{"id":12171,"date":"2019-01-02T13:56:59","date_gmt":"2019-01-02T12:56:59","guid":{"rendered":"https:\/\/www.chespa.eu\/?page_id=12171"},"modified":"2019-01-02T13:56:59","modified_gmt":"2019-01-02T12:56:59","slug":"sekce-separaci","status":"publish","type":"page","link":"https:\/\/www.chespa.eu\/cs\/vyrobky\/vysekove-nastroje\/sekce-separaci\/","title":{"rendered":"Sekce separac\u00ed"},"content":{"rendered":"<ol>\n<li><strong>Separace Angle Lock\u00a0\u00a0<\/strong>Separace ur\u010den\u00e1 pro Bobst za\u0159\u00edzen\u00ed. V\u00fdhodou syst\u00e9mu je mo\u017enost op\u011btovn\u011b vyu\u017e\u00edt v\u011bt\u0161inu komponent\u016f. Zisk\u00e1v\u00e1me \u00faspory n\u00e1klad\u016f na jednotliv\u00e9 separace d\u00edky vyu\u017eit\u00ed stejn\u00e9ho r\u00e1mu, vod\u00edc\u00edch za\u0159\u00edzen\u00ed, tlakov\u00fdch podlo\u017eek atd. Pou\u017eit\u00ed GridBendera n\u00e1m zaru\u010duje precizn\u00ed, p\u0159esn\u00e9 a opakovateln\u00e9 ocelov\u00e9 prvky, kter\u00e9 tvo\u0159\u00ed tzv. ro\u0161t separace.<\/li>\n<li><strong>Separace lehk\u00e1\u00a0\u00a0 <\/strong>Separace upevn\u011bn\u00e1 na speci\u00e1ln\u00ed univerz\u00e1ln\u00ed r\u00e1m. Zhotoven\u00e1 z kombinace d\u0159eva a oceli. Ur\u010den\u00e1 pro \u010dastou a rychlou v\u00fdm\u011bnu za\u0159\u00edzen\u00ed na stroji.<\/li>\n<li><strong>Separace t\u011b\u017ek\u00e1 \u00a0\u00a0<\/strong>Separace zhotoven\u00e1 zcela z\u00a0ocele. T\u011b\u017ek\u00e1 a pevn\u00e1. Ur\u010den\u00e1 pro dlouh\u00e9 a opakovateln\u00e9 v\u00fdroby. Umo\u017e\u0148uje dosa\u017een\u00ed nejvy\u0161\u0161\u00ed rychlosti za\u0159\u00edzen\u00ed.<\/li>\n<\/ol>\n","protected":false},"excerpt":{"rendered":"<p>Separace Angle Lock\u00a0\u00a0Separace ur\u010den\u00e1 pro Bobst za\u0159\u00edzen\u00ed. V\u00fdhodou syst\u00e9mu je mo\u017enost op\u011btovn\u011b vyu\u017e\u00edt v\u011bt\u0161inu komponent\u016f. Zisk\u00e1v\u00e1me \u00faspory n\u00e1klad\u016f na jednotliv\u00e9 separace d\u00edky vyu\u017eit\u00ed stejn\u00e9ho r\u00e1mu, vod\u00edc\u00edch za\u0159\u00edzen\u00ed, tlakov\u00fdch podlo\u017eek atd. Pou\u017eit\u00ed GridBendera n\u00e1m zaru\u010duje precizn\u00ed, p\u0159esn\u00e9 a opakovateln\u00e9 ocelov\u00e9 prvky, kter\u00e9 tvo\u0159\u00ed tzv. ro\u0161t separace. Separace lehk\u00e1\u00a0\u00a0 Separace upevn\u011bn\u00e1 na speci\u00e1ln\u00ed univerz\u00e1ln\u00ed r\u00e1m. Zhotoven\u00e1 z [&hellip;]<\/p>\n","protected":false},"author":2,"featured_media":0,"parent":18791,"menu_order":0,"comment_status":"closed","ping_status":"closed","template":"","meta":{"_acf_changed":false,"footnotes":""},"class_list":["post-12171","page","type-page","status-publish","hentry"],"acf":[],"yoast_head":"<!-- This site is optimized with the Yoast SEO plugin v27.4 - https:\/\/yoast.com\/product\/yoast-seo-wordpress\/ -->\n<title>Sekce separac\u00ed - Chespa - printing inks, clichees, cutting dies<\/title>\n<meta name=\"robots\" content=\"index, follow, max-snippet:-1, max-image-preview:large, max-video-preview:-1\" \/>\n<link rel=\"canonical\" href=\"https:\/\/www.chespa.eu\/cs\/sekce-separaci\/\" \/>\n<meta property=\"og:locale\" content=\"cs_CZ\" \/>\n<meta property=\"og:type\" content=\"article\" \/>\n<meta property=\"og:title\" content=\"Sekce separac\u00ed - Chespa - printing inks, clichees, cutting dies\" \/>\n<meta property=\"og:description\" content=\"Separace Angle Lock\u00a0\u00a0Separace ur\u010den\u00e1 pro Bobst za\u0159\u00edzen\u00ed. V\u00fdhodou syst\u00e9mu je mo\u017enost op\u011btovn\u011b vyu\u017e\u00edt v\u011bt\u0161inu komponent\u016f. Zisk\u00e1v\u00e1me \u00faspory n\u00e1klad\u016f na jednotliv\u00e9 separace d\u00edky vyu\u017eit\u00ed stejn\u00e9ho r\u00e1mu, vod\u00edc\u00edch za\u0159\u00edzen\u00ed, tlakov\u00fdch podlo\u017eek atd. Pou\u017eit\u00ed GridBendera n\u00e1m zaru\u010duje precizn\u00ed, p\u0159esn\u00e9 a opakovateln\u00e9 ocelov\u00e9 prvky, kter\u00e9 tvo\u0159\u00ed tzv. ro\u0161t separace. Separace lehk\u00e1\u00a0\u00a0 Separace upevn\u011bn\u00e1 na speci\u00e1ln\u00ed univerz\u00e1ln\u00ed r\u00e1m. Zhotoven\u00e1 z [&hellip;]\" \/>\n<meta property=\"og:url\" content=\"https:\/\/www.chespa.eu\/cs\/sekce-separaci\/\" \/>\n<meta property=\"og:site_name\" content=\"Chespa - printing inks, clichees, cutting dies\" \/>\n<meta name=\"twitter:card\" content=\"summary_large_image\" \/>\n<meta name=\"twitter:label1\" content=\"Est. reading time\" \/>\n\t<meta name=\"twitter:data1\" content=\"1 minute\" \/>\n<script type=\"application\/ld+json\" class=\"yoast-schema-graph\">{\"@context\":\"https:\\\/\\\/schema.org\",\"@graph\":[{\"@type\":\"WebPage\",\"@id\":\"https:\\\/\\\/www.chespa.eu\\\/cs\\\/sekce-separaci\\\/\",\"url\":\"https:\\\/\\\/www.chespa.eu\\\/cs\\\/sekce-separaci\\\/\",\"name\":\"Sekce separac\u00ed - Chespa - printing inks, clichees, cutting dies\",\"isPartOf\":{\"@id\":\"https:\\\/\\\/www.chespa.eu\\\/#website\"},\"datePublished\":\"2019-01-02T12:56:59+00:00\",\"breadcrumb\":{\"@id\":\"https:\\\/\\\/www.chespa.eu\\\/cs\\\/sekce-separaci\\\/#breadcrumb\"},\"inLanguage\":\"cs-CZ\",\"potentialAction\":[{\"@type\":\"ReadAction\",\"target\":[\"https:\\\/\\\/www.chespa.eu\\\/cs\\\/sekce-separaci\\\/\"]}]},{\"@type\":\"BreadcrumbList\",\"@id\":\"https:\\\/\\\/www.chespa.eu\\\/cs\\\/sekce-separaci\\\/#breadcrumb\",\"itemListElement\":[{\"@type\":\"ListItem\",\"position\":1,\"name\":\"Strona g\u0142\u00f3wna\",\"item\":\"https:\\\/\\\/www.chespa.eu\\\/\"},{\"@type\":\"ListItem\",\"position\":2,\"name\":\"Sekce separac\u00ed\"}]},{\"@type\":\"WebSite\",\"@id\":\"https:\\\/\\\/www.chespa.eu\\\/#website\",\"url\":\"https:\\\/\\\/www.chespa.eu\\\/\",\"name\":\"Chespa - printing inks, clichees, cutting dies\",\"description\":\"\",\"potentialAction\":[{\"@type\":\"SearchAction\",\"target\":{\"@type\":\"EntryPoint\",\"urlTemplate\":\"https:\\\/\\\/www.chespa.eu\\\/?s={search_term_string}\"},\"query-input\":{\"@type\":\"PropertyValueSpecification\",\"valueRequired\":true,\"valueName\":\"search_term_string\"}}],\"inLanguage\":\"cs-CZ\"}]}<\/script>\n<!-- \/ Yoast SEO plugin. -->","yoast_head_json":{"title":"Sekce separac\u00ed - Chespa - printing inks, clichees, cutting dies","robots":{"index":"index","follow":"follow","max-snippet":"max-snippet:-1","max-image-preview":"max-image-preview:large","max-video-preview":"max-video-preview:-1"},"canonical":"https:\/\/www.chespa.eu\/cs\/sekce-separaci\/","og_locale":"cs_CZ","og_type":"article","og_title":"Sekce separac\u00ed - Chespa - printing inks, clichees, cutting dies","og_description":"Separace Angle Lock\u00a0\u00a0Separace ur\u010den\u00e1 pro Bobst za\u0159\u00edzen\u00ed. V\u00fdhodou syst\u00e9mu je mo\u017enost op\u011btovn\u011b vyu\u017e\u00edt v\u011bt\u0161inu komponent\u016f. Zisk\u00e1v\u00e1me \u00faspory n\u00e1klad\u016f na jednotliv\u00e9 separace d\u00edky vyu\u017eit\u00ed stejn\u00e9ho r\u00e1mu, vod\u00edc\u00edch za\u0159\u00edzen\u00ed, tlakov\u00fdch podlo\u017eek atd. Pou\u017eit\u00ed GridBendera n\u00e1m zaru\u010duje precizn\u00ed, p\u0159esn\u00e9 a opakovateln\u00e9 ocelov\u00e9 prvky, kter\u00e9 tvo\u0159\u00ed tzv. ro\u0161t separace. Separace lehk\u00e1\u00a0\u00a0 Separace upevn\u011bn\u00e1 na speci\u00e1ln\u00ed univerz\u00e1ln\u00ed r\u00e1m. Zhotoven\u00e1 z [&hellip;]","og_url":"https:\/\/www.chespa.eu\/cs\/sekce-separaci\/","og_site_name":"Chespa - printing inks, clichees, cutting dies","twitter_card":"summary_large_image","twitter_misc":{"Est. reading time":"1 minute"},"schema":{"@context":"https:\/\/schema.org","@graph":[{"@type":"WebPage","@id":"https:\/\/www.chespa.eu\/cs\/sekce-separaci\/","url":"https:\/\/www.chespa.eu\/cs\/sekce-separaci\/","name":"Sekce separac\u00ed - Chespa - printing inks, clichees, cutting dies","isPartOf":{"@id":"https:\/\/www.chespa.eu\/#website"},"datePublished":"2019-01-02T12:56:59+00:00","breadcrumb":{"@id":"https:\/\/www.chespa.eu\/cs\/sekce-separaci\/#breadcrumb"},"inLanguage":"cs-CZ","potentialAction":[{"@type":"ReadAction","target":["https:\/\/www.chespa.eu\/cs\/sekce-separaci\/"]}]},{"@type":"BreadcrumbList","@id":"https:\/\/www.chespa.eu\/cs\/sekce-separaci\/#breadcrumb","itemListElement":[{"@type":"ListItem","position":1,"name":"Strona g\u0142\u00f3wna","item":"https:\/\/www.chespa.eu\/"},{"@type":"ListItem","position":2,"name":"Sekce separac\u00ed"}]},{"@type":"WebSite","@id":"https:\/\/www.chespa.eu\/#website","url":"https:\/\/www.chespa.eu\/","name":"Chespa - printing inks, clichees, cutting dies","description":"","potentialAction":[{"@type":"SearchAction","target":{"@type":"EntryPoint","urlTemplate":"https:\/\/www.chespa.eu\/?s={search_term_string}"},"query-input":{"@type":"PropertyValueSpecification","valueRequired":true,"valueName":"search_term_string"}}],"inLanguage":"cs-CZ"}]}},"_links":{"self":[{"href":"https:\/\/www.chespa.eu\/cs\/wp-json\/wp\/v2\/pages\/12171","targetHints":{"allow":["GET"]}}],"collection":[{"href":"https:\/\/www.chespa.eu\/cs\/wp-json\/wp\/v2\/pages"}],"about":[{"href":"https:\/\/www.chespa.eu\/cs\/wp-json\/wp\/v2\/types\/page"}],"author":[{"embeddable":true,"href":"https:\/\/www.chespa.eu\/cs\/wp-json\/wp\/v2\/users\/2"}],"replies":[{"embeddable":true,"href":"https:\/\/www.chespa.eu\/cs\/wp-json\/wp\/v2\/comments?post=12171"}],"version-history":[{"count":1,"href":"https:\/\/www.chespa.eu\/cs\/wp-json\/wp\/v2\/pages\/12171\/revisions"}],"predecessor-version":[{"id":12172,"href":"https:\/\/www.chespa.eu\/cs\/wp-json\/wp\/v2\/pages\/12171\/revisions\/12172"}],"up":[{"embeddable":true,"href":"https:\/\/www.chespa.eu\/cs\/wp-json\/wp\/v2\/pages\/18791"}],"wp:attachment":[{"href":"https:\/\/www.chespa.eu\/cs\/wp-json\/wp\/v2\/media?parent=12171"}],"curies":[{"name":"wp","href":"https:\/\/api.w.org\/{rel}","templated":true}]}}