{"id":12168,"date":"2019-01-02T13:54:05","date_gmt":"2019-01-02T12:54:05","guid":{"rendered":"https:\/\/www.chespa.eu\/?page_id=12168"},"modified":"2019-01-02T13:54:45","modified_gmt":"2019-01-02T12:54:45","slug":"pertinax","status":"publish","type":"page","link":"https:\/\/www.chespa.eu\/cs\/vyrobky\/vysekove-nastroje\/pertinax\/","title":{"rendered":"Pertinax"},"content":{"rendered":"<p><strong>Pertinaxov\u00e9 matrice<\/strong> pln\u00ed funkci<em> rylovac\u00edch kan\u00e1lk\u016f. Pertinaxy jsou vyr\u00e1b\u011bn\u00e9 pomoc\u00ed CNC fr\u00e9zky. <\/em><em>Najdou uplatn\u011bn\u00ed b\u011bhem v\u00fdroby obal\u016f z\u00a0hladk\u00e9 lepenky, v\u00a0p\u0159\u00edpad\u011b pot\u0159eby jsme schopni zhotovit pertinax desky tak\u00e9 pro vlnitou lepenku. M\u00e1me mo\u017enost vyrobit pertinaxy z\u00a0rezotex kompozitu nebo \u00a0kovov\u00e9 desky ur\u010den\u00e9 pro mont\u00e1\u017e p\u0159\u00edmo na vysek\u00e1vaj\u00edc\u00ed stroj. B\u011b\u017en\u011b vyr\u00e1b\u00edme pertinaxy z\u00a0desek o tlou\u0161\u0165ce <\/em>0,4 a\u017e 1,2 mm.<em><br \/>\n<\/em><\/p>\n<p>&nbsp;<\/p>\n<ol>\n<li><strong>Rezotex pertinax <\/strong>je deska zhotovena z\u00a0um\u011bl\u00e9 hmoty s\u00a0kan\u00e1lky pro bigov\u00e1n\u00ed. Deska zobrazuje obrys u\u017eitk\u016f z\u00a0v\u00fdsekov\u00e9ho n\u00e1stroje. Hlavn\u00ed v\u00fdhodou rezotex pertinax\u016f je jejich n\u00edzk\u00e1 cena a kr\u00e1tk\u00e1 doba zpracov\u00e1n\u00ed oproti \u010dasov\u011b n\u00e1ro\u010dn\u00e9 p\u0159\u00edprav\u011b rylovac\u00edch kanalk\u016f. Sta\u010d\u00ed upevnit pertinax na nav\u00e1d\u011bc\u00ed \u010depy, p\u0159ilepit na z\u00e1kladn\u00ed desku a prost\u011b za\u010d\u00edt vysek\u00e1v\u00e1n\u00ed.<\/li>\n<li><strong>Fr\u00e9zovan\u00e1 deska <\/strong>je zhotoven\u00e1 ze speci\u00e1ln\u00ed korozivzdorn\u00e9 oceli s\u00a0vyfr\u00e9zovan\u00fdmi bigovac\u00edmi kan\u00e1lky. Hlavn\u00ed p\u0159ednost\u00ed fr\u00e9zovan\u00e9 desky je jej\u00ed dlouh\u00e1 \u017eivotnost, kr\u00e1tk\u00e1 dodac\u00ed lh\u016fta, rychlej\u0161\u00ed pr\u00e1ce vysek\u00e1v\u00e1c\u00edho za\u0159\u00edzen\u00ed a tak\u00e9 absence ne\u017e\u00e1douc\u00edch otisk\u016f na lepence ve srovn\u00e1n\u00ed s\u00a0rezotex pertinaxov\u00fdmi matricemi. M\u00e1me mo\u017enost vyr\u00e1b\u011bt fr\u00e9zovan\u00e9 desky o tlou\u0161\u0165ce 1,0mm, 1,2mm a 1,5mm, tvrdosti 35HRC, 50HRC, s\u00a0r\u016fzn\u00fdmi parametry fr\u00e9zov\u00e1n\u00ed.<\/li>\n<\/ol>\n","protected":false},"excerpt":{"rendered":"<p>Pertinaxov\u00e9 matrice pln\u00ed funkci rylovac\u00edch kan\u00e1lk\u016f. Pertinaxy jsou vyr\u00e1b\u011bn\u00e9 pomoc\u00ed CNC fr\u00e9zky. Najdou uplatn\u011bn\u00ed b\u011bhem v\u00fdroby obal\u016f z\u00a0hladk\u00e9 lepenky, v\u00a0p\u0159\u00edpad\u011b pot\u0159eby jsme schopni zhotovit pertinax desky tak\u00e9 pro vlnitou lepenku. M\u00e1me mo\u017enost vyrobit pertinaxy z\u00a0rezotex kompozitu nebo \u00a0kovov\u00e9 desky ur\u010den\u00e9 pro mont\u00e1\u017e p\u0159\u00edmo na vysek\u00e1vaj\u00edc\u00ed stroj. B\u011b\u017en\u011b vyr\u00e1b\u00edme pertinaxy z\u00a0desek o tlou\u0161\u0165ce 0,4 a\u017e 1,2 [&hellip;]<\/p>\n","protected":false},"author":2,"featured_media":0,"parent":18791,"menu_order":0,"comment_status":"closed","ping_status":"closed","template":"","meta":{"_acf_changed":false,"footnotes":""},"class_list":["post-12168","page","type-page","status-publish","hentry"],"acf":[],"yoast_head":"<!-- This site is optimized with the Yoast SEO plugin v27.4 - https:\/\/yoast.com\/product\/yoast-seo-wordpress\/ -->\n<title>Pertinax - Chespa - printing inks, clichees, cutting dies<\/title>\n<meta name=\"robots\" content=\"index, follow, max-snippet:-1, max-image-preview:large, max-video-preview:-1\" \/>\n<link rel=\"canonical\" href=\"https:\/\/www.chespa.eu\/cs\/pertinax\/\" \/>\n<meta property=\"og:locale\" content=\"cs_CZ\" \/>\n<meta property=\"og:type\" content=\"article\" \/>\n<meta property=\"og:title\" content=\"Pertinax - Chespa - printing inks, clichees, cutting dies\" \/>\n<meta property=\"og:description\" content=\"Pertinaxov\u00e9 matrice pln\u00ed funkci rylovac\u00edch kan\u00e1lk\u016f. Pertinaxy jsou vyr\u00e1b\u011bn\u00e9 pomoc\u00ed CNC fr\u00e9zky. Najdou uplatn\u011bn\u00ed b\u011bhem v\u00fdroby obal\u016f z\u00a0hladk\u00e9 lepenky, v\u00a0p\u0159\u00edpad\u011b pot\u0159eby jsme schopni zhotovit pertinax desky tak\u00e9 pro vlnitou lepenku. M\u00e1me mo\u017enost vyrobit pertinaxy z\u00a0rezotex kompozitu nebo \u00a0kovov\u00e9 desky ur\u010den\u00e9 pro mont\u00e1\u017e p\u0159\u00edmo na vysek\u00e1vaj\u00edc\u00ed stroj. B\u011b\u017en\u011b vyr\u00e1b\u00edme pertinaxy z\u00a0desek o tlou\u0161\u0165ce 0,4 a\u017e 1,2 [&hellip;]\" \/>\n<meta property=\"og:url\" content=\"https:\/\/www.chespa.eu\/cs\/pertinax\/\" \/>\n<meta property=\"og:site_name\" content=\"Chespa - printing inks, clichees, cutting dies\" \/>\n<meta property=\"article:modified_time\" content=\"2019-01-02T12:54:45+00:00\" \/>\n<meta name=\"twitter:card\" content=\"summary_large_image\" \/>\n<meta name=\"twitter:label1\" content=\"Est. reading time\" \/>\n\t<meta name=\"twitter:data1\" content=\"1 minute\" \/>\n<script type=\"application\/ld+json\" class=\"yoast-schema-graph\">{\"@context\":\"https:\\\/\\\/schema.org\",\"@graph\":[{\"@type\":\"WebPage\",\"@id\":\"https:\\\/\\\/www.chespa.eu\\\/cs\\\/pertinax\\\/\",\"url\":\"https:\\\/\\\/www.chespa.eu\\\/cs\\\/pertinax\\\/\",\"name\":\"Pertinax - Chespa - printing inks, clichees, cutting dies\",\"isPartOf\":{\"@id\":\"https:\\\/\\\/www.chespa.eu\\\/#website\"},\"datePublished\":\"2019-01-02T12:54:05+00:00\",\"dateModified\":\"2019-01-02T12:54:45+00:00\",\"breadcrumb\":{\"@id\":\"https:\\\/\\\/www.chespa.eu\\\/cs\\\/pertinax\\\/#breadcrumb\"},\"inLanguage\":\"cs-CZ\",\"potentialAction\":[{\"@type\":\"ReadAction\",\"target\":[\"https:\\\/\\\/www.chespa.eu\\\/cs\\\/pertinax\\\/\"]}]},{\"@type\":\"BreadcrumbList\",\"@id\":\"https:\\\/\\\/www.chespa.eu\\\/cs\\\/pertinax\\\/#breadcrumb\",\"itemListElement\":[{\"@type\":\"ListItem\",\"position\":1,\"name\":\"Strona g\u0142\u00f3wna\",\"item\":\"https:\\\/\\\/www.chespa.eu\\\/\"},{\"@type\":\"ListItem\",\"position\":2,\"name\":\"Pertinax\"}]},{\"@type\":\"WebSite\",\"@id\":\"https:\\\/\\\/www.chespa.eu\\\/#website\",\"url\":\"https:\\\/\\\/www.chespa.eu\\\/\",\"name\":\"Chespa - printing inks, clichees, cutting dies\",\"description\":\"\",\"potentialAction\":[{\"@type\":\"SearchAction\",\"target\":{\"@type\":\"EntryPoint\",\"urlTemplate\":\"https:\\\/\\\/www.chespa.eu\\\/?s={search_term_string}\"},\"query-input\":{\"@type\":\"PropertyValueSpecification\",\"valueRequired\":true,\"valueName\":\"search_term_string\"}}],\"inLanguage\":\"cs-CZ\"}]}<\/script>\n<!-- \/ Yoast SEO plugin. -->","yoast_head_json":{"title":"Pertinax - Chespa - printing inks, clichees, cutting dies","robots":{"index":"index","follow":"follow","max-snippet":"max-snippet:-1","max-image-preview":"max-image-preview:large","max-video-preview":"max-video-preview:-1"},"canonical":"https:\/\/www.chespa.eu\/cs\/pertinax\/","og_locale":"cs_CZ","og_type":"article","og_title":"Pertinax - Chespa - printing inks, clichees, cutting dies","og_description":"Pertinaxov\u00e9 matrice pln\u00ed funkci rylovac\u00edch kan\u00e1lk\u016f. Pertinaxy jsou vyr\u00e1b\u011bn\u00e9 pomoc\u00ed CNC fr\u00e9zky. Najdou uplatn\u011bn\u00ed b\u011bhem v\u00fdroby obal\u016f z\u00a0hladk\u00e9 lepenky, v\u00a0p\u0159\u00edpad\u011b pot\u0159eby jsme schopni zhotovit pertinax desky tak\u00e9 pro vlnitou lepenku. M\u00e1me mo\u017enost vyrobit pertinaxy z\u00a0rezotex kompozitu nebo \u00a0kovov\u00e9 desky ur\u010den\u00e9 pro mont\u00e1\u017e p\u0159\u00edmo na vysek\u00e1vaj\u00edc\u00ed stroj. B\u011b\u017en\u011b vyr\u00e1b\u00edme pertinaxy z\u00a0desek o tlou\u0161\u0165ce 0,4 a\u017e 1,2 [&hellip;]","og_url":"https:\/\/www.chespa.eu\/cs\/pertinax\/","og_site_name":"Chespa - printing inks, clichees, cutting dies","article_modified_time":"2019-01-02T12:54:45+00:00","twitter_card":"summary_large_image","twitter_misc":{"Est. reading time":"1 minute"},"schema":{"@context":"https:\/\/schema.org","@graph":[{"@type":"WebPage","@id":"https:\/\/www.chespa.eu\/cs\/pertinax\/","url":"https:\/\/www.chespa.eu\/cs\/pertinax\/","name":"Pertinax - Chespa - printing inks, clichees, cutting dies","isPartOf":{"@id":"https:\/\/www.chespa.eu\/#website"},"datePublished":"2019-01-02T12:54:05+00:00","dateModified":"2019-01-02T12:54:45+00:00","breadcrumb":{"@id":"https:\/\/www.chespa.eu\/cs\/pertinax\/#breadcrumb"},"inLanguage":"cs-CZ","potentialAction":[{"@type":"ReadAction","target":["https:\/\/www.chespa.eu\/cs\/pertinax\/"]}]},{"@type":"BreadcrumbList","@id":"https:\/\/www.chespa.eu\/cs\/pertinax\/#breadcrumb","itemListElement":[{"@type":"ListItem","position":1,"name":"Strona g\u0142\u00f3wna","item":"https:\/\/www.chespa.eu\/"},{"@type":"ListItem","position":2,"name":"Pertinax"}]},{"@type":"WebSite","@id":"https:\/\/www.chespa.eu\/#website","url":"https:\/\/www.chespa.eu\/","name":"Chespa - printing inks, clichees, cutting dies","description":"","potentialAction":[{"@type":"SearchAction","target":{"@type":"EntryPoint","urlTemplate":"https:\/\/www.chespa.eu\/?s={search_term_string}"},"query-input":{"@type":"PropertyValueSpecification","valueRequired":true,"valueName":"search_term_string"}}],"inLanguage":"cs-CZ"}]}},"_links":{"self":[{"href":"https:\/\/www.chespa.eu\/cs\/wp-json\/wp\/v2\/pages\/12168","targetHints":{"allow":["GET"]}}],"collection":[{"href":"https:\/\/www.chespa.eu\/cs\/wp-json\/wp\/v2\/pages"}],"about":[{"href":"https:\/\/www.chespa.eu\/cs\/wp-json\/wp\/v2\/types\/page"}],"author":[{"embeddable":true,"href":"https:\/\/www.chespa.eu\/cs\/wp-json\/wp\/v2\/users\/2"}],"replies":[{"embeddable":true,"href":"https:\/\/www.chespa.eu\/cs\/wp-json\/wp\/v2\/comments?post=12168"}],"version-history":[{"count":2,"href":"https:\/\/www.chespa.eu\/cs\/wp-json\/wp\/v2\/pages\/12168\/revisions"}],"predecessor-version":[{"id":12170,"href":"https:\/\/www.chespa.eu\/cs\/wp-json\/wp\/v2\/pages\/12168\/revisions\/12170"}],"up":[{"embeddable":true,"href":"https:\/\/www.chespa.eu\/cs\/wp-json\/wp\/v2\/pages\/18791"}],"wp:attachment":[{"href":"https:\/\/www.chespa.eu\/cs\/wp-json\/wp\/v2\/media?parent=12168"}],"curies":[{"name":"wp","href":"https:\/\/api.w.org\/{rel}","templated":true}]}}