{"id":12163,"date":"2019-01-02T13:32:10","date_gmt":"2019-01-02T12:32:10","guid":{"rendered":"https:\/\/www.chespa.eu\/?page_id=12163"},"modified":"2019-01-02T14:15:08","modified_gmt":"2019-01-02T13:15:08","slug":"vysekove-nastroje-plosne","status":"publish","type":"page","link":"https:\/\/www.chespa.eu\/cs\/vyrobky\/vysekove-nastroje\/vysekove-nastroje-plosne\/","title":{"rendered":"V\u00fdsekov\u00e9 n\u00e1stroje plo\u0161n\u00e9"},"content":{"rendered":"<p>Maxim\u00e1ln\u00ed form\u00e1t v\u00fdsekov\u00e9ho n\u00e1stroje \u010din\u00ed 3000x1500mm, v\u011bt\u0161\u00ed form\u00e1ty jsou dostupn\u00e9 d\u00edky spojov\u00e1n\u00ed p\u0159ekli\u017eek.<\/p>\n<p>Nab\u00edz\u00edme<\/p>\n<ol>\n<li><strong>V\u00fdsekov\u00e9 n\u00e1stroje plo\u0161n\u00e9 \u2013 vlnit\u00e1 lepenka<br \/>\n<\/strong>V\u00fdsekov\u00e9 n\u00e1stroje nab\u00edzen\u00e9 spole\u010dnost\u00ed Chespa jsou vy\u0159ez\u00e1v\u00e1ny laserem z\u00a0p\u0159ekli\u017eky neopracovan\u00e9 nebo z\u00a0p\u0159ekli\u017eky s\u00a0povrchovou \u00fapravou. Jsme schopni zhotovit v\u00fdsekov\u00e9 n\u00e1stroje ur\u010den\u00e9 pro ve\u0161ker\u00e9 vysek\u00e1vac\u00ed stroje a automaty v\u00a0kombinaci se syst\u00e9my rylovac\u00ed p\u0159\u00edpravy, pertinaxy anebo s fr\u00e9zovan\u00fdmi plechy. Modern\u00ed strojn\u00ed za\u0159\u00edzen\u00ed zaru\u010duje nejvy\u0161\u0161\u00ed kvalitu osazen\u00ed no\u017e\u016f a ryl\u016f a vyhazovac\u00edch fum, kter\u00e9 jsou \u0159ez\u00e1ny vodn\u00edm paprskem.<\/li>\n<li><strong>V\u00fdsekov\u00e9 n\u00e1stroje plo\u0161n\u00e9 \u2013 hladk\u00e1 lepenka<br \/>\n<\/strong>V\u00fdsekov\u00e9 n\u00e1stroje nab\u00edzen\u00e9 spole\u010dnost\u00ed Chespa jsou vy\u0159ez\u00e1van\u00e9 laserem z\u00a0p\u0159ekli\u017eky neopracovan\u00e9 nebo z\u00a0p\u0159ekli\u017eky s\u00a0povrchovou \u00fapravou. Jsme schopni zhotovit v\u00fdsekov\u00e9 n\u00e1stroje ur\u010den\u00e9 pro ve\u0161ker\u00e9 vysek\u00e1vac\u00ed stroje a automaty v\u00a0kombinaci se syst\u00e9my rylovac\u00ed p\u0159\u00edpravy, pertinaxy anebo s fr\u00e9zovan\u00fdmi plechy. Modern\u00ed strojn\u00ed za\u0159\u00edzen\u00ed zaru\u010duje nejvy\u0161\u0161\u00ed kvalitu a vz\u00e1jemnou p\u0159esnost no\u017e\u016f, ryl\u016f a protitlakov\u00e9 p\u0159\u00edpravy. Stejen\u011b jako osazovan\u00ed gum, kter\u00e9 jsou \u0159ez\u00e1ny vodn\u00edm paprskem.<\/li>\n<li>Pro oba typy v\u00fdsekov\u00fdch n\u00e1stroj\u016f pou\u017e\u00edv\u00e1me tlou\u0161\u0165ky p\u0159ekli\u017eek bu\u010f 15 nebo 18 mm.<\/li>\n<li><strong>Standardn\u00ed v\u00fdlup <\/strong>\u2013 slou\u017e\u00ed k odstran\u011bn\u00ed zbytkov\u00e9ho odpadu, kter\u00fd vznik\u00e1 v\u00a0pr\u016fb\u011bhu vysek\u00e1v\u00e1n\u00ed skl\u00e1da\u010dky. Standardn\u00ed v\u00fdlup se zakl\u00e1d\u00e1 na vyhazov\u00e1n\u00ed odpad\u016f pomoc\u00ed kovov\u00fdch nebo d\u0159ev\u011bn\u00fdch prvk\u016f namontovan\u00fdch na horn\u00ed d\u00edl (tzv. horn\u00ed v\u00fdlup) skrz p\u0159\u00edslu\u0161n\u00e9 otvory um\u00edst\u011bn\u00e9 na spodn\u00edm d\u00edlu n\u00e1stroje (tzv. spodn\u00ed v\u00fdlup).<\/li>\n<li><strong>Dynamick\u00fd v\u00fdlup\u00a0\u2013 <\/strong>vylupovac\u00ed proces je velmi stabiln\u00ed a to bez pou\u017eit\u00ed vylupovac\u00edch kol\u00edk\u016f. Typick\u00e9 pro tento typ v\u00fdlupu jsou men\u0161\u00ed otvory ve\u00a0spodn\u00ed v\u00fdlupovac\u00ed desce a tak\u00e9 vylupovac\u00ed plechy bez \u0161pi\u010dky v\u00a0horn\u00edm v\u00fdlupu, vylupovac\u00ed kol\u00edky s\u00a0korunkou a Stripy, kter\u00e9 tla\u010d\u00ed na jednotliv\u00e9 odpady. T\u00edmto \u00a0p\u0159esn\u011b a rychle je odstra\u0148uj\u00ed odpad z vyseknut\u00e9ho archu.<\/li>\n<li><strong>V\u00fdlup typu Strip Clip\u00a0&#8211;\u00a0 <\/strong>zakl\u00e1d\u00e1 se na spolupr\u00e1ci vyhazovac\u00edho kovov\u00e9ho prvku na horn\u00ed desce v\u00fdlupu s\u00a0odpru\u017eovac\u00ed gumi\u010dkou upevn\u011bnou do spodn\u00ed desky. V\u00a0pr\u016fb\u011bhu vysek\u00e1v\u00e1n\u00ed se odpad zasekne mezi elementy a n\u00e1sledn\u011b je pe\u010dliv\u011b odstran\u011bn\u00fd. Toto \u0159e\u0161en\u00ed zaru\u010duje rychlost vysek\u00e1v\u00e1n\u00ed a efektivn\u00ed zru\u0161en\u00ed odpadu.<\/li>\n<li><strong>V\u00fdlup typu Tele-Spring &#8211; <\/strong>\u0159e\u0161en\u00ed ur\u010den\u00e9 pro vylupov\u00e1n\u00ed odpad\u016f v p\u0159\u00edpad\u011b, \u017ee je arch \u00a0lepenky zaoblen\u00fd. Dodate\u010dn\u00fd p\u0159\u00edtla\u010dn\u00fd element (Tele-Spring) zaru\u010duje perfektn\u00ed slad\u011bn\u00ed archu a v\u00fdseku a sou\u010dasn\u00e9 pe\u010dliv\u00e9 odstran\u011bn\u00ed odpad\u016f. Tele-Spring se uplatn\u00ed b\u011bhem vysek\u00e1v\u00e1n\u00ed kartonov\u00fdch multipack\u016f nap\u0159. na jogurty a spot\u0159ebitelsk\u00fdch balen\u00ed se zna\u010dn\u00fdm mno\u017estv\u00edm odpad\u016f k\u00a0odstran\u011bn\u00ed<\/li>\n<li><strong>Negativn\u00ed n\u00e1sek &#8211; \u00a0<\/strong>perforace je jedn\u00edm s\u00a0obl\u00edben\u00fdch zp\u016fsob\u016f z\u00e1v\u011bre\u010dn\u00e9 \u00fapravy obal\u016f. Av\u0161ak \u00a0perforace m\u00e1 sv\u00e9 nev\u00fdhody, nap\u0159. umo\u017e\u0148uje pronik\u00e1n\u00ed prachu dovnit\u0159 obalu a m\u00e1 negativn\u00ed dopad na estetick\u00e9 vlastnosti obalu. \u0158e\u0161en\u00edm je negativn\u00ed n\u00e1sek, kter\u00fd n\u00e1m zaru\u010duje estetick\u00fd a \u010dist\u00fd obal. Negativn\u00ed n\u00e1sek se prov\u00e1d\u00ed pomoc\u00ed nasek\u00e1vac\u00edho no\u017ee na protidesce za\u0159\u00edzen\u00ed. Toto \u0159e\u0161en\u00ed je ur\u010den\u00e9 jak pro hladkou, tak vlnitou lepenku. V\u00a0z\u00e1vislosti na tvaru nasek\u00e1vac\u00edho no\u017ee je mo\u017en\u00e9 vysek\u00e1vat slo\u017eit\u00e9 formy ur\u010den\u00e9 pro jednotliv\u00e9 typy obal\u016f.<\/li>\n<li><strong>Negativn\u00ed bigov\u00e1n\u00ed\u00a0&#8211; \u00a0 <\/strong>\u0158e\u0161en\u00ed ide\u00e1ln\u00ed pro obaly, kter\u00e9 se biguj\u00ed na opa\u010dnou stranu. V\u00a0tomto p\u0159\u00edpad\u011b na\u0161im z\u00e1kazn\u00edk\u016fm nab\u00edz\u00edme negativn\u00ed bigov\u00e1n\u00ed. Na v\u00fdsekov\u00fd n\u00e1stroj upev\u0148ujeme dva bigy, kter\u00e9 dr\u017e\u00ed lepenku, zat\u00edmco na protidesku za\u0159\u00edzen\u00ed montujeme negativn\u00ed big. Takovou linku jsme schopni zhotovit z\u00a0pertinaxu anebo mosazi o libovoln\u00e9 tlou\u0161\u0165ce a \u0161\u00ed\u0159ce a k\u00a0tomu pou\u017e\u00edt vhodn\u00fd negativn\u00ed bigovac\u00ed kan\u00e1lek.<\/li>\n<li><strong>Obaly s ok\u00e9nkem\u00a0\u00a0&#8211; <\/strong>Ok\u00e9nka jsou \u010dasto podstatn\u00e1 z\u00e1le\u017eitost, pokud se jedn\u00e1 o p\u016fsoben\u00ed cel\u00e9ho obalu. V\u00fdrobci obal\u016f \u010d\u00edm d\u00e1l \u010dast\u011bji pou\u017e\u00edvaj\u00ed stejn\u00e9 obaly, kter\u00e9 se li\u0161\u00ed pouze tvarem ok\u00e9nka. Nov\u00e9 \u0159e\u0161en\u00ed, kter\u00e9 jsme uvedli do v\u00fdroby, je v\u00fdsekov\u00fd n\u00e1stroj se syst\u00e9mem v\u00fdm\u011bnn\u00fdch panel\u016f se zam\u011bniteln\u00fdmi\u00a0ok\u00e9nky. Z\u00e1kazn\u00edk je schopen samostatn\u011b vym\u011bnit ok\u00e9nka, ani\u017e by kupoval nov\u00fd v\u00fdsekov\u00fd n\u00e1stroj.<\/li>\n<li><strong>Ra\u017eba\u00a0\u00a0&#8211; <\/strong>D\u00edky ra\u017eb\u011b se st\u00e1v\u00e1 obal jedine\u010dn\u00fd. M\u00e1me mo\u017enost zhotovit raz\u00edc\u00ed \u0161to\u010dky dle individu\u00e1ln\u00ed objedn\u00e1vky z\u00e1kazn\u00edka. Raz\u00edc\u00ed \u0161to\u010dky vyr\u00e1b\u00edme pomoc\u00ed CNC fr\u00e9zky. Sou\u010d\u00e1st\u00ed standardn\u00edho raz\u00edc\u00edho \u0161to\u010dku je matrice s\u00a0blokem a patrice. Jsme schopni vytla\u010dovat body Braillova p\u00edsma a raz\u00edc\u00ed \u0161to\u010dek, kter\u00fd je mo\u017en\u00e9 upevnit rovnou na p\u0159ekli\u017eku v\u00fdsekov\u00e9ho n\u00e1stroje (bez bloku).<\/li>\n<\/ol>\n<p>&nbsp;<\/p>\n<p>&nbsp;<\/p>\n","protected":false},"excerpt":{"rendered":"<p>Maxim\u00e1ln\u00ed form\u00e1t v\u00fdsekov\u00e9ho n\u00e1stroje \u010din\u00ed 3000x1500mm, v\u011bt\u0161\u00ed form\u00e1ty jsou dostupn\u00e9 d\u00edky spojov\u00e1n\u00ed p\u0159ekli\u017eek. Nab\u00edz\u00edme V\u00fdsekov\u00e9 n\u00e1stroje plo\u0161n\u00e9 \u2013 vlnit\u00e1 lepenka V\u00fdsekov\u00e9 n\u00e1stroje nab\u00edzen\u00e9 spole\u010dnost\u00ed Chespa jsou vy\u0159ez\u00e1v\u00e1ny laserem z\u00a0p\u0159ekli\u017eky neopracovan\u00e9 nebo z\u00a0p\u0159ekli\u017eky s\u00a0povrchovou \u00fapravou. Jsme schopni zhotovit v\u00fdsekov\u00e9 n\u00e1stroje ur\u010den\u00e9 pro ve\u0161ker\u00e9 vysek\u00e1vac\u00ed stroje a automaty v\u00a0kombinaci se syst\u00e9my rylovac\u00ed p\u0159\u00edpravy, pertinaxy anebo s fr\u00e9zovan\u00fdmi [&hellip;]<\/p>\n","protected":false},"author":2,"featured_media":9566,"parent":18791,"menu_order":0,"comment_status":"closed","ping_status":"closed","template":"","meta":{"_acf_changed":false,"footnotes":""},"class_list":["post-12163","page","type-page","status-publish","has-post-thumbnail","hentry"],"acf":[],"yoast_head":"<!-- This site is optimized with the Yoast SEO plugin v27.4 - https:\/\/yoast.com\/product\/yoast-seo-wordpress\/ -->\n<title>V\u00fdsekov\u00e9 n\u00e1stroje plo\u0161n\u00e9 - Chespa - printing inks, clichees, cutting dies<\/title>\n<meta name=\"robots\" content=\"index, follow, max-snippet:-1, max-image-preview:large, max-video-preview:-1\" \/>\n<link rel=\"canonical\" href=\"https:\/\/www.chespa.eu\/cs\/vysekove-nastroje-plosne\/\" \/>\n<meta property=\"og:locale\" content=\"cs_CZ\" \/>\n<meta property=\"og:type\" content=\"article\" \/>\n<meta property=\"og:title\" content=\"V\u00fdsekov\u00e9 n\u00e1stroje plo\u0161n\u00e9 - Chespa - printing inks, clichees, cutting dies\" \/>\n<meta property=\"og:description\" content=\"Maxim\u00e1ln\u00ed form\u00e1t v\u00fdsekov\u00e9ho n\u00e1stroje \u010din\u00ed 3000x1500mm, v\u011bt\u0161\u00ed form\u00e1ty jsou dostupn\u00e9 d\u00edky spojov\u00e1n\u00ed p\u0159ekli\u017eek. Nab\u00edz\u00edme V\u00fdsekov\u00e9 n\u00e1stroje plo\u0161n\u00e9 \u2013 vlnit\u00e1 lepenka V\u00fdsekov\u00e9 n\u00e1stroje nab\u00edzen\u00e9 spole\u010dnost\u00ed Chespa jsou vy\u0159ez\u00e1v\u00e1ny laserem z\u00a0p\u0159ekli\u017eky neopracovan\u00e9 nebo z\u00a0p\u0159ekli\u017eky s\u00a0povrchovou \u00fapravou. Jsme schopni zhotovit v\u00fdsekov\u00e9 n\u00e1stroje ur\u010den\u00e9 pro ve\u0161ker\u00e9 vysek\u00e1vac\u00ed stroje a automaty v\u00a0kombinaci se syst\u00e9my rylovac\u00ed p\u0159\u00edpravy, pertinaxy anebo s fr\u00e9zovan\u00fdmi [&hellip;]\" \/>\n<meta property=\"og:url\" content=\"https:\/\/www.chespa.eu\/cs\/vysekove-nastroje-plosne\/\" \/>\n<meta property=\"og:site_name\" content=\"Chespa - printing inks, clichees, cutting dies\" \/>\n<meta property=\"article:modified_time\" content=\"2019-01-02T13:15:08+00:00\" \/>\n<meta property=\"og:image\" content=\"https:\/\/www.chespa.eu\/wp-content\/uploads\/2016\/09\/wykrojniki_plaskie.jpg\" \/>\n\t<meta property=\"og:image:width\" content=\"1920\" \/>\n\t<meta property=\"og:image:height\" content=\"295\" \/>\n\t<meta property=\"og:image:type\" content=\"image\/jpeg\" \/>\n<meta name=\"twitter:card\" content=\"summary_large_image\" \/>\n<meta name=\"twitter:label1\" content=\"Est. reading time\" \/>\n\t<meta name=\"twitter:data1\" content=\"4 minutes\" \/>\n<script type=\"application\/ld+json\" class=\"yoast-schema-graph\">{\"@context\":\"https:\\\/\\\/schema.org\",\"@graph\":[{\"@type\":\"WebPage\",\"@id\":\"https:\\\/\\\/www.chespa.eu\\\/cs\\\/vysekove-nastroje-plosne\\\/\",\"url\":\"https:\\\/\\\/www.chespa.eu\\\/cs\\\/vysekove-nastroje-plosne\\\/\",\"name\":\"V\u00fdsekov\u00e9 n\u00e1stroje plo\u0161n\u00e9 - Chespa - printing inks, clichees, cutting dies\",\"isPartOf\":{\"@id\":\"https:\\\/\\\/www.chespa.eu\\\/#website\"},\"primaryImageOfPage\":{\"@id\":\"https:\\\/\\\/www.chespa.eu\\\/cs\\\/vysekove-nastroje-plosne\\\/#primaryimage\"},\"image\":{\"@id\":\"https:\\\/\\\/www.chespa.eu\\\/cs\\\/vysekove-nastroje-plosne\\\/#primaryimage\"},\"thumbnailUrl\":\"https:\\\/\\\/www.chespa.eu\\\/wp-content\\\/uploads\\\/2016\\\/09\\\/wykrojniki_plaskie.jpg\",\"datePublished\":\"2019-01-02T12:32:10+00:00\",\"dateModified\":\"2019-01-02T13:15:08+00:00\",\"breadcrumb\":{\"@id\":\"https:\\\/\\\/www.chespa.eu\\\/cs\\\/vysekove-nastroje-plosne\\\/#breadcrumb\"},\"inLanguage\":\"cs-CZ\",\"potentialAction\":[{\"@type\":\"ReadAction\",\"target\":[\"https:\\\/\\\/www.chespa.eu\\\/cs\\\/vysekove-nastroje-plosne\\\/\"]}]},{\"@type\":\"ImageObject\",\"inLanguage\":\"cs-CZ\",\"@id\":\"https:\\\/\\\/www.chespa.eu\\\/cs\\\/vysekove-nastroje-plosne\\\/#primaryimage\",\"url\":\"https:\\\/\\\/www.chespa.eu\\\/wp-content\\\/uploads\\\/2016\\\/09\\\/wykrojniki_plaskie.jpg\",\"contentUrl\":\"https:\\\/\\\/www.chespa.eu\\\/wp-content\\\/uploads\\\/2016\\\/09\\\/wykrojniki_plaskie.jpg\",\"width\":1920,\"height\":295},{\"@type\":\"BreadcrumbList\",\"@id\":\"https:\\\/\\\/www.chespa.eu\\\/cs\\\/vysekove-nastroje-plosne\\\/#breadcrumb\",\"itemListElement\":[{\"@type\":\"ListItem\",\"position\":1,\"name\":\"Strona g\u0142\u00f3wna\",\"item\":\"https:\\\/\\\/www.chespa.eu\\\/\"},{\"@type\":\"ListItem\",\"position\":2,\"name\":\"V\u00fdsekov\u00e9 n\u00e1stroje plo\u0161n\u00e9\"}]},{\"@type\":\"WebSite\",\"@id\":\"https:\\\/\\\/www.chespa.eu\\\/#website\",\"url\":\"https:\\\/\\\/www.chespa.eu\\\/\",\"name\":\"Chespa - printing inks, clichees, cutting dies\",\"description\":\"\",\"potentialAction\":[{\"@type\":\"SearchAction\",\"target\":{\"@type\":\"EntryPoint\",\"urlTemplate\":\"https:\\\/\\\/www.chespa.eu\\\/?s={search_term_string}\"},\"query-input\":{\"@type\":\"PropertyValueSpecification\",\"valueRequired\":true,\"valueName\":\"search_term_string\"}}],\"inLanguage\":\"cs-CZ\"}]}<\/script>\n<!-- \/ Yoast SEO plugin. -->","yoast_head_json":{"title":"V\u00fdsekov\u00e9 n\u00e1stroje plo\u0161n\u00e9 - Chespa - printing inks, clichees, cutting dies","robots":{"index":"index","follow":"follow","max-snippet":"max-snippet:-1","max-image-preview":"max-image-preview:large","max-video-preview":"max-video-preview:-1"},"canonical":"https:\/\/www.chespa.eu\/cs\/vysekove-nastroje-plosne\/","og_locale":"cs_CZ","og_type":"article","og_title":"V\u00fdsekov\u00e9 n\u00e1stroje plo\u0161n\u00e9 - Chespa - printing inks, clichees, cutting dies","og_description":"Maxim\u00e1ln\u00ed form\u00e1t v\u00fdsekov\u00e9ho n\u00e1stroje \u010din\u00ed 3000x1500mm, v\u011bt\u0161\u00ed form\u00e1ty jsou dostupn\u00e9 d\u00edky spojov\u00e1n\u00ed p\u0159ekli\u017eek. Nab\u00edz\u00edme V\u00fdsekov\u00e9 n\u00e1stroje plo\u0161n\u00e9 \u2013 vlnit\u00e1 lepenka V\u00fdsekov\u00e9 n\u00e1stroje nab\u00edzen\u00e9 spole\u010dnost\u00ed Chespa jsou vy\u0159ez\u00e1v\u00e1ny laserem z\u00a0p\u0159ekli\u017eky neopracovan\u00e9 nebo z\u00a0p\u0159ekli\u017eky s\u00a0povrchovou \u00fapravou. Jsme schopni zhotovit v\u00fdsekov\u00e9 n\u00e1stroje ur\u010den\u00e9 pro ve\u0161ker\u00e9 vysek\u00e1vac\u00ed stroje a automaty v\u00a0kombinaci se syst\u00e9my rylovac\u00ed p\u0159\u00edpravy, pertinaxy anebo s fr\u00e9zovan\u00fdmi [&hellip;]","og_url":"https:\/\/www.chespa.eu\/cs\/vysekove-nastroje-plosne\/","og_site_name":"Chespa - printing inks, clichees, cutting dies","article_modified_time":"2019-01-02T13:15:08+00:00","og_image":[{"width":1920,"height":295,"url":"https:\/\/www.chespa.eu\/wp-content\/uploads\/2016\/09\/wykrojniki_plaskie.jpg","type":"image\/jpeg"}],"twitter_card":"summary_large_image","twitter_misc":{"Est. reading time":"4 minutes"},"schema":{"@context":"https:\/\/schema.org","@graph":[{"@type":"WebPage","@id":"https:\/\/www.chespa.eu\/cs\/vysekove-nastroje-plosne\/","url":"https:\/\/www.chespa.eu\/cs\/vysekove-nastroje-plosne\/","name":"V\u00fdsekov\u00e9 n\u00e1stroje plo\u0161n\u00e9 - Chespa - printing inks, clichees, cutting dies","isPartOf":{"@id":"https:\/\/www.chespa.eu\/#website"},"primaryImageOfPage":{"@id":"https:\/\/www.chespa.eu\/cs\/vysekove-nastroje-plosne\/#primaryimage"},"image":{"@id":"https:\/\/www.chespa.eu\/cs\/vysekove-nastroje-plosne\/#primaryimage"},"thumbnailUrl":"https:\/\/www.chespa.eu\/wp-content\/uploads\/2016\/09\/wykrojniki_plaskie.jpg","datePublished":"2019-01-02T12:32:10+00:00","dateModified":"2019-01-02T13:15:08+00:00","breadcrumb":{"@id":"https:\/\/www.chespa.eu\/cs\/vysekove-nastroje-plosne\/#breadcrumb"},"inLanguage":"cs-CZ","potentialAction":[{"@type":"ReadAction","target":["https:\/\/www.chespa.eu\/cs\/vysekove-nastroje-plosne\/"]}]},{"@type":"ImageObject","inLanguage":"cs-CZ","@id":"https:\/\/www.chespa.eu\/cs\/vysekove-nastroje-plosne\/#primaryimage","url":"https:\/\/www.chespa.eu\/wp-content\/uploads\/2016\/09\/wykrojniki_plaskie.jpg","contentUrl":"https:\/\/www.chespa.eu\/wp-content\/uploads\/2016\/09\/wykrojniki_plaskie.jpg","width":1920,"height":295},{"@type":"BreadcrumbList","@id":"https:\/\/www.chespa.eu\/cs\/vysekove-nastroje-plosne\/#breadcrumb","itemListElement":[{"@type":"ListItem","position":1,"name":"Strona g\u0142\u00f3wna","item":"https:\/\/www.chespa.eu\/"},{"@type":"ListItem","position":2,"name":"V\u00fdsekov\u00e9 n\u00e1stroje plo\u0161n\u00e9"}]},{"@type":"WebSite","@id":"https:\/\/www.chespa.eu\/#website","url":"https:\/\/www.chespa.eu\/","name":"Chespa - printing inks, clichees, cutting dies","description":"","potentialAction":[{"@type":"SearchAction","target":{"@type":"EntryPoint","urlTemplate":"https:\/\/www.chespa.eu\/?s={search_term_string}"},"query-input":{"@type":"PropertyValueSpecification","valueRequired":true,"valueName":"search_term_string"}}],"inLanguage":"cs-CZ"}]}},"_links":{"self":[{"href":"https:\/\/www.chespa.eu\/cs\/wp-json\/wp\/v2\/pages\/12163","targetHints":{"allow":["GET"]}}],"collection":[{"href":"https:\/\/www.chespa.eu\/cs\/wp-json\/wp\/v2\/pages"}],"about":[{"href":"https:\/\/www.chespa.eu\/cs\/wp-json\/wp\/v2\/types\/page"}],"author":[{"embeddable":true,"href":"https:\/\/www.chespa.eu\/cs\/wp-json\/wp\/v2\/users\/2"}],"replies":[{"embeddable":true,"href":"https:\/\/www.chespa.eu\/cs\/wp-json\/wp\/v2\/comments?post=12163"}],"version-history":[{"count":2,"href":"https:\/\/www.chespa.eu\/cs\/wp-json\/wp\/v2\/pages\/12163\/revisions"}],"predecessor-version":[{"id":12179,"href":"https:\/\/www.chespa.eu\/cs\/wp-json\/wp\/v2\/pages\/12163\/revisions\/12179"}],"up":[{"embeddable":true,"href":"https:\/\/www.chespa.eu\/cs\/wp-json\/wp\/v2\/pages\/18791"}],"wp:featuredmedia":[{"embeddable":true,"href":"https:\/\/www.chespa.eu\/cs\/wp-json\/wp\/v2\/media\/9566"}],"wp:attachment":[{"href":"https:\/\/www.chespa.eu\/cs\/wp-json\/wp\/v2\/media?parent=12163"}],"curies":[{"name":"wp","href":"https:\/\/api.w.org\/{rel}","templated":true}]}}