{"id":12089,"date":"2016-05-31T09:15:36","date_gmt":"2016-05-31T07:15:36","guid":{"rendered":"https:\/\/www.chespa.eu\/certyfikaty-2\/"},"modified":"2023-07-07T16:43:21","modified_gmt":"2023-07-07T14:43:21","slug":"certyfikaty-2","status":"publish","type":"page","link":"https:\/\/www.chespa.eu\/cs\/certyfikaty-2\/","title":{"rendered":"Certifik\u00e1ty"},"content":{"rendered":"<p><strong>ISO 9001, 14001, 45001<\/strong><\/p>\n<p><a href=\"https:\/\/www.chespa.eu\/wp-content\/uploads\/2023\/06\/cert_2023_2026_EN.pdf\" class=\"mtli_attachment mtli_pdf\" target=\"\" rel=\"noopener\">cert_2023_2026_EN<\/a><\/p>\n<p><a href=\"https:\/\/www.chespa.eu\/wp-content\/uploads\/2023\/06\/cert_2023_2026_EN-12.png\" rel=\"lightbox[12089]\"><img loading=\"lazy\" decoding=\"async\" class=\"alignnone size-medium wp-image-17316\" src=\"https:\/\/www.chespa.eu\/wp-content\/uploads\/2023\/06\/cert_2023_2026_EN-12-300x212.png\" alt=\"\" width=\"300\" height=\"212\" srcset=\"https:\/\/www.chespa.eu\/wp-content\/uploads\/2023\/06\/cert_2023_2026_EN-12-300x212.png 300w, https:\/\/www.chespa.eu\/wp-content\/uploads\/2023\/06\/cert_2023_2026_EN-12-1024x724.png 1024w, https:\/\/www.chespa.eu\/wp-content\/uploads\/2023\/06\/cert_2023_2026_EN-12-768x543.png 768w, https:\/\/www.chespa.eu\/wp-content\/uploads\/2023\/06\/cert_2023_2026_EN-12.png 1190w\" sizes=\"auto, (max-width: 300px) 100vw, 300px\" \/><\/a><\/p>\n<p>&nbsp;<\/p>\n<p><em>\u00a0\u00a0\u00a0\u00a0\u00a0\u00a0\u00a0\u00a0\u00a0\u00a0\u00a0\u00a0\u00a0\u00a0\u00a0\u00a0\u00a0\u00a0\u00a0 CHESPA &#8230; WE ARE GREEN ! \u00a0\u00a0 \u00a0\u00a0 \u00a0\u00a0<\/em><\/p>\n<p><a href=\"https:\/\/www.chespa.eu\/wp-content\/uploads\/2023\/07\/TREE_2023.pdf\" class=\"mtli_attachment mtli_pdf\" target=\"\" rel=\"noopener\">TREE 2023<\/a><\/p>\n<p><a href=\"https:\/\/www.chespa.eu\/wp-content\/uploads\/2023\/07\/tuv_nord_2023_tree_UK.png\" rel=\"lightbox[12089]\"><img loading=\"lazy\" decoding=\"async\" class=\"alignnone size-medium wp-image-17362\" src=\"https:\/\/www.chespa.eu\/wp-content\/uploads\/2023\/07\/tuv_nord_2023_tree_UK-300x300.png\" alt=\"\" width=\"300\" height=\"300\" srcset=\"https:\/\/www.chespa.eu\/wp-content\/uploads\/2023\/07\/tuv_nord_2023_tree_UK-300x300.png 300w, https:\/\/www.chespa.eu\/wp-content\/uploads\/2023\/07\/tuv_nord_2023_tree_UK-1024x1020.png 1024w, https:\/\/www.chespa.eu\/wp-content\/uploads\/2023\/07\/tuv_nord_2023_tree_UK-150x150.png 150w, https:\/\/www.chespa.eu\/wp-content\/uploads\/2023\/07\/tuv_nord_2023_tree_UK-768x765.png 768w, https:\/\/www.chespa.eu\/wp-content\/uploads\/2023\/07\/tuv_nord_2023_tree_UK.png 1132w\" sizes=\"auto, (max-width: 300px) 100vw, 300px\" \/><\/a><\/p>\n<p>*********************************************<\/p>\n<p>S velkou radost\u00ed informujeme, \u017ee na\u0161e spole\u010dnost Chespa \u0161to\u010dky byla ofici\u00e1ln\u011b ohl\u00e1\u0161ena Certifikovan\u00fdm partnerem Kodak NX. Znamen\u00e1 to, \u017ee cel\u00fd proces v\u00fdroby tiskov\u00fdch forem spl\u0148uje nejvy\u0161\u0161\u00ed standardy v ka\u017ed\u00e9 f\u00e1zi: jedn\u00e1 se o zpracov\u00e1n\u00ed grafick\u00fdch dat, v\u00fdrobu fotopolymerov\u00fdch \u0161to\u010dk\u016f a pe\u010dlivou kontrolu jednotliv\u00fdch tiskov\u00fdch forem. To m\u00e1 za n\u00e1sledek velmi pozitivn\u00ed p\u0159ijet\u00ed na\u0161ich v\u00fdrobk\u016f na flexografick\u00fd trh. D\u00edky n\u00e1mi dod\u00e1van\u00fdm v\u00fdrobk\u016fm na\u0161i klienti potvrzuj\u00ed dosa\u017een\u00ed nejvy\u0161\u0161\u00ed kvality tisku.<\/p>\n<p>&nbsp;<\/p>\n<p><a href=\"http:\/\/www.chespa.eu\/wp-content\/uploads\/2016\/05\/NX_Certified_Mark_5_24FINALPREV.jpg\" rel=\"lightbox[12089]\"><img loading=\"lazy\" decoding=\"async\" class=\"alignnone size-medium wp-image-2577\" src=\"https:\/\/www.chespa.eu\/wp-content\/uploads\/2016\/05\/NX_Certified_Mark_5_24FINALPREV-224x300.jpg\" alt=\"Certified_3_28 FInal\" width=\"224\" height=\"300\" srcset=\"https:\/\/www.chespa.eu\/wp-content\/uploads\/2016\/05\/NX_Certified_Mark_5_24FINALPREV-224x300.jpg 224w, https:\/\/www.chespa.eu\/wp-content\/uploads\/2016\/05\/NX_Certified_Mark_5_24FINALPREV-768x1030.jpg 768w, https:\/\/www.chespa.eu\/wp-content\/uploads\/2016\/05\/NX_Certified_Mark_5_24FINALPREV-764x1024.jpg 764w, https:\/\/www.chespa.eu\/wp-content\/uploads\/2016\/05\/NX_Certified_Mark_5_24FINALPREV.jpg 1000w\" sizes=\"auto, (max-width: 224px) 100vw, 224px\" \/><\/a><\/p>\n<p>&nbsp;<\/p>\n","protected":false},"excerpt":{"rendered":"<p>ISO 9001, 14001, 45001 cert_2023_2026_EN &nbsp; \u00a0\u00a0\u00a0\u00a0\u00a0\u00a0\u00a0\u00a0\u00a0\u00a0\u00a0\u00a0\u00a0\u00a0\u00a0\u00a0\u00a0\u00a0\u00a0 CHESPA &#8230; WE ARE GREEN ! \u00a0\u00a0 \u00a0\u00a0 \u00a0\u00a0 TREE 2023 ********************************************* S velkou radost\u00ed informujeme, \u017ee na\u0161e spole\u010dnost Chespa \u0161to\u010dky byla ofici\u00e1ln\u011b ohl\u00e1\u0161ena Certifikovan\u00fdm partnerem Kodak NX. Znamen\u00e1 to, \u017ee cel\u00fd proces v\u00fdroby tiskov\u00fdch forem spl\u0148uje nejvy\u0161\u0161\u00ed standardy v ka\u017ed\u00e9 f\u00e1zi: jedn\u00e1 se o zpracov\u00e1n\u00ed grafick\u00fdch dat, [&hellip;]<\/p>\n","protected":false},"author":2,"featured_media":15183,"parent":0,"menu_order":0,"comment_status":"closed","ping_status":"closed","template":"","meta":{"_acf_changed":false,"footnotes":""},"class_list":["post-12089","page","type-page","status-publish","has-post-thumbnail","hentry"],"acf":[],"yoast_head":"<!-- This site is optimized with the Yoast SEO plugin v27.4 - https:\/\/yoast.com\/product\/yoast-seo-wordpress\/ -->\n<title>Certifik\u00e1ty - Chespa - printing inks, clichees, cutting dies<\/title>\n<meta name=\"description\" content=\"Z du\u017c\u0105 satysfakcj\u0105 informujemy, \u017ce nasza firma Chespa klisze zosta\u0142a oficjalnie uznana jako Certyfikowany partner Kodak NX.\" \/>\n<meta name=\"robots\" content=\"index, follow, max-snippet:-1, max-image-preview:large, max-video-preview:-1\" \/>\n<link rel=\"canonical\" href=\"https:\/\/www.chespa.eu\/cs\/certyfikaty-2\/\" \/>\n<meta property=\"og:locale\" content=\"cs_CZ\" \/>\n<meta property=\"og:type\" content=\"article\" \/>\n<meta property=\"og:title\" content=\"Certifik\u00e1ty - Chespa - printing inks, clichees, cutting dies\" \/>\n<meta property=\"og:description\" content=\"Z du\u017c\u0105 satysfakcj\u0105 informujemy, \u017ce nasza firma Chespa klisze zosta\u0142a oficjalnie uznana jako Certyfikowany partner Kodak NX.\" \/>\n<meta property=\"og:url\" content=\"https:\/\/www.chespa.eu\/cs\/certyfikaty-2\/\" \/>\n<meta property=\"og:site_name\" content=\"Chespa - printing inks, clichees, cutting dies\" \/>\n<meta property=\"article:modified_time\" content=\"2023-07-07T14:43:21+00:00\" \/>\n<meta property=\"og:image\" content=\"https:\/\/www.chespa.eu\/wp-content\/uploads\/2021\/03\/23_ESP_bez23.png\" \/>\n\t<meta property=\"og:image:width\" content=\"1920\" \/>\n\t<meta property=\"og:image:height\" content=\"295\" \/>\n\t<meta property=\"og:image:type\" content=\"image\/png\" \/>\n<meta name=\"twitter:card\" content=\"summary_large_image\" \/>\n<meta name=\"twitter:label1\" content=\"Est. reading time\" \/>\n\t<meta name=\"twitter:data1\" content=\"1 minute\" \/>\n<script type=\"application\/ld+json\" class=\"yoast-schema-graph\">{\"@context\":\"https:\\\/\\\/schema.org\",\"@graph\":[{\"@type\":\"WebPage\",\"@id\":\"https:\\\/\\\/www.chespa.eu\\\/cs\\\/certyfikaty-2\\\/\",\"url\":\"https:\\\/\\\/www.chespa.eu\\\/cs\\\/certyfikaty-2\\\/\",\"name\":\"Certifik\u00e1ty - Chespa - printing inks, clichees, cutting dies\",\"isPartOf\":{\"@id\":\"https:\\\/\\\/www.chespa.eu\\\/#website\"},\"primaryImageOfPage\":{\"@id\":\"https:\\\/\\\/www.chespa.eu\\\/cs\\\/certyfikaty-2\\\/#primaryimage\"},\"image\":{\"@id\":\"https:\\\/\\\/www.chespa.eu\\\/cs\\\/certyfikaty-2\\\/#primaryimage\"},\"thumbnailUrl\":\"https:\\\/\\\/www.chespa.eu\\\/wp-content\\\/uploads\\\/2021\\\/03\\\/23_ESP_bez23.png\",\"datePublished\":\"2016-05-31T07:15:36+00:00\",\"dateModified\":\"2023-07-07T14:43:21+00:00\",\"description\":\"Z du\u017c\u0105 satysfakcj\u0105 informujemy, \u017ce nasza firma Chespa klisze zosta\u0142a oficjalnie uznana jako Certyfikowany partner Kodak NX.\",\"breadcrumb\":{\"@id\":\"https:\\\/\\\/www.chespa.eu\\\/cs\\\/certyfikaty-2\\\/#breadcrumb\"},\"inLanguage\":\"cs-CZ\",\"potentialAction\":[{\"@type\":\"ReadAction\",\"target\":[\"https:\\\/\\\/www.chespa.eu\\\/cs\\\/certyfikaty-2\\\/\"]}]},{\"@type\":\"ImageObject\",\"inLanguage\":\"cs-CZ\",\"@id\":\"https:\\\/\\\/www.chespa.eu\\\/cs\\\/certyfikaty-2\\\/#primaryimage\",\"url\":\"https:\\\/\\\/www.chespa.eu\\\/wp-content\\\/uploads\\\/2021\\\/03\\\/23_ESP_bez23.png\",\"contentUrl\":\"https:\\\/\\\/www.chespa.eu\\\/wp-content\\\/uploads\\\/2021\\\/03\\\/23_ESP_bez23.png\",\"width\":1920,\"height\":295},{\"@type\":\"BreadcrumbList\",\"@id\":\"https:\\\/\\\/www.chespa.eu\\\/cs\\\/certyfikaty-2\\\/#breadcrumb\",\"itemListElement\":[{\"@type\":\"ListItem\",\"position\":1,\"name\":\"Strona g\u0142\u00f3wna\",\"item\":\"https:\\\/\\\/www.chespa.eu\\\/\"},{\"@type\":\"ListItem\",\"position\":2,\"name\":\"Certifik\u00e1ty\"}]},{\"@type\":\"WebSite\",\"@id\":\"https:\\\/\\\/www.chespa.eu\\\/#website\",\"url\":\"https:\\\/\\\/www.chespa.eu\\\/\",\"name\":\"Chespa - printing inks, clichees, cutting dies\",\"description\":\"\",\"potentialAction\":[{\"@type\":\"SearchAction\",\"target\":{\"@type\":\"EntryPoint\",\"urlTemplate\":\"https:\\\/\\\/www.chespa.eu\\\/?s={search_term_string}\"},\"query-input\":{\"@type\":\"PropertyValueSpecification\",\"valueRequired\":true,\"valueName\":\"search_term_string\"}}],\"inLanguage\":\"cs-CZ\"}]}<\/script>\n<!-- \/ Yoast SEO plugin. -->","yoast_head_json":{"title":"Certifik\u00e1ty - Chespa - printing inks, clichees, cutting dies","description":"Z du\u017c\u0105 satysfakcj\u0105 informujemy, \u017ce nasza firma Chespa klisze zosta\u0142a oficjalnie uznana jako Certyfikowany partner Kodak NX.","robots":{"index":"index","follow":"follow","max-snippet":"max-snippet:-1","max-image-preview":"max-image-preview:large","max-video-preview":"max-video-preview:-1"},"canonical":"https:\/\/www.chespa.eu\/cs\/certyfikaty-2\/","og_locale":"cs_CZ","og_type":"article","og_title":"Certifik\u00e1ty - Chespa - printing inks, clichees, cutting dies","og_description":"Z du\u017c\u0105 satysfakcj\u0105 informujemy, \u017ce nasza firma Chespa klisze zosta\u0142a oficjalnie uznana jako Certyfikowany partner Kodak NX.","og_url":"https:\/\/www.chespa.eu\/cs\/certyfikaty-2\/","og_site_name":"Chespa - printing inks, clichees, cutting dies","article_modified_time":"2023-07-07T14:43:21+00:00","og_image":[{"width":1920,"height":295,"url":"https:\/\/www.chespa.eu\/wp-content\/uploads\/2021\/03\/23_ESP_bez23.png","type":"image\/png"}],"twitter_card":"summary_large_image","twitter_misc":{"Est. reading time":"1 minute"},"schema":{"@context":"https:\/\/schema.org","@graph":[{"@type":"WebPage","@id":"https:\/\/www.chespa.eu\/cs\/certyfikaty-2\/","url":"https:\/\/www.chespa.eu\/cs\/certyfikaty-2\/","name":"Certifik\u00e1ty - Chespa - printing inks, clichees, cutting dies","isPartOf":{"@id":"https:\/\/www.chespa.eu\/#website"},"primaryImageOfPage":{"@id":"https:\/\/www.chespa.eu\/cs\/certyfikaty-2\/#primaryimage"},"image":{"@id":"https:\/\/www.chespa.eu\/cs\/certyfikaty-2\/#primaryimage"},"thumbnailUrl":"https:\/\/www.chespa.eu\/wp-content\/uploads\/2021\/03\/23_ESP_bez23.png","datePublished":"2016-05-31T07:15:36+00:00","dateModified":"2023-07-07T14:43:21+00:00","description":"Z du\u017c\u0105 satysfakcj\u0105 informujemy, \u017ce nasza firma Chespa klisze zosta\u0142a oficjalnie uznana jako Certyfikowany partner Kodak NX.","breadcrumb":{"@id":"https:\/\/www.chespa.eu\/cs\/certyfikaty-2\/#breadcrumb"},"inLanguage":"cs-CZ","potentialAction":[{"@type":"ReadAction","target":["https:\/\/www.chespa.eu\/cs\/certyfikaty-2\/"]}]},{"@type":"ImageObject","inLanguage":"cs-CZ","@id":"https:\/\/www.chespa.eu\/cs\/certyfikaty-2\/#primaryimage","url":"https:\/\/www.chespa.eu\/wp-content\/uploads\/2021\/03\/23_ESP_bez23.png","contentUrl":"https:\/\/www.chespa.eu\/wp-content\/uploads\/2021\/03\/23_ESP_bez23.png","width":1920,"height":295},{"@type":"BreadcrumbList","@id":"https:\/\/www.chespa.eu\/cs\/certyfikaty-2\/#breadcrumb","itemListElement":[{"@type":"ListItem","position":1,"name":"Strona g\u0142\u00f3wna","item":"https:\/\/www.chespa.eu\/"},{"@type":"ListItem","position":2,"name":"Certifik\u00e1ty"}]},{"@type":"WebSite","@id":"https:\/\/www.chespa.eu\/#website","url":"https:\/\/www.chespa.eu\/","name":"Chespa - printing inks, clichees, cutting dies","description":"","potentialAction":[{"@type":"SearchAction","target":{"@type":"EntryPoint","urlTemplate":"https:\/\/www.chespa.eu\/?s={search_term_string}"},"query-input":{"@type":"PropertyValueSpecification","valueRequired":true,"valueName":"search_term_string"}}],"inLanguage":"cs-CZ"}]}},"_links":{"self":[{"href":"https:\/\/www.chespa.eu\/cs\/wp-json\/wp\/v2\/pages\/12089","targetHints":{"allow":["GET"]}}],"collection":[{"href":"https:\/\/www.chespa.eu\/cs\/wp-json\/wp\/v2\/pages"}],"about":[{"href":"https:\/\/www.chespa.eu\/cs\/wp-json\/wp\/v2\/types\/page"}],"author":[{"embeddable":true,"href":"https:\/\/www.chespa.eu\/cs\/wp-json\/wp\/v2\/users\/2"}],"replies":[{"embeddable":true,"href":"https:\/\/www.chespa.eu\/cs\/wp-json\/wp\/v2\/comments?post=12089"}],"version-history":[{"count":13,"href":"https:\/\/www.chespa.eu\/cs\/wp-json\/wp\/v2\/pages\/12089\/revisions"}],"predecessor-version":[{"id":17375,"href":"https:\/\/www.chespa.eu\/cs\/wp-json\/wp\/v2\/pages\/12089\/revisions\/17375"}],"wp:featuredmedia":[{"embeddable":true,"href":"https:\/\/www.chespa.eu\/cs\/wp-json\/wp\/v2\/media\/15183"}],"wp:attachment":[{"href":"https:\/\/www.chespa.eu\/cs\/wp-json\/wp\/v2\/media?parent=12089"}],"curies":[{"name":"wp","href":"https:\/\/api.w.org\/{rel}","templated":true}]}}